{"id":1171,"date":"2017-03-13T09:16:36","date_gmt":"2017-03-13T08:16:36","guid":{"rendered":"http:\/\/www.iew.eu\/products\/"},"modified":"2023-07-24T12:46:56","modified_gmt":"2023-07-24T10:46:56","slug":"produkty","status":"publish","type":"page","link":"https:\/\/www.iew.eu\/cs\/produkty\/","title":{"rendered":"Produkty"},"content":{"rendered":"","protected":false},"excerpt":{"rendered":"","protected":false},"author":1,"featured_media":0,"parent":0,"menu_order":0,"comment_status":"closed","ping_status":"closed","template":"templates\/custom-page-dynamic.php","meta":{"footnotes":""},"class_list":["post-1171","page","type-page","status-publish","hentry"],"acf":[],"yoast_head":"<!-- This site is optimized with the Yoast SEO plugin v26.2 - https:\/\/yoast.com\/wordpress\/plugins\/seo\/ -->\n<title>Induk\u010dn\u00ed za\u0159\u00edzen\u00ed, induk\u010dn\u00ed oh\u0159\u00edvac\u00ed za\u0159\u00edzen\u00ed, frekven\u010dn\u00ed m\u011bni\u010de,<\/title>\n<meta name=\"description\" content=\"V\u00fdroba a prodej oh\u0159\u00edvac\u00edch za\u0159\u00edzen\u00ed, induk\u010dn\u00edch za\u0159\u00edzen\u00ed, vysokofrekven\u010dn\u00edch a st\u0159edofrekven\u010dn\u00edch m\u011bni\u010d\u016f, p\u00e1jec\u00edch za\u0159\u00edzen\u00ed, konstrukce induktor\u016f, kalic\u00edch za\u0159\u00edzen\u00ed, razic\u00edch za\u0159\u00edzen\u00ed.\" \/>\n<meta name=\"robots\" content=\"index, follow, max-snippet:-1, max-image-preview:large, max-video-preview:-1\" \/>\n<link rel=\"canonical\" href=\"https:\/\/www.iew.eu\/cs\/produkty\/\" \/>\n<meta property=\"og:locale\" content=\"cs_CZ\" \/>\n<meta property=\"og:type\" content=\"article\" \/>\n<meta property=\"og:title\" content=\"Induk\u010dn\u00ed za\u0159\u00edzen\u00ed, induk\u010dn\u00ed oh\u0159\u00edvac\u00ed za\u0159\u00edzen\u00ed, frekven\u010dn\u00ed m\u011bni\u010de,\" \/>\n<meta property=\"og:description\" content=\"V\u00fdroba a prodej oh\u0159\u00edvac\u00edch za\u0159\u00edzen\u00ed, induk\u010dn\u00edch za\u0159\u00edzen\u00ed, vysokofrekven\u010dn\u00edch a st\u0159edofrekven\u010dn\u00edch m\u011bni\u010d\u016f, p\u00e1jec\u00edch za\u0159\u00edzen\u00ed, konstrukce induktor\u016f, kalic\u00edch za\u0159\u00edzen\u00ed, razic\u00edch za\u0159\u00edzen\u00ed.\" \/>\n<meta property=\"og:url\" content=\"https:\/\/www.iew.eu\/cs\/produkty\/\" \/>\n<meta property=\"og:site_name\" content=\"iew Induktive Erw\u00e4rmungsanlagen GmbH\" \/>\n<meta property=\"article:modified_time\" content=\"2023-07-24T10:46:56+00:00\" \/>\n<meta name=\"twitter:card\" content=\"summary_large_image\" \/>\n<script type=\"application\/ld+json\" class=\"yoast-schema-graph\">{\"@context\":\"https:\/\/schema.org\",\"@graph\":[{\"@type\":\"WebPage\",\"@id\":\"https:\/\/www.iew.eu\/cs\/produkty\/\",\"url\":\"https:\/\/www.iew.eu\/cs\/produkty\/\",\"name\":\"Induk\u010dn\u00ed za\u0159\u00edzen\u00ed, induk\u010dn\u00ed oh\u0159\u00edvac\u00ed za\u0159\u00edzen\u00ed, frekven\u010dn\u00ed m\u011bni\u010de,\",\"isPartOf\":{\"@id\":\"https:\/\/www.iew.eu\/cs\/#website\"},\"datePublished\":\"2017-03-13T08:16:36+00:00\",\"dateModified\":\"2023-07-24T10:46:56+00:00\",\"description\":\"V\u00fdroba a prodej oh\u0159\u00edvac\u00edch za\u0159\u00edzen\u00ed, induk\u010dn\u00edch za\u0159\u00edzen\u00ed, vysokofrekven\u010dn\u00edch a st\u0159edofrekven\u010dn\u00edch m\u011bni\u010d\u016f, p\u00e1jec\u00edch za\u0159\u00edzen\u00ed, konstrukce induktor\u016f, kalic\u00edch za\u0159\u00edzen\u00ed, razic\u00edch za\u0159\u00edzen\u00ed.\",\"breadcrumb\":{\"@id\":\"https:\/\/www.iew.eu\/cs\/produkty\/#breadcrumb\"},\"inLanguage\":\"cs\",\"potentialAction\":[{\"@type\":\"ReadAction\",\"target\":[\"https:\/\/www.iew.eu\/cs\/produkty\/\"]}]},{\"@type\":\"BreadcrumbList\",\"@id\":\"https:\/\/www.iew.eu\/cs\/produkty\/#breadcrumb\",\"itemListElement\":[{\"@type\":\"ListItem\",\"position\":1,\"name\":\"Startseite\",\"item\":\"https:\/\/www.iew.eu\/cs\/\"},{\"@type\":\"ListItem\",\"position\":2,\"name\":\"Produkty\"}]},{\"@type\":\"WebSite\",\"@id\":\"https:\/\/www.iew.eu\/cs\/#website\",\"url\":\"https:\/\/www.iew.eu\/cs\/\",\"name\":\"iew Induktive Erw\u00e4rmungsanlagen GmbH\",\"description\":\"Ihr Partner f\u00fcr Komplettl\u00f6sungen rund um Induktive Erw\u00e4rmungsanlagen, Sondermaschinenbau und Vakuuml\u00f6ttechnik. F\u00fcr Deutschland, \u00d6sterreich, Schweiz &amp; europaweit.\",\"potentialAction\":[{\"@type\":\"SearchAction\",\"target\":{\"@type\":\"EntryPoint\",\"urlTemplate\":\"https:\/\/www.iew.eu\/cs\/?s={search_term_string}\"},\"query-input\":{\"@type\":\"PropertyValueSpecification\",\"valueRequired\":true,\"valueName\":\"search_term_string\"}}],\"inLanguage\":\"cs\"}]}<\/script>\n<!-- \/ Yoast SEO plugin. -->","yoast_head_json":{"title":"Induk\u010dn\u00ed za\u0159\u00edzen\u00ed, induk\u010dn\u00ed oh\u0159\u00edvac\u00ed za\u0159\u00edzen\u00ed, frekven\u010dn\u00ed m\u011bni\u010de,","description":"V\u00fdroba a prodej oh\u0159\u00edvac\u00edch za\u0159\u00edzen\u00ed, induk\u010dn\u00edch za\u0159\u00edzen\u00ed, vysokofrekven\u010dn\u00edch a st\u0159edofrekven\u010dn\u00edch m\u011bni\u010d\u016f, p\u00e1jec\u00edch za\u0159\u00edzen\u00ed, konstrukce induktor\u016f, kalic\u00edch za\u0159\u00edzen\u00ed, razic\u00edch za\u0159\u00edzen\u00ed.","robots":{"index":"index","follow":"follow","max-snippet":"max-snippet:-1","max-image-preview":"max-image-preview:large","max-video-preview":"max-video-preview:-1"},"canonical":"https:\/\/www.iew.eu\/cs\/produkty\/","og_locale":"cs_CZ","og_type":"article","og_title":"Induk\u010dn\u00ed za\u0159\u00edzen\u00ed, induk\u010dn\u00ed oh\u0159\u00edvac\u00ed za\u0159\u00edzen\u00ed, frekven\u010dn\u00ed m\u011bni\u010de,","og_description":"V\u00fdroba a prodej oh\u0159\u00edvac\u00edch za\u0159\u00edzen\u00ed, induk\u010dn\u00edch za\u0159\u00edzen\u00ed, vysokofrekven\u010dn\u00edch a st\u0159edofrekven\u010dn\u00edch m\u011bni\u010d\u016f, p\u00e1jec\u00edch za\u0159\u00edzen\u00ed, konstrukce induktor\u016f, kalic\u00edch za\u0159\u00edzen\u00ed, razic\u00edch za\u0159\u00edzen\u00ed.","og_url":"https:\/\/www.iew.eu\/cs\/produkty\/","og_site_name":"iew Induktive Erw\u00e4rmungsanlagen GmbH","article_modified_time":"2023-07-24T10:46:56+00:00","twitter_card":"summary_large_image","schema":{"@context":"https:\/\/schema.org","@graph":[{"@type":"WebPage","@id":"https:\/\/www.iew.eu\/cs\/produkty\/","url":"https:\/\/www.iew.eu\/cs\/produkty\/","name":"Induk\u010dn\u00ed za\u0159\u00edzen\u00ed, induk\u010dn\u00ed oh\u0159\u00edvac\u00ed za\u0159\u00edzen\u00ed, frekven\u010dn\u00ed m\u011bni\u010de,","isPartOf":{"@id":"https:\/\/www.iew.eu\/cs\/#website"},"datePublished":"2017-03-13T08:16:36+00:00","dateModified":"2023-07-24T10:46:56+00:00","description":"V\u00fdroba a prodej oh\u0159\u00edvac\u00edch za\u0159\u00edzen\u00ed, induk\u010dn\u00edch za\u0159\u00edzen\u00ed, vysokofrekven\u010dn\u00edch a st\u0159edofrekven\u010dn\u00edch m\u011bni\u010d\u016f, p\u00e1jec\u00edch za\u0159\u00edzen\u00ed, konstrukce induktor\u016f, kalic\u00edch za\u0159\u00edzen\u00ed, razic\u00edch za\u0159\u00edzen\u00ed.","breadcrumb":{"@id":"https:\/\/www.iew.eu\/cs\/produkty\/#breadcrumb"},"inLanguage":"cs","potentialAction":[{"@type":"ReadAction","target":["https:\/\/www.iew.eu\/cs\/produkty\/"]}]},{"@type":"BreadcrumbList","@id":"https:\/\/www.iew.eu\/cs\/produkty\/#breadcrumb","itemListElement":[{"@type":"ListItem","position":1,"name":"Startseite","item":"https:\/\/www.iew.eu\/cs\/"},{"@type":"ListItem","position":2,"name":"Produkty"}]},{"@type":"WebSite","@id":"https:\/\/www.iew.eu\/cs\/#website","url":"https:\/\/www.iew.eu\/cs\/","name":"iew Induktive Erw\u00e4rmungsanlagen GmbH","description":"Ihr Partner f\u00fcr Komplettl\u00f6sungen rund um Induktive Erw\u00e4rmungsanlagen, Sondermaschinenbau und Vakuuml\u00f6ttechnik. F\u00fcr Deutschland, \u00d6sterreich, Schweiz &amp; europaweit.","potentialAction":[{"@type":"SearchAction","target":{"@type":"EntryPoint","urlTemplate":"https:\/\/www.iew.eu\/cs\/?s={search_term_string}"},"query-input":{"@type":"PropertyValueSpecification","valueRequired":true,"valueName":"search_term_string"}}],"inLanguage":"cs"}]}},"_links":{"self":[{"href":"https:\/\/www.iew.eu\/cs\/wp-json\/wp\/v2\/pages\/1171","targetHints":{"allow":["GET"]}}],"collection":[{"href":"https:\/\/www.iew.eu\/cs\/wp-json\/wp\/v2\/pages"}],"about":[{"href":"https:\/\/www.iew.eu\/cs\/wp-json\/wp\/v2\/types\/page"}],"author":[{"embeddable":true,"href":"https:\/\/www.iew.eu\/cs\/wp-json\/wp\/v2\/users\/1"}],"replies":[{"embeddable":true,"href":"https:\/\/www.iew.eu\/cs\/wp-json\/wp\/v2\/comments?post=1171"}],"version-history":[{"count":2,"href":"https:\/\/www.iew.eu\/cs\/wp-json\/wp\/v2\/pages\/1171\/revisions"}],"predecessor-version":[{"id":8234,"href":"https:\/\/www.iew.eu\/cs\/wp-json\/wp\/v2\/pages\/1171\/revisions\/8234"}],"wp:attachment":[{"href":"https:\/\/www.iew.eu\/cs\/wp-json\/wp\/v2\/media?parent=1171"}],"curies":[{"name":"wp","href":"https:\/\/api.w.org\/{rel}","templated":true}]}}