{"id":1212,"date":"2017-03-07T11:34:16","date_gmt":"2017-03-07T10:34:16","guid":{"rendered":"http:\/\/www.iew.eu\/products\/brazing-units\/"},"modified":"2023-07-24T16:40:45","modified_gmt":"2023-07-24T14:40:45","slug":"brazing-units","status":"publish","type":"page","link":"https:\/\/www.iew.eu\/cs\/produkty\/brazing-units\/","title":{"rendered":"P\u00e1jec\u00ed za\u0159\u00edzen\u00ed"},"content":{"rendered":"","protected":false},"excerpt":{"rendered":"","protected":false},"author":1,"featured_media":0,"parent":1171,"menu_order":0,"comment_status":"closed","ping_status":"closed","template":"templates\/custom-page-dynamic.php","meta":{"footnotes":""},"class_list":["post-1212","page","type-page","status-publish","hentry"],"acf":[],"yoast_head":"<!-- This site is optimized with the Yoast SEO plugin v26.2 - https:\/\/yoast.com\/wordpress\/plugins\/seo\/ -->\n<title>P\u00e1jec\u00ed za\u0159\u00edzen\u00ed &#8212; iew Induktive Erw\u00e4rmungsanlagen GmbH<\/title>\n<meta name=\"description\" content=\"P\u00e1jec\u00ed za\u0159\u00edzen\u00ed od iew: p\u0159esv\u011bd\u010div\u011b dobr\u00e1! Dokonal\u00e9 p\u00e1jen\u00ed, kvalita, kter\u00e1 inspiruje, Made in Austria. Informujte se nyn\u00ed.\" \/>\n<meta name=\"robots\" content=\"index, follow, max-snippet:-1, max-image-preview:large, max-video-preview:-1\" \/>\n<link rel=\"canonical\" href=\"https:\/\/www.iew.eu\/cs\/produkty\/brazing-units\/\" \/>\n<meta property=\"og:locale\" content=\"cs_CZ\" \/>\n<meta property=\"og:type\" content=\"article\" \/>\n<meta property=\"og:title\" content=\"P\u00e1jec\u00ed za\u0159\u00edzen\u00ed &#8212; iew Induktive Erw\u00e4rmungsanlagen GmbH\" \/>\n<meta property=\"og:description\" content=\"P\u00e1jec\u00ed za\u0159\u00edzen\u00ed od iew: p\u0159esv\u011bd\u010div\u011b dobr\u00e1! Dokonal\u00e9 p\u00e1jen\u00ed, kvalita, kter\u00e1 inspiruje, Made in Austria. Informujte se nyn\u00ed.\" \/>\n<meta property=\"og:url\" content=\"https:\/\/www.iew.eu\/cs\/produkty\/brazing-units\/\" \/>\n<meta property=\"og:site_name\" content=\"iew Induktive Erw\u00e4rmungsanlagen GmbH\" \/>\n<meta property=\"article:modified_time\" content=\"2023-07-24T14:40:45+00:00\" \/>\n<meta name=\"twitter:card\" content=\"summary_large_image\" \/>\n<script type=\"application\/ld+json\" class=\"yoast-schema-graph\">{\"@context\":\"https:\/\/schema.org\",\"@graph\":[{\"@type\":\"WebPage\",\"@id\":\"https:\/\/www.iew.eu\/cs\/produkty\/brazing-units\/\",\"url\":\"https:\/\/www.iew.eu\/cs\/produkty\/brazing-units\/\",\"name\":\"P\u00e1jec\u00ed za\u0159\u00edzen\u00ed &#8212; iew Induktive Erw\u00e4rmungsanlagen GmbH\",\"isPartOf\":{\"@id\":\"https:\/\/www.iew.eu\/cs\/#website\"},\"datePublished\":\"2017-03-07T10:34:16+00:00\",\"dateModified\":\"2023-07-24T14:40:45+00:00\",\"description\":\"P\u00e1jec\u00ed za\u0159\u00edzen\u00ed od iew: p\u0159esv\u011bd\u010div\u011b dobr\u00e1! Dokonal\u00e9 p\u00e1jen\u00ed, kvalita, kter\u00e1 inspiruje, Made in Austria. Informujte se nyn\u00ed.\",\"breadcrumb\":{\"@id\":\"https:\/\/www.iew.eu\/cs\/produkty\/brazing-units\/#breadcrumb\"},\"inLanguage\":\"cs\",\"potentialAction\":[{\"@type\":\"ReadAction\",\"target\":[\"https:\/\/www.iew.eu\/cs\/produkty\/brazing-units\/\"]}]},{\"@type\":\"BreadcrumbList\",\"@id\":\"https:\/\/www.iew.eu\/cs\/produkty\/brazing-units\/#breadcrumb\",\"itemListElement\":[{\"@type\":\"ListItem\",\"position\":1,\"name\":\"Startseite\",\"item\":\"https:\/\/www.iew.eu\/cs\/\"},{\"@type\":\"ListItem\",\"position\":2,\"name\":\"Produkty\",\"item\":\"https:\/\/www.iew.eu\/cs\/produkty\/\"},{\"@type\":\"ListItem\",\"position\":3,\"name\":\"P\u00e1jec\u00ed za\u0159\u00edzen\u00ed\"}]},{\"@type\":\"WebSite\",\"@id\":\"https:\/\/www.iew.eu\/cs\/#website\",\"url\":\"https:\/\/www.iew.eu\/cs\/\",\"name\":\"iew Induktive Erw\u00e4rmungsanlagen GmbH\",\"description\":\"Ihr Partner f\u00fcr Komplettl\u00f6sungen rund um Induktive Erw\u00e4rmungsanlagen, Sondermaschinenbau und Vakuuml\u00f6ttechnik. F\u00fcr Deutschland, \u00d6sterreich, Schweiz &amp; europaweit.\",\"potentialAction\":[{\"@type\":\"SearchAction\",\"target\":{\"@type\":\"EntryPoint\",\"urlTemplate\":\"https:\/\/www.iew.eu\/cs\/?s={search_term_string}\"},\"query-input\":{\"@type\":\"PropertyValueSpecification\",\"valueRequired\":true,\"valueName\":\"search_term_string\"}}],\"inLanguage\":\"cs\"}]}<\/script>\n<!-- \/ Yoast SEO plugin. -->","yoast_head_json":{"title":"P\u00e1jec\u00ed za\u0159\u00edzen\u00ed &#8212; iew Induktive Erw\u00e4rmungsanlagen GmbH","description":"P\u00e1jec\u00ed za\u0159\u00edzen\u00ed od iew: p\u0159esv\u011bd\u010div\u011b dobr\u00e1! Dokonal\u00e9 p\u00e1jen\u00ed, kvalita, kter\u00e1 inspiruje, Made in Austria. Informujte se nyn\u00ed.","robots":{"index":"index","follow":"follow","max-snippet":"max-snippet:-1","max-image-preview":"max-image-preview:large","max-video-preview":"max-video-preview:-1"},"canonical":"https:\/\/www.iew.eu\/cs\/produkty\/brazing-units\/","og_locale":"cs_CZ","og_type":"article","og_title":"P\u00e1jec\u00ed za\u0159\u00edzen\u00ed &#8212; iew Induktive Erw\u00e4rmungsanlagen GmbH","og_description":"P\u00e1jec\u00ed za\u0159\u00edzen\u00ed od iew: p\u0159esv\u011bd\u010div\u011b dobr\u00e1! Dokonal\u00e9 p\u00e1jen\u00ed, kvalita, kter\u00e1 inspiruje, Made in Austria. Informujte se nyn\u00ed.","og_url":"https:\/\/www.iew.eu\/cs\/produkty\/brazing-units\/","og_site_name":"iew Induktive Erw\u00e4rmungsanlagen GmbH","article_modified_time":"2023-07-24T14:40:45+00:00","twitter_card":"summary_large_image","schema":{"@context":"https:\/\/schema.org","@graph":[{"@type":"WebPage","@id":"https:\/\/www.iew.eu\/cs\/produkty\/brazing-units\/","url":"https:\/\/www.iew.eu\/cs\/produkty\/brazing-units\/","name":"P\u00e1jec\u00ed za\u0159\u00edzen\u00ed &#8212; iew Induktive Erw\u00e4rmungsanlagen GmbH","isPartOf":{"@id":"https:\/\/www.iew.eu\/cs\/#website"},"datePublished":"2017-03-07T10:34:16+00:00","dateModified":"2023-07-24T14:40:45+00:00","description":"P\u00e1jec\u00ed za\u0159\u00edzen\u00ed od iew: p\u0159esv\u011bd\u010div\u011b dobr\u00e1! Dokonal\u00e9 p\u00e1jen\u00ed, kvalita, kter\u00e1 inspiruje, Made in Austria. Informujte se nyn\u00ed.","breadcrumb":{"@id":"https:\/\/www.iew.eu\/cs\/produkty\/brazing-units\/#breadcrumb"},"inLanguage":"cs","potentialAction":[{"@type":"ReadAction","target":["https:\/\/www.iew.eu\/cs\/produkty\/brazing-units\/"]}]},{"@type":"BreadcrumbList","@id":"https:\/\/www.iew.eu\/cs\/produkty\/brazing-units\/#breadcrumb","itemListElement":[{"@type":"ListItem","position":1,"name":"Startseite","item":"https:\/\/www.iew.eu\/cs\/"},{"@type":"ListItem","position":2,"name":"Produkty","item":"https:\/\/www.iew.eu\/cs\/produkty\/"},{"@type":"ListItem","position":3,"name":"P\u00e1jec\u00ed za\u0159\u00edzen\u00ed"}]},{"@type":"WebSite","@id":"https:\/\/www.iew.eu\/cs\/#website","url":"https:\/\/www.iew.eu\/cs\/","name":"iew Induktive Erw\u00e4rmungsanlagen GmbH","description":"Ihr Partner f\u00fcr Komplettl\u00f6sungen rund um Induktive Erw\u00e4rmungsanlagen, Sondermaschinenbau und Vakuuml\u00f6ttechnik. F\u00fcr Deutschland, \u00d6sterreich, Schweiz &amp; europaweit.","potentialAction":[{"@type":"SearchAction","target":{"@type":"EntryPoint","urlTemplate":"https:\/\/www.iew.eu\/cs\/?s={search_term_string}"},"query-input":{"@type":"PropertyValueSpecification","valueRequired":true,"valueName":"search_term_string"}}],"inLanguage":"cs"}]}},"_links":{"self":[{"href":"https:\/\/www.iew.eu\/cs\/wp-json\/wp\/v2\/pages\/1212","targetHints":{"allow":["GET"]}}],"collection":[{"href":"https:\/\/www.iew.eu\/cs\/wp-json\/wp\/v2\/pages"}],"about":[{"href":"https:\/\/www.iew.eu\/cs\/wp-json\/wp\/v2\/types\/page"}],"author":[{"embeddable":true,"href":"https:\/\/www.iew.eu\/cs\/wp-json\/wp\/v2\/users\/1"}],"replies":[{"embeddable":true,"href":"https:\/\/www.iew.eu\/cs\/wp-json\/wp\/v2\/comments?post=1212"}],"version-history":[{"count":3,"href":"https:\/\/www.iew.eu\/cs\/wp-json\/wp\/v2\/pages\/1212\/revisions"}],"predecessor-version":[{"id":8263,"href":"https:\/\/www.iew.eu\/cs\/wp-json\/wp\/v2\/pages\/1212\/revisions\/8263"}],"up":[{"embeddable":true,"href":"https:\/\/www.iew.eu\/cs\/wp-json\/wp\/v2\/pages\/1171"}],"wp:attachment":[{"href":"https:\/\/www.iew.eu\/cs\/wp-json\/wp\/v2\/media?parent=1212"}],"curies":[{"name":"wp","href":"https:\/\/api.w.org\/{rel}","templated":true}]}}