{"id":1230,"date":"2017-03-01T15:29:07","date_gmt":"2017-03-01T14:29:07","guid":{"rendered":"http:\/\/www.iew.eu\/applications\/"},"modified":"2023-07-24T12:23:47","modified_gmt":"2023-07-24T10:23:47","slug":"aplikace","status":"publish","type":"page","link":"https:\/\/www.iew.eu\/cs\/aplikace\/","title":{"rendered":"Aplikace"},"content":{"rendered":"","protected":false},"excerpt":{"rendered":"","protected":false},"author":1,"featured_media":0,"parent":0,"menu_order":0,"comment_status":"closed","ping_status":"closed","template":"templates\/custom-page-dynamic.php","meta":{"footnotes":""},"class_list":["post-1230","page","type-page","status-publish","hentry"],"acf":[],"yoast_head":"<!-- This site is optimized with the Yoast SEO plugin v26.2 - https:\/\/yoast.com\/wordpress\/plugins\/seo\/ -->\n<title>Aplikace Induk\u010dn\u00ed oh\u0159ev | Induk\u010dn\u00ed p\u00e1jen\u00ed | Induk\u010dn\u00ed kalen\u00ed<\/title>\n<meta name=\"description\" content=\"Oblasti pou\u017eit\u00ed oh\u0159evu kov\u016f pomoc\u00ed na\u0161ich induk\u010dn\u00edch oh\u0159\u00edvac\u00edch za\u0159\u00edzen\u00ed. Nez\u00e1vazn\u00e9 poradenstv\u00ed, individu\u00e1ln\u00ed a optim\u00e1ln\u00ed \u0159e\u0161en\u00ed.\" \/>\n<meta name=\"robots\" content=\"index, follow, max-snippet:-1, max-image-preview:large, max-video-preview:-1\" \/>\n<link rel=\"canonical\" href=\"https:\/\/www.iew.eu\/cs\/aplikace\/\" \/>\n<meta property=\"og:locale\" content=\"cs_CZ\" \/>\n<meta property=\"og:type\" content=\"article\" \/>\n<meta property=\"og:title\" content=\"Aplikace Induk\u010dn\u00ed oh\u0159ev | Induk\u010dn\u00ed p\u00e1jen\u00ed | Induk\u010dn\u00ed kalen\u00ed\" \/>\n<meta property=\"og:description\" content=\"Oblasti pou\u017eit\u00ed oh\u0159evu kov\u016f pomoc\u00ed na\u0161ich induk\u010dn\u00edch oh\u0159\u00edvac\u00edch za\u0159\u00edzen\u00ed. Nez\u00e1vazn\u00e9 poradenstv\u00ed, individu\u00e1ln\u00ed a optim\u00e1ln\u00ed \u0159e\u0161en\u00ed.\" \/>\n<meta property=\"og:url\" content=\"https:\/\/www.iew.eu\/cs\/aplikace\/\" \/>\n<meta property=\"og:site_name\" content=\"iew Induktive Erw\u00e4rmungsanlagen GmbH\" \/>\n<meta property=\"article:modified_time\" content=\"2023-07-24T10:23:47+00:00\" \/>\n<meta name=\"twitter:card\" content=\"summary_large_image\" \/>\n<script type=\"application\/ld+json\" class=\"yoast-schema-graph\">{\"@context\":\"https:\/\/schema.org\",\"@graph\":[{\"@type\":\"WebPage\",\"@id\":\"https:\/\/www.iew.eu\/cs\/aplikace\/\",\"url\":\"https:\/\/www.iew.eu\/cs\/aplikace\/\",\"name\":\"Aplikace Induk\u010dn\u00ed oh\u0159ev | Induk\u010dn\u00ed p\u00e1jen\u00ed | Induk\u010dn\u00ed kalen\u00ed\",\"isPartOf\":{\"@id\":\"https:\/\/www.iew.eu\/cs\/#website\"},\"datePublished\":\"2017-03-01T14:29:07+00:00\",\"dateModified\":\"2023-07-24T10:23:47+00:00\",\"description\":\"Oblasti pou\u017eit\u00ed oh\u0159evu kov\u016f pomoc\u00ed na\u0161ich induk\u010dn\u00edch oh\u0159\u00edvac\u00edch za\u0159\u00edzen\u00ed. Nez\u00e1vazn\u00e9 poradenstv\u00ed, individu\u00e1ln\u00ed a optim\u00e1ln\u00ed \u0159e\u0161en\u00ed.\",\"breadcrumb\":{\"@id\":\"https:\/\/www.iew.eu\/cs\/aplikace\/#breadcrumb\"},\"inLanguage\":\"cs\",\"potentialAction\":[{\"@type\":\"ReadAction\",\"target\":[\"https:\/\/www.iew.eu\/cs\/aplikace\/\"]}]},{\"@type\":\"BreadcrumbList\",\"@id\":\"https:\/\/www.iew.eu\/cs\/aplikace\/#breadcrumb\",\"itemListElement\":[{\"@type\":\"ListItem\",\"position\":1,\"name\":\"Startseite\",\"item\":\"https:\/\/www.iew.eu\/cs\/\"},{\"@type\":\"ListItem\",\"position\":2,\"name\":\"Aplikace\"}]},{\"@type\":\"WebSite\",\"@id\":\"https:\/\/www.iew.eu\/cs\/#website\",\"url\":\"https:\/\/www.iew.eu\/cs\/\",\"name\":\"iew Induktive Erw\u00e4rmungsanlagen GmbH\",\"description\":\"Ihr Partner f\u00fcr Komplettl\u00f6sungen rund um Induktive Erw\u00e4rmungsanlagen, Sondermaschinenbau und Vakuuml\u00f6ttechnik. F\u00fcr Deutschland, \u00d6sterreich, Schweiz &amp; europaweit.\",\"potentialAction\":[{\"@type\":\"SearchAction\",\"target\":{\"@type\":\"EntryPoint\",\"urlTemplate\":\"https:\/\/www.iew.eu\/cs\/?s={search_term_string}\"},\"query-input\":{\"@type\":\"PropertyValueSpecification\",\"valueRequired\":true,\"valueName\":\"search_term_string\"}}],\"inLanguage\":\"cs\"}]}<\/script>\n<!-- \/ Yoast SEO plugin. -->","yoast_head_json":{"title":"Aplikace Induk\u010dn\u00ed oh\u0159ev | Induk\u010dn\u00ed p\u00e1jen\u00ed | Induk\u010dn\u00ed kalen\u00ed","description":"Oblasti pou\u017eit\u00ed oh\u0159evu kov\u016f pomoc\u00ed na\u0161ich induk\u010dn\u00edch oh\u0159\u00edvac\u00edch za\u0159\u00edzen\u00ed. Nez\u00e1vazn\u00e9 poradenstv\u00ed, individu\u00e1ln\u00ed a optim\u00e1ln\u00ed \u0159e\u0161en\u00ed.","robots":{"index":"index","follow":"follow","max-snippet":"max-snippet:-1","max-image-preview":"max-image-preview:large","max-video-preview":"max-video-preview:-1"},"canonical":"https:\/\/www.iew.eu\/cs\/aplikace\/","og_locale":"cs_CZ","og_type":"article","og_title":"Aplikace Induk\u010dn\u00ed oh\u0159ev | Induk\u010dn\u00ed p\u00e1jen\u00ed | Induk\u010dn\u00ed kalen\u00ed","og_description":"Oblasti pou\u017eit\u00ed oh\u0159evu kov\u016f pomoc\u00ed na\u0161ich induk\u010dn\u00edch oh\u0159\u00edvac\u00edch za\u0159\u00edzen\u00ed. Nez\u00e1vazn\u00e9 poradenstv\u00ed, individu\u00e1ln\u00ed a optim\u00e1ln\u00ed \u0159e\u0161en\u00ed.","og_url":"https:\/\/www.iew.eu\/cs\/aplikace\/","og_site_name":"iew Induktive Erw\u00e4rmungsanlagen GmbH","article_modified_time":"2023-07-24T10:23:47+00:00","twitter_card":"summary_large_image","schema":{"@context":"https:\/\/schema.org","@graph":[{"@type":"WebPage","@id":"https:\/\/www.iew.eu\/cs\/aplikace\/","url":"https:\/\/www.iew.eu\/cs\/aplikace\/","name":"Aplikace Induk\u010dn\u00ed oh\u0159ev | Induk\u010dn\u00ed p\u00e1jen\u00ed | Induk\u010dn\u00ed kalen\u00ed","isPartOf":{"@id":"https:\/\/www.iew.eu\/cs\/#website"},"datePublished":"2017-03-01T14:29:07+00:00","dateModified":"2023-07-24T10:23:47+00:00","description":"Oblasti pou\u017eit\u00ed oh\u0159evu kov\u016f pomoc\u00ed na\u0161ich induk\u010dn\u00edch oh\u0159\u00edvac\u00edch za\u0159\u00edzen\u00ed. Nez\u00e1vazn\u00e9 poradenstv\u00ed, individu\u00e1ln\u00ed a optim\u00e1ln\u00ed \u0159e\u0161en\u00ed.","breadcrumb":{"@id":"https:\/\/www.iew.eu\/cs\/aplikace\/#breadcrumb"},"inLanguage":"cs","potentialAction":[{"@type":"ReadAction","target":["https:\/\/www.iew.eu\/cs\/aplikace\/"]}]},{"@type":"BreadcrumbList","@id":"https:\/\/www.iew.eu\/cs\/aplikace\/#breadcrumb","itemListElement":[{"@type":"ListItem","position":1,"name":"Startseite","item":"https:\/\/www.iew.eu\/cs\/"},{"@type":"ListItem","position":2,"name":"Aplikace"}]},{"@type":"WebSite","@id":"https:\/\/www.iew.eu\/cs\/#website","url":"https:\/\/www.iew.eu\/cs\/","name":"iew Induktive Erw\u00e4rmungsanlagen GmbH","description":"Ihr Partner f\u00fcr Komplettl\u00f6sungen rund um Induktive Erw\u00e4rmungsanlagen, Sondermaschinenbau und Vakuuml\u00f6ttechnik. F\u00fcr Deutschland, \u00d6sterreich, Schweiz &amp; europaweit.","potentialAction":[{"@type":"SearchAction","target":{"@type":"EntryPoint","urlTemplate":"https:\/\/www.iew.eu\/cs\/?s={search_term_string}"},"query-input":{"@type":"PropertyValueSpecification","valueRequired":true,"valueName":"search_term_string"}}],"inLanguage":"cs"}]}},"_links":{"self":[{"href":"https:\/\/www.iew.eu\/cs\/wp-json\/wp\/v2\/pages\/1230","targetHints":{"allow":["GET"]}}],"collection":[{"href":"https:\/\/www.iew.eu\/cs\/wp-json\/wp\/v2\/pages"}],"about":[{"href":"https:\/\/www.iew.eu\/cs\/wp-json\/wp\/v2\/types\/page"}],"author":[{"embeddable":true,"href":"https:\/\/www.iew.eu\/cs\/wp-json\/wp\/v2\/users\/1"}],"replies":[{"embeddable":true,"href":"https:\/\/www.iew.eu\/cs\/wp-json\/wp\/v2\/comments?post=1230"}],"version-history":[{"count":4,"href":"https:\/\/www.iew.eu\/cs\/wp-json\/wp\/v2\/pages\/1230\/revisions"}],"predecessor-version":[{"id":7217,"href":"https:\/\/www.iew.eu\/cs\/wp-json\/wp\/v2\/pages\/1230\/revisions\/7217"}],"wp:attachment":[{"href":"https:\/\/www.iew.eu\/cs\/wp-json\/wp\/v2\/media?parent=1230"}],"curies":[{"name":"wp","href":"https:\/\/api.w.org\/{rel}","templated":true}]}}