{"id":1387,"date":"2017-03-06T11:28:57","date_gmt":"2017-03-06T10:28:57","guid":{"rendered":"http:\/\/www.iew.eu\/applications\/brazing-and-soldering-of-metals\/"},"modified":"2023-03-08T13:08:55","modified_gmt":"2023-03-08T12:08:55","slug":"brazing-and-soldering-of-metals","status":"publish","type":"page","link":"https:\/\/www.iew.eu\/cs\/aplikace\/brazing-and-soldering-of-metals\/","title":{"rendered":"M\u011bkk&eacute; p&aacute;jen&iacute; a tvrd&eacute; p&aacute;jen&iacute;"},"content":{"rendered":"","protected":false},"excerpt":{"rendered":"","protected":false},"author":1,"featured_media":0,"parent":1230,"menu_order":0,"comment_status":"closed","ping_status":"closed","template":"templates\/custom-page-dynamic.php","meta":{"footnotes":""},"class_list":["post-1387","page","type-page","status-publish","hentry"],"acf":[],"yoast_head":"<!-- This site is optimized with the Yoast SEO plugin v26.2 - https:\/\/yoast.com\/wordpress\/plugins\/seo\/ -->\n<title>Tvrd\u00e9 p\u00e1jen\u00ed, m\u011bkk\u00e9 p\u00e1jen\u00ed a induk\u010dn\u00ed p\u00e1jen\u00ed.<\/title>\n<meta name=\"description\" content=\"V\u00e1\u0161 kompetentn\u00ed partner pro v\u0161echny aspekty m\u011bkk\u00e9ho i tvrd\u00e9ho p\u00e1jen\u00ed kov\u016f.\" \/>\n<meta name=\"robots\" content=\"index, follow, max-snippet:-1, max-image-preview:large, max-video-preview:-1\" \/>\n<link rel=\"canonical\" href=\"https:\/\/www.iew.eu\/cs\/aplikace\/brazing-and-soldering-of-metals\/\" \/>\n<meta property=\"og:locale\" content=\"cs_CZ\" \/>\n<meta property=\"og:type\" content=\"article\" \/>\n<meta property=\"og:title\" content=\"Tvrd\u00e9 p\u00e1jen\u00ed, m\u011bkk\u00e9 p\u00e1jen\u00ed a induk\u010dn\u00ed p\u00e1jen\u00ed.\" \/>\n<meta property=\"og:description\" content=\"V\u00e1\u0161 kompetentn\u00ed partner pro v\u0161echny aspekty m\u011bkk\u00e9ho i tvrd\u00e9ho p\u00e1jen\u00ed kov\u016f.\" \/>\n<meta property=\"og:url\" content=\"https:\/\/www.iew.eu\/cs\/aplikace\/brazing-and-soldering-of-metals\/\" \/>\n<meta property=\"og:site_name\" content=\"iew Induktive Erw\u00e4rmungsanlagen GmbH\" \/>\n<meta property=\"article:modified_time\" content=\"2023-03-08T12:08:55+00:00\" \/>\n<meta name=\"twitter:card\" content=\"summary_large_image\" \/>\n<script type=\"application\/ld+json\" class=\"yoast-schema-graph\">{\"@context\":\"https:\/\/schema.org\",\"@graph\":[{\"@type\":\"WebPage\",\"@id\":\"https:\/\/www.iew.eu\/cs\/aplikace\/brazing-and-soldering-of-metals\/\",\"url\":\"https:\/\/www.iew.eu\/cs\/aplikace\/brazing-and-soldering-of-metals\/\",\"name\":\"Tvrd\u00e9 p\u00e1jen\u00ed, m\u011bkk\u00e9 p\u00e1jen\u00ed a induk\u010dn\u00ed p\u00e1jen\u00ed.\",\"isPartOf\":{\"@id\":\"https:\/\/www.iew.eu\/cs\/#website\"},\"datePublished\":\"2017-03-06T10:28:57+00:00\",\"dateModified\":\"2023-03-08T12:08:55+00:00\",\"description\":\"V\u00e1\u0161 kompetentn\u00ed partner pro v\u0161echny aspekty m\u011bkk\u00e9ho i tvrd\u00e9ho p\u00e1jen\u00ed kov\u016f.\",\"breadcrumb\":{\"@id\":\"https:\/\/www.iew.eu\/cs\/aplikace\/brazing-and-soldering-of-metals\/#breadcrumb\"},\"inLanguage\":\"cs\",\"potentialAction\":[{\"@type\":\"ReadAction\",\"target\":[\"https:\/\/www.iew.eu\/cs\/aplikace\/brazing-and-soldering-of-metals\/\"]}]},{\"@type\":\"BreadcrumbList\",\"@id\":\"https:\/\/www.iew.eu\/cs\/aplikace\/brazing-and-soldering-of-metals\/#breadcrumb\",\"itemListElement\":[{\"@type\":\"ListItem\",\"position\":1,\"name\":\"Startseite\",\"item\":\"https:\/\/www.iew.eu\/cs\/\"},{\"@type\":\"ListItem\",\"position\":2,\"name\":\"Aplikace\",\"item\":\"https:\/\/www.iew.eu\/cs\/aplikace\/\"},{\"@type\":\"ListItem\",\"position\":3,\"name\":\"M\u011bkk&eacute; p&aacute;jen&iacute; a tvrd&eacute; p&aacute;jen&iacute;\"}]},{\"@type\":\"WebSite\",\"@id\":\"https:\/\/www.iew.eu\/cs\/#website\",\"url\":\"https:\/\/www.iew.eu\/cs\/\",\"name\":\"iew Induktive Erw\u00e4rmungsanlagen GmbH\",\"description\":\"Ihr Partner f\u00fcr Komplettl\u00f6sungen rund um Induktive Erw\u00e4rmungsanlagen, Sondermaschinenbau und Vakuuml\u00f6ttechnik. F\u00fcr Deutschland, \u00d6sterreich, Schweiz &amp; europaweit.\",\"potentialAction\":[{\"@type\":\"SearchAction\",\"target\":{\"@type\":\"EntryPoint\",\"urlTemplate\":\"https:\/\/www.iew.eu\/cs\/?s={search_term_string}\"},\"query-input\":{\"@type\":\"PropertyValueSpecification\",\"valueRequired\":true,\"valueName\":\"search_term_string\"}}],\"inLanguage\":\"cs\"}]}<\/script>\n<!-- \/ Yoast SEO plugin. -->","yoast_head_json":{"title":"Tvrd\u00e9 p\u00e1jen\u00ed, m\u011bkk\u00e9 p\u00e1jen\u00ed a induk\u010dn\u00ed p\u00e1jen\u00ed.","description":"V\u00e1\u0161 kompetentn\u00ed partner pro v\u0161echny aspekty m\u011bkk\u00e9ho i tvrd\u00e9ho p\u00e1jen\u00ed kov\u016f.","robots":{"index":"index","follow":"follow","max-snippet":"max-snippet:-1","max-image-preview":"max-image-preview:large","max-video-preview":"max-video-preview:-1"},"canonical":"https:\/\/www.iew.eu\/cs\/aplikace\/brazing-and-soldering-of-metals\/","og_locale":"cs_CZ","og_type":"article","og_title":"Tvrd\u00e9 p\u00e1jen\u00ed, m\u011bkk\u00e9 p\u00e1jen\u00ed a induk\u010dn\u00ed p\u00e1jen\u00ed.","og_description":"V\u00e1\u0161 kompetentn\u00ed partner pro v\u0161echny aspekty m\u011bkk\u00e9ho i tvrd\u00e9ho p\u00e1jen\u00ed kov\u016f.","og_url":"https:\/\/www.iew.eu\/cs\/aplikace\/brazing-and-soldering-of-metals\/","og_site_name":"iew Induktive Erw\u00e4rmungsanlagen GmbH","article_modified_time":"2023-03-08T12:08:55+00:00","twitter_card":"summary_large_image","schema":{"@context":"https:\/\/schema.org","@graph":[{"@type":"WebPage","@id":"https:\/\/www.iew.eu\/cs\/aplikace\/brazing-and-soldering-of-metals\/","url":"https:\/\/www.iew.eu\/cs\/aplikace\/brazing-and-soldering-of-metals\/","name":"Tvrd\u00e9 p\u00e1jen\u00ed, m\u011bkk\u00e9 p\u00e1jen\u00ed a induk\u010dn\u00ed p\u00e1jen\u00ed.","isPartOf":{"@id":"https:\/\/www.iew.eu\/cs\/#website"},"datePublished":"2017-03-06T10:28:57+00:00","dateModified":"2023-03-08T12:08:55+00:00","description":"V\u00e1\u0161 kompetentn\u00ed partner pro v\u0161echny aspekty m\u011bkk\u00e9ho i tvrd\u00e9ho p\u00e1jen\u00ed kov\u016f.","breadcrumb":{"@id":"https:\/\/www.iew.eu\/cs\/aplikace\/brazing-and-soldering-of-metals\/#breadcrumb"},"inLanguage":"cs","potentialAction":[{"@type":"ReadAction","target":["https:\/\/www.iew.eu\/cs\/aplikace\/brazing-and-soldering-of-metals\/"]}]},{"@type":"BreadcrumbList","@id":"https:\/\/www.iew.eu\/cs\/aplikace\/brazing-and-soldering-of-metals\/#breadcrumb","itemListElement":[{"@type":"ListItem","position":1,"name":"Startseite","item":"https:\/\/www.iew.eu\/cs\/"},{"@type":"ListItem","position":2,"name":"Aplikace","item":"https:\/\/www.iew.eu\/cs\/aplikace\/"},{"@type":"ListItem","position":3,"name":"M\u011bkk&eacute; p&aacute;jen&iacute; a tvrd&eacute; p&aacute;jen&iacute;"}]},{"@type":"WebSite","@id":"https:\/\/www.iew.eu\/cs\/#website","url":"https:\/\/www.iew.eu\/cs\/","name":"iew Induktive Erw\u00e4rmungsanlagen GmbH","description":"Ihr Partner f\u00fcr Komplettl\u00f6sungen rund um Induktive Erw\u00e4rmungsanlagen, Sondermaschinenbau und Vakuuml\u00f6ttechnik. F\u00fcr Deutschland, \u00d6sterreich, Schweiz &amp; europaweit.","potentialAction":[{"@type":"SearchAction","target":{"@type":"EntryPoint","urlTemplate":"https:\/\/www.iew.eu\/cs\/?s={search_term_string}"},"query-input":{"@type":"PropertyValueSpecification","valueRequired":true,"valueName":"search_term_string"}}],"inLanguage":"cs"}]}},"_links":{"self":[{"href":"https:\/\/www.iew.eu\/cs\/wp-json\/wp\/v2\/pages\/1387","targetHints":{"allow":["GET"]}}],"collection":[{"href":"https:\/\/www.iew.eu\/cs\/wp-json\/wp\/v2\/pages"}],"about":[{"href":"https:\/\/www.iew.eu\/cs\/wp-json\/wp\/v2\/types\/page"}],"author":[{"embeddable":true,"href":"https:\/\/www.iew.eu\/cs\/wp-json\/wp\/v2\/users\/1"}],"replies":[{"embeddable":true,"href":"https:\/\/www.iew.eu\/cs\/wp-json\/wp\/v2\/comments?post=1387"}],"version-history":[{"count":3,"href":"https:\/\/www.iew.eu\/cs\/wp-json\/wp\/v2\/pages\/1387\/revisions"}],"predecessor-version":[{"id":7218,"href":"https:\/\/www.iew.eu\/cs\/wp-json\/wp\/v2\/pages\/1387\/revisions\/7218"}],"up":[{"embeddable":true,"href":"https:\/\/www.iew.eu\/cs\/wp-json\/wp\/v2\/pages\/1230"}],"wp:attachment":[{"href":"https:\/\/www.iew.eu\/cs\/wp-json\/wp\/v2\/media?parent=1387"}],"curies":[{"name":"wp","href":"https:\/\/api.w.org\/{rel}","templated":true}]}}