{"id":1418,"date":"2017-03-06T14:03:53","date_gmt":"2017-03-06T13:03:53","guid":{"rendered":"http:\/\/www.iew.eu\/applications\/science-and-material-testing\/"},"modified":"2023-06-27T16:33:02","modified_gmt":"2023-06-27T14:33:02","slug":"science-and-material-testing","status":"publish","type":"page","link":"https:\/\/www.iew.eu\/cs\/aplikace\/science-and-material-testing\/","title":{"rendered":"V\u011bda a zku\u0161ebn\u00ed technika"},"content":{"rendered":"","protected":false},"excerpt":{"rendered":"","protected":false},"author":1,"featured_media":0,"parent":1230,"menu_order":0,"comment_status":"closed","ping_status":"closed","template":"templates\/custom-page-dynamic.php","meta":{"footnotes":""},"class_list":["post-1418","page","type-page","status-publish","hentry"],"acf":[],"yoast_head":"<!-- This site is optimized with the Yoast SEO plugin v26.2 - https:\/\/yoast.com\/wordpress\/plugins\/seo\/ -->\n<title>Induk\u010dn\u00ed oh\u0159\u00edvac\u00ed za\u0159\u00edzen\u00ed Zku\u0161ebn\u00ed technika a v\u011bda<\/title>\n<meta name=\"description\" content=\"Induk\u010dn\u00ed oh\u0159ev m\u00e1 \u0161irokou \u0161k\u00e1lu aplikac\u00ed ve v\u011bd\u011b a zku\u0161ebn\u00ed technice. Jsme v\u00fdrobci induk\u010dn\u00edch oh\u0159\u00edvac\u00edch za\u0159\u00edzen\u00ed.\" \/>\n<meta name=\"robots\" content=\"index, follow, max-snippet:-1, max-image-preview:large, max-video-preview:-1\" \/>\n<link rel=\"canonical\" href=\"https:\/\/www.iew.eu\/cs\/aplikace\/science-and-material-testing\/\" \/>\n<meta property=\"og:locale\" content=\"cs_CZ\" \/>\n<meta property=\"og:type\" content=\"article\" \/>\n<meta property=\"og:title\" content=\"Induk\u010dn\u00ed oh\u0159\u00edvac\u00ed za\u0159\u00edzen\u00ed Zku\u0161ebn\u00ed technika a v\u011bda\" \/>\n<meta property=\"og:description\" content=\"Induk\u010dn\u00ed oh\u0159ev m\u00e1 \u0161irokou \u0161k\u00e1lu aplikac\u00ed ve v\u011bd\u011b a zku\u0161ebn\u00ed technice. Jsme v\u00fdrobci induk\u010dn\u00edch oh\u0159\u00edvac\u00edch za\u0159\u00edzen\u00ed.\" \/>\n<meta property=\"og:url\" content=\"https:\/\/www.iew.eu\/cs\/aplikace\/science-and-material-testing\/\" \/>\n<meta property=\"og:site_name\" content=\"iew Induktive Erw\u00e4rmungsanlagen GmbH\" \/>\n<meta property=\"article:modified_time\" content=\"2023-06-27T14:33:02+00:00\" \/>\n<meta name=\"twitter:card\" content=\"summary_large_image\" \/>\n<script type=\"application\/ld+json\" class=\"yoast-schema-graph\">{\"@context\":\"https:\/\/schema.org\",\"@graph\":[{\"@type\":\"WebPage\",\"@id\":\"https:\/\/www.iew.eu\/cs\/aplikace\/science-and-material-testing\/\",\"url\":\"https:\/\/www.iew.eu\/cs\/aplikace\/science-and-material-testing\/\",\"name\":\"Induk\u010dn\u00ed oh\u0159\u00edvac\u00ed za\u0159\u00edzen\u00ed Zku\u0161ebn\u00ed technika a v\u011bda\",\"isPartOf\":{\"@id\":\"https:\/\/www.iew.eu\/cs\/#website\"},\"datePublished\":\"2017-03-06T13:03:53+00:00\",\"dateModified\":\"2023-06-27T14:33:02+00:00\",\"description\":\"Induk\u010dn\u00ed oh\u0159ev m\u00e1 \u0161irokou \u0161k\u00e1lu aplikac\u00ed ve v\u011bd\u011b a zku\u0161ebn\u00ed technice. Jsme v\u00fdrobci induk\u010dn\u00edch oh\u0159\u00edvac\u00edch za\u0159\u00edzen\u00ed.\",\"breadcrumb\":{\"@id\":\"https:\/\/www.iew.eu\/cs\/aplikace\/science-and-material-testing\/#breadcrumb\"},\"inLanguage\":\"cs\",\"potentialAction\":[{\"@type\":\"ReadAction\",\"target\":[\"https:\/\/www.iew.eu\/cs\/aplikace\/science-and-material-testing\/\"]}]},{\"@type\":\"BreadcrumbList\",\"@id\":\"https:\/\/www.iew.eu\/cs\/aplikace\/science-and-material-testing\/#breadcrumb\",\"itemListElement\":[{\"@type\":\"ListItem\",\"position\":1,\"name\":\"Startseite\",\"item\":\"https:\/\/www.iew.eu\/cs\/\"},{\"@type\":\"ListItem\",\"position\":2,\"name\":\"Aplikace\",\"item\":\"https:\/\/www.iew.eu\/cs\/aplikace\/\"},{\"@type\":\"ListItem\",\"position\":3,\"name\":\"V\u011bda a zku\u0161ebn\u00ed technika\"}]},{\"@type\":\"WebSite\",\"@id\":\"https:\/\/www.iew.eu\/cs\/#website\",\"url\":\"https:\/\/www.iew.eu\/cs\/\",\"name\":\"iew Induktive Erw\u00e4rmungsanlagen GmbH\",\"description\":\"Ihr Partner f\u00fcr Komplettl\u00f6sungen rund um Induktive Erw\u00e4rmungsanlagen, Sondermaschinenbau und Vakuuml\u00f6ttechnik. F\u00fcr Deutschland, \u00d6sterreich, Schweiz &amp; europaweit.\",\"potentialAction\":[{\"@type\":\"SearchAction\",\"target\":{\"@type\":\"EntryPoint\",\"urlTemplate\":\"https:\/\/www.iew.eu\/cs\/?s={search_term_string}\"},\"query-input\":{\"@type\":\"PropertyValueSpecification\",\"valueRequired\":true,\"valueName\":\"search_term_string\"}}],\"inLanguage\":\"cs\"}]}<\/script>\n<!-- \/ Yoast SEO plugin. -->","yoast_head_json":{"title":"Induk\u010dn\u00ed oh\u0159\u00edvac\u00ed za\u0159\u00edzen\u00ed Zku\u0161ebn\u00ed technika a v\u011bda","description":"Induk\u010dn\u00ed oh\u0159ev m\u00e1 \u0161irokou \u0161k\u00e1lu aplikac\u00ed ve v\u011bd\u011b a zku\u0161ebn\u00ed technice. Jsme v\u00fdrobci induk\u010dn\u00edch oh\u0159\u00edvac\u00edch za\u0159\u00edzen\u00ed.","robots":{"index":"index","follow":"follow","max-snippet":"max-snippet:-1","max-image-preview":"max-image-preview:large","max-video-preview":"max-video-preview:-1"},"canonical":"https:\/\/www.iew.eu\/cs\/aplikace\/science-and-material-testing\/","og_locale":"cs_CZ","og_type":"article","og_title":"Induk\u010dn\u00ed oh\u0159\u00edvac\u00ed za\u0159\u00edzen\u00ed Zku\u0161ebn\u00ed technika a v\u011bda","og_description":"Induk\u010dn\u00ed oh\u0159ev m\u00e1 \u0161irokou \u0161k\u00e1lu aplikac\u00ed ve v\u011bd\u011b a zku\u0161ebn\u00ed technice. Jsme v\u00fdrobci induk\u010dn\u00edch oh\u0159\u00edvac\u00edch za\u0159\u00edzen\u00ed.","og_url":"https:\/\/www.iew.eu\/cs\/aplikace\/science-and-material-testing\/","og_site_name":"iew Induktive Erw\u00e4rmungsanlagen GmbH","article_modified_time":"2023-06-27T14:33:02+00:00","twitter_card":"summary_large_image","schema":{"@context":"https:\/\/schema.org","@graph":[{"@type":"WebPage","@id":"https:\/\/www.iew.eu\/cs\/aplikace\/science-and-material-testing\/","url":"https:\/\/www.iew.eu\/cs\/aplikace\/science-and-material-testing\/","name":"Induk\u010dn\u00ed oh\u0159\u00edvac\u00ed za\u0159\u00edzen\u00ed Zku\u0161ebn\u00ed technika a v\u011bda","isPartOf":{"@id":"https:\/\/www.iew.eu\/cs\/#website"},"datePublished":"2017-03-06T13:03:53+00:00","dateModified":"2023-06-27T14:33:02+00:00","description":"Induk\u010dn\u00ed oh\u0159ev m\u00e1 \u0161irokou \u0161k\u00e1lu aplikac\u00ed ve v\u011bd\u011b a zku\u0161ebn\u00ed technice. Jsme v\u00fdrobci induk\u010dn\u00edch oh\u0159\u00edvac\u00edch za\u0159\u00edzen\u00ed.","breadcrumb":{"@id":"https:\/\/www.iew.eu\/cs\/aplikace\/science-and-material-testing\/#breadcrumb"},"inLanguage":"cs","potentialAction":[{"@type":"ReadAction","target":["https:\/\/www.iew.eu\/cs\/aplikace\/science-and-material-testing\/"]}]},{"@type":"BreadcrumbList","@id":"https:\/\/www.iew.eu\/cs\/aplikace\/science-and-material-testing\/#breadcrumb","itemListElement":[{"@type":"ListItem","position":1,"name":"Startseite","item":"https:\/\/www.iew.eu\/cs\/"},{"@type":"ListItem","position":2,"name":"Aplikace","item":"https:\/\/www.iew.eu\/cs\/aplikace\/"},{"@type":"ListItem","position":3,"name":"V\u011bda a zku\u0161ebn\u00ed technika"}]},{"@type":"WebSite","@id":"https:\/\/www.iew.eu\/cs\/#website","url":"https:\/\/www.iew.eu\/cs\/","name":"iew Induktive Erw\u00e4rmungsanlagen GmbH","description":"Ihr Partner f\u00fcr Komplettl\u00f6sungen rund um Induktive Erw\u00e4rmungsanlagen, Sondermaschinenbau und Vakuuml\u00f6ttechnik. F\u00fcr Deutschland, \u00d6sterreich, Schweiz &amp; europaweit.","potentialAction":[{"@type":"SearchAction","target":{"@type":"EntryPoint","urlTemplate":"https:\/\/www.iew.eu\/cs\/?s={search_term_string}"},"query-input":{"@type":"PropertyValueSpecification","valueRequired":true,"valueName":"search_term_string"}}],"inLanguage":"cs"}]}},"_links":{"self":[{"href":"https:\/\/www.iew.eu\/cs\/wp-json\/wp\/v2\/pages\/1418","targetHints":{"allow":["GET"]}}],"collection":[{"href":"https:\/\/www.iew.eu\/cs\/wp-json\/wp\/v2\/pages"}],"about":[{"href":"https:\/\/www.iew.eu\/cs\/wp-json\/wp\/v2\/types\/page"}],"author":[{"embeddable":true,"href":"https:\/\/www.iew.eu\/cs\/wp-json\/wp\/v2\/users\/1"}],"replies":[{"embeddable":true,"href":"https:\/\/www.iew.eu\/cs\/wp-json\/wp\/v2\/comments?post=1418"}],"version-history":[{"count":3,"href":"https:\/\/www.iew.eu\/cs\/wp-json\/wp\/v2\/pages\/1418\/revisions"}],"predecessor-version":[{"id":7546,"href":"https:\/\/www.iew.eu\/cs\/wp-json\/wp\/v2\/pages\/1418\/revisions\/7546"}],"up":[{"embeddable":true,"href":"https:\/\/www.iew.eu\/cs\/wp-json\/wp\/v2\/pages\/1230"}],"wp:attachment":[{"href":"https:\/\/www.iew.eu\/cs\/wp-json\/wp\/v2\/media?parent=1418"}],"curies":[{"name":"wp","href":"https:\/\/api.w.org\/{rel}","templated":true}]}}