{"id":6972,"date":"2023-02-07T14:10:09","date_gmt":"2023-02-07T13:10:09","guid":{"rendered":"https:\/\/www.iew.eu\/udalosti\/"},"modified":"2023-06-27T16:33:45","modified_gmt":"2023-06-27T14:33:45","slug":"udalosti","status":"publish","type":"page","link":"https:\/\/www.iew.eu\/cs\/udalosti\/","title":{"rendered":"Ud\u00e1losti"},"content":{"rendered":"","protected":false},"excerpt":{"rendered":"<p>OBSAH<\/p>\n","protected":false},"author":4,"featured_media":0,"parent":0,"menu_order":0,"comment_status":"closed","ping_status":"open","template":"","meta":{"footnotes":""},"class_list":["post-6972","page","type-page","status-publish","hentry"],"acf":[],"yoast_head":"<!-- This site is optimized with the Yoast SEO plugin v26.2 - https:\/\/yoast.com\/wordpress\/plugins\/seo\/ -->\n<title>Ud\u00e1losti &#8212; iew Induktive Erw\u00e4rmungsanlagen GmbH<\/title>\n<meta name=\"robots\" content=\"index, follow, max-snippet:-1, max-image-preview:large, max-video-preview:-1\" \/>\n<link rel=\"canonical\" href=\"https:\/\/www.iew.eu\/cs\/udalosti\/\" \/>\n<meta property=\"og:locale\" content=\"cs_CZ\" \/>\n<meta property=\"og:type\" content=\"article\" \/>\n<meta property=\"og:title\" content=\"Ud\u00e1losti &#8212; iew Induktive Erw\u00e4rmungsanlagen GmbH\" \/>\n<meta property=\"og:description\" content=\"OBSAH\" \/>\n<meta property=\"og:url\" content=\"https:\/\/www.iew.eu\/cs\/udalosti\/\" \/>\n<meta property=\"og:site_name\" content=\"iew Induktive Erw\u00e4rmungsanlagen GmbH\" \/>\n<meta property=\"article:modified_time\" content=\"2023-06-27T14:33:45+00:00\" \/>\n<meta name=\"twitter:card\" content=\"summary_large_image\" \/>\n<script type=\"application\/ld+json\" class=\"yoast-schema-graph\">{\"@context\":\"https:\/\/schema.org\",\"@graph\":[{\"@type\":\"WebPage\",\"@id\":\"https:\/\/www.iew.eu\/cs\/udalosti\/\",\"url\":\"https:\/\/www.iew.eu\/cs\/udalosti\/\",\"name\":\"Ud\u00e1losti &#8212; iew Induktive Erw\u00e4rmungsanlagen GmbH\",\"isPartOf\":{\"@id\":\"https:\/\/www.iew.eu\/cs\/#website\"},\"datePublished\":\"2023-02-07T13:10:09+00:00\",\"dateModified\":\"2023-06-27T14:33:45+00:00\",\"breadcrumb\":{\"@id\":\"https:\/\/www.iew.eu\/cs\/udalosti\/#breadcrumb\"},\"inLanguage\":\"cs\",\"potentialAction\":[{\"@type\":\"ReadAction\",\"target\":[\"https:\/\/www.iew.eu\/cs\/udalosti\/\"]}]},{\"@type\":\"BreadcrumbList\",\"@id\":\"https:\/\/www.iew.eu\/cs\/udalosti\/#breadcrumb\",\"itemListElement\":[{\"@type\":\"ListItem\",\"position\":1,\"name\":\"Startseite\",\"item\":\"https:\/\/www.iew.eu\/cs\/\"},{\"@type\":\"ListItem\",\"position\":2,\"name\":\"Ud\u00e1losti\"}]},{\"@type\":\"WebSite\",\"@id\":\"https:\/\/www.iew.eu\/cs\/#website\",\"url\":\"https:\/\/www.iew.eu\/cs\/\",\"name\":\"iew Induktive Erw\u00e4rmungsanlagen GmbH\",\"description\":\"Ihr Partner f\u00fcr Komplettl\u00f6sungen rund um Induktive Erw\u00e4rmungsanlagen, Sondermaschinenbau und Vakuuml\u00f6ttechnik. F\u00fcr Deutschland, \u00d6sterreich, Schweiz &amp; europaweit.\",\"potentialAction\":[{\"@type\":\"SearchAction\",\"target\":{\"@type\":\"EntryPoint\",\"urlTemplate\":\"https:\/\/www.iew.eu\/cs\/?s={search_term_string}\"},\"query-input\":{\"@type\":\"PropertyValueSpecification\",\"valueRequired\":true,\"valueName\":\"search_term_string\"}}],\"inLanguage\":\"cs\"}]}<\/script>\n<!-- \/ Yoast SEO plugin. -->","yoast_head_json":{"title":"Ud\u00e1losti &#8212; iew Induktive Erw\u00e4rmungsanlagen GmbH","robots":{"index":"index","follow":"follow","max-snippet":"max-snippet:-1","max-image-preview":"max-image-preview:large","max-video-preview":"max-video-preview:-1"},"canonical":"https:\/\/www.iew.eu\/cs\/udalosti\/","og_locale":"cs_CZ","og_type":"article","og_title":"Ud\u00e1losti &#8212; iew Induktive Erw\u00e4rmungsanlagen GmbH","og_description":"OBSAH","og_url":"https:\/\/www.iew.eu\/cs\/udalosti\/","og_site_name":"iew Induktive Erw\u00e4rmungsanlagen GmbH","article_modified_time":"2023-06-27T14:33:45+00:00","twitter_card":"summary_large_image","schema":{"@context":"https:\/\/schema.org","@graph":[{"@type":"WebPage","@id":"https:\/\/www.iew.eu\/cs\/udalosti\/","url":"https:\/\/www.iew.eu\/cs\/udalosti\/","name":"Ud\u00e1losti &#8212; iew Induktive Erw\u00e4rmungsanlagen GmbH","isPartOf":{"@id":"https:\/\/www.iew.eu\/cs\/#website"},"datePublished":"2023-02-07T13:10:09+00:00","dateModified":"2023-06-27T14:33:45+00:00","breadcrumb":{"@id":"https:\/\/www.iew.eu\/cs\/udalosti\/#breadcrumb"},"inLanguage":"cs","potentialAction":[{"@type":"ReadAction","target":["https:\/\/www.iew.eu\/cs\/udalosti\/"]}]},{"@type":"BreadcrumbList","@id":"https:\/\/www.iew.eu\/cs\/udalosti\/#breadcrumb","itemListElement":[{"@type":"ListItem","position":1,"name":"Startseite","item":"https:\/\/www.iew.eu\/cs\/"},{"@type":"ListItem","position":2,"name":"Ud\u00e1losti"}]},{"@type":"WebSite","@id":"https:\/\/www.iew.eu\/cs\/#website","url":"https:\/\/www.iew.eu\/cs\/","name":"iew Induktive Erw\u00e4rmungsanlagen GmbH","description":"Ihr Partner f\u00fcr Komplettl\u00f6sungen rund um Induktive Erw\u00e4rmungsanlagen, Sondermaschinenbau und Vakuuml\u00f6ttechnik. F\u00fcr Deutschland, \u00d6sterreich, Schweiz &amp; europaweit.","potentialAction":[{"@type":"SearchAction","target":{"@type":"EntryPoint","urlTemplate":"https:\/\/www.iew.eu\/cs\/?s={search_term_string}"},"query-input":{"@type":"PropertyValueSpecification","valueRequired":true,"valueName":"search_term_string"}}],"inLanguage":"cs"}]}},"_links":{"self":[{"href":"https:\/\/www.iew.eu\/cs\/wp-json\/wp\/v2\/pages\/6972","targetHints":{"allow":["GET"]}}],"collection":[{"href":"https:\/\/www.iew.eu\/cs\/wp-json\/wp\/v2\/pages"}],"about":[{"href":"https:\/\/www.iew.eu\/cs\/wp-json\/wp\/v2\/types\/page"}],"author":[{"embeddable":true,"href":"https:\/\/www.iew.eu\/cs\/wp-json\/wp\/v2\/users\/4"}],"replies":[{"embeddable":true,"href":"https:\/\/www.iew.eu\/cs\/wp-json\/wp\/v2\/comments?post=6972"}],"version-history":[{"count":1,"href":"https:\/\/www.iew.eu\/cs\/wp-json\/wp\/v2\/pages\/6972\/revisions"}],"predecessor-version":[{"id":7054,"href":"https:\/\/www.iew.eu\/cs\/wp-json\/wp\/v2\/pages\/6972\/revisions\/7054"}],"wp:attachment":[{"href":"https:\/\/www.iew.eu\/cs\/wp-json\/wp\/v2\/media?parent=6972"}],"curies":[{"name":"wp","href":"https:\/\/api.w.org\/{rel}","templated":true}]}}