{"id":7880,"date":"2017-03-01T15:29:32","date_gmt":"2017-03-01T14:29:32","guid":{"rendered":"https:\/\/www.iew.eu\/unternehmen\/"},"modified":"2025-10-30T15:51:08","modified_gmt":"2025-10-30T14:51:08","slug":"about-us","status":"publish","type":"page","link":"https:\/\/www.iew.eu\/en\/about-us\/","title":{"rendered":"About Us"},"content":{"rendered":"","protected":false},"excerpt":{"rendered":"","protected":false},"author":1,"featured_media":0,"parent":0,"menu_order":0,"comment_status":"closed","ping_status":"closed","template":"templates\/custom-page-dynamic.php","meta":{"footnotes":""},"class_list":["post-7880","page","type-page","status-publish","hentry"],"acf":[],"yoast_head":"<!-- This site is optimized with the Yoast SEO plugin v26.2 - https:\/\/yoast.com\/wordpress\/plugins\/seo\/ -->\n<title>Unternehmen f\u00fcr Erw\u00e4rmungsanlagen | induktives L\u00f6ten | induktoren Bau<\/title>\n<meta name=\"description\" content=\"Hersteller und H\u00e4ndler von induktiven Erw\u00e4rmungsanlagen im Hoch- und Mittelfrequenzbereich sowie Spezialisierungen rund um induktive Erw\u00e4rmungsanlagen.\" \/>\n<meta name=\"robots\" content=\"index, follow, max-snippet:-1, max-image-preview:large, max-video-preview:-1\" \/>\n<link rel=\"canonical\" href=\"https:\/\/www.iew.eu\/en\/about-us\/\" \/>\n<meta property=\"og:locale\" content=\"en_US\" \/>\n<meta property=\"og:type\" content=\"article\" \/>\n<meta property=\"og:title\" content=\"Unternehmen f\u00fcr Erw\u00e4rmungsanlagen | induktives L\u00f6ten | induktoren Bau\" \/>\n<meta property=\"og:description\" content=\"Hersteller und H\u00e4ndler von induktiven Erw\u00e4rmungsanlagen im Hoch- und Mittelfrequenzbereich sowie Spezialisierungen rund um induktive Erw\u00e4rmungsanlagen.\" \/>\n<meta property=\"og:url\" content=\"https:\/\/www.iew.eu\/en\/about-us\/\" \/>\n<meta property=\"og:site_name\" content=\"iew Induktive Erw\u00e4rmungsanlagen GmbH\" \/>\n<meta property=\"article:modified_time\" content=\"2025-10-30T14:51:08+00:00\" \/>\n<meta name=\"twitter:card\" content=\"summary_large_image\" \/>\n<script type=\"application\/ld+json\" class=\"yoast-schema-graph\">{\"@context\":\"https:\/\/schema.org\",\"@graph\":[{\"@type\":\"WebPage\",\"@id\":\"https:\/\/www.iew.eu\/en\/about-us\/\",\"url\":\"https:\/\/www.iew.eu\/en\/about-us\/\",\"name\":\"Unternehmen f\u00fcr Erw\u00e4rmungsanlagen | induktives L\u00f6ten | induktoren Bau\",\"isPartOf\":{\"@id\":\"https:\/\/www.iew.eu\/en\/#website\"},\"datePublished\":\"2017-03-01T14:29:32+00:00\",\"dateModified\":\"2025-10-30T14:51:08+00:00\",\"description\":\"Hersteller und H\u00e4ndler von induktiven Erw\u00e4rmungsanlagen im Hoch- und Mittelfrequenzbereich sowie Spezialisierungen rund um induktive Erw\u00e4rmungsanlagen.\",\"breadcrumb\":{\"@id\":\"https:\/\/www.iew.eu\/en\/about-us\/#breadcrumb\"},\"inLanguage\":\"en-US\",\"potentialAction\":[{\"@type\":\"ReadAction\",\"target\":[\"https:\/\/www.iew.eu\/en\/about-us\/\"]}]},{\"@type\":\"BreadcrumbList\",\"@id\":\"https:\/\/www.iew.eu\/en\/about-us\/#breadcrumb\",\"itemListElement\":[{\"@type\":\"ListItem\",\"position\":1,\"name\":\"Startseite\",\"item\":\"https:\/\/www.iew.eu\/en\/\"},{\"@type\":\"ListItem\",\"position\":2,\"name\":\"About Us\"}]},{\"@type\":\"WebSite\",\"@id\":\"https:\/\/www.iew.eu\/en\/#website\",\"url\":\"https:\/\/www.iew.eu\/en\/\",\"name\":\"iew Induktive Erw\u00e4rmungsanlagen GmbH\",\"description\":\"Ihr Partner f\u00fcr Komplettl\u00f6sungen rund um Induktive Erw\u00e4rmungsanlagen, Sondermaschinenbau und Vakuuml\u00f6ttechnik. F\u00fcr Deutschland, \u00d6sterreich, Schweiz &amp; europaweit.\",\"potentialAction\":[{\"@type\":\"SearchAction\",\"target\":{\"@type\":\"EntryPoint\",\"urlTemplate\":\"https:\/\/www.iew.eu\/en\/?s={search_term_string}\"},\"query-input\":{\"@type\":\"PropertyValueSpecification\",\"valueRequired\":true,\"valueName\":\"search_term_string\"}}],\"inLanguage\":\"en-US\"}]}<\/script>\n<!-- \/ Yoast SEO plugin. -->","yoast_head_json":{"title":"Unternehmen f\u00fcr Erw\u00e4rmungsanlagen | induktives L\u00f6ten | induktoren Bau","description":"Hersteller und H\u00e4ndler von induktiven Erw\u00e4rmungsanlagen im Hoch- und Mittelfrequenzbereich sowie Spezialisierungen rund um induktive Erw\u00e4rmungsanlagen.","robots":{"index":"index","follow":"follow","max-snippet":"max-snippet:-1","max-image-preview":"max-image-preview:large","max-video-preview":"max-video-preview:-1"},"canonical":"https:\/\/www.iew.eu\/en\/about-us\/","og_locale":"en_US","og_type":"article","og_title":"Unternehmen f\u00fcr Erw\u00e4rmungsanlagen | induktives L\u00f6ten | induktoren Bau","og_description":"Hersteller und H\u00e4ndler von induktiven Erw\u00e4rmungsanlagen im Hoch- und Mittelfrequenzbereich sowie Spezialisierungen rund um induktive Erw\u00e4rmungsanlagen.","og_url":"https:\/\/www.iew.eu\/en\/about-us\/","og_site_name":"iew Induktive Erw\u00e4rmungsanlagen GmbH","article_modified_time":"2025-10-30T14:51:08+00:00","twitter_card":"summary_large_image","schema":{"@context":"https:\/\/schema.org","@graph":[{"@type":"WebPage","@id":"https:\/\/www.iew.eu\/en\/about-us\/","url":"https:\/\/www.iew.eu\/en\/about-us\/","name":"Unternehmen f\u00fcr Erw\u00e4rmungsanlagen | induktives L\u00f6ten | induktoren Bau","isPartOf":{"@id":"https:\/\/www.iew.eu\/en\/#website"},"datePublished":"2017-03-01T14:29:32+00:00","dateModified":"2025-10-30T14:51:08+00:00","description":"Hersteller und H\u00e4ndler von induktiven Erw\u00e4rmungsanlagen im Hoch- und Mittelfrequenzbereich sowie Spezialisierungen rund um induktive Erw\u00e4rmungsanlagen.","breadcrumb":{"@id":"https:\/\/www.iew.eu\/en\/about-us\/#breadcrumb"},"inLanguage":"en-US","potentialAction":[{"@type":"ReadAction","target":["https:\/\/www.iew.eu\/en\/about-us\/"]}]},{"@type":"BreadcrumbList","@id":"https:\/\/www.iew.eu\/en\/about-us\/#breadcrumb","itemListElement":[{"@type":"ListItem","position":1,"name":"Startseite","item":"https:\/\/www.iew.eu\/en\/"},{"@type":"ListItem","position":2,"name":"About Us"}]},{"@type":"WebSite","@id":"https:\/\/www.iew.eu\/en\/#website","url":"https:\/\/www.iew.eu\/en\/","name":"iew Induktive Erw\u00e4rmungsanlagen GmbH","description":"Ihr Partner f\u00fcr Komplettl\u00f6sungen rund um Induktive Erw\u00e4rmungsanlagen, Sondermaschinenbau und Vakuuml\u00f6ttechnik. F\u00fcr Deutschland, \u00d6sterreich, Schweiz &amp; europaweit.","potentialAction":[{"@type":"SearchAction","target":{"@type":"EntryPoint","urlTemplate":"https:\/\/www.iew.eu\/en\/?s={search_term_string}"},"query-input":{"@type":"PropertyValueSpecification","valueRequired":true,"valueName":"search_term_string"}}],"inLanguage":"en-US"}]}},"_links":{"self":[{"href":"https:\/\/www.iew.eu\/en\/wp-json\/wp\/v2\/pages\/7880","targetHints":{"allow":["GET"]}}],"collection":[{"href":"https:\/\/www.iew.eu\/en\/wp-json\/wp\/v2\/pages"}],"about":[{"href":"https:\/\/www.iew.eu\/en\/wp-json\/wp\/v2\/types\/page"}],"author":[{"embeddable":true,"href":"https:\/\/www.iew.eu\/en\/wp-json\/wp\/v2\/users\/1"}],"replies":[{"embeddable":true,"href":"https:\/\/www.iew.eu\/en\/wp-json\/wp\/v2\/comments?post=7880"}],"version-history":[{"count":8,"href":"https:\/\/www.iew.eu\/en\/wp-json\/wp\/v2\/pages\/7880\/revisions"}],"predecessor-version":[{"id":9940,"href":"https:\/\/www.iew.eu\/en\/wp-json\/wp\/v2\/pages\/7880\/revisions\/9940"}],"wp:attachment":[{"href":"https:\/\/www.iew.eu\/en\/wp-json\/wp\/v2\/media?parent=7880"}],"curies":[{"name":"wp","href":"https:\/\/api.w.org\/{rel}","templated":true}]}}