{"id":7242,"date":"2023-03-08T13:09:25","date_gmt":"2023-03-08T12:09:25","guid":{"rendered":"https:\/\/www.iew.eu\/aplicaciones\/fundido\/"},"modified":"2023-07-25T13:45:54","modified_gmt":"2023-07-25T11:45:54","slug":"fundido","status":"publish","type":"page","link":"https:\/\/www.iew.eu\/es\/aplicaciones\/fundido\/","title":{"rendered":"Fundido"},"content":{"rendered":"","protected":false},"excerpt":{"rendered":"","protected":false},"author":1,"featured_media":0,"parent":7693,"menu_order":0,"comment_status":"closed","ping_status":"closed","template":"templates\/custom-page-dynamic.php","meta":{"footnotes":""},"class_list":["post-7242","page","type-page","status-publish","hentry"],"acf":[],"yoast_head":"<!-- This site is optimized with the Yoast SEO plugin v26.2 - https:\/\/yoast.com\/wordpress\/plugins\/seo\/ -->\n<title>Fusi\u00f3n | Fusi\u00f3n por inducci\u00f3n de metal y vidrio<\/title>\n<meta name=\"description\" content=\"Somos fabricantes de sistemas de calentamiento por inducci\u00f3n, generadores de inducci\u00f3n y especializados en la fusi\u00f3n inductiva de metal y vidrio.\" \/>\n<meta name=\"robots\" content=\"index, follow, max-snippet:-1, max-image-preview:large, max-video-preview:-1\" \/>\n<link rel=\"canonical\" href=\"https:\/\/www.iew.eu\/es\/aplicaciones\/fundido\/\" \/>\n<meta property=\"og:locale\" content=\"es_ES\" \/>\n<meta property=\"og:type\" content=\"article\" \/>\n<meta property=\"og:title\" content=\"Fusi\u00f3n | Fusi\u00f3n por inducci\u00f3n de metal y vidrio\" \/>\n<meta property=\"og:description\" content=\"Somos fabricantes de sistemas de calentamiento por inducci\u00f3n, generadores de inducci\u00f3n y especializados en la fusi\u00f3n inductiva de metal y vidrio.\" \/>\n<meta property=\"og:url\" content=\"https:\/\/www.iew.eu\/es\/aplicaciones\/fundido\/\" \/>\n<meta property=\"og:site_name\" content=\"iew Induktive Erw\u00e4rmungsanlagen GmbH\" \/>\n<meta property=\"article:modified_time\" content=\"2023-07-25T11:45:54+00:00\" \/>\n<meta name=\"twitter:card\" content=\"summary_large_image\" \/>\n<script type=\"application\/ld+json\" class=\"yoast-schema-graph\">{\"@context\":\"https:\/\/schema.org\",\"@graph\":[{\"@type\":\"WebPage\",\"@id\":\"https:\/\/www.iew.eu\/es\/aplicaciones\/fundido\/\",\"url\":\"https:\/\/www.iew.eu\/es\/aplicaciones\/fundido\/\",\"name\":\"Fusi\u00f3n | Fusi\u00f3n por inducci\u00f3n de metal y vidrio\",\"isPartOf\":{\"@id\":\"https:\/\/www.iew.eu\/es\/#website\"},\"datePublished\":\"2023-03-08T12:09:25+00:00\",\"dateModified\":\"2023-07-25T11:45:54+00:00\",\"description\":\"Somos fabricantes de sistemas de calentamiento por inducci\u00f3n, generadores de inducci\u00f3n y especializados en la fusi\u00f3n inductiva de metal y vidrio.\",\"breadcrumb\":{\"@id\":\"https:\/\/www.iew.eu\/es\/aplicaciones\/fundido\/#breadcrumb\"},\"inLanguage\":\"es\",\"potentialAction\":[{\"@type\":\"ReadAction\",\"target\":[\"https:\/\/www.iew.eu\/es\/aplicaciones\/fundido\/\"]}]},{\"@type\":\"BreadcrumbList\",\"@id\":\"https:\/\/www.iew.eu\/es\/aplicaciones\/fundido\/#breadcrumb\",\"itemListElement\":[{\"@type\":\"ListItem\",\"position\":1,\"name\":\"Startseite\",\"item\":\"https:\/\/www.iew.eu\/es\/\"},{\"@type\":\"ListItem\",\"position\":2,\"name\":\"Aplicaciones\",\"item\":\"https:\/\/www.iew.eu\/es\/aplicaciones\/\"},{\"@type\":\"ListItem\",\"position\":3,\"name\":\"Fundido\"}]},{\"@type\":\"WebSite\",\"@id\":\"https:\/\/www.iew.eu\/es\/#website\",\"url\":\"https:\/\/www.iew.eu\/es\/\",\"name\":\"iew Induktive Erw\u00e4rmungsanlagen GmbH\",\"description\":\"Ihr Partner f\u00fcr Komplettl\u00f6sungen rund um Induktive Erw\u00e4rmungsanlagen, Sondermaschinenbau und Vakuuml\u00f6ttechnik. F\u00fcr Deutschland, \u00d6sterreich, Schweiz &amp; europaweit.\",\"potentialAction\":[{\"@type\":\"SearchAction\",\"target\":{\"@type\":\"EntryPoint\",\"urlTemplate\":\"https:\/\/www.iew.eu\/es\/?s={search_term_string}\"},\"query-input\":{\"@type\":\"PropertyValueSpecification\",\"valueRequired\":true,\"valueName\":\"search_term_string\"}}],\"inLanguage\":\"es\"}]}<\/script>\n<!-- \/ Yoast SEO plugin. -->","yoast_head_json":{"title":"Fusi\u00f3n | Fusi\u00f3n por inducci\u00f3n de metal y vidrio","description":"Somos fabricantes de sistemas de calentamiento por inducci\u00f3n, generadores de inducci\u00f3n y especializados en la fusi\u00f3n inductiva de metal y vidrio.","robots":{"index":"index","follow":"follow","max-snippet":"max-snippet:-1","max-image-preview":"max-image-preview:large","max-video-preview":"max-video-preview:-1"},"canonical":"https:\/\/www.iew.eu\/es\/aplicaciones\/fundido\/","og_locale":"es_ES","og_type":"article","og_title":"Fusi\u00f3n | Fusi\u00f3n por inducci\u00f3n de metal y vidrio","og_description":"Somos fabricantes de sistemas de calentamiento por inducci\u00f3n, generadores de inducci\u00f3n y especializados en la fusi\u00f3n inductiva de metal y vidrio.","og_url":"https:\/\/www.iew.eu\/es\/aplicaciones\/fundido\/","og_site_name":"iew Induktive Erw\u00e4rmungsanlagen GmbH","article_modified_time":"2023-07-25T11:45:54+00:00","twitter_card":"summary_large_image","schema":{"@context":"https:\/\/schema.org","@graph":[{"@type":"WebPage","@id":"https:\/\/www.iew.eu\/es\/aplicaciones\/fundido\/","url":"https:\/\/www.iew.eu\/es\/aplicaciones\/fundido\/","name":"Fusi\u00f3n | Fusi\u00f3n por inducci\u00f3n de metal y vidrio","isPartOf":{"@id":"https:\/\/www.iew.eu\/es\/#website"},"datePublished":"2023-03-08T12:09:25+00:00","dateModified":"2023-07-25T11:45:54+00:00","description":"Somos fabricantes de sistemas de calentamiento por inducci\u00f3n, generadores de inducci\u00f3n y especializados en la fusi\u00f3n inductiva de metal y vidrio.","breadcrumb":{"@id":"https:\/\/www.iew.eu\/es\/aplicaciones\/fundido\/#breadcrumb"},"inLanguage":"es","potentialAction":[{"@type":"ReadAction","target":["https:\/\/www.iew.eu\/es\/aplicaciones\/fundido\/"]}]},{"@type":"BreadcrumbList","@id":"https:\/\/www.iew.eu\/es\/aplicaciones\/fundido\/#breadcrumb","itemListElement":[{"@type":"ListItem","position":1,"name":"Startseite","item":"https:\/\/www.iew.eu\/es\/"},{"@type":"ListItem","position":2,"name":"Aplicaciones","item":"https:\/\/www.iew.eu\/es\/aplicaciones\/"},{"@type":"ListItem","position":3,"name":"Fundido"}]},{"@type":"WebSite","@id":"https:\/\/www.iew.eu\/es\/#website","url":"https:\/\/www.iew.eu\/es\/","name":"iew Induktive Erw\u00e4rmungsanlagen GmbH","description":"Ihr Partner f\u00fcr Komplettl\u00f6sungen rund um Induktive Erw\u00e4rmungsanlagen, Sondermaschinenbau und Vakuuml\u00f6ttechnik. F\u00fcr Deutschland, \u00d6sterreich, Schweiz &amp; europaweit.","potentialAction":[{"@type":"SearchAction","target":{"@type":"EntryPoint","urlTemplate":"https:\/\/www.iew.eu\/es\/?s={search_term_string}"},"query-input":{"@type":"PropertyValueSpecification","valueRequired":true,"valueName":"search_term_string"}}],"inLanguage":"es"}]}},"_links":{"self":[{"href":"https:\/\/www.iew.eu\/es\/wp-json\/wp\/v2\/pages\/7242","targetHints":{"allow":["GET"]}}],"collection":[{"href":"https:\/\/www.iew.eu\/es\/wp-json\/wp\/v2\/pages"}],"about":[{"href":"https:\/\/www.iew.eu\/es\/wp-json\/wp\/v2\/types\/page"}],"author":[{"embeddable":true,"href":"https:\/\/www.iew.eu\/es\/wp-json\/wp\/v2\/users\/1"}],"replies":[{"embeddable":true,"href":"https:\/\/www.iew.eu\/es\/wp-json\/wp\/v2\/comments?post=7242"}],"version-history":[{"count":3,"href":"https:\/\/www.iew.eu\/es\/wp-json\/wp\/v2\/pages\/7242\/revisions"}],"predecessor-version":[{"id":8351,"href":"https:\/\/www.iew.eu\/es\/wp-json\/wp\/v2\/pages\/7242\/revisions\/8351"}],"up":[{"embeddable":true,"href":"https:\/\/www.iew.eu\/es\/wp-json\/wp\/v2\/pages\/7693"}],"wp:attachment":[{"href":"https:\/\/www.iew.eu\/es\/wp-json\/wp\/v2\/media?parent=7242"}],"curies":[{"name":"wp","href":"https:\/\/api.w.org\/{rel}","templated":true}]}}