{"id":7598,"date":"2016-09-08T11:25:09","date_gmt":"2016-09-08T09:25:09","guid":{"rendered":"https:\/\/www.iew.eu\/kontakt\/"},"modified":"2025-09-11T08:09:47","modified_gmt":"2025-09-11T06:09:47","slug":"contacto","status":"publish","type":"page","link":"https:\/\/www.iew.eu\/es\/contacto\/","title":{"rendered":"Contacto"},"content":{"rendered":"<form class=\"wpcf7-form\" action=\"\/wp-admin\/admin-ajax.php?_panelsnonce=42b71e636d#wpcf7-f4-o1\" method=\"post\" novalidate=\"novalidate\"><input name=\"_wpcf7\" type=\"hidden\" value=\"4\"><br \/>\n<input name=\"_wpcf7_version\" type=\"hidden\" value=\"4.5\"><br \/>\n<input name=\"_wpcf7_locale\" type=\"hidden\" value=\"de_DE\"><br \/>\n<input name=\"_wpcf7_unit_tag\" type=\"hidden\" value=\"wpcf7-f4-o1\"><br \/>\n<input name=\"_wpnonce\" type=\"hidden\" value=\"33872e60c6\"><label>Vor- und Nachname<\/label> <span class=\"wpcf7-form-control-wrap your-name\"><input class=\"wpcf7-form-control wpcf7-text wpcf7-validates-as-required large\" name=\"your-name\" size=\"40\" type=\"text\" value=\"\" placeholder=\"Vor- und Nachname\"><\/span><label>E-Mail<\/label> <span class=\"wpcf7-form-control-wrap your-email\"><input class=\"wpcf7-form-control wpcf7-text wpcf7-email wpcf7-validates-as-required wpcf7-validates-as-email large\" name=\"your-email\" size=\"40\" type=\"email\" value=\"\" placeholder=\"E-Mail\"><\/span><label>Nachricht<\/label> <span class=\"wpcf7-form-control-wrap your-message\"><textarea class=\"wpcf7-form-control wpcf7-textarea large\" cols=\"40\" name=\"your-message\" rows=\"10\" placeholder=\"Nachricht\"><\/textarea><\/span><\/p>\n<p>[recaptcha]<\/p>\n<p><input class=\"wpcf7-form-control wpcf7-submit yellow transition\" type=\"submit\" value=\"Nachricht senden\"><\/p>\n<\/form>\n<p>Kontaktinformationen<\/p>\n<p>Benjamin Kostrzewa und Frank Hufnagel GbR<br \/>\nBreitwiesen 29<br \/>\n75015 Bretten<\/p>\n<p>Anfahrt<\/p>\n<p>Content of the Accordion.<\/p>\n<p><img decoding=\"async\" id=\"socialpilot-extension-hover-button\" style=\"cursor: pointer; display: none;\" src=\"moz-extension:\/\/8f73ee86-f12d-431f-8447-6c30804c0278\/icons\/share_image.png\"><\/p>\n<p><img decoding=\"async\" id=\"socialpilot-extension-hover-button\" style=\"cursor: pointer; display: none;\" src=\"moz-extension:\/\/8f73ee86-f12d-431f-8447-6c30804c0278\/icons\/share_image.png\"><\/p>\n","protected":false},"excerpt":{"rendered":"<p>Vor- und Nachname E-Mail Nachricht [recaptcha] Kontaktinformationen Benjamin Kostrzewa und Frank Hufnagel GbR Breitwiesen 29 75015 Bretten Anfahrt Content of the Accordion.<\/p>\n","protected":false},"author":1,"featured_media":0,"parent":0,"menu_order":0,"comment_status":"closed","ping_status":"closed","template":"templates\/custom-page-dynamic.php","meta":{"footnotes":""},"class_list":["post-7598","page","type-page","status-publish","hentry"],"acf":[],"yoast_head":"<!-- This site is optimized with the Yoast SEO plugin v26.2 - https:\/\/yoast.com\/wordpress\/plugins\/seo\/ -->\n<title>Contacto &#8212; iew Induktive Erw\u00e4rmungsanlagen GmbH<\/title>\n<meta name=\"robots\" content=\"index, follow, max-snippet:-1, max-image-preview:large, max-video-preview:-1\" \/>\n<link rel=\"canonical\" href=\"https:\/\/www.iew.eu\/es\/contacto\/\" \/>\n<meta property=\"og:locale\" content=\"es_ES\" \/>\n<meta property=\"og:type\" content=\"article\" \/>\n<meta property=\"og:title\" content=\"Contacto &#8212; iew Induktive Erw\u00e4rmungsanlagen GmbH\" \/>\n<meta property=\"og:description\" content=\"Vor- und Nachname E-Mail Nachricht [recaptcha] Kontaktinformationen Benjamin Kostrzewa und Frank Hufnagel GbR Breitwiesen 29 75015 Bretten Anfahrt Content of the Accordion.\" \/>\n<meta property=\"og:url\" content=\"https:\/\/www.iew.eu\/es\/contacto\/\" \/>\n<meta property=\"og:site_name\" content=\"iew Induktive Erw\u00e4rmungsanlagen GmbH\" \/>\n<meta property=\"article:modified_time\" content=\"2025-09-11T06:09:47+00:00\" \/>\n<meta property=\"og:image\" content=\"\" \/>\n<meta name=\"twitter:card\" content=\"summary_large_image\" \/>\n<meta name=\"twitter:label1\" content=\"Tiempo de lectura\" \/>\n\t<meta name=\"twitter:data1\" content=\"1 minuto\" \/>\n<script type=\"application\/ld+json\" class=\"yoast-schema-graph\">{\"@context\":\"https:\/\/schema.org\",\"@graph\":[{\"@type\":\"WebPage\",\"@id\":\"https:\/\/www.iew.eu\/es\/contacto\/\",\"url\":\"https:\/\/www.iew.eu\/es\/contacto\/\",\"name\":\"Contacto &#8212; iew Induktive Erw\u00e4rmungsanlagen GmbH\",\"isPartOf\":{\"@id\":\"https:\/\/www.iew.eu\/es\/#website\"},\"primaryImageOfPage\":{\"@id\":\"https:\/\/www.iew.eu\/es\/contacto\/#primaryimage\"},\"image\":{\"@id\":\"https:\/\/www.iew.eu\/es\/contacto\/#primaryimage\"},\"thumbnailUrl\":\"moz-extension:\/\/8f73ee86-f12d-431f-8447-6c30804c0278\/icons\/share_image.png\",\"datePublished\":\"2016-09-08T09:25:09+00:00\",\"dateModified\":\"2025-09-11T06:09:47+00:00\",\"breadcrumb\":{\"@id\":\"https:\/\/www.iew.eu\/es\/contacto\/#breadcrumb\"},\"inLanguage\":\"es\",\"potentialAction\":[{\"@type\":\"ReadAction\",\"target\":[\"https:\/\/www.iew.eu\/es\/contacto\/\"]}]},{\"@type\":\"ImageObject\",\"inLanguage\":\"es\",\"@id\":\"https:\/\/www.iew.eu\/es\/contacto\/#primaryimage\",\"url\":\"moz-extension:\/\/8f73ee86-f12d-431f-8447-6c30804c0278\/icons\/share_image.png\",\"contentUrl\":\"moz-extension:\/\/8f73ee86-f12d-431f-8447-6c30804c0278\/icons\/share_image.png\"},{\"@type\":\"BreadcrumbList\",\"@id\":\"https:\/\/www.iew.eu\/es\/contacto\/#breadcrumb\",\"itemListElement\":[{\"@type\":\"ListItem\",\"position\":1,\"name\":\"Startseite\",\"item\":\"https:\/\/www.iew.eu\/es\/\"},{\"@type\":\"ListItem\",\"position\":2,\"name\":\"Contacto\"}]},{\"@type\":\"WebSite\",\"@id\":\"https:\/\/www.iew.eu\/es\/#website\",\"url\":\"https:\/\/www.iew.eu\/es\/\",\"name\":\"iew Induktive Erw\u00e4rmungsanlagen GmbH\",\"description\":\"Ihr Partner f\u00fcr Komplettl\u00f6sungen rund um Induktive Erw\u00e4rmungsanlagen, Sondermaschinenbau und Vakuuml\u00f6ttechnik. F\u00fcr Deutschland, \u00d6sterreich, Schweiz &amp; europaweit.\",\"potentialAction\":[{\"@type\":\"SearchAction\",\"target\":{\"@type\":\"EntryPoint\",\"urlTemplate\":\"https:\/\/www.iew.eu\/es\/?s={search_term_string}\"},\"query-input\":{\"@type\":\"PropertyValueSpecification\",\"valueRequired\":true,\"valueName\":\"search_term_string\"}}],\"inLanguage\":\"es\"}]}<\/script>\n<!-- \/ Yoast SEO plugin. -->","yoast_head_json":{"title":"Contacto &#8212; iew Induktive Erw\u00e4rmungsanlagen GmbH","robots":{"index":"index","follow":"follow","max-snippet":"max-snippet:-1","max-image-preview":"max-image-preview:large","max-video-preview":"max-video-preview:-1"},"canonical":"https:\/\/www.iew.eu\/es\/contacto\/","og_locale":"es_ES","og_type":"article","og_title":"Contacto &#8212; iew Induktive Erw\u00e4rmungsanlagen GmbH","og_description":"Vor- und Nachname E-Mail Nachricht [recaptcha] Kontaktinformationen Benjamin Kostrzewa und Frank Hufnagel GbR Breitwiesen 29 75015 Bretten Anfahrt Content of the Accordion.","og_url":"https:\/\/www.iew.eu\/es\/contacto\/","og_site_name":"iew Induktive Erw\u00e4rmungsanlagen GmbH","article_modified_time":"2025-09-11T06:09:47+00:00","og_image":[{"url":"moz-extension:\/\/8f73ee86-f12d-431f-8447-6c30804c0278\/icons\/share_image.png","type":"","width":"","height":""}],"twitter_card":"summary_large_image","twitter_misc":{"Tiempo de lectura":"1 minuto"},"schema":{"@context":"https:\/\/schema.org","@graph":[{"@type":"WebPage","@id":"https:\/\/www.iew.eu\/es\/contacto\/","url":"https:\/\/www.iew.eu\/es\/contacto\/","name":"Contacto &#8212; iew Induktive Erw\u00e4rmungsanlagen GmbH","isPartOf":{"@id":"https:\/\/www.iew.eu\/es\/#website"},"primaryImageOfPage":{"@id":"https:\/\/www.iew.eu\/es\/contacto\/#primaryimage"},"image":{"@id":"https:\/\/www.iew.eu\/es\/contacto\/#primaryimage"},"thumbnailUrl":"moz-extension:\/\/8f73ee86-f12d-431f-8447-6c30804c0278\/icons\/share_image.png","datePublished":"2016-09-08T09:25:09+00:00","dateModified":"2025-09-11T06:09:47+00:00","breadcrumb":{"@id":"https:\/\/www.iew.eu\/es\/contacto\/#breadcrumb"},"inLanguage":"es","potentialAction":[{"@type":"ReadAction","target":["https:\/\/www.iew.eu\/es\/contacto\/"]}]},{"@type":"ImageObject","inLanguage":"es","@id":"https:\/\/www.iew.eu\/es\/contacto\/#primaryimage","url":"moz-extension:\/\/8f73ee86-f12d-431f-8447-6c30804c0278\/icons\/share_image.png","contentUrl":"moz-extension:\/\/8f73ee86-f12d-431f-8447-6c30804c0278\/icons\/share_image.png"},{"@type":"BreadcrumbList","@id":"https:\/\/www.iew.eu\/es\/contacto\/#breadcrumb","itemListElement":[{"@type":"ListItem","position":1,"name":"Startseite","item":"https:\/\/www.iew.eu\/es\/"},{"@type":"ListItem","position":2,"name":"Contacto"}]},{"@type":"WebSite","@id":"https:\/\/www.iew.eu\/es\/#website","url":"https:\/\/www.iew.eu\/es\/","name":"iew Induktive Erw\u00e4rmungsanlagen GmbH","description":"Ihr Partner f\u00fcr Komplettl\u00f6sungen rund um Induktive Erw\u00e4rmungsanlagen, Sondermaschinenbau und Vakuuml\u00f6ttechnik. F\u00fcr Deutschland, \u00d6sterreich, Schweiz &amp; europaweit.","potentialAction":[{"@type":"SearchAction","target":{"@type":"EntryPoint","urlTemplate":"https:\/\/www.iew.eu\/es\/?s={search_term_string}"},"query-input":{"@type":"PropertyValueSpecification","valueRequired":true,"valueName":"search_term_string"}}],"inLanguage":"es"}]}},"_links":{"self":[{"href":"https:\/\/www.iew.eu\/es\/wp-json\/wp\/v2\/pages\/7598","targetHints":{"allow":["GET"]}}],"collection":[{"href":"https:\/\/www.iew.eu\/es\/wp-json\/wp\/v2\/pages"}],"about":[{"href":"https:\/\/www.iew.eu\/es\/wp-json\/wp\/v2\/types\/page"}],"author":[{"embeddable":true,"href":"https:\/\/www.iew.eu\/es\/wp-json\/wp\/v2\/users\/1"}],"replies":[{"embeddable":true,"href":"https:\/\/www.iew.eu\/es\/wp-json\/wp\/v2\/comments?post=7598"}],"version-history":[{"count":6,"href":"https:\/\/www.iew.eu\/es\/wp-json\/wp\/v2\/pages\/7598\/revisions"}],"predecessor-version":[{"id":9450,"href":"https:\/\/www.iew.eu\/es\/wp-json\/wp\/v2\/pages\/7598\/revisions\/9450"}],"wp:attachment":[{"href":"https:\/\/www.iew.eu\/es\/wp-json\/wp\/v2\/media?parent=7598"}],"curies":[{"name":"wp","href":"https:\/\/api.w.org\/{rel}","templated":true}]}}