{"id":6965,"date":"2023-02-07T14:10:07","date_gmt":"2023-02-07T13:10:07","guid":{"rendered":"https:\/\/www.iew.eu\/systeme-de-brasage-sous-vide-vvbm-200\/"},"modified":"2023-07-25T18:00:13","modified_gmt":"2023-07-25T16:00:13","slug":"systeme-de-brasage-sous-vide-vvbm-200","status":"publish","type":"page","link":"https:\/\/www.iew.eu\/fr\/nos-produits\/systeme-de-brasage-sous-vide-vvbm-200\/","title":{"rendered":"Syst\u00e8me de brasage sous vide VVBM 200"},"content":{"rendered":"","protected":false},"excerpt":{"rendered":"","protected":false},"author":10,"featured_media":0,"parent":7587,"menu_order":0,"comment_status":"closed","ping_status":"closed","template":"templates\/custom-page-dynamic.php","meta":{"footnotes":""},"class_list":["post-6965","page","type-page","status-publish","hentry"],"acf":[],"yoast_head":"<!-- This site is optimized with the Yoast SEO plugin v26.2 - https:\/\/yoast.com\/wordpress\/plugins\/seo\/ -->\n<title>Syst\u00e8me de brasage sous vide VVBM 200 &#8212; iew Induktive Erw\u00e4rmungsanlagen GmbH<\/title>\n<meta name=\"description\" content=\"Un brasage parfait avec le syst\u00e8me de brasage sous vide VVBM 200, sans compromis\u00a0! Venez d\u00e9couvrir la pr\u00e9cision de notre syst\u00e8me de brasage sous vide.\" \/>\n<meta name=\"robots\" content=\"index, follow, max-snippet:-1, max-image-preview:large, max-video-preview:-1\" \/>\n<link rel=\"canonical\" href=\"https:\/\/www.iew.eu\/fr\/nos-produits\/systeme-de-brasage-sous-vide-vvbm-200\/\" \/>\n<meta property=\"og:locale\" content=\"fr_FR\" \/>\n<meta property=\"og:type\" content=\"article\" \/>\n<meta property=\"og:title\" content=\"Syst\u00e8me de brasage sous vide VVBM 200 &#8212; iew Induktive Erw\u00e4rmungsanlagen GmbH\" \/>\n<meta property=\"og:description\" content=\"Un brasage parfait avec le syst\u00e8me de brasage sous vide VVBM 200, sans compromis\u00a0! Venez d\u00e9couvrir la pr\u00e9cision de notre syst\u00e8me de brasage sous vide.\" \/>\n<meta property=\"og:url\" content=\"https:\/\/www.iew.eu\/fr\/nos-produits\/systeme-de-brasage-sous-vide-vvbm-200\/\" \/>\n<meta property=\"og:site_name\" content=\"iew Induktive Erw\u00e4rmungsanlagen GmbH\" \/>\n<meta property=\"article:modified_time\" content=\"2023-07-25T16:00:13+00:00\" \/>\n<meta name=\"twitter:card\" content=\"summary_large_image\" \/>\n<script type=\"application\/ld+json\" class=\"yoast-schema-graph\">{\"@context\":\"https:\/\/schema.org\",\"@graph\":[{\"@type\":\"WebPage\",\"@id\":\"https:\/\/www.iew.eu\/fr\/nos-produits\/systeme-de-brasage-sous-vide-vvbm-200\/\",\"url\":\"https:\/\/www.iew.eu\/fr\/nos-produits\/systeme-de-brasage-sous-vide-vvbm-200\/\",\"name\":\"Syst\u00e8me de brasage sous vide VVBM 200 &#8212; iew Induktive Erw\u00e4rmungsanlagen GmbH\",\"isPartOf\":{\"@id\":\"https:\/\/www.iew.eu\/fr\/#website\"},\"datePublished\":\"2023-02-07T13:10:07+00:00\",\"dateModified\":\"2023-07-25T16:00:13+00:00\",\"description\":\"Un brasage parfait avec le syst\u00e8me de brasage sous vide VVBM 200, sans compromis\u00a0! Venez d\u00e9couvrir la pr\u00e9cision de notre syst\u00e8me de brasage sous vide.\",\"breadcrumb\":{\"@id\":\"https:\/\/www.iew.eu\/fr\/nos-produits\/systeme-de-brasage-sous-vide-vvbm-200\/#breadcrumb\"},\"inLanguage\":\"fr-FR\",\"potentialAction\":[{\"@type\":\"ReadAction\",\"target\":[\"https:\/\/www.iew.eu\/fr\/nos-produits\/systeme-de-brasage-sous-vide-vvbm-200\/\"]}]},{\"@type\":\"BreadcrumbList\",\"@id\":\"https:\/\/www.iew.eu\/fr\/nos-produits\/systeme-de-brasage-sous-vide-vvbm-200\/#breadcrumb\",\"itemListElement\":[{\"@type\":\"ListItem\",\"position\":1,\"name\":\"Startseite\",\"item\":\"https:\/\/www.iew.eu\/fr\/\"},{\"@type\":\"ListItem\",\"position\":2,\"name\":\"Produits\",\"item\":\"https:\/\/www.iew.eu\/fr\/nos-produits\/\"},{\"@type\":\"ListItem\",\"position\":3,\"name\":\"Syst\u00e8me de brasage sous vide VVBM 200\"}]},{\"@type\":\"WebSite\",\"@id\":\"https:\/\/www.iew.eu\/fr\/#website\",\"url\":\"https:\/\/www.iew.eu\/fr\/\",\"name\":\"iew Induktive Erw\u00e4rmungsanlagen GmbH\",\"description\":\"Ihr Partner f\u00fcr Komplettl\u00f6sungen rund um Induktive Erw\u00e4rmungsanlagen, Sondermaschinenbau und Vakuuml\u00f6ttechnik. F\u00fcr Deutschland, \u00d6sterreich, Schweiz &amp; europaweit.\",\"potentialAction\":[{\"@type\":\"SearchAction\",\"target\":{\"@type\":\"EntryPoint\",\"urlTemplate\":\"https:\/\/www.iew.eu\/fr\/?s={search_term_string}\"},\"query-input\":{\"@type\":\"PropertyValueSpecification\",\"valueRequired\":true,\"valueName\":\"search_term_string\"}}],\"inLanguage\":\"fr-FR\"}]}<\/script>\n<!-- \/ Yoast SEO plugin. -->","yoast_head_json":{"title":"Syst\u00e8me de brasage sous vide VVBM 200 &#8212; iew Induktive Erw\u00e4rmungsanlagen GmbH","description":"Un brasage parfait avec le syst\u00e8me de brasage sous vide VVBM 200, sans compromis\u00a0! Venez d\u00e9couvrir la pr\u00e9cision de notre syst\u00e8me de brasage sous vide.","robots":{"index":"index","follow":"follow","max-snippet":"max-snippet:-1","max-image-preview":"max-image-preview:large","max-video-preview":"max-video-preview:-1"},"canonical":"https:\/\/www.iew.eu\/fr\/nos-produits\/systeme-de-brasage-sous-vide-vvbm-200\/","og_locale":"fr_FR","og_type":"article","og_title":"Syst\u00e8me de brasage sous vide VVBM 200 &#8212; iew Induktive Erw\u00e4rmungsanlagen GmbH","og_description":"Un brasage parfait avec le syst\u00e8me de brasage sous vide VVBM 200, sans compromis\u00a0! Venez d\u00e9couvrir la pr\u00e9cision de notre syst\u00e8me de brasage sous vide.","og_url":"https:\/\/www.iew.eu\/fr\/nos-produits\/systeme-de-brasage-sous-vide-vvbm-200\/","og_site_name":"iew Induktive Erw\u00e4rmungsanlagen GmbH","article_modified_time":"2023-07-25T16:00:13+00:00","twitter_card":"summary_large_image","schema":{"@context":"https:\/\/schema.org","@graph":[{"@type":"WebPage","@id":"https:\/\/www.iew.eu\/fr\/nos-produits\/systeme-de-brasage-sous-vide-vvbm-200\/","url":"https:\/\/www.iew.eu\/fr\/nos-produits\/systeme-de-brasage-sous-vide-vvbm-200\/","name":"Syst\u00e8me de brasage sous vide VVBM 200 &#8212; iew Induktive Erw\u00e4rmungsanlagen GmbH","isPartOf":{"@id":"https:\/\/www.iew.eu\/fr\/#website"},"datePublished":"2023-02-07T13:10:07+00:00","dateModified":"2023-07-25T16:00:13+00:00","description":"Un brasage parfait avec le syst\u00e8me de brasage sous vide VVBM 200, sans compromis\u00a0! Venez d\u00e9couvrir la pr\u00e9cision de notre syst\u00e8me de brasage sous vide.","breadcrumb":{"@id":"https:\/\/www.iew.eu\/fr\/nos-produits\/systeme-de-brasage-sous-vide-vvbm-200\/#breadcrumb"},"inLanguage":"fr-FR","potentialAction":[{"@type":"ReadAction","target":["https:\/\/www.iew.eu\/fr\/nos-produits\/systeme-de-brasage-sous-vide-vvbm-200\/"]}]},{"@type":"BreadcrumbList","@id":"https:\/\/www.iew.eu\/fr\/nos-produits\/systeme-de-brasage-sous-vide-vvbm-200\/#breadcrumb","itemListElement":[{"@type":"ListItem","position":1,"name":"Startseite","item":"https:\/\/www.iew.eu\/fr\/"},{"@type":"ListItem","position":2,"name":"Produits","item":"https:\/\/www.iew.eu\/fr\/nos-produits\/"},{"@type":"ListItem","position":3,"name":"Syst\u00e8me de brasage sous vide VVBM 200"}]},{"@type":"WebSite","@id":"https:\/\/www.iew.eu\/fr\/#website","url":"https:\/\/www.iew.eu\/fr\/","name":"iew Induktive Erw\u00e4rmungsanlagen GmbH","description":"Ihr Partner f\u00fcr Komplettl\u00f6sungen rund um Induktive Erw\u00e4rmungsanlagen, Sondermaschinenbau und Vakuuml\u00f6ttechnik. F\u00fcr Deutschland, \u00d6sterreich, Schweiz &amp; europaweit.","potentialAction":[{"@type":"SearchAction","target":{"@type":"EntryPoint","urlTemplate":"https:\/\/www.iew.eu\/fr\/?s={search_term_string}"},"query-input":{"@type":"PropertyValueSpecification","valueRequired":true,"valueName":"search_term_string"}}],"inLanguage":"fr-FR"}]}},"_links":{"self":[{"href":"https:\/\/www.iew.eu\/fr\/wp-json\/wp\/v2\/pages\/6965","targetHints":{"allow":["GET"]}}],"collection":[{"href":"https:\/\/www.iew.eu\/fr\/wp-json\/wp\/v2\/pages"}],"about":[{"href":"https:\/\/www.iew.eu\/fr\/wp-json\/wp\/v2\/types\/page"}],"author":[{"embeddable":true,"href":"https:\/\/www.iew.eu\/fr\/wp-json\/wp\/v2\/users\/10"}],"replies":[{"embeddable":true,"href":"https:\/\/www.iew.eu\/fr\/wp-json\/wp\/v2\/comments?post=6965"}],"version-history":[{"count":4,"href":"https:\/\/www.iew.eu\/fr\/wp-json\/wp\/v2\/pages\/6965\/revisions"}],"predecessor-version":[{"id":8397,"href":"https:\/\/www.iew.eu\/fr\/wp-json\/wp\/v2\/pages\/6965\/revisions\/8397"}],"up":[{"embeddable":true,"href":"https:\/\/www.iew.eu\/fr\/wp-json\/wp\/v2\/pages\/7587"}],"wp:attachment":[{"href":"https:\/\/www.iew.eu\/fr\/wp-json\/wp\/v2\/media?parent=6965"}],"curies":[{"name":"wp","href":"https:\/\/api.w.org\/{rel}","templated":true}]}}