{"id":7333,"date":"2023-03-08T14:00:46","date_gmt":"2023-03-08T13:00:46","guid":{"rendered":"https:\/\/www.iew.eu\/applications\/"},"modified":"2024-08-21T18:32:18","modified_gmt":"2024-08-21T16:32:18","slug":"applications","status":"publish","type":"page","link":"https:\/\/www.iew.eu\/fr\/applications\/","title":{"rendered":"Applications"},"content":{"rendered":"","protected":false},"excerpt":{"rendered":"","protected":false},"author":1,"featured_media":0,"parent":0,"menu_order":0,"comment_status":"closed","ping_status":"closed","template":"templates\/custom-page-dynamic.php","meta":{"footnotes":""},"class_list":["post-7333","page","type-page","status-publish","hentry"],"acf":[],"yoast_head":"<!-- This site is optimized with the Yoast SEO plugin v26.2 - https:\/\/yoast.com\/wordpress\/plugins\/seo\/ -->\n<title>Applications Chauffages inductifs | Brasage par induction | Trempage par induction<\/title>\n<meta name=\"description\" content=\"Domaines d&amp;apos;application des chauffages des m\u00e9taux avec nos installations de chauffage inductives. Fournis \u00e0 titre indicatif. Conseils, solutions individuelles et optimales.\" \/>\n<meta name=\"robots\" content=\"index, follow, max-snippet:-1, max-image-preview:large, max-video-preview:-1\" \/>\n<link rel=\"canonical\" href=\"https:\/\/www.iew.eu\/fr\/applications\/\" \/>\n<meta property=\"og:locale\" content=\"fr_FR\" \/>\n<meta property=\"og:type\" content=\"article\" \/>\n<meta property=\"og:title\" content=\"Applications Chauffages inductifs | Brasage par induction | Trempage par induction\" \/>\n<meta property=\"og:description\" content=\"Domaines d&amp;apos;application des chauffages des m\u00e9taux avec nos installations de chauffage inductives. Fournis \u00e0 titre indicatif. Conseils, solutions individuelles et optimales.\" \/>\n<meta property=\"og:url\" content=\"https:\/\/www.iew.eu\/fr\/applications\/\" \/>\n<meta property=\"og:site_name\" content=\"iew Induktive Erw\u00e4rmungsanlagen GmbH\" \/>\n<meta property=\"article:modified_time\" content=\"2024-08-21T16:32:18+00:00\" \/>\n<meta name=\"twitter:card\" content=\"summary_large_image\" \/>\n<script type=\"application\/ld+json\" class=\"yoast-schema-graph\">{\"@context\":\"https:\/\/schema.org\",\"@graph\":[{\"@type\":\"WebPage\",\"@id\":\"https:\/\/www.iew.eu\/fr\/applications\/\",\"url\":\"https:\/\/www.iew.eu\/fr\/applications\/\",\"name\":\"Applications Chauffages inductifs | Brasage par induction | Trempage par induction\",\"isPartOf\":{\"@id\":\"https:\/\/www.iew.eu\/fr\/#website\"},\"datePublished\":\"2023-03-08T13:00:46+00:00\",\"dateModified\":\"2024-08-21T16:32:18+00:00\",\"description\":\"Domaines d&apos;application des chauffages des m\u00e9taux avec nos installations de chauffage inductives. Fournis \u00e0 titre indicatif. Conseils, solutions individuelles et optimales.\",\"breadcrumb\":{\"@id\":\"https:\/\/www.iew.eu\/fr\/applications\/#breadcrumb\"},\"inLanguage\":\"fr-FR\",\"potentialAction\":[{\"@type\":\"ReadAction\",\"target\":[\"https:\/\/www.iew.eu\/fr\/applications\/\"]}]},{\"@type\":\"BreadcrumbList\",\"@id\":\"https:\/\/www.iew.eu\/fr\/applications\/#breadcrumb\",\"itemListElement\":[{\"@type\":\"ListItem\",\"position\":1,\"name\":\"Startseite\",\"item\":\"https:\/\/www.iew.eu\/fr\/\"},{\"@type\":\"ListItem\",\"position\":2,\"name\":\"Applications\"}]},{\"@type\":\"WebSite\",\"@id\":\"https:\/\/www.iew.eu\/fr\/#website\",\"url\":\"https:\/\/www.iew.eu\/fr\/\",\"name\":\"iew Induktive Erw\u00e4rmungsanlagen GmbH\",\"description\":\"Ihr Partner f\u00fcr Komplettl\u00f6sungen rund um Induktive Erw\u00e4rmungsanlagen, Sondermaschinenbau und Vakuuml\u00f6ttechnik. F\u00fcr Deutschland, \u00d6sterreich, Schweiz &amp; europaweit.\",\"potentialAction\":[{\"@type\":\"SearchAction\",\"target\":{\"@type\":\"EntryPoint\",\"urlTemplate\":\"https:\/\/www.iew.eu\/fr\/?s={search_term_string}\"},\"query-input\":{\"@type\":\"PropertyValueSpecification\",\"valueRequired\":true,\"valueName\":\"search_term_string\"}}],\"inLanguage\":\"fr-FR\"}]}<\/script>\n<!-- \/ Yoast SEO plugin. -->","yoast_head_json":{"title":"Applications Chauffages inductifs | Brasage par induction | Trempage par induction","description":"Domaines d&apos;application des chauffages des m\u00e9taux avec nos installations de chauffage inductives. Fournis \u00e0 titre indicatif. Conseils, solutions individuelles et optimales.","robots":{"index":"index","follow":"follow","max-snippet":"max-snippet:-1","max-image-preview":"max-image-preview:large","max-video-preview":"max-video-preview:-1"},"canonical":"https:\/\/www.iew.eu\/fr\/applications\/","og_locale":"fr_FR","og_type":"article","og_title":"Applications Chauffages inductifs | Brasage par induction | Trempage par induction","og_description":"Domaines d&apos;application des chauffages des m\u00e9taux avec nos installations de chauffage inductives. Fournis \u00e0 titre indicatif. Conseils, solutions individuelles et optimales.","og_url":"https:\/\/www.iew.eu\/fr\/applications\/","og_site_name":"iew Induktive Erw\u00e4rmungsanlagen GmbH","article_modified_time":"2024-08-21T16:32:18+00:00","twitter_card":"summary_large_image","schema":{"@context":"https:\/\/schema.org","@graph":[{"@type":"WebPage","@id":"https:\/\/www.iew.eu\/fr\/applications\/","url":"https:\/\/www.iew.eu\/fr\/applications\/","name":"Applications Chauffages inductifs | Brasage par induction | Trempage par induction","isPartOf":{"@id":"https:\/\/www.iew.eu\/fr\/#website"},"datePublished":"2023-03-08T13:00:46+00:00","dateModified":"2024-08-21T16:32:18+00:00","description":"Domaines d&apos;application des chauffages des m\u00e9taux avec nos installations de chauffage inductives. Fournis \u00e0 titre indicatif. Conseils, solutions individuelles et optimales.","breadcrumb":{"@id":"https:\/\/www.iew.eu\/fr\/applications\/#breadcrumb"},"inLanguage":"fr-FR","potentialAction":[{"@type":"ReadAction","target":["https:\/\/www.iew.eu\/fr\/applications\/"]}]},{"@type":"BreadcrumbList","@id":"https:\/\/www.iew.eu\/fr\/applications\/#breadcrumb","itemListElement":[{"@type":"ListItem","position":1,"name":"Startseite","item":"https:\/\/www.iew.eu\/fr\/"},{"@type":"ListItem","position":2,"name":"Applications"}]},{"@type":"WebSite","@id":"https:\/\/www.iew.eu\/fr\/#website","url":"https:\/\/www.iew.eu\/fr\/","name":"iew Induktive Erw\u00e4rmungsanlagen GmbH","description":"Ihr Partner f\u00fcr Komplettl\u00f6sungen rund um Induktive Erw\u00e4rmungsanlagen, Sondermaschinenbau und Vakuuml\u00f6ttechnik. F\u00fcr Deutschland, \u00d6sterreich, Schweiz &amp; europaweit.","potentialAction":[{"@type":"SearchAction","target":{"@type":"EntryPoint","urlTemplate":"https:\/\/www.iew.eu\/fr\/?s={search_term_string}"},"query-input":{"@type":"PropertyValueSpecification","valueRequired":true,"valueName":"search_term_string"}}],"inLanguage":"fr-FR"}]}},"_links":{"self":[{"href":"https:\/\/www.iew.eu\/fr\/wp-json\/wp\/v2\/pages\/7333","targetHints":{"allow":["GET"]}}],"collection":[{"href":"https:\/\/www.iew.eu\/fr\/wp-json\/wp\/v2\/pages"}],"about":[{"href":"https:\/\/www.iew.eu\/fr\/wp-json\/wp\/v2\/types\/page"}],"author":[{"embeddable":true,"href":"https:\/\/www.iew.eu\/fr\/wp-json\/wp\/v2\/users\/1"}],"replies":[{"embeddable":true,"href":"https:\/\/www.iew.eu\/fr\/wp-json\/wp\/v2\/comments?post=7333"}],"version-history":[{"count":2,"href":"https:\/\/www.iew.eu\/fr\/wp-json\/wp\/v2\/pages\/7333\/revisions"}],"predecessor-version":[{"id":7966,"href":"https:\/\/www.iew.eu\/fr\/wp-json\/wp\/v2\/pages\/7333\/revisions\/7966"}],"wp:attachment":[{"href":"https:\/\/www.iew.eu\/fr\/wp-json\/wp\/v2\/media?parent=7333"}],"curies":[{"name":"wp","href":"https:\/\/api.w.org\/{rel}","templated":true}]}}