{"id":7339,"date":"2023-03-08T14:00:48","date_gmt":"2023-03-08T13:00:48","guid":{"rendered":"https:\/\/www.iew.eu\/applications\/recuit\/"},"modified":"2023-07-25T18:47:29","modified_gmt":"2023-07-25T16:47:29","slug":"recuit","status":"publish","type":"page","link":"https:\/\/www.iew.eu\/fr\/applications\/recuit\/","title":{"rendered":"Recuit"},"content":{"rendered":"","protected":false},"excerpt":{"rendered":"","protected":false},"author":1,"featured_media":0,"parent":7333,"menu_order":0,"comment_status":"closed","ping_status":"closed","template":"templates\/custom-page-dynamic.php","meta":{"footnotes":""},"class_list":["post-7339","page","type-page","status-publish","hentry"],"acf":[],"yoast_head":"<!-- This site is optimized with the Yoast SEO plugin v26.2 - https:\/\/yoast.com\/wordpress\/plugins\/seo\/ -->\n<title>Traitement thermique inductif de l&amp;apos;acier par recuit<\/title>\n<meta name=\"description\" content=\"Lors du recuit d&amp;apos;adoucissement, la duret\u00e9 et la r\u00e9sistance de l&amp;apos;acier sont r\u00e9duites pour faciliter la d\u00e9formation. Nous sommes sp\u00e9cialis\u00e9s dans le traitement thermique de l&amp;apos;acier.\" \/>\n<meta name=\"robots\" content=\"index, follow, max-snippet:-1, max-image-preview:large, max-video-preview:-1\" \/>\n<link rel=\"canonical\" href=\"https:\/\/www.iew.eu\/fr\/applications\/recuit\/\" \/>\n<meta property=\"og:locale\" content=\"fr_FR\" \/>\n<meta property=\"og:type\" content=\"article\" \/>\n<meta property=\"og:title\" content=\"Traitement thermique inductif de l&amp;apos;acier par recuit\" \/>\n<meta property=\"og:description\" content=\"Lors du recuit d&amp;apos;adoucissement, la duret\u00e9 et la r\u00e9sistance de l&amp;apos;acier sont r\u00e9duites pour faciliter la d\u00e9formation. Nous sommes sp\u00e9cialis\u00e9s dans le traitement thermique de l&amp;apos;acier.\" \/>\n<meta property=\"og:url\" content=\"https:\/\/www.iew.eu\/fr\/applications\/recuit\/\" \/>\n<meta property=\"og:site_name\" content=\"iew Induktive Erw\u00e4rmungsanlagen GmbH\" \/>\n<meta property=\"article:modified_time\" content=\"2023-07-25T16:47:29+00:00\" \/>\n<meta name=\"twitter:card\" content=\"summary_large_image\" \/>\n<script type=\"application\/ld+json\" class=\"yoast-schema-graph\">{\"@context\":\"https:\/\/schema.org\",\"@graph\":[{\"@type\":\"WebPage\",\"@id\":\"https:\/\/www.iew.eu\/fr\/applications\/recuit\/\",\"url\":\"https:\/\/www.iew.eu\/fr\/applications\/recuit\/\",\"name\":\"Traitement thermique inductif de l&apos;acier par recuit\",\"isPartOf\":{\"@id\":\"https:\/\/www.iew.eu\/fr\/#website\"},\"datePublished\":\"2023-03-08T13:00:48+00:00\",\"dateModified\":\"2023-07-25T16:47:29+00:00\",\"description\":\"Lors du recuit d&apos;adoucissement, la duret\u00e9 et la r\u00e9sistance de l&apos;acier sont r\u00e9duites pour faciliter la d\u00e9formation. Nous sommes sp\u00e9cialis\u00e9s dans le traitement thermique de l&apos;acier.\",\"breadcrumb\":{\"@id\":\"https:\/\/www.iew.eu\/fr\/applications\/recuit\/#breadcrumb\"},\"inLanguage\":\"fr-FR\",\"potentialAction\":[{\"@type\":\"ReadAction\",\"target\":[\"https:\/\/www.iew.eu\/fr\/applications\/recuit\/\"]}]},{\"@type\":\"BreadcrumbList\",\"@id\":\"https:\/\/www.iew.eu\/fr\/applications\/recuit\/#breadcrumb\",\"itemListElement\":[{\"@type\":\"ListItem\",\"position\":1,\"name\":\"Startseite\",\"item\":\"https:\/\/www.iew.eu\/fr\/\"},{\"@type\":\"ListItem\",\"position\":2,\"name\":\"Applications\",\"item\":\"https:\/\/www.iew.eu\/fr\/applications\/\"},{\"@type\":\"ListItem\",\"position\":3,\"name\":\"Recuit\"}]},{\"@type\":\"WebSite\",\"@id\":\"https:\/\/www.iew.eu\/fr\/#website\",\"url\":\"https:\/\/www.iew.eu\/fr\/\",\"name\":\"iew Induktive Erw\u00e4rmungsanlagen GmbH\",\"description\":\"Ihr Partner f\u00fcr Komplettl\u00f6sungen rund um Induktive Erw\u00e4rmungsanlagen, Sondermaschinenbau und Vakuuml\u00f6ttechnik. F\u00fcr Deutschland, \u00d6sterreich, Schweiz &amp; europaweit.\",\"potentialAction\":[{\"@type\":\"SearchAction\",\"target\":{\"@type\":\"EntryPoint\",\"urlTemplate\":\"https:\/\/www.iew.eu\/fr\/?s={search_term_string}\"},\"query-input\":{\"@type\":\"PropertyValueSpecification\",\"valueRequired\":true,\"valueName\":\"search_term_string\"}}],\"inLanguage\":\"fr-FR\"}]}<\/script>\n<!-- \/ Yoast SEO plugin. -->","yoast_head_json":{"title":"Traitement thermique inductif de l&apos;acier par recuit","description":"Lors du recuit d&apos;adoucissement, la duret\u00e9 et la r\u00e9sistance de l&apos;acier sont r\u00e9duites pour faciliter la d\u00e9formation. Nous sommes sp\u00e9cialis\u00e9s dans le traitement thermique de l&apos;acier.","robots":{"index":"index","follow":"follow","max-snippet":"max-snippet:-1","max-image-preview":"max-image-preview:large","max-video-preview":"max-video-preview:-1"},"canonical":"https:\/\/www.iew.eu\/fr\/applications\/recuit\/","og_locale":"fr_FR","og_type":"article","og_title":"Traitement thermique inductif de l&apos;acier par recuit","og_description":"Lors du recuit d&apos;adoucissement, la duret\u00e9 et la r\u00e9sistance de l&apos;acier sont r\u00e9duites pour faciliter la d\u00e9formation. Nous sommes sp\u00e9cialis\u00e9s dans le traitement thermique de l&apos;acier.","og_url":"https:\/\/www.iew.eu\/fr\/applications\/recuit\/","og_site_name":"iew Induktive Erw\u00e4rmungsanlagen GmbH","article_modified_time":"2023-07-25T16:47:29+00:00","twitter_card":"summary_large_image","schema":{"@context":"https:\/\/schema.org","@graph":[{"@type":"WebPage","@id":"https:\/\/www.iew.eu\/fr\/applications\/recuit\/","url":"https:\/\/www.iew.eu\/fr\/applications\/recuit\/","name":"Traitement thermique inductif de l&apos;acier par recuit","isPartOf":{"@id":"https:\/\/www.iew.eu\/fr\/#website"},"datePublished":"2023-03-08T13:00:48+00:00","dateModified":"2023-07-25T16:47:29+00:00","description":"Lors du recuit d&apos;adoucissement, la duret\u00e9 et la r\u00e9sistance de l&apos;acier sont r\u00e9duites pour faciliter la d\u00e9formation. Nous sommes sp\u00e9cialis\u00e9s dans le traitement thermique de l&apos;acier.","breadcrumb":{"@id":"https:\/\/www.iew.eu\/fr\/applications\/recuit\/#breadcrumb"},"inLanguage":"fr-FR","potentialAction":[{"@type":"ReadAction","target":["https:\/\/www.iew.eu\/fr\/applications\/recuit\/"]}]},{"@type":"BreadcrumbList","@id":"https:\/\/www.iew.eu\/fr\/applications\/recuit\/#breadcrumb","itemListElement":[{"@type":"ListItem","position":1,"name":"Startseite","item":"https:\/\/www.iew.eu\/fr\/"},{"@type":"ListItem","position":2,"name":"Applications","item":"https:\/\/www.iew.eu\/fr\/applications\/"},{"@type":"ListItem","position":3,"name":"Recuit"}]},{"@type":"WebSite","@id":"https:\/\/www.iew.eu\/fr\/#website","url":"https:\/\/www.iew.eu\/fr\/","name":"iew Induktive Erw\u00e4rmungsanlagen GmbH","description":"Ihr Partner f\u00fcr Komplettl\u00f6sungen rund um Induktive Erw\u00e4rmungsanlagen, Sondermaschinenbau und Vakuuml\u00f6ttechnik. F\u00fcr Deutschland, \u00d6sterreich, Schweiz &amp; europaweit.","potentialAction":[{"@type":"SearchAction","target":{"@type":"EntryPoint","urlTemplate":"https:\/\/www.iew.eu\/fr\/?s={search_term_string}"},"query-input":{"@type":"PropertyValueSpecification","valueRequired":true,"valueName":"search_term_string"}}],"inLanguage":"fr-FR"}]}},"_links":{"self":[{"href":"https:\/\/www.iew.eu\/fr\/wp-json\/wp\/v2\/pages\/7339","targetHints":{"allow":["GET"]}}],"collection":[{"href":"https:\/\/www.iew.eu\/fr\/wp-json\/wp\/v2\/pages"}],"about":[{"href":"https:\/\/www.iew.eu\/fr\/wp-json\/wp\/v2\/types\/page"}],"author":[{"embeddable":true,"href":"https:\/\/www.iew.eu\/fr\/wp-json\/wp\/v2\/users\/1"}],"replies":[{"embeddable":true,"href":"https:\/\/www.iew.eu\/fr\/wp-json\/wp\/v2\/comments?post=7339"}],"version-history":[{"count":5,"href":"https:\/\/www.iew.eu\/fr\/wp-json\/wp\/v2\/pages\/7339\/revisions"}],"predecessor-version":[{"id":8410,"href":"https:\/\/www.iew.eu\/fr\/wp-json\/wp\/v2\/pages\/7339\/revisions\/8410"}],"up":[{"embeddable":true,"href":"https:\/\/www.iew.eu\/fr\/wp-json\/wp\/v2\/pages\/7333"}],"wp:attachment":[{"href":"https:\/\/www.iew.eu\/fr\/wp-json\/wp\/v2\/media?parent=7339"}],"curies":[{"name":"wp","href":"https:\/\/api.w.org\/{rel}","templated":true}]}}