{"id":7345,"date":"2023-03-08T14:00:49","date_gmt":"2023-03-08T13:00:49","guid":{"rendered":"https:\/\/www.iew.eu\/produits\/installations-de-chauffage-par-induction\/"},"modified":"2023-07-25T18:08:01","modified_gmt":"2023-07-25T16:08:01","slug":"installations-de-chauffage-par-induction","status":"publish","type":"page","link":"https:\/\/www.iew.eu\/fr\/nos-produits\/installations-de-chauffage-par-induction\/","title":{"rendered":"Installations de chauffage par induction"},"content":{"rendered":"","protected":false},"excerpt":{"rendered":"","protected":false},"author":1,"featured_media":0,"parent":7587,"menu_order":0,"comment_status":"closed","ping_status":"closed","template":"templates\/custom-page-dynamic.php","meta":{"footnotes":""},"class_list":["post-7345","page","type-page","status-publish","hentry"],"acf":[],"yoast_head":"<!-- This site is optimized with the Yoast SEO plugin v26.2 - https:\/\/yoast.com\/wordpress\/plugins\/seo\/ -->\n<title>Installation de chauffage par induction pour l&amp;apos;industrie | Fabricant | Producteur | IEW<\/title>\n<meta name=\"description\" content=\"Installation de chauffage par induction d\u2019iew : le brasage \u00e0 la perfection ! Gr\u00e2ce nos installations de brasage, vous portez votre m\u00e9tal exactement \u00e0 la temp\u00e9rature requise\" \/>\n<meta name=\"robots\" content=\"index, follow, max-snippet:-1, max-image-preview:large, max-video-preview:-1\" \/>\n<link rel=\"canonical\" href=\"https:\/\/www.iew.eu\/fr\/nos-produits\/installations-de-chauffage-par-induction\/\" \/>\n<meta property=\"og:locale\" content=\"fr_FR\" \/>\n<meta property=\"og:type\" content=\"article\" \/>\n<meta property=\"og:title\" content=\"Installation de chauffage par induction pour l&amp;apos;industrie | Fabricant | Producteur | IEW\" \/>\n<meta property=\"og:description\" content=\"Installation de chauffage par induction d\u2019iew : le brasage \u00e0 la perfection ! Gr\u00e2ce nos installations de brasage, vous portez votre m\u00e9tal exactement \u00e0 la temp\u00e9rature requise\" \/>\n<meta property=\"og:url\" content=\"https:\/\/www.iew.eu\/fr\/nos-produits\/installations-de-chauffage-par-induction\/\" \/>\n<meta property=\"og:site_name\" content=\"iew Induktive Erw\u00e4rmungsanlagen GmbH\" \/>\n<meta property=\"article:modified_time\" content=\"2023-07-25T16:08:01+00:00\" \/>\n<meta name=\"twitter:card\" content=\"summary_large_image\" \/>\n<script type=\"application\/ld+json\" class=\"yoast-schema-graph\">{\"@context\":\"https:\/\/schema.org\",\"@graph\":[{\"@type\":\"WebPage\",\"@id\":\"https:\/\/www.iew.eu\/fr\/nos-produits\/installations-de-chauffage-par-induction\/\",\"url\":\"https:\/\/www.iew.eu\/fr\/nos-produits\/installations-de-chauffage-par-induction\/\",\"name\":\"Installation de chauffage par induction pour l&apos;industrie | Fabricant | Producteur | IEW\",\"isPartOf\":{\"@id\":\"https:\/\/www.iew.eu\/fr\/#website\"},\"datePublished\":\"2023-03-08T13:00:49+00:00\",\"dateModified\":\"2023-07-25T16:08:01+00:00\",\"description\":\"Installation de chauffage par induction d\u2019iew : le brasage \u00e0 la perfection ! Gr\u00e2ce nos installations de brasage, vous portez votre m\u00e9tal exactement \u00e0 la temp\u00e9rature requise\",\"breadcrumb\":{\"@id\":\"https:\/\/www.iew.eu\/fr\/nos-produits\/installations-de-chauffage-par-induction\/#breadcrumb\"},\"inLanguage\":\"fr-FR\",\"potentialAction\":[{\"@type\":\"ReadAction\",\"target\":[\"https:\/\/www.iew.eu\/fr\/nos-produits\/installations-de-chauffage-par-induction\/\"]}]},{\"@type\":\"BreadcrumbList\",\"@id\":\"https:\/\/www.iew.eu\/fr\/nos-produits\/installations-de-chauffage-par-induction\/#breadcrumb\",\"itemListElement\":[{\"@type\":\"ListItem\",\"position\":1,\"name\":\"Startseite\",\"item\":\"https:\/\/www.iew.eu\/fr\/\"},{\"@type\":\"ListItem\",\"position\":2,\"name\":\"Produits\",\"item\":\"https:\/\/www.iew.eu\/fr\/nos-produits\/\"},{\"@type\":\"ListItem\",\"position\":3,\"name\":\"Installations de chauffage par induction\"}]},{\"@type\":\"WebSite\",\"@id\":\"https:\/\/www.iew.eu\/fr\/#website\",\"url\":\"https:\/\/www.iew.eu\/fr\/\",\"name\":\"iew Induktive Erw\u00e4rmungsanlagen GmbH\",\"description\":\"Ihr Partner f\u00fcr Komplettl\u00f6sungen rund um Induktive Erw\u00e4rmungsanlagen, Sondermaschinenbau und Vakuuml\u00f6ttechnik. F\u00fcr Deutschland, \u00d6sterreich, Schweiz &amp; europaweit.\",\"potentialAction\":[{\"@type\":\"SearchAction\",\"target\":{\"@type\":\"EntryPoint\",\"urlTemplate\":\"https:\/\/www.iew.eu\/fr\/?s={search_term_string}\"},\"query-input\":{\"@type\":\"PropertyValueSpecification\",\"valueRequired\":true,\"valueName\":\"search_term_string\"}}],\"inLanguage\":\"fr-FR\"}]}<\/script>\n<!-- \/ Yoast SEO plugin. -->","yoast_head_json":{"title":"Installation de chauffage par induction pour l&apos;industrie | Fabricant | Producteur | IEW","description":"Installation de chauffage par induction d\u2019iew : le brasage \u00e0 la perfection ! Gr\u00e2ce nos installations de brasage, vous portez votre m\u00e9tal exactement \u00e0 la temp\u00e9rature requise","robots":{"index":"index","follow":"follow","max-snippet":"max-snippet:-1","max-image-preview":"max-image-preview:large","max-video-preview":"max-video-preview:-1"},"canonical":"https:\/\/www.iew.eu\/fr\/nos-produits\/installations-de-chauffage-par-induction\/","og_locale":"fr_FR","og_type":"article","og_title":"Installation de chauffage par induction pour l&apos;industrie | Fabricant | Producteur | IEW","og_description":"Installation de chauffage par induction d\u2019iew : le brasage \u00e0 la perfection ! Gr\u00e2ce nos installations de brasage, vous portez votre m\u00e9tal exactement \u00e0 la temp\u00e9rature requise","og_url":"https:\/\/www.iew.eu\/fr\/nos-produits\/installations-de-chauffage-par-induction\/","og_site_name":"iew Induktive Erw\u00e4rmungsanlagen GmbH","article_modified_time":"2023-07-25T16:08:01+00:00","twitter_card":"summary_large_image","schema":{"@context":"https:\/\/schema.org","@graph":[{"@type":"WebPage","@id":"https:\/\/www.iew.eu\/fr\/nos-produits\/installations-de-chauffage-par-induction\/","url":"https:\/\/www.iew.eu\/fr\/nos-produits\/installations-de-chauffage-par-induction\/","name":"Installation de chauffage par induction pour l&apos;industrie | Fabricant | Producteur | IEW","isPartOf":{"@id":"https:\/\/www.iew.eu\/fr\/#website"},"datePublished":"2023-03-08T13:00:49+00:00","dateModified":"2023-07-25T16:08:01+00:00","description":"Installation de chauffage par induction d\u2019iew : le brasage \u00e0 la perfection ! Gr\u00e2ce nos installations de brasage, vous portez votre m\u00e9tal exactement \u00e0 la temp\u00e9rature requise","breadcrumb":{"@id":"https:\/\/www.iew.eu\/fr\/nos-produits\/installations-de-chauffage-par-induction\/#breadcrumb"},"inLanguage":"fr-FR","potentialAction":[{"@type":"ReadAction","target":["https:\/\/www.iew.eu\/fr\/nos-produits\/installations-de-chauffage-par-induction\/"]}]},{"@type":"BreadcrumbList","@id":"https:\/\/www.iew.eu\/fr\/nos-produits\/installations-de-chauffage-par-induction\/#breadcrumb","itemListElement":[{"@type":"ListItem","position":1,"name":"Startseite","item":"https:\/\/www.iew.eu\/fr\/"},{"@type":"ListItem","position":2,"name":"Produits","item":"https:\/\/www.iew.eu\/fr\/nos-produits\/"},{"@type":"ListItem","position":3,"name":"Installations de chauffage par induction"}]},{"@type":"WebSite","@id":"https:\/\/www.iew.eu\/fr\/#website","url":"https:\/\/www.iew.eu\/fr\/","name":"iew Induktive Erw\u00e4rmungsanlagen GmbH","description":"Ihr Partner f\u00fcr Komplettl\u00f6sungen rund um Induktive Erw\u00e4rmungsanlagen, Sondermaschinenbau und Vakuuml\u00f6ttechnik. F\u00fcr Deutschland, \u00d6sterreich, Schweiz &amp; europaweit.","potentialAction":[{"@type":"SearchAction","target":{"@type":"EntryPoint","urlTemplate":"https:\/\/www.iew.eu\/fr\/?s={search_term_string}"},"query-input":{"@type":"PropertyValueSpecification","valueRequired":true,"valueName":"search_term_string"}}],"inLanguage":"fr-FR"}]}},"_links":{"self":[{"href":"https:\/\/www.iew.eu\/fr\/wp-json\/wp\/v2\/pages\/7345","targetHints":{"allow":["GET"]}}],"collection":[{"href":"https:\/\/www.iew.eu\/fr\/wp-json\/wp\/v2\/pages"}],"about":[{"href":"https:\/\/www.iew.eu\/fr\/wp-json\/wp\/v2\/types\/page"}],"author":[{"embeddable":true,"href":"https:\/\/www.iew.eu\/fr\/wp-json\/wp\/v2\/users\/1"}],"replies":[{"embeddable":true,"href":"https:\/\/www.iew.eu\/fr\/wp-json\/wp\/v2\/comments?post=7345"}],"version-history":[{"count":3,"href":"https:\/\/www.iew.eu\/fr\/wp-json\/wp\/v2\/pages\/7345\/revisions"}],"predecessor-version":[{"id":8400,"href":"https:\/\/www.iew.eu\/fr\/wp-json\/wp\/v2\/pages\/7345\/revisions\/8400"}],"up":[{"embeddable":true,"href":"https:\/\/www.iew.eu\/fr\/wp-json\/wp\/v2\/pages\/7587"}],"wp:attachment":[{"href":"https:\/\/www.iew.eu\/fr\/wp-json\/wp\/v2\/media?parent=7345"}],"curies":[{"name":"wp","href":"https:\/\/api.w.org\/{rel}","templated":true}]}}