{"id":6963,"date":"2023-02-07T14:10:06","date_gmt":"2023-02-07T13:10:06","guid":{"rendered":"https:\/\/www.iew.eu\/sustav-za-vakuumsko-lemljenje-vvbm-200\/"},"modified":"2023-08-09T20:15:12","modified_gmt":"2023-08-09T18:15:12","slug":"sustav-za-vakuumsko-lemljenje-vvbm-200","status":"publish","type":"page","link":"https:\/\/www.iew.eu\/hr\/nasi-proizvodi\/sustav-za-vakuumsko-lemljenje-vvbm-200\/","title":{"rendered":"Sustav za vakuumsko lemljenje VVBM 200"},"content":{"rendered":"","protected":false},"excerpt":{"rendered":"","protected":false},"author":10,"featured_media":0,"parent":7583,"menu_order":0,"comment_status":"closed","ping_status":"closed","template":"templates\/custom-page-dynamic.php","meta":{"footnotes":""},"class_list":["post-6963","page","type-page","status-publish","hentry"],"acf":[],"yoast_head":"<!-- This site is optimized with the Yoast SEO plugin v26.2 - https:\/\/yoast.com\/wordpress\/plugins\/seo\/ -->\n<title>Sustav za vakuumsko lemljenje VVBM 200 &#8212; iew Induktive Erw\u00e4rmungsanlagen GmbH<\/title>\n<meta name=\"description\" content=\"Besprijekorno lemljenje sustavom za vakuumsko lemljenje VVBM 200 \u2013 bez ikakvih nedoumica! Uvjerite se u na\u0161 precizni sustav vakuumskog lemljenja.\" \/>\n<meta name=\"robots\" content=\"index, follow, max-snippet:-1, max-image-preview:large, max-video-preview:-1\" \/>\n<link rel=\"canonical\" href=\"https:\/\/www.iew.eu\/hr\/nasi-proizvodi\/sustav-za-vakuumsko-lemljenje-vvbm-200\/\" \/>\n<meta property=\"og:locale\" content=\"hr_HR\" \/>\n<meta property=\"og:type\" content=\"article\" \/>\n<meta property=\"og:title\" content=\"Sustav za vakuumsko lemljenje VVBM 200 &#8212; iew Induktive Erw\u00e4rmungsanlagen GmbH\" \/>\n<meta property=\"og:description\" content=\"Besprijekorno lemljenje sustavom za vakuumsko lemljenje VVBM 200 \u2013 bez ikakvih nedoumica! Uvjerite se u na\u0161 precizni sustav vakuumskog lemljenja.\" \/>\n<meta property=\"og:url\" content=\"https:\/\/www.iew.eu\/hr\/nasi-proizvodi\/sustav-za-vakuumsko-lemljenje-vvbm-200\/\" \/>\n<meta property=\"og:site_name\" content=\"iew Induktive Erw\u00e4rmungsanlagen GmbH\" \/>\n<meta property=\"article:modified_time\" content=\"2023-08-09T18:15:12+00:00\" \/>\n<meta name=\"twitter:card\" content=\"summary_large_image\" \/>\n<script type=\"application\/ld+json\" class=\"yoast-schema-graph\">{\"@context\":\"https:\/\/schema.org\",\"@graph\":[{\"@type\":\"WebPage\",\"@id\":\"https:\/\/www.iew.eu\/hr\/nasi-proizvodi\/sustav-za-vakuumsko-lemljenje-vvbm-200\/\",\"url\":\"https:\/\/www.iew.eu\/hr\/nasi-proizvodi\/sustav-za-vakuumsko-lemljenje-vvbm-200\/\",\"name\":\"Sustav za vakuumsko lemljenje VVBM 200 &#8212; iew Induktive Erw\u00e4rmungsanlagen GmbH\",\"isPartOf\":{\"@id\":\"https:\/\/www.iew.eu\/hr\/#website\"},\"datePublished\":\"2023-02-07T13:10:06+00:00\",\"dateModified\":\"2023-08-09T18:15:12+00:00\",\"description\":\"Besprijekorno lemljenje sustavom za vakuumsko lemljenje VVBM 200 \u2013 bez ikakvih nedoumica! Uvjerite se u na\u0161 precizni sustav vakuumskog lemljenja.\",\"breadcrumb\":{\"@id\":\"https:\/\/www.iew.eu\/hr\/nasi-proizvodi\/sustav-za-vakuumsko-lemljenje-vvbm-200\/#breadcrumb\"},\"inLanguage\":\"hr\",\"potentialAction\":[{\"@type\":\"ReadAction\",\"target\":[\"https:\/\/www.iew.eu\/hr\/nasi-proizvodi\/sustav-za-vakuumsko-lemljenje-vvbm-200\/\"]}]},{\"@type\":\"BreadcrumbList\",\"@id\":\"https:\/\/www.iew.eu\/hr\/nasi-proizvodi\/sustav-za-vakuumsko-lemljenje-vvbm-200\/#breadcrumb\",\"itemListElement\":[{\"@type\":\"ListItem\",\"position\":1,\"name\":\"Startseite\",\"item\":\"https:\/\/www.iew.eu\/hr\/\"},{\"@type\":\"ListItem\",\"position\":2,\"name\":\"Proizvodi\",\"item\":\"https:\/\/www.iew.eu\/hr\/nasi-proizvodi\/\"},{\"@type\":\"ListItem\",\"position\":3,\"name\":\"Sustav za vakuumsko lemljenje VVBM 200\"}]},{\"@type\":\"WebSite\",\"@id\":\"https:\/\/www.iew.eu\/hr\/#website\",\"url\":\"https:\/\/www.iew.eu\/hr\/\",\"name\":\"iew Induktive Erw\u00e4rmungsanlagen GmbH\",\"description\":\"Ihr Partner f\u00fcr Komplettl\u00f6sungen rund um Induktive Erw\u00e4rmungsanlagen, Sondermaschinenbau und Vakuuml\u00f6ttechnik. F\u00fcr Deutschland, \u00d6sterreich, Schweiz &amp; europaweit.\",\"potentialAction\":[{\"@type\":\"SearchAction\",\"target\":{\"@type\":\"EntryPoint\",\"urlTemplate\":\"https:\/\/www.iew.eu\/hr\/?s={search_term_string}\"},\"query-input\":{\"@type\":\"PropertyValueSpecification\",\"valueRequired\":true,\"valueName\":\"search_term_string\"}}],\"inLanguage\":\"hr\"}]}<\/script>\n<!-- \/ Yoast SEO plugin. -->","yoast_head_json":{"title":"Sustav za vakuumsko lemljenje VVBM 200 &#8212; iew Induktive Erw\u00e4rmungsanlagen GmbH","description":"Besprijekorno lemljenje sustavom za vakuumsko lemljenje VVBM 200 \u2013 bez ikakvih nedoumica! Uvjerite se u na\u0161 precizni sustav vakuumskog lemljenja.","robots":{"index":"index","follow":"follow","max-snippet":"max-snippet:-1","max-image-preview":"max-image-preview:large","max-video-preview":"max-video-preview:-1"},"canonical":"https:\/\/www.iew.eu\/hr\/nasi-proizvodi\/sustav-za-vakuumsko-lemljenje-vvbm-200\/","og_locale":"hr_HR","og_type":"article","og_title":"Sustav za vakuumsko lemljenje VVBM 200 &#8212; iew Induktive Erw\u00e4rmungsanlagen GmbH","og_description":"Besprijekorno lemljenje sustavom za vakuumsko lemljenje VVBM 200 \u2013 bez ikakvih nedoumica! Uvjerite se u na\u0161 precizni sustav vakuumskog lemljenja.","og_url":"https:\/\/www.iew.eu\/hr\/nasi-proizvodi\/sustav-za-vakuumsko-lemljenje-vvbm-200\/","og_site_name":"iew Induktive Erw\u00e4rmungsanlagen GmbH","article_modified_time":"2023-08-09T18:15:12+00:00","twitter_card":"summary_large_image","schema":{"@context":"https:\/\/schema.org","@graph":[{"@type":"WebPage","@id":"https:\/\/www.iew.eu\/hr\/nasi-proizvodi\/sustav-za-vakuumsko-lemljenje-vvbm-200\/","url":"https:\/\/www.iew.eu\/hr\/nasi-proizvodi\/sustav-za-vakuumsko-lemljenje-vvbm-200\/","name":"Sustav za vakuumsko lemljenje VVBM 200 &#8212; iew Induktive Erw\u00e4rmungsanlagen GmbH","isPartOf":{"@id":"https:\/\/www.iew.eu\/hr\/#website"},"datePublished":"2023-02-07T13:10:06+00:00","dateModified":"2023-08-09T18:15:12+00:00","description":"Besprijekorno lemljenje sustavom za vakuumsko lemljenje VVBM 200 \u2013 bez ikakvih nedoumica! Uvjerite se u na\u0161 precizni sustav vakuumskog lemljenja.","breadcrumb":{"@id":"https:\/\/www.iew.eu\/hr\/nasi-proizvodi\/sustav-za-vakuumsko-lemljenje-vvbm-200\/#breadcrumb"},"inLanguage":"hr","potentialAction":[{"@type":"ReadAction","target":["https:\/\/www.iew.eu\/hr\/nasi-proizvodi\/sustav-za-vakuumsko-lemljenje-vvbm-200\/"]}]},{"@type":"BreadcrumbList","@id":"https:\/\/www.iew.eu\/hr\/nasi-proizvodi\/sustav-za-vakuumsko-lemljenje-vvbm-200\/#breadcrumb","itemListElement":[{"@type":"ListItem","position":1,"name":"Startseite","item":"https:\/\/www.iew.eu\/hr\/"},{"@type":"ListItem","position":2,"name":"Proizvodi","item":"https:\/\/www.iew.eu\/hr\/nasi-proizvodi\/"},{"@type":"ListItem","position":3,"name":"Sustav za vakuumsko lemljenje VVBM 200"}]},{"@type":"WebSite","@id":"https:\/\/www.iew.eu\/hr\/#website","url":"https:\/\/www.iew.eu\/hr\/","name":"iew Induktive Erw\u00e4rmungsanlagen GmbH","description":"Ihr Partner f\u00fcr Komplettl\u00f6sungen rund um Induktive Erw\u00e4rmungsanlagen, Sondermaschinenbau und Vakuuml\u00f6ttechnik. F\u00fcr Deutschland, \u00d6sterreich, Schweiz &amp; europaweit.","potentialAction":[{"@type":"SearchAction","target":{"@type":"EntryPoint","urlTemplate":"https:\/\/www.iew.eu\/hr\/?s={search_term_string}"},"query-input":{"@type":"PropertyValueSpecification","valueRequired":true,"valueName":"search_term_string"}}],"inLanguage":"hr"}]}},"_links":{"self":[{"href":"https:\/\/www.iew.eu\/hr\/wp-json\/wp\/v2\/pages\/6963","targetHints":{"allow":["GET"]}}],"collection":[{"href":"https:\/\/www.iew.eu\/hr\/wp-json\/wp\/v2\/pages"}],"about":[{"href":"https:\/\/www.iew.eu\/hr\/wp-json\/wp\/v2\/types\/page"}],"author":[{"embeddable":true,"href":"https:\/\/www.iew.eu\/hr\/wp-json\/wp\/v2\/users\/10"}],"replies":[{"embeddable":true,"href":"https:\/\/www.iew.eu\/hr\/wp-json\/wp\/v2\/comments?post=6963"}],"version-history":[{"count":4,"href":"https:\/\/www.iew.eu\/hr\/wp-json\/wp\/v2\/pages\/6963\/revisions"}],"predecessor-version":[{"id":8838,"href":"https:\/\/www.iew.eu\/hr\/wp-json\/wp\/v2\/pages\/6963\/revisions\/8838"}],"up":[{"embeddable":true,"href":"https:\/\/www.iew.eu\/hr\/wp-json\/wp\/v2\/pages\/7583"}],"wp:attachment":[{"href":"https:\/\/www.iew.eu\/hr\/wp-json\/wp\/v2\/media?parent=6963"}],"curies":[{"name":"wp","href":"https:\/\/api.w.org\/{rel}","templated":true}]}}