{"id":7256,"date":"2017-03-06T13:56:41","date_gmt":"2017-03-06T12:56:41","guid":{"rendered":"https:\/\/www.iew.eu\/primjene\/skupljanje\/"},"modified":"2023-08-09T15:55:57","modified_gmt":"2023-08-09T13:55:57","slug":"skupljanje","status":"publish","type":"page","link":"https:\/\/www.iew.eu\/hr\/primjene\/skupljanje\/","title":{"rendered":"Skupljanje"},"content":{"rendered":"","protected":false},"excerpt":{"rendered":"","protected":false},"author":1,"featured_media":0,"parent":7249,"menu_order":0,"comment_status":"closed","ping_status":"closed","template":"templates\/custom-page-dynamic.php","meta":{"footnotes":""},"class_list":["post-7256","page","type-page","status-publish","hentry"],"acf":[],"yoast_head":"<!-- This site is optimized with the Yoast SEO plugin v26.2 - https:\/\/yoast.com\/wordpress\/plugins\/seo\/ -->\n<title>Aufschrumpfen von Metallen<\/title>\n<meta name=\"description\" content=\"Ihr Partner f\u00fcr das Aufschrumpfen von Werksst\u00fccken. Das Schrumpfen ist ein Verfahren, dem das Prinzip der W\u00e4rmeausdehnung von Metallen zugrunde liegt.\" \/>\n<meta name=\"robots\" content=\"index, follow, max-snippet:-1, max-image-preview:large, max-video-preview:-1\" \/>\n<link rel=\"canonical\" href=\"https:\/\/www.iew.eu\/hr\/primjene\/skupljanje\/\" \/>\n<meta property=\"og:locale\" content=\"hr_HR\" \/>\n<meta property=\"og:type\" content=\"article\" \/>\n<meta property=\"og:title\" content=\"Aufschrumpfen von Metallen\" \/>\n<meta property=\"og:description\" content=\"Ihr Partner f\u00fcr das Aufschrumpfen von Werksst\u00fccken. Das Schrumpfen ist ein Verfahren, dem das Prinzip der W\u00e4rmeausdehnung von Metallen zugrunde liegt.\" \/>\n<meta property=\"og:url\" content=\"https:\/\/www.iew.eu\/hr\/primjene\/skupljanje\/\" \/>\n<meta property=\"og:site_name\" content=\"iew Induktive Erw\u00e4rmungsanlagen GmbH\" \/>\n<meta property=\"article:modified_time\" content=\"2023-08-09T13:55:57+00:00\" \/>\n<meta name=\"twitter:card\" content=\"summary_large_image\" \/>\n<script type=\"application\/ld+json\" class=\"yoast-schema-graph\">{\"@context\":\"https:\/\/schema.org\",\"@graph\":[{\"@type\":\"WebPage\",\"@id\":\"https:\/\/www.iew.eu\/hr\/primjene\/skupljanje\/\",\"url\":\"https:\/\/www.iew.eu\/hr\/primjene\/skupljanje\/\",\"name\":\"Aufschrumpfen von Metallen\",\"isPartOf\":{\"@id\":\"https:\/\/www.iew.eu\/hr\/#website\"},\"datePublished\":\"2017-03-06T12:56:41+00:00\",\"dateModified\":\"2023-08-09T13:55:57+00:00\",\"description\":\"Ihr Partner f\u00fcr das Aufschrumpfen von Werksst\u00fccken. Das Schrumpfen ist ein Verfahren, dem das Prinzip der W\u00e4rmeausdehnung von Metallen zugrunde liegt.\",\"breadcrumb\":{\"@id\":\"https:\/\/www.iew.eu\/hr\/primjene\/skupljanje\/#breadcrumb\"},\"inLanguage\":\"hr\",\"potentialAction\":[{\"@type\":\"ReadAction\",\"target\":[\"https:\/\/www.iew.eu\/hr\/primjene\/skupljanje\/\"]}]},{\"@type\":\"BreadcrumbList\",\"@id\":\"https:\/\/www.iew.eu\/hr\/primjene\/skupljanje\/#breadcrumb\",\"itemListElement\":[{\"@type\":\"ListItem\",\"position\":1,\"name\":\"Startseite\",\"item\":\"https:\/\/www.iew.eu\/hr\/\"},{\"@type\":\"ListItem\",\"position\":2,\"name\":\"Primjene\",\"item\":\"https:\/\/www.iew.eu\/hr\/primjene\/\"},{\"@type\":\"ListItem\",\"position\":3,\"name\":\"Skupljanje\"}]},{\"@type\":\"WebSite\",\"@id\":\"https:\/\/www.iew.eu\/hr\/#website\",\"url\":\"https:\/\/www.iew.eu\/hr\/\",\"name\":\"iew Induktive Erw\u00e4rmungsanlagen GmbH\",\"description\":\"Ihr Partner f\u00fcr Komplettl\u00f6sungen rund um Induktive Erw\u00e4rmungsanlagen, Sondermaschinenbau und Vakuuml\u00f6ttechnik. F\u00fcr Deutschland, \u00d6sterreich, Schweiz &amp; europaweit.\",\"potentialAction\":[{\"@type\":\"SearchAction\",\"target\":{\"@type\":\"EntryPoint\",\"urlTemplate\":\"https:\/\/www.iew.eu\/hr\/?s={search_term_string}\"},\"query-input\":{\"@type\":\"PropertyValueSpecification\",\"valueRequired\":true,\"valueName\":\"search_term_string\"}}],\"inLanguage\":\"hr\"}]}<\/script>\n<!-- \/ Yoast SEO plugin. -->","yoast_head_json":{"title":"Aufschrumpfen von Metallen","description":"Ihr Partner f\u00fcr das Aufschrumpfen von Werksst\u00fccken. Das Schrumpfen ist ein Verfahren, dem das Prinzip der W\u00e4rmeausdehnung von Metallen zugrunde liegt.","robots":{"index":"index","follow":"follow","max-snippet":"max-snippet:-1","max-image-preview":"max-image-preview:large","max-video-preview":"max-video-preview:-1"},"canonical":"https:\/\/www.iew.eu\/hr\/primjene\/skupljanje\/","og_locale":"hr_HR","og_type":"article","og_title":"Aufschrumpfen von Metallen","og_description":"Ihr Partner f\u00fcr das Aufschrumpfen von Werksst\u00fccken. Das Schrumpfen ist ein Verfahren, dem das Prinzip der W\u00e4rmeausdehnung von Metallen zugrunde liegt.","og_url":"https:\/\/www.iew.eu\/hr\/primjene\/skupljanje\/","og_site_name":"iew Induktive Erw\u00e4rmungsanlagen GmbH","article_modified_time":"2023-08-09T13:55:57+00:00","twitter_card":"summary_large_image","schema":{"@context":"https:\/\/schema.org","@graph":[{"@type":"WebPage","@id":"https:\/\/www.iew.eu\/hr\/primjene\/skupljanje\/","url":"https:\/\/www.iew.eu\/hr\/primjene\/skupljanje\/","name":"Aufschrumpfen von Metallen","isPartOf":{"@id":"https:\/\/www.iew.eu\/hr\/#website"},"datePublished":"2017-03-06T12:56:41+00:00","dateModified":"2023-08-09T13:55:57+00:00","description":"Ihr Partner f\u00fcr das Aufschrumpfen von Werksst\u00fccken. Das Schrumpfen ist ein Verfahren, dem das Prinzip der W\u00e4rmeausdehnung von Metallen zugrunde liegt.","breadcrumb":{"@id":"https:\/\/www.iew.eu\/hr\/primjene\/skupljanje\/#breadcrumb"},"inLanguage":"hr","potentialAction":[{"@type":"ReadAction","target":["https:\/\/www.iew.eu\/hr\/primjene\/skupljanje\/"]}]},{"@type":"BreadcrumbList","@id":"https:\/\/www.iew.eu\/hr\/primjene\/skupljanje\/#breadcrumb","itemListElement":[{"@type":"ListItem","position":1,"name":"Startseite","item":"https:\/\/www.iew.eu\/hr\/"},{"@type":"ListItem","position":2,"name":"Primjene","item":"https:\/\/www.iew.eu\/hr\/primjene\/"},{"@type":"ListItem","position":3,"name":"Skupljanje"}]},{"@type":"WebSite","@id":"https:\/\/www.iew.eu\/hr\/#website","url":"https:\/\/www.iew.eu\/hr\/","name":"iew Induktive Erw\u00e4rmungsanlagen GmbH","description":"Ihr Partner f\u00fcr Komplettl\u00f6sungen rund um Induktive Erw\u00e4rmungsanlagen, Sondermaschinenbau und Vakuuml\u00f6ttechnik. F\u00fcr Deutschland, \u00d6sterreich, Schweiz &amp; europaweit.","potentialAction":[{"@type":"SearchAction","target":{"@type":"EntryPoint","urlTemplate":"https:\/\/www.iew.eu\/hr\/?s={search_term_string}"},"query-input":{"@type":"PropertyValueSpecification","valueRequired":true,"valueName":"search_term_string"}}],"inLanguage":"hr"}]}},"_links":{"self":[{"href":"https:\/\/www.iew.eu\/hr\/wp-json\/wp\/v2\/pages\/7256","targetHints":{"allow":["GET"]}}],"collection":[{"href":"https:\/\/www.iew.eu\/hr\/wp-json\/wp\/v2\/pages"}],"about":[{"href":"https:\/\/www.iew.eu\/hr\/wp-json\/wp\/v2\/types\/page"}],"author":[{"embeddable":true,"href":"https:\/\/www.iew.eu\/hr\/wp-json\/wp\/v2\/users\/1"}],"replies":[{"embeddable":true,"href":"https:\/\/www.iew.eu\/hr\/wp-json\/wp\/v2\/comments?post=7256"}],"version-history":[{"count":5,"href":"https:\/\/www.iew.eu\/hr\/wp-json\/wp\/v2\/pages\/7256\/revisions"}],"predecessor-version":[{"id":8818,"href":"https:\/\/www.iew.eu\/hr\/wp-json\/wp\/v2\/pages\/7256\/revisions\/8818"}],"up":[{"embeddable":true,"href":"https:\/\/www.iew.eu\/hr\/wp-json\/wp\/v2\/pages\/7249"}],"wp:attachment":[{"href":"https:\/\/www.iew.eu\/hr\/wp-json\/wp\/v2\/media?parent=7256"}],"curies":[{"name":"wp","href":"https:\/\/api.w.org\/{rel}","templated":true}]}}