{"id":7263,"date":"2017-03-07T11:28:09","date_gmt":"2017-03-07T10:28:09","guid":{"rendered":"https:\/\/www.iew.eu\/proizvodi\/sustavi-indukcijskog-grijanja\/mobilni-sustavi\/"},"modified":"2023-07-05T15:48:22","modified_gmt":"2023-07-05T13:48:22","slug":"mobilni-sustavi","status":"publish","type":"page","link":"https:\/\/www.iew.eu\/hr\/nasi-proizvodi\/sustavi-indukcijskog-grijanja\/mobilni-sustavi\/","title":{"rendered":"Mobilni sustavi"},"content":{"rendered":"","protected":false},"excerpt":{"rendered":"","protected":false},"author":1,"featured_media":0,"parent":7261,"menu_order":0,"comment_status":"closed","ping_status":"closed","template":"templates\/custom-page-dynamic.php","meta":{"footnotes":""},"class_list":["post-7263","page","type-page","status-publish","hentry"],"acf":[],"yoast_head":"<!-- This site is optimized with the Yoast SEO plugin v26.2 - https:\/\/yoast.com\/wordpress\/plugins\/seo\/ -->\n<title>Mobilni sustavi &#8212; iew Induktive Erw\u00e4rmungsanlagen GmbH<\/title>\n<meta name=\"robots\" content=\"index, follow, max-snippet:-1, max-image-preview:large, max-video-preview:-1\" \/>\n<link rel=\"canonical\" href=\"https:\/\/www.iew.eu\/hr\/nasi-proizvodi\/sustavi-indukcijskog-grijanja\/mobilni-sustavi\/\" \/>\n<meta property=\"og:locale\" content=\"hr_HR\" \/>\n<meta property=\"og:type\" content=\"article\" \/>\n<meta property=\"og:title\" content=\"Mobilni sustavi &#8212; iew Induktive Erw\u00e4rmungsanlagen GmbH\" \/>\n<meta property=\"og:url\" content=\"https:\/\/www.iew.eu\/hr\/nasi-proizvodi\/sustavi-indukcijskog-grijanja\/mobilni-sustavi\/\" \/>\n<meta property=\"og:site_name\" content=\"iew Induktive Erw\u00e4rmungsanlagen GmbH\" \/>\n<meta property=\"article:modified_time\" content=\"2023-07-05T13:48:22+00:00\" \/>\n<meta name=\"twitter:card\" content=\"summary_large_image\" \/>\n<script type=\"application\/ld+json\" class=\"yoast-schema-graph\">{\"@context\":\"https:\/\/schema.org\",\"@graph\":[{\"@type\":\"WebPage\",\"@id\":\"https:\/\/www.iew.eu\/hr\/nasi-proizvodi\/sustavi-indukcijskog-grijanja\/mobilni-sustavi\/\",\"url\":\"https:\/\/www.iew.eu\/hr\/nasi-proizvodi\/sustavi-indukcijskog-grijanja\/mobilni-sustavi\/\",\"name\":\"Mobilni sustavi &#8212; iew Induktive Erw\u00e4rmungsanlagen GmbH\",\"isPartOf\":{\"@id\":\"https:\/\/www.iew.eu\/hr\/#website\"},\"datePublished\":\"2017-03-07T10:28:09+00:00\",\"dateModified\":\"2023-07-05T13:48:22+00:00\",\"breadcrumb\":{\"@id\":\"https:\/\/www.iew.eu\/hr\/nasi-proizvodi\/sustavi-indukcijskog-grijanja\/mobilni-sustavi\/#breadcrumb\"},\"inLanguage\":\"hr\",\"potentialAction\":[{\"@type\":\"ReadAction\",\"target\":[\"https:\/\/www.iew.eu\/hr\/nasi-proizvodi\/sustavi-indukcijskog-grijanja\/mobilni-sustavi\/\"]}]},{\"@type\":\"BreadcrumbList\",\"@id\":\"https:\/\/www.iew.eu\/hr\/nasi-proizvodi\/sustavi-indukcijskog-grijanja\/mobilni-sustavi\/#breadcrumb\",\"itemListElement\":[{\"@type\":\"ListItem\",\"position\":1,\"name\":\"Startseite\",\"item\":\"https:\/\/www.iew.eu\/hr\/\"},{\"@type\":\"ListItem\",\"position\":2,\"name\":\"Proizvodi\",\"item\":\"https:\/\/www.iew.eu\/hr\/nasi-proizvodi\/\"},{\"@type\":\"ListItem\",\"position\":3,\"name\":\"Sustavi indukcijskog grijanja\",\"item\":\"https:\/\/www.iew.eu\/hr\/nasi-proizvodi\/sustavi-indukcijskog-grijanja\/\"},{\"@type\":\"ListItem\",\"position\":4,\"name\":\"Mobilni sustavi\"}]},{\"@type\":\"WebSite\",\"@id\":\"https:\/\/www.iew.eu\/hr\/#website\",\"url\":\"https:\/\/www.iew.eu\/hr\/\",\"name\":\"iew Induktive Erw\u00e4rmungsanlagen GmbH\",\"description\":\"Ihr Partner f\u00fcr Komplettl\u00f6sungen rund um Induktive Erw\u00e4rmungsanlagen, Sondermaschinenbau und Vakuuml\u00f6ttechnik. F\u00fcr Deutschland, \u00d6sterreich, Schweiz &amp; europaweit.\",\"potentialAction\":[{\"@type\":\"SearchAction\",\"target\":{\"@type\":\"EntryPoint\",\"urlTemplate\":\"https:\/\/www.iew.eu\/hr\/?s={search_term_string}\"},\"query-input\":{\"@type\":\"PropertyValueSpecification\",\"valueRequired\":true,\"valueName\":\"search_term_string\"}}],\"inLanguage\":\"hr\"}]}<\/script>\n<!-- \/ Yoast SEO plugin. -->","yoast_head_json":{"title":"Mobilni sustavi &#8212; iew Induktive Erw\u00e4rmungsanlagen GmbH","robots":{"index":"index","follow":"follow","max-snippet":"max-snippet:-1","max-image-preview":"max-image-preview:large","max-video-preview":"max-video-preview:-1"},"canonical":"https:\/\/www.iew.eu\/hr\/nasi-proizvodi\/sustavi-indukcijskog-grijanja\/mobilni-sustavi\/","og_locale":"hr_HR","og_type":"article","og_title":"Mobilni sustavi &#8212; iew Induktive Erw\u00e4rmungsanlagen GmbH","og_url":"https:\/\/www.iew.eu\/hr\/nasi-proizvodi\/sustavi-indukcijskog-grijanja\/mobilni-sustavi\/","og_site_name":"iew Induktive Erw\u00e4rmungsanlagen GmbH","article_modified_time":"2023-07-05T13:48:22+00:00","twitter_card":"summary_large_image","schema":{"@context":"https:\/\/schema.org","@graph":[{"@type":"WebPage","@id":"https:\/\/www.iew.eu\/hr\/nasi-proizvodi\/sustavi-indukcijskog-grijanja\/mobilni-sustavi\/","url":"https:\/\/www.iew.eu\/hr\/nasi-proizvodi\/sustavi-indukcijskog-grijanja\/mobilni-sustavi\/","name":"Mobilni sustavi &#8212; iew Induktive Erw\u00e4rmungsanlagen GmbH","isPartOf":{"@id":"https:\/\/www.iew.eu\/hr\/#website"},"datePublished":"2017-03-07T10:28:09+00:00","dateModified":"2023-07-05T13:48:22+00:00","breadcrumb":{"@id":"https:\/\/www.iew.eu\/hr\/nasi-proizvodi\/sustavi-indukcijskog-grijanja\/mobilni-sustavi\/#breadcrumb"},"inLanguage":"hr","potentialAction":[{"@type":"ReadAction","target":["https:\/\/www.iew.eu\/hr\/nasi-proizvodi\/sustavi-indukcijskog-grijanja\/mobilni-sustavi\/"]}]},{"@type":"BreadcrumbList","@id":"https:\/\/www.iew.eu\/hr\/nasi-proizvodi\/sustavi-indukcijskog-grijanja\/mobilni-sustavi\/#breadcrumb","itemListElement":[{"@type":"ListItem","position":1,"name":"Startseite","item":"https:\/\/www.iew.eu\/hr\/"},{"@type":"ListItem","position":2,"name":"Proizvodi","item":"https:\/\/www.iew.eu\/hr\/nasi-proizvodi\/"},{"@type":"ListItem","position":3,"name":"Sustavi indukcijskog grijanja","item":"https:\/\/www.iew.eu\/hr\/nasi-proizvodi\/sustavi-indukcijskog-grijanja\/"},{"@type":"ListItem","position":4,"name":"Mobilni sustavi"}]},{"@type":"WebSite","@id":"https:\/\/www.iew.eu\/hr\/#website","url":"https:\/\/www.iew.eu\/hr\/","name":"iew Induktive Erw\u00e4rmungsanlagen GmbH","description":"Ihr Partner f\u00fcr Komplettl\u00f6sungen rund um Induktive Erw\u00e4rmungsanlagen, Sondermaschinenbau und Vakuuml\u00f6ttechnik. F\u00fcr Deutschland, \u00d6sterreich, Schweiz &amp; europaweit.","potentialAction":[{"@type":"SearchAction","target":{"@type":"EntryPoint","urlTemplate":"https:\/\/www.iew.eu\/hr\/?s={search_term_string}"},"query-input":{"@type":"PropertyValueSpecification","valueRequired":true,"valueName":"search_term_string"}}],"inLanguage":"hr"}]}},"_links":{"self":[{"href":"https:\/\/www.iew.eu\/hr\/wp-json\/wp\/v2\/pages\/7263","targetHints":{"allow":["GET"]}}],"collection":[{"href":"https:\/\/www.iew.eu\/hr\/wp-json\/wp\/v2\/pages"}],"about":[{"href":"https:\/\/www.iew.eu\/hr\/wp-json\/wp\/v2\/types\/page"}],"author":[{"embeddable":true,"href":"https:\/\/www.iew.eu\/hr\/wp-json\/wp\/v2\/users\/1"}],"replies":[{"embeddable":true,"href":"https:\/\/www.iew.eu\/hr\/wp-json\/wp\/v2\/comments?post=7263"}],"version-history":[{"count":2,"href":"https:\/\/www.iew.eu\/hr\/wp-json\/wp\/v2\/pages\/7263\/revisions"}],"predecessor-version":[{"id":7908,"href":"https:\/\/www.iew.eu\/hr\/wp-json\/wp\/v2\/pages\/7263\/revisions\/7908"}],"up":[{"embeddable":true,"href":"https:\/\/www.iew.eu\/hr\/wp-json\/wp\/v2\/pages\/7261"}],"wp:attachment":[{"href":"https:\/\/www.iew.eu\/hr\/wp-json\/wp\/v2\/media?parent=7263"}],"curies":[{"name":"wp","href":"https:\/\/api.w.org\/{rel}","templated":true}]}}