{"id":1172,"date":"2017-03-13T09:16:36","date_gmt":"2017-03-13T08:16:36","guid":{"rendered":"http:\/\/www.iew.eu\/products\/"},"modified":"2023-08-09T22:02:07","modified_gmt":"2023-08-09T20:02:07","slug":"termekek","status":"publish","type":"page","link":"https:\/\/www.iew.eu\/hu\/termekek\/","title":{"rendered":"Term\u00e9kek"},"content":{"rendered":"","protected":false},"excerpt":{"rendered":"","protected":false},"author":1,"featured_media":0,"parent":0,"menu_order":0,"comment_status":"closed","ping_status":"closed","template":"templates\/custom-page-dynamic.php","meta":{"footnotes":""},"class_list":["post-1172","page","type-page","status-publish","hentry"],"acf":[],"yoast_head":"<!-- This site is optimized with the Yoast SEO plugin v26.2 - https:\/\/yoast.com\/wordpress\/plugins\/seo\/ -->\n<title>Indukci\u00f3s berendez\u00e9sek, indukt\u00edv meleg\u00edt\u0151 berendez\u00e9sek, frekvenciav\u00e1lt\u00f3k,<\/title>\n<meta name=\"description\" content=\"meleg\u00edt\u0151 berendez\u00e9sek, indukci\u00f3s berendez\u00e9sek, nagyfrekvenci\u00e1s \u00e9s k\u00f6z\u00e9pfrekvenci\u00e1s \u00e1talak\u00edt\u00f3k, forraszt\u00f3berendez\u00e9sek, induktor konstrukci\u00f3, edz\u0151berendez\u00e9sek, dombornyom\u00f3 berendez\u00e9sek gy\u00e1rt\u00e1sa \u00e9s \u00e9rt\u00e9kes\u00edt\u00e9se.\" \/>\n<meta name=\"robots\" content=\"index, follow, max-snippet:-1, max-image-preview:large, max-video-preview:-1\" \/>\n<link rel=\"canonical\" href=\"https:\/\/www.iew.eu\/hu\/termekek\/\" \/>\n<meta property=\"og:locale\" content=\"hu_HU\" \/>\n<meta property=\"og:type\" content=\"article\" \/>\n<meta property=\"og:title\" content=\"Indukci\u00f3s berendez\u00e9sek, indukt\u00edv meleg\u00edt\u0151 berendez\u00e9sek, frekvenciav\u00e1lt\u00f3k,\" \/>\n<meta property=\"og:description\" content=\"meleg\u00edt\u0151 berendez\u00e9sek, indukci\u00f3s berendez\u00e9sek, nagyfrekvenci\u00e1s \u00e9s k\u00f6z\u00e9pfrekvenci\u00e1s \u00e1talak\u00edt\u00f3k, forraszt\u00f3berendez\u00e9sek, induktor konstrukci\u00f3, edz\u0151berendez\u00e9sek, dombornyom\u00f3 berendez\u00e9sek gy\u00e1rt\u00e1sa \u00e9s \u00e9rt\u00e9kes\u00edt\u00e9se.\" \/>\n<meta property=\"og:url\" content=\"https:\/\/www.iew.eu\/hu\/termekek\/\" \/>\n<meta property=\"og:site_name\" content=\"iew Induktive Erw\u00e4rmungsanlagen GmbH\" \/>\n<meta property=\"article:modified_time\" content=\"2023-08-09T20:02:07+00:00\" \/>\n<meta name=\"twitter:card\" content=\"summary_large_image\" \/>\n<script type=\"application\/ld+json\" class=\"yoast-schema-graph\">{\"@context\":\"https:\/\/schema.org\",\"@graph\":[{\"@type\":\"WebPage\",\"@id\":\"https:\/\/www.iew.eu\/hu\/termekek\/\",\"url\":\"https:\/\/www.iew.eu\/hu\/termekek\/\",\"name\":\"Indukci\u00f3s berendez\u00e9sek, indukt\u00edv meleg\u00edt\u0151 berendez\u00e9sek, frekvenciav\u00e1lt\u00f3k,\",\"isPartOf\":{\"@id\":\"https:\/\/www.iew.eu\/hu\/#website\"},\"datePublished\":\"2017-03-13T08:16:36+00:00\",\"dateModified\":\"2023-08-09T20:02:07+00:00\",\"description\":\"meleg\u00edt\u0151 berendez\u00e9sek, indukci\u00f3s berendez\u00e9sek, nagyfrekvenci\u00e1s \u00e9s k\u00f6z\u00e9pfrekvenci\u00e1s \u00e1talak\u00edt\u00f3k, forraszt\u00f3berendez\u00e9sek, induktor konstrukci\u00f3, edz\u0151berendez\u00e9sek, dombornyom\u00f3 berendez\u00e9sek gy\u00e1rt\u00e1sa \u00e9s \u00e9rt\u00e9kes\u00edt\u00e9se.\",\"breadcrumb\":{\"@id\":\"https:\/\/www.iew.eu\/hu\/termekek\/#breadcrumb\"},\"inLanguage\":\"hu\",\"potentialAction\":[{\"@type\":\"ReadAction\",\"target\":[\"https:\/\/www.iew.eu\/hu\/termekek\/\"]}]},{\"@type\":\"BreadcrumbList\",\"@id\":\"https:\/\/www.iew.eu\/hu\/termekek\/#breadcrumb\",\"itemListElement\":[{\"@type\":\"ListItem\",\"position\":1,\"name\":\"Startseite\",\"item\":\"https:\/\/www.iew.eu\/hu\/\"},{\"@type\":\"ListItem\",\"position\":2,\"name\":\"Term\u00e9kek\"}]},{\"@type\":\"WebSite\",\"@id\":\"https:\/\/www.iew.eu\/hu\/#website\",\"url\":\"https:\/\/www.iew.eu\/hu\/\",\"name\":\"iew Induktive Erw\u00e4rmungsanlagen GmbH\",\"description\":\"Ihr Partner f\u00fcr Komplettl\u00f6sungen rund um Induktive Erw\u00e4rmungsanlagen, Sondermaschinenbau und Vakuuml\u00f6ttechnik. F\u00fcr Deutschland, \u00d6sterreich, Schweiz &amp; europaweit.\",\"potentialAction\":[{\"@type\":\"SearchAction\",\"target\":{\"@type\":\"EntryPoint\",\"urlTemplate\":\"https:\/\/www.iew.eu\/hu\/?s={search_term_string}\"},\"query-input\":{\"@type\":\"PropertyValueSpecification\",\"valueRequired\":true,\"valueName\":\"search_term_string\"}}],\"inLanguage\":\"hu\"}]}<\/script>\n<!-- \/ Yoast SEO plugin. -->","yoast_head_json":{"title":"Indukci\u00f3s berendez\u00e9sek, indukt\u00edv meleg\u00edt\u0151 berendez\u00e9sek, frekvenciav\u00e1lt\u00f3k,","description":"meleg\u00edt\u0151 berendez\u00e9sek, indukci\u00f3s berendez\u00e9sek, nagyfrekvenci\u00e1s \u00e9s k\u00f6z\u00e9pfrekvenci\u00e1s \u00e1talak\u00edt\u00f3k, forraszt\u00f3berendez\u00e9sek, induktor konstrukci\u00f3, edz\u0151berendez\u00e9sek, dombornyom\u00f3 berendez\u00e9sek gy\u00e1rt\u00e1sa \u00e9s \u00e9rt\u00e9kes\u00edt\u00e9se.","robots":{"index":"index","follow":"follow","max-snippet":"max-snippet:-1","max-image-preview":"max-image-preview:large","max-video-preview":"max-video-preview:-1"},"canonical":"https:\/\/www.iew.eu\/hu\/termekek\/","og_locale":"hu_HU","og_type":"article","og_title":"Indukci\u00f3s berendez\u00e9sek, indukt\u00edv meleg\u00edt\u0151 berendez\u00e9sek, frekvenciav\u00e1lt\u00f3k,","og_description":"meleg\u00edt\u0151 berendez\u00e9sek, indukci\u00f3s berendez\u00e9sek, nagyfrekvenci\u00e1s \u00e9s k\u00f6z\u00e9pfrekvenci\u00e1s \u00e1talak\u00edt\u00f3k, forraszt\u00f3berendez\u00e9sek, induktor konstrukci\u00f3, edz\u0151berendez\u00e9sek, dombornyom\u00f3 berendez\u00e9sek gy\u00e1rt\u00e1sa \u00e9s \u00e9rt\u00e9kes\u00edt\u00e9se.","og_url":"https:\/\/www.iew.eu\/hu\/termekek\/","og_site_name":"iew Induktive Erw\u00e4rmungsanlagen GmbH","article_modified_time":"2023-08-09T20:02:07+00:00","twitter_card":"summary_large_image","schema":{"@context":"https:\/\/schema.org","@graph":[{"@type":"WebPage","@id":"https:\/\/www.iew.eu\/hu\/termekek\/","url":"https:\/\/www.iew.eu\/hu\/termekek\/","name":"Indukci\u00f3s berendez\u00e9sek, indukt\u00edv meleg\u00edt\u0151 berendez\u00e9sek, frekvenciav\u00e1lt\u00f3k,","isPartOf":{"@id":"https:\/\/www.iew.eu\/hu\/#website"},"datePublished":"2017-03-13T08:16:36+00:00","dateModified":"2023-08-09T20:02:07+00:00","description":"meleg\u00edt\u0151 berendez\u00e9sek, indukci\u00f3s berendez\u00e9sek, nagyfrekvenci\u00e1s \u00e9s k\u00f6z\u00e9pfrekvenci\u00e1s \u00e1talak\u00edt\u00f3k, forraszt\u00f3berendez\u00e9sek, induktor konstrukci\u00f3, edz\u0151berendez\u00e9sek, dombornyom\u00f3 berendez\u00e9sek gy\u00e1rt\u00e1sa \u00e9s \u00e9rt\u00e9kes\u00edt\u00e9se.","breadcrumb":{"@id":"https:\/\/www.iew.eu\/hu\/termekek\/#breadcrumb"},"inLanguage":"hu","potentialAction":[{"@type":"ReadAction","target":["https:\/\/www.iew.eu\/hu\/termekek\/"]}]},{"@type":"BreadcrumbList","@id":"https:\/\/www.iew.eu\/hu\/termekek\/#breadcrumb","itemListElement":[{"@type":"ListItem","position":1,"name":"Startseite","item":"https:\/\/www.iew.eu\/hu\/"},{"@type":"ListItem","position":2,"name":"Term\u00e9kek"}]},{"@type":"WebSite","@id":"https:\/\/www.iew.eu\/hu\/#website","url":"https:\/\/www.iew.eu\/hu\/","name":"iew Induktive Erw\u00e4rmungsanlagen GmbH","description":"Ihr Partner f\u00fcr Komplettl\u00f6sungen rund um Induktive Erw\u00e4rmungsanlagen, Sondermaschinenbau und Vakuuml\u00f6ttechnik. F\u00fcr Deutschland, \u00d6sterreich, Schweiz &amp; europaweit.","potentialAction":[{"@type":"SearchAction","target":{"@type":"EntryPoint","urlTemplate":"https:\/\/www.iew.eu\/hu\/?s={search_term_string}"},"query-input":{"@type":"PropertyValueSpecification","valueRequired":true,"valueName":"search_term_string"}}],"inLanguage":"hu"}]}},"_links":{"self":[{"href":"https:\/\/www.iew.eu\/hu\/wp-json\/wp\/v2\/pages\/1172","targetHints":{"allow":["GET"]}}],"collection":[{"href":"https:\/\/www.iew.eu\/hu\/wp-json\/wp\/v2\/pages"}],"about":[{"href":"https:\/\/www.iew.eu\/hu\/wp-json\/wp\/v2\/types\/page"}],"author":[{"embeddable":true,"href":"https:\/\/www.iew.eu\/hu\/wp-json\/wp\/v2\/users\/1"}],"replies":[{"embeddable":true,"href":"https:\/\/www.iew.eu\/hu\/wp-json\/wp\/v2\/comments?post=1172"}],"version-history":[{"count":4,"href":"https:\/\/www.iew.eu\/hu\/wp-json\/wp\/v2\/pages\/1172\/revisions"}],"predecessor-version":[{"id":8870,"href":"https:\/\/www.iew.eu\/hu\/wp-json\/wp\/v2\/pages\/1172\/revisions\/8870"}],"wp:attachment":[{"href":"https:\/\/www.iew.eu\/hu\/wp-json\/wp\/v2\/media?parent=1172"}],"curies":[{"name":"wp","href":"https:\/\/api.w.org\/{rel}","templated":true}]}}