{"id":1176,"date":"2017-03-07T11:09:39","date_gmt":"2017-03-07T10:09:39","guid":{"rendered":"http:\/\/www.iew.eu\/products\/erwaermungsanlagen\/"},"modified":"2023-08-09T22:04:49","modified_gmt":"2023-08-09T20:04:49","slug":"indukcios-melegito-berendezesek","status":"publish","type":"page","link":"https:\/\/www.iew.eu\/hu\/termekek\/indukcios-melegito-berendezesek\/","title":{"rendered":"Indukci\u00f3s meleg\u00edt\u0151 berendez\u00e9sek"},"content":{"rendered":"","protected":false},"excerpt":{"rendered":"","protected":false},"author":1,"featured_media":0,"parent":1172,"menu_order":0,"comment_status":"closed","ping_status":"closed","template":"templates\/custom-page-dynamic.php","meta":{"footnotes":""},"class_list":["post-1176","page","type-page","status-publish","hentry"],"acf":[],"yoast_head":"<!-- This site is optimized with the Yoast SEO plugin v26.2 - https:\/\/yoast.com\/wordpress\/plugins\/seo\/ -->\n<title>Indukci\u00f3s meleg\u00edt\u0151 berendez\u00e9s az ipar sz\u00e1m\u00e1ra | Gy\u00e1rt\u00f3 | Termel\u0151 | IEW<\/title>\n<meta name=\"description\" content=\"Indukci\u00f3s meleg\u00edt\u0151 berendez\u00e9s az iew v\u00e1llalatt\u00f3l: t\u00f6k\u00e9letes forraszt\u00e1s! Forraszt\u00f3berendez\u00e9seinkkel a f\u00e9meket pontosan a k\u00edv\u00e1nt h\u0151m\u00e9rs\u00e9kletre meleg\u00edtheti\" \/>\n<meta name=\"robots\" content=\"index, follow, max-snippet:-1, max-image-preview:large, max-video-preview:-1\" \/>\n<link rel=\"canonical\" href=\"https:\/\/www.iew.eu\/hu\/termekek\/indukcios-melegito-berendezesek\/\" \/>\n<meta property=\"og:locale\" content=\"hu_HU\" \/>\n<meta property=\"og:type\" content=\"article\" \/>\n<meta property=\"og:title\" content=\"Indukci\u00f3s meleg\u00edt\u0151 berendez\u00e9s az ipar sz\u00e1m\u00e1ra | Gy\u00e1rt\u00f3 | Termel\u0151 | IEW\" \/>\n<meta property=\"og:description\" content=\"Indukci\u00f3s meleg\u00edt\u0151 berendez\u00e9s az iew v\u00e1llalatt\u00f3l: t\u00f6k\u00e9letes forraszt\u00e1s! Forraszt\u00f3berendez\u00e9seinkkel a f\u00e9meket pontosan a k\u00edv\u00e1nt h\u0151m\u00e9rs\u00e9kletre meleg\u00edtheti\" \/>\n<meta property=\"og:url\" content=\"https:\/\/www.iew.eu\/hu\/termekek\/indukcios-melegito-berendezesek\/\" \/>\n<meta property=\"og:site_name\" content=\"iew Induktive Erw\u00e4rmungsanlagen GmbH\" \/>\n<meta property=\"article:modified_time\" content=\"2023-08-09T20:04:49+00:00\" \/>\n<meta name=\"twitter:card\" content=\"summary_large_image\" \/>\n<script type=\"application\/ld+json\" class=\"yoast-schema-graph\">{\"@context\":\"https:\/\/schema.org\",\"@graph\":[{\"@type\":\"WebPage\",\"@id\":\"https:\/\/www.iew.eu\/hu\/termekek\/indukcios-melegito-berendezesek\/\",\"url\":\"https:\/\/www.iew.eu\/hu\/termekek\/indukcios-melegito-berendezesek\/\",\"name\":\"Indukci\u00f3s meleg\u00edt\u0151 berendez\u00e9s az ipar sz\u00e1m\u00e1ra | Gy\u00e1rt\u00f3 | Termel\u0151 | IEW\",\"isPartOf\":{\"@id\":\"https:\/\/www.iew.eu\/hu\/#website\"},\"datePublished\":\"2017-03-07T10:09:39+00:00\",\"dateModified\":\"2023-08-09T20:04:49+00:00\",\"description\":\"Indukci\u00f3s meleg\u00edt\u0151 berendez\u00e9s az iew v\u00e1llalatt\u00f3l: t\u00f6k\u00e9letes forraszt\u00e1s! Forraszt\u00f3berendez\u00e9seinkkel a f\u00e9meket pontosan a k\u00edv\u00e1nt h\u0151m\u00e9rs\u00e9kletre meleg\u00edtheti\",\"breadcrumb\":{\"@id\":\"https:\/\/www.iew.eu\/hu\/termekek\/indukcios-melegito-berendezesek\/#breadcrumb\"},\"inLanguage\":\"hu\",\"potentialAction\":[{\"@type\":\"ReadAction\",\"target\":[\"https:\/\/www.iew.eu\/hu\/termekek\/indukcios-melegito-berendezesek\/\"]}]},{\"@type\":\"BreadcrumbList\",\"@id\":\"https:\/\/www.iew.eu\/hu\/termekek\/indukcios-melegito-berendezesek\/#breadcrumb\",\"itemListElement\":[{\"@type\":\"ListItem\",\"position\":1,\"name\":\"Startseite\",\"item\":\"https:\/\/www.iew.eu\/hu\/\"},{\"@type\":\"ListItem\",\"position\":2,\"name\":\"Term\u00e9kek\",\"item\":\"https:\/\/www.iew.eu\/hu\/termekek\/\"},{\"@type\":\"ListItem\",\"position\":3,\"name\":\"Indukci\u00f3s meleg\u00edt\u0151 berendez\u00e9sek\"}]},{\"@type\":\"WebSite\",\"@id\":\"https:\/\/www.iew.eu\/hu\/#website\",\"url\":\"https:\/\/www.iew.eu\/hu\/\",\"name\":\"iew Induktive Erw\u00e4rmungsanlagen GmbH\",\"description\":\"Ihr Partner f\u00fcr Komplettl\u00f6sungen rund um Induktive Erw\u00e4rmungsanlagen, Sondermaschinenbau und Vakuuml\u00f6ttechnik. F\u00fcr Deutschland, \u00d6sterreich, Schweiz &amp; europaweit.\",\"potentialAction\":[{\"@type\":\"SearchAction\",\"target\":{\"@type\":\"EntryPoint\",\"urlTemplate\":\"https:\/\/www.iew.eu\/hu\/?s={search_term_string}\"},\"query-input\":{\"@type\":\"PropertyValueSpecification\",\"valueRequired\":true,\"valueName\":\"search_term_string\"}}],\"inLanguage\":\"hu\"}]}<\/script>\n<!-- \/ Yoast SEO plugin. -->","yoast_head_json":{"title":"Indukci\u00f3s meleg\u00edt\u0151 berendez\u00e9s az ipar sz\u00e1m\u00e1ra | Gy\u00e1rt\u00f3 | Termel\u0151 | IEW","description":"Indukci\u00f3s meleg\u00edt\u0151 berendez\u00e9s az iew v\u00e1llalatt\u00f3l: t\u00f6k\u00e9letes forraszt\u00e1s! Forraszt\u00f3berendez\u00e9seinkkel a f\u00e9meket pontosan a k\u00edv\u00e1nt h\u0151m\u00e9rs\u00e9kletre meleg\u00edtheti","robots":{"index":"index","follow":"follow","max-snippet":"max-snippet:-1","max-image-preview":"max-image-preview:large","max-video-preview":"max-video-preview:-1"},"canonical":"https:\/\/www.iew.eu\/hu\/termekek\/indukcios-melegito-berendezesek\/","og_locale":"hu_HU","og_type":"article","og_title":"Indukci\u00f3s meleg\u00edt\u0151 berendez\u00e9s az ipar sz\u00e1m\u00e1ra | Gy\u00e1rt\u00f3 | Termel\u0151 | IEW","og_description":"Indukci\u00f3s meleg\u00edt\u0151 berendez\u00e9s az iew v\u00e1llalatt\u00f3l: t\u00f6k\u00e9letes forraszt\u00e1s! Forraszt\u00f3berendez\u00e9seinkkel a f\u00e9meket pontosan a k\u00edv\u00e1nt h\u0151m\u00e9rs\u00e9kletre meleg\u00edtheti","og_url":"https:\/\/www.iew.eu\/hu\/termekek\/indukcios-melegito-berendezesek\/","og_site_name":"iew Induktive Erw\u00e4rmungsanlagen GmbH","article_modified_time":"2023-08-09T20:04:49+00:00","twitter_card":"summary_large_image","schema":{"@context":"https:\/\/schema.org","@graph":[{"@type":"WebPage","@id":"https:\/\/www.iew.eu\/hu\/termekek\/indukcios-melegito-berendezesek\/","url":"https:\/\/www.iew.eu\/hu\/termekek\/indukcios-melegito-berendezesek\/","name":"Indukci\u00f3s meleg\u00edt\u0151 berendez\u00e9s az ipar sz\u00e1m\u00e1ra | Gy\u00e1rt\u00f3 | Termel\u0151 | IEW","isPartOf":{"@id":"https:\/\/www.iew.eu\/hu\/#website"},"datePublished":"2017-03-07T10:09:39+00:00","dateModified":"2023-08-09T20:04:49+00:00","description":"Indukci\u00f3s meleg\u00edt\u0151 berendez\u00e9s az iew v\u00e1llalatt\u00f3l: t\u00f6k\u00e9letes forraszt\u00e1s! Forraszt\u00f3berendez\u00e9seinkkel a f\u00e9meket pontosan a k\u00edv\u00e1nt h\u0151m\u00e9rs\u00e9kletre meleg\u00edtheti","breadcrumb":{"@id":"https:\/\/www.iew.eu\/hu\/termekek\/indukcios-melegito-berendezesek\/#breadcrumb"},"inLanguage":"hu","potentialAction":[{"@type":"ReadAction","target":["https:\/\/www.iew.eu\/hu\/termekek\/indukcios-melegito-berendezesek\/"]}]},{"@type":"BreadcrumbList","@id":"https:\/\/www.iew.eu\/hu\/termekek\/indukcios-melegito-berendezesek\/#breadcrumb","itemListElement":[{"@type":"ListItem","position":1,"name":"Startseite","item":"https:\/\/www.iew.eu\/hu\/"},{"@type":"ListItem","position":2,"name":"Term\u00e9kek","item":"https:\/\/www.iew.eu\/hu\/termekek\/"},{"@type":"ListItem","position":3,"name":"Indukci\u00f3s meleg\u00edt\u0151 berendez\u00e9sek"}]},{"@type":"WebSite","@id":"https:\/\/www.iew.eu\/hu\/#website","url":"https:\/\/www.iew.eu\/hu\/","name":"iew Induktive Erw\u00e4rmungsanlagen GmbH","description":"Ihr Partner f\u00fcr Komplettl\u00f6sungen rund um Induktive Erw\u00e4rmungsanlagen, Sondermaschinenbau und Vakuuml\u00f6ttechnik. F\u00fcr Deutschland, \u00d6sterreich, Schweiz &amp; europaweit.","potentialAction":[{"@type":"SearchAction","target":{"@type":"EntryPoint","urlTemplate":"https:\/\/www.iew.eu\/hu\/?s={search_term_string}"},"query-input":{"@type":"PropertyValueSpecification","valueRequired":true,"valueName":"search_term_string"}}],"inLanguage":"hu"}]}},"_links":{"self":[{"href":"https:\/\/www.iew.eu\/hu\/wp-json\/wp\/v2\/pages\/1176","targetHints":{"allow":["GET"]}}],"collection":[{"href":"https:\/\/www.iew.eu\/hu\/wp-json\/wp\/v2\/pages"}],"about":[{"href":"https:\/\/www.iew.eu\/hu\/wp-json\/wp\/v2\/types\/page"}],"author":[{"embeddable":true,"href":"https:\/\/www.iew.eu\/hu\/wp-json\/wp\/v2\/users\/1"}],"replies":[{"embeddable":true,"href":"https:\/\/www.iew.eu\/hu\/wp-json\/wp\/v2\/comments?post=1176"}],"version-history":[{"count":6,"href":"https:\/\/www.iew.eu\/hu\/wp-json\/wp\/v2\/pages\/1176\/revisions"}],"predecessor-version":[{"id":8872,"href":"https:\/\/www.iew.eu\/hu\/wp-json\/wp\/v2\/pages\/1176\/revisions\/8872"}],"up":[{"embeddable":true,"href":"https:\/\/www.iew.eu\/hu\/wp-json\/wp\/v2\/pages\/1172"}],"wp:attachment":[{"href":"https:\/\/www.iew.eu\/hu\/wp-json\/wp\/v2\/media?parent=1176"}],"curies":[{"name":"wp","href":"https:\/\/api.w.org\/{rel}","templated":true}]}}