{"id":1199,"date":"2017-03-13T09:47:29","date_gmt":"2017-03-13T08:47:29","guid":{"rendered":"http:\/\/www.iew.eu\/products\/heating-units\/accessories\/"},"modified":"2023-06-27T16:33:20","modified_gmt":"2023-06-27T14:33:20","slug":"accessories","status":"publish","type":"page","link":"https:\/\/www.iew.eu\/hu\/termekek\/indukcios-melegito-berendezesek\/accessories\/","title":{"rendered":"Kieg\u00e9sz\u00edt\u0151 eszk\u00f6z\u00f6k"},"content":{"rendered":"","protected":false},"excerpt":{"rendered":"","protected":false},"author":1,"featured_media":0,"parent":1176,"menu_order":0,"comment_status":"closed","ping_status":"closed","template":"templates\/custom-page-dynamic.php","meta":{"footnotes":""},"class_list":["post-1199","page","type-page","status-publish","hentry"],"acf":[],"yoast_head":"<!-- This site is optimized with the Yoast SEO plugin v26.2 - https:\/\/yoast.com\/wordpress\/plugins\/seo\/ -->\n<title>Kieg\u00e9sz\u00edt\u0151 eszk\u00f6z\u00f6k &#8212; iew Induktive Erw\u00e4rmungsanlagen GmbH<\/title>\n<meta name=\"robots\" content=\"index, follow, max-snippet:-1, max-image-preview:large, max-video-preview:-1\" \/>\n<link rel=\"canonical\" href=\"https:\/\/www.iew.eu\/hu\/termekek\/indukcios-melegito-berendezesek\/accessories\/\" \/>\n<meta property=\"og:locale\" content=\"hu_HU\" \/>\n<meta property=\"og:type\" content=\"article\" \/>\n<meta property=\"og:title\" content=\"Kieg\u00e9sz\u00edt\u0151 eszk\u00f6z\u00f6k &#8212; iew Induktive Erw\u00e4rmungsanlagen GmbH\" \/>\n<meta property=\"og:url\" content=\"https:\/\/www.iew.eu\/hu\/termekek\/indukcios-melegito-berendezesek\/accessories\/\" \/>\n<meta property=\"og:site_name\" content=\"iew Induktive Erw\u00e4rmungsanlagen GmbH\" \/>\n<meta property=\"article:modified_time\" content=\"2023-06-27T14:33:20+00:00\" \/>\n<meta name=\"twitter:card\" content=\"summary_large_image\" \/>\n<script type=\"application\/ld+json\" class=\"yoast-schema-graph\">{\"@context\":\"https:\/\/schema.org\",\"@graph\":[{\"@type\":\"WebPage\",\"@id\":\"https:\/\/www.iew.eu\/hu\/termekek\/indukcios-melegito-berendezesek\/accessories\/\",\"url\":\"https:\/\/www.iew.eu\/hu\/termekek\/indukcios-melegito-berendezesek\/accessories\/\",\"name\":\"Kieg\u00e9sz\u00edt\u0151 eszk\u00f6z\u00f6k &#8212; iew Induktive Erw\u00e4rmungsanlagen GmbH\",\"isPartOf\":{\"@id\":\"https:\/\/www.iew.eu\/hu\/#website\"},\"datePublished\":\"2017-03-13T08:47:29+00:00\",\"dateModified\":\"2023-06-27T14:33:20+00:00\",\"breadcrumb\":{\"@id\":\"https:\/\/www.iew.eu\/hu\/termekek\/indukcios-melegito-berendezesek\/accessories\/#breadcrumb\"},\"inLanguage\":\"hu\",\"potentialAction\":[{\"@type\":\"ReadAction\",\"target\":[\"https:\/\/www.iew.eu\/hu\/termekek\/indukcios-melegito-berendezesek\/accessories\/\"]}]},{\"@type\":\"BreadcrumbList\",\"@id\":\"https:\/\/www.iew.eu\/hu\/termekek\/indukcios-melegito-berendezesek\/accessories\/#breadcrumb\",\"itemListElement\":[{\"@type\":\"ListItem\",\"position\":1,\"name\":\"Startseite\",\"item\":\"https:\/\/www.iew.eu\/hu\/\"},{\"@type\":\"ListItem\",\"position\":2,\"name\":\"Term\u00e9kek\",\"item\":\"https:\/\/www.iew.eu\/hu\/termekek\/\"},{\"@type\":\"ListItem\",\"position\":3,\"name\":\"Indukci\u00f3s meleg\u00edt\u0151 berendez\u00e9sek\",\"item\":\"https:\/\/www.iew.eu\/hu\/termekek\/indukcios-melegito-berendezesek\/\"},{\"@type\":\"ListItem\",\"position\":4,\"name\":\"Kieg\u00e9sz\u00edt\u0151 eszk\u00f6z\u00f6k\"}]},{\"@type\":\"WebSite\",\"@id\":\"https:\/\/www.iew.eu\/hu\/#website\",\"url\":\"https:\/\/www.iew.eu\/hu\/\",\"name\":\"iew Induktive Erw\u00e4rmungsanlagen GmbH\",\"description\":\"Ihr Partner f\u00fcr Komplettl\u00f6sungen rund um Induktive Erw\u00e4rmungsanlagen, Sondermaschinenbau und Vakuuml\u00f6ttechnik. F\u00fcr Deutschland, \u00d6sterreich, Schweiz &amp; europaweit.\",\"potentialAction\":[{\"@type\":\"SearchAction\",\"target\":{\"@type\":\"EntryPoint\",\"urlTemplate\":\"https:\/\/www.iew.eu\/hu\/?s={search_term_string}\"},\"query-input\":{\"@type\":\"PropertyValueSpecification\",\"valueRequired\":true,\"valueName\":\"search_term_string\"}}],\"inLanguage\":\"hu\"}]}<\/script>\n<!-- \/ Yoast SEO plugin. -->","yoast_head_json":{"title":"Kieg\u00e9sz\u00edt\u0151 eszk\u00f6z\u00f6k &#8212; iew Induktive Erw\u00e4rmungsanlagen GmbH","robots":{"index":"index","follow":"follow","max-snippet":"max-snippet:-1","max-image-preview":"max-image-preview:large","max-video-preview":"max-video-preview:-1"},"canonical":"https:\/\/www.iew.eu\/hu\/termekek\/indukcios-melegito-berendezesek\/accessories\/","og_locale":"hu_HU","og_type":"article","og_title":"Kieg\u00e9sz\u00edt\u0151 eszk\u00f6z\u00f6k &#8212; iew Induktive Erw\u00e4rmungsanlagen GmbH","og_url":"https:\/\/www.iew.eu\/hu\/termekek\/indukcios-melegito-berendezesek\/accessories\/","og_site_name":"iew Induktive Erw\u00e4rmungsanlagen GmbH","article_modified_time":"2023-06-27T14:33:20+00:00","twitter_card":"summary_large_image","schema":{"@context":"https:\/\/schema.org","@graph":[{"@type":"WebPage","@id":"https:\/\/www.iew.eu\/hu\/termekek\/indukcios-melegito-berendezesek\/accessories\/","url":"https:\/\/www.iew.eu\/hu\/termekek\/indukcios-melegito-berendezesek\/accessories\/","name":"Kieg\u00e9sz\u00edt\u0151 eszk\u00f6z\u00f6k &#8212; iew Induktive Erw\u00e4rmungsanlagen GmbH","isPartOf":{"@id":"https:\/\/www.iew.eu\/hu\/#website"},"datePublished":"2017-03-13T08:47:29+00:00","dateModified":"2023-06-27T14:33:20+00:00","breadcrumb":{"@id":"https:\/\/www.iew.eu\/hu\/termekek\/indukcios-melegito-berendezesek\/accessories\/#breadcrumb"},"inLanguage":"hu","potentialAction":[{"@type":"ReadAction","target":["https:\/\/www.iew.eu\/hu\/termekek\/indukcios-melegito-berendezesek\/accessories\/"]}]},{"@type":"BreadcrumbList","@id":"https:\/\/www.iew.eu\/hu\/termekek\/indukcios-melegito-berendezesek\/accessories\/#breadcrumb","itemListElement":[{"@type":"ListItem","position":1,"name":"Startseite","item":"https:\/\/www.iew.eu\/hu\/"},{"@type":"ListItem","position":2,"name":"Term\u00e9kek","item":"https:\/\/www.iew.eu\/hu\/termekek\/"},{"@type":"ListItem","position":3,"name":"Indukci\u00f3s meleg\u00edt\u0151 berendez\u00e9sek","item":"https:\/\/www.iew.eu\/hu\/termekek\/indukcios-melegito-berendezesek\/"},{"@type":"ListItem","position":4,"name":"Kieg\u00e9sz\u00edt\u0151 eszk\u00f6z\u00f6k"}]},{"@type":"WebSite","@id":"https:\/\/www.iew.eu\/hu\/#website","url":"https:\/\/www.iew.eu\/hu\/","name":"iew Induktive Erw\u00e4rmungsanlagen GmbH","description":"Ihr Partner f\u00fcr Komplettl\u00f6sungen rund um Induktive Erw\u00e4rmungsanlagen, Sondermaschinenbau und Vakuuml\u00f6ttechnik. F\u00fcr Deutschland, \u00d6sterreich, Schweiz &amp; europaweit.","potentialAction":[{"@type":"SearchAction","target":{"@type":"EntryPoint","urlTemplate":"https:\/\/www.iew.eu\/hu\/?s={search_term_string}"},"query-input":{"@type":"PropertyValueSpecification","valueRequired":true,"valueName":"search_term_string"}}],"inLanguage":"hu"}]}},"_links":{"self":[{"href":"https:\/\/www.iew.eu\/hu\/wp-json\/wp\/v2\/pages\/1199","targetHints":{"allow":["GET"]}}],"collection":[{"href":"https:\/\/www.iew.eu\/hu\/wp-json\/wp\/v2\/pages"}],"about":[{"href":"https:\/\/www.iew.eu\/hu\/wp-json\/wp\/v2\/types\/page"}],"author":[{"embeddable":true,"href":"https:\/\/www.iew.eu\/hu\/wp-json\/wp\/v2\/users\/1"}],"replies":[{"embeddable":true,"href":"https:\/\/www.iew.eu\/hu\/wp-json\/wp\/v2\/comments?post=1199"}],"version-history":[{"count":3,"href":"https:\/\/www.iew.eu\/hu\/wp-json\/wp\/v2\/pages\/1199\/revisions"}],"predecessor-version":[{"id":6936,"href":"https:\/\/www.iew.eu\/hu\/wp-json\/wp\/v2\/pages\/1199\/revisions\/6936"}],"up":[{"embeddable":true,"href":"https:\/\/www.iew.eu\/hu\/wp-json\/wp\/v2\/pages\/1176"}],"wp:attachment":[{"href":"https:\/\/www.iew.eu\/hu\/wp-json\/wp\/v2\/media?parent=1199"}],"curies":[{"name":"wp","href":"https:\/\/api.w.org\/{rel}","templated":true}]}}