{"id":1213,"date":"2017-03-07T11:34:16","date_gmt":"2017-03-07T10:34:16","guid":{"rendered":"http:\/\/www.iew.eu\/products\/brazing-units\/"},"modified":"2023-08-09T22:07:46","modified_gmt":"2023-08-09T20:07:46","slug":"forrasztok","status":"publish","type":"page","link":"https:\/\/www.iew.eu\/hu\/termekek\/forrasztok\/","title":{"rendered":"Forraszt\u00f3k"},"content":{"rendered":"","protected":false},"excerpt":{"rendered":"","protected":false},"author":1,"featured_media":0,"parent":1172,"menu_order":0,"comment_status":"closed","ping_status":"closed","template":"templates\/custom-page-dynamic.php","meta":{"footnotes":""},"class_list":["post-1213","page","type-page","status-publish","hentry"],"acf":[],"yoast_head":"<!-- This site is optimized with the Yoast SEO plugin v26.2 - https:\/\/yoast.com\/wordpress\/plugins\/seo\/ -->\n<title>Forraszt\u00f3k &#8212; iew Induktive Erw\u00e4rmungsanlagen GmbH<\/title>\n<meta name=\"description\" content=\"Forraszt\u00f3rendszerek az iew-t\u0151l: meggy\u0151z\u0151en j\u00f3! T\u00f6k\u00e9letes forraszt\u00e1s, inspir\u00e1l\u00f3 min\u0151s\u00e9g, k\u00e9sz\u00fclt Ausztri\u00e1ban. T\u00e1j\u00e9koz\u00f3djon most.\" \/>\n<meta name=\"robots\" content=\"index, follow, max-snippet:-1, max-image-preview:large, max-video-preview:-1\" \/>\n<link rel=\"canonical\" href=\"https:\/\/www.iew.eu\/hu\/termekek\/forrasztok\/\" \/>\n<meta property=\"og:locale\" content=\"hu_HU\" \/>\n<meta property=\"og:type\" content=\"article\" \/>\n<meta property=\"og:title\" content=\"Forraszt\u00f3k &#8212; iew Induktive Erw\u00e4rmungsanlagen GmbH\" \/>\n<meta property=\"og:description\" content=\"Forraszt\u00f3rendszerek az iew-t\u0151l: meggy\u0151z\u0151en j\u00f3! T\u00f6k\u00e9letes forraszt\u00e1s, inspir\u00e1l\u00f3 min\u0151s\u00e9g, k\u00e9sz\u00fclt Ausztri\u00e1ban. T\u00e1j\u00e9koz\u00f3djon most.\" \/>\n<meta property=\"og:url\" content=\"https:\/\/www.iew.eu\/hu\/termekek\/forrasztok\/\" \/>\n<meta property=\"og:site_name\" content=\"iew Induktive Erw\u00e4rmungsanlagen GmbH\" \/>\n<meta property=\"article:modified_time\" content=\"2023-08-09T20:07:46+00:00\" \/>\n<meta name=\"twitter:card\" content=\"summary_large_image\" \/>\n<script type=\"application\/ld+json\" class=\"yoast-schema-graph\">{\"@context\":\"https:\/\/schema.org\",\"@graph\":[{\"@type\":\"WebPage\",\"@id\":\"https:\/\/www.iew.eu\/hu\/termekek\/forrasztok\/\",\"url\":\"https:\/\/www.iew.eu\/hu\/termekek\/forrasztok\/\",\"name\":\"Forraszt\u00f3k &#8212; iew Induktive Erw\u00e4rmungsanlagen GmbH\",\"isPartOf\":{\"@id\":\"https:\/\/www.iew.eu\/hu\/#website\"},\"datePublished\":\"2017-03-07T10:34:16+00:00\",\"dateModified\":\"2023-08-09T20:07:46+00:00\",\"description\":\"Forraszt\u00f3rendszerek az iew-t\u0151l: meggy\u0151z\u0151en j\u00f3! T\u00f6k\u00e9letes forraszt\u00e1s, inspir\u00e1l\u00f3 min\u0151s\u00e9g, k\u00e9sz\u00fclt Ausztri\u00e1ban. T\u00e1j\u00e9koz\u00f3djon most.\",\"breadcrumb\":{\"@id\":\"https:\/\/www.iew.eu\/hu\/termekek\/forrasztok\/#breadcrumb\"},\"inLanguage\":\"hu\",\"potentialAction\":[{\"@type\":\"ReadAction\",\"target\":[\"https:\/\/www.iew.eu\/hu\/termekek\/forrasztok\/\"]}]},{\"@type\":\"BreadcrumbList\",\"@id\":\"https:\/\/www.iew.eu\/hu\/termekek\/forrasztok\/#breadcrumb\",\"itemListElement\":[{\"@type\":\"ListItem\",\"position\":1,\"name\":\"Startseite\",\"item\":\"https:\/\/www.iew.eu\/hu\/\"},{\"@type\":\"ListItem\",\"position\":2,\"name\":\"Term\u00e9kek\",\"item\":\"https:\/\/www.iew.eu\/hu\/termekek\/\"},{\"@type\":\"ListItem\",\"position\":3,\"name\":\"Forraszt\u00f3k\"}]},{\"@type\":\"WebSite\",\"@id\":\"https:\/\/www.iew.eu\/hu\/#website\",\"url\":\"https:\/\/www.iew.eu\/hu\/\",\"name\":\"iew Induktive Erw\u00e4rmungsanlagen GmbH\",\"description\":\"Ihr Partner f\u00fcr Komplettl\u00f6sungen rund um Induktive Erw\u00e4rmungsanlagen, Sondermaschinenbau und Vakuuml\u00f6ttechnik. F\u00fcr Deutschland, \u00d6sterreich, Schweiz &amp; europaweit.\",\"potentialAction\":[{\"@type\":\"SearchAction\",\"target\":{\"@type\":\"EntryPoint\",\"urlTemplate\":\"https:\/\/www.iew.eu\/hu\/?s={search_term_string}\"},\"query-input\":{\"@type\":\"PropertyValueSpecification\",\"valueRequired\":true,\"valueName\":\"search_term_string\"}}],\"inLanguage\":\"hu\"}]}<\/script>\n<!-- \/ Yoast SEO plugin. -->","yoast_head_json":{"title":"Forraszt\u00f3k &#8212; iew Induktive Erw\u00e4rmungsanlagen GmbH","description":"Forraszt\u00f3rendszerek az iew-t\u0151l: meggy\u0151z\u0151en j\u00f3! T\u00f6k\u00e9letes forraszt\u00e1s, inspir\u00e1l\u00f3 min\u0151s\u00e9g, k\u00e9sz\u00fclt Ausztri\u00e1ban. T\u00e1j\u00e9koz\u00f3djon most.","robots":{"index":"index","follow":"follow","max-snippet":"max-snippet:-1","max-image-preview":"max-image-preview:large","max-video-preview":"max-video-preview:-1"},"canonical":"https:\/\/www.iew.eu\/hu\/termekek\/forrasztok\/","og_locale":"hu_HU","og_type":"article","og_title":"Forraszt\u00f3k &#8212; iew Induktive Erw\u00e4rmungsanlagen GmbH","og_description":"Forraszt\u00f3rendszerek az iew-t\u0151l: meggy\u0151z\u0151en j\u00f3! T\u00f6k\u00e9letes forraszt\u00e1s, inspir\u00e1l\u00f3 min\u0151s\u00e9g, k\u00e9sz\u00fclt Ausztri\u00e1ban. T\u00e1j\u00e9koz\u00f3djon most.","og_url":"https:\/\/www.iew.eu\/hu\/termekek\/forrasztok\/","og_site_name":"iew Induktive Erw\u00e4rmungsanlagen GmbH","article_modified_time":"2023-08-09T20:07:46+00:00","twitter_card":"summary_large_image","schema":{"@context":"https:\/\/schema.org","@graph":[{"@type":"WebPage","@id":"https:\/\/www.iew.eu\/hu\/termekek\/forrasztok\/","url":"https:\/\/www.iew.eu\/hu\/termekek\/forrasztok\/","name":"Forraszt\u00f3k &#8212; iew Induktive Erw\u00e4rmungsanlagen GmbH","isPartOf":{"@id":"https:\/\/www.iew.eu\/hu\/#website"},"datePublished":"2017-03-07T10:34:16+00:00","dateModified":"2023-08-09T20:07:46+00:00","description":"Forraszt\u00f3rendszerek az iew-t\u0151l: meggy\u0151z\u0151en j\u00f3! T\u00f6k\u00e9letes forraszt\u00e1s, inspir\u00e1l\u00f3 min\u0151s\u00e9g, k\u00e9sz\u00fclt Ausztri\u00e1ban. T\u00e1j\u00e9koz\u00f3djon most.","breadcrumb":{"@id":"https:\/\/www.iew.eu\/hu\/termekek\/forrasztok\/#breadcrumb"},"inLanguage":"hu","potentialAction":[{"@type":"ReadAction","target":["https:\/\/www.iew.eu\/hu\/termekek\/forrasztok\/"]}]},{"@type":"BreadcrumbList","@id":"https:\/\/www.iew.eu\/hu\/termekek\/forrasztok\/#breadcrumb","itemListElement":[{"@type":"ListItem","position":1,"name":"Startseite","item":"https:\/\/www.iew.eu\/hu\/"},{"@type":"ListItem","position":2,"name":"Term\u00e9kek","item":"https:\/\/www.iew.eu\/hu\/termekek\/"},{"@type":"ListItem","position":3,"name":"Forraszt\u00f3k"}]},{"@type":"WebSite","@id":"https:\/\/www.iew.eu\/hu\/#website","url":"https:\/\/www.iew.eu\/hu\/","name":"iew Induktive Erw\u00e4rmungsanlagen GmbH","description":"Ihr Partner f\u00fcr Komplettl\u00f6sungen rund um Induktive Erw\u00e4rmungsanlagen, Sondermaschinenbau und Vakuuml\u00f6ttechnik. F\u00fcr Deutschland, \u00d6sterreich, Schweiz &amp; europaweit.","potentialAction":[{"@type":"SearchAction","target":{"@type":"EntryPoint","urlTemplate":"https:\/\/www.iew.eu\/hu\/?s={search_term_string}"},"query-input":{"@type":"PropertyValueSpecification","valueRequired":true,"valueName":"search_term_string"}}],"inLanguage":"hu"}]}},"_links":{"self":[{"href":"https:\/\/www.iew.eu\/hu\/wp-json\/wp\/v2\/pages\/1213","targetHints":{"allow":["GET"]}}],"collection":[{"href":"https:\/\/www.iew.eu\/hu\/wp-json\/wp\/v2\/pages"}],"about":[{"href":"https:\/\/www.iew.eu\/hu\/wp-json\/wp\/v2\/types\/page"}],"author":[{"embeddable":true,"href":"https:\/\/www.iew.eu\/hu\/wp-json\/wp\/v2\/users\/1"}],"replies":[{"embeddable":true,"href":"https:\/\/www.iew.eu\/hu\/wp-json\/wp\/v2\/comments?post=1213"}],"version-history":[{"count":4,"href":"https:\/\/www.iew.eu\/hu\/wp-json\/wp\/v2\/pages\/1213\/revisions"}],"predecessor-version":[{"id":8873,"href":"https:\/\/www.iew.eu\/hu\/wp-json\/wp\/v2\/pages\/1213\/revisions\/8873"}],"up":[{"embeddable":true,"href":"https:\/\/www.iew.eu\/hu\/wp-json\/wp\/v2\/pages\/1172"}],"wp:attachment":[{"href":"https:\/\/www.iew.eu\/hu\/wp-json\/wp\/v2\/media?parent=1213"}],"curies":[{"name":"wp","href":"https:\/\/api.w.org\/{rel}","templated":true}]}}