{"id":1240,"date":"2017-03-06T13:54:44","date_gmt":"2017-03-06T12:54:44","guid":{"rendered":"http:\/\/www.iew.eu\/applications\/annealing\/"},"modified":"2023-06-27T16:32:53","modified_gmt":"2023-06-27T14:32:53","slug":"annealing","status":"publish","type":"page","link":"https:\/\/www.iew.eu\/hu\/felhasznalasok\/annealing\/","title":{"rendered":"Megereszt\u00e9s"},"content":{"rendered":"","protected":false},"excerpt":{"rendered":"","protected":false},"author":1,"featured_media":0,"parent":1231,"menu_order":0,"comment_status":"closed","ping_status":"closed","template":"templates\/custom-page-dynamic.php","meta":{"footnotes":""},"class_list":["post-1240","page","type-page","status-publish","hentry"],"acf":[],"yoast_head":"<!-- This site is optimized with the Yoast SEO plugin v26.2 - https:\/\/yoast.com\/wordpress\/plugins\/seo\/ -->\n<title>Ac\u00e9l edz\u00e9se megereszt\u00e9se \u00e9s munkadarabok h\u0151kezel\u00e9se<\/title>\n<meta name=\"description\" content=\"Az ac\u00e9l edz\u00e9se ut\u00e1n sz\u00fcks\u00e9g lehet annak megereszt\u00e9s\u00e9re a megl\u00e9v\u0151 fesz\u00fclts\u00e9g ellens\u00falyoz\u00e1sa \u00e9rdek\u00e9ben. Indukt\u00edv meleg\u00edt\u0151 berendez\u00e9seket k\u00edn\u00e1lunk.\" \/>\n<meta name=\"robots\" content=\"index, follow, max-snippet:-1, max-image-preview:large, max-video-preview:-1\" \/>\n<link rel=\"canonical\" href=\"https:\/\/www.iew.eu\/hu\/felhasznalasok\/annealing\/\" \/>\n<meta property=\"og:locale\" content=\"hu_HU\" \/>\n<meta property=\"og:type\" content=\"article\" \/>\n<meta property=\"og:title\" content=\"Ac\u00e9l edz\u00e9se megereszt\u00e9se \u00e9s munkadarabok h\u0151kezel\u00e9se\" \/>\n<meta property=\"og:description\" content=\"Az ac\u00e9l edz\u00e9se ut\u00e1n sz\u00fcks\u00e9g lehet annak megereszt\u00e9s\u00e9re a megl\u00e9v\u0151 fesz\u00fclts\u00e9g ellens\u00falyoz\u00e1sa \u00e9rdek\u00e9ben. Indukt\u00edv meleg\u00edt\u0151 berendez\u00e9seket k\u00edn\u00e1lunk.\" \/>\n<meta property=\"og:url\" content=\"https:\/\/www.iew.eu\/hu\/felhasznalasok\/annealing\/\" \/>\n<meta property=\"og:site_name\" content=\"iew Induktive Erw\u00e4rmungsanlagen GmbH\" \/>\n<meta property=\"article:modified_time\" content=\"2023-06-27T14:32:53+00:00\" \/>\n<meta name=\"twitter:card\" content=\"summary_large_image\" \/>\n<script type=\"application\/ld+json\" class=\"yoast-schema-graph\">{\"@context\":\"https:\/\/schema.org\",\"@graph\":[{\"@type\":\"WebPage\",\"@id\":\"https:\/\/www.iew.eu\/hu\/felhasznalasok\/annealing\/\",\"url\":\"https:\/\/www.iew.eu\/hu\/felhasznalasok\/annealing\/\",\"name\":\"Ac\u00e9l edz\u00e9se megereszt\u00e9se \u00e9s munkadarabok h\u0151kezel\u00e9se\",\"isPartOf\":{\"@id\":\"https:\/\/www.iew.eu\/hu\/#website\"},\"datePublished\":\"2017-03-06T12:54:44+00:00\",\"dateModified\":\"2023-06-27T14:32:53+00:00\",\"description\":\"Az ac\u00e9l edz\u00e9se ut\u00e1n sz\u00fcks\u00e9g lehet annak megereszt\u00e9s\u00e9re a megl\u00e9v\u0151 fesz\u00fclts\u00e9g ellens\u00falyoz\u00e1sa \u00e9rdek\u00e9ben. Indukt\u00edv meleg\u00edt\u0151 berendez\u00e9seket k\u00edn\u00e1lunk.\",\"breadcrumb\":{\"@id\":\"https:\/\/www.iew.eu\/hu\/felhasznalasok\/annealing\/#breadcrumb\"},\"inLanguage\":\"hu\",\"potentialAction\":[{\"@type\":\"ReadAction\",\"target\":[\"https:\/\/www.iew.eu\/hu\/felhasznalasok\/annealing\/\"]}]},{\"@type\":\"BreadcrumbList\",\"@id\":\"https:\/\/www.iew.eu\/hu\/felhasznalasok\/annealing\/#breadcrumb\",\"itemListElement\":[{\"@type\":\"ListItem\",\"position\":1,\"name\":\"Startseite\",\"item\":\"https:\/\/www.iew.eu\/hu\/\"},{\"@type\":\"ListItem\",\"position\":2,\"name\":\"Felhaszn\u00e1l\u00e1sok\",\"item\":\"https:\/\/www.iew.eu\/hu\/felhasznalasok\/\"},{\"@type\":\"ListItem\",\"position\":3,\"name\":\"Megereszt\u00e9s\"}]},{\"@type\":\"WebSite\",\"@id\":\"https:\/\/www.iew.eu\/hu\/#website\",\"url\":\"https:\/\/www.iew.eu\/hu\/\",\"name\":\"iew Induktive Erw\u00e4rmungsanlagen GmbH\",\"description\":\"Ihr Partner f\u00fcr Komplettl\u00f6sungen rund um Induktive Erw\u00e4rmungsanlagen, Sondermaschinenbau und Vakuuml\u00f6ttechnik. F\u00fcr Deutschland, \u00d6sterreich, Schweiz &amp; europaweit.\",\"potentialAction\":[{\"@type\":\"SearchAction\",\"target\":{\"@type\":\"EntryPoint\",\"urlTemplate\":\"https:\/\/www.iew.eu\/hu\/?s={search_term_string}\"},\"query-input\":{\"@type\":\"PropertyValueSpecification\",\"valueRequired\":true,\"valueName\":\"search_term_string\"}}],\"inLanguage\":\"hu\"}]}<\/script>\n<!-- \/ Yoast SEO plugin. -->","yoast_head_json":{"title":"Ac\u00e9l edz\u00e9se megereszt\u00e9se \u00e9s munkadarabok h\u0151kezel\u00e9se","description":"Az ac\u00e9l edz\u00e9se ut\u00e1n sz\u00fcks\u00e9g lehet annak megereszt\u00e9s\u00e9re a megl\u00e9v\u0151 fesz\u00fclts\u00e9g ellens\u00falyoz\u00e1sa \u00e9rdek\u00e9ben. Indukt\u00edv meleg\u00edt\u0151 berendez\u00e9seket k\u00edn\u00e1lunk.","robots":{"index":"index","follow":"follow","max-snippet":"max-snippet:-1","max-image-preview":"max-image-preview:large","max-video-preview":"max-video-preview:-1"},"canonical":"https:\/\/www.iew.eu\/hu\/felhasznalasok\/annealing\/","og_locale":"hu_HU","og_type":"article","og_title":"Ac\u00e9l edz\u00e9se megereszt\u00e9se \u00e9s munkadarabok h\u0151kezel\u00e9se","og_description":"Az ac\u00e9l edz\u00e9se ut\u00e1n sz\u00fcks\u00e9g lehet annak megereszt\u00e9s\u00e9re a megl\u00e9v\u0151 fesz\u00fclts\u00e9g ellens\u00falyoz\u00e1sa \u00e9rdek\u00e9ben. Indukt\u00edv meleg\u00edt\u0151 berendez\u00e9seket k\u00edn\u00e1lunk.","og_url":"https:\/\/www.iew.eu\/hu\/felhasznalasok\/annealing\/","og_site_name":"iew Induktive Erw\u00e4rmungsanlagen GmbH","article_modified_time":"2023-06-27T14:32:53+00:00","twitter_card":"summary_large_image","schema":{"@context":"https:\/\/schema.org","@graph":[{"@type":"WebPage","@id":"https:\/\/www.iew.eu\/hu\/felhasznalasok\/annealing\/","url":"https:\/\/www.iew.eu\/hu\/felhasznalasok\/annealing\/","name":"Ac\u00e9l edz\u00e9se megereszt\u00e9se \u00e9s munkadarabok h\u0151kezel\u00e9se","isPartOf":{"@id":"https:\/\/www.iew.eu\/hu\/#website"},"datePublished":"2017-03-06T12:54:44+00:00","dateModified":"2023-06-27T14:32:53+00:00","description":"Az ac\u00e9l edz\u00e9se ut\u00e1n sz\u00fcks\u00e9g lehet annak megereszt\u00e9s\u00e9re a megl\u00e9v\u0151 fesz\u00fclts\u00e9g ellens\u00falyoz\u00e1sa \u00e9rdek\u00e9ben. Indukt\u00edv meleg\u00edt\u0151 berendez\u00e9seket k\u00edn\u00e1lunk.","breadcrumb":{"@id":"https:\/\/www.iew.eu\/hu\/felhasznalasok\/annealing\/#breadcrumb"},"inLanguage":"hu","potentialAction":[{"@type":"ReadAction","target":["https:\/\/www.iew.eu\/hu\/felhasznalasok\/annealing\/"]}]},{"@type":"BreadcrumbList","@id":"https:\/\/www.iew.eu\/hu\/felhasznalasok\/annealing\/#breadcrumb","itemListElement":[{"@type":"ListItem","position":1,"name":"Startseite","item":"https:\/\/www.iew.eu\/hu\/"},{"@type":"ListItem","position":2,"name":"Felhaszn\u00e1l\u00e1sok","item":"https:\/\/www.iew.eu\/hu\/felhasznalasok\/"},{"@type":"ListItem","position":3,"name":"Megereszt\u00e9s"}]},{"@type":"WebSite","@id":"https:\/\/www.iew.eu\/hu\/#website","url":"https:\/\/www.iew.eu\/hu\/","name":"iew Induktive Erw\u00e4rmungsanlagen GmbH","description":"Ihr Partner f\u00fcr Komplettl\u00f6sungen rund um Induktive Erw\u00e4rmungsanlagen, Sondermaschinenbau und Vakuuml\u00f6ttechnik. F\u00fcr Deutschland, \u00d6sterreich, Schweiz &amp; europaweit.","potentialAction":[{"@type":"SearchAction","target":{"@type":"EntryPoint","urlTemplate":"https:\/\/www.iew.eu\/hu\/?s={search_term_string}"},"query-input":{"@type":"PropertyValueSpecification","valueRequired":true,"valueName":"search_term_string"}}],"inLanguage":"hu"}]}},"_links":{"self":[{"href":"https:\/\/www.iew.eu\/hu\/wp-json\/wp\/v2\/pages\/1240","targetHints":{"allow":["GET"]}}],"collection":[{"href":"https:\/\/www.iew.eu\/hu\/wp-json\/wp\/v2\/pages"}],"about":[{"href":"https:\/\/www.iew.eu\/hu\/wp-json\/wp\/v2\/types\/page"}],"author":[{"embeddable":true,"href":"https:\/\/www.iew.eu\/hu\/wp-json\/wp\/v2\/users\/1"}],"replies":[{"embeddable":true,"href":"https:\/\/www.iew.eu\/hu\/wp-json\/wp\/v2\/comments?post=1240"}],"version-history":[{"count":3,"href":"https:\/\/www.iew.eu\/hu\/wp-json\/wp\/v2\/pages\/1240\/revisions"}],"predecessor-version":[{"id":7527,"href":"https:\/\/www.iew.eu\/hu\/wp-json\/wp\/v2\/pages\/1240\/revisions\/7527"}],"up":[{"embeddable":true,"href":"https:\/\/www.iew.eu\/hu\/wp-json\/wp\/v2\/pages\/1231"}],"wp:attachment":[{"href":"https:\/\/www.iew.eu\/hu\/wp-json\/wp\/v2\/media?parent=1240"}],"curies":[{"name":"wp","href":"https:\/\/api.w.org\/{rel}","templated":true}]}}