{"id":1278,"date":"2017-03-06T13:54:18","date_gmt":"2017-03-06T12:54:18","guid":{"rendered":"http:\/\/www.iew.eu\/applications\/hardening\/"},"modified":"2023-06-27T16:32:51","modified_gmt":"2023-06-27T14:32:51","slug":"hardening","status":"publish","type":"page","link":"https:\/\/www.iew.eu\/hu\/felhasznalasok\/hardening\/","title":{"rendered":"Edz\u00e9s"},"content":{"rendered":"","protected":false},"excerpt":{"rendered":"","protected":false},"author":1,"featured_media":0,"parent":1231,"menu_order":0,"comment_status":"closed","ping_status":"closed","template":"templates\/custom-page-dynamic.php","meta":{"footnotes":""},"class_list":["post-1278","page","type-page","status-publish","hentry"],"acf":[],"yoast_head":"<!-- This site is optimized with the Yoast SEO plugin v26.2 - https:\/\/yoast.com\/wordpress\/plugins\/seo\/ -->\n<title>Ac\u00e9l h\u0151kezel\u00e9se indukt\u00edv edz\u00e9ssel<\/title>\n<meta name=\"description\" content=\"Az ac\u00e9l indukt\u00edv meleg\u00edt\u00e9ssel t\u00f6rt\u00e9n\u0151 kezel\u00e9s\u00e9re specializ\u00e1l\u00f3dtunk a kem\u00e9ny\u00edt\u00e9s r\u00e9v\u00e9n. Az \u00d6n indukci\u00f3s edz\u00e9sre az indukt\u00edv edz\u00e9sre szakosodott c\u00e9ge.\" \/>\n<meta name=\"robots\" content=\"index, follow, max-snippet:-1, max-image-preview:large, max-video-preview:-1\" \/>\n<link rel=\"canonical\" href=\"https:\/\/www.iew.eu\/hu\/felhasznalasok\/hardening\/\" \/>\n<meta property=\"og:locale\" content=\"hu_HU\" \/>\n<meta property=\"og:type\" content=\"article\" \/>\n<meta property=\"og:title\" content=\"Ac\u00e9l h\u0151kezel\u00e9se indukt\u00edv edz\u00e9ssel\" \/>\n<meta property=\"og:description\" content=\"Az ac\u00e9l indukt\u00edv meleg\u00edt\u00e9ssel t\u00f6rt\u00e9n\u0151 kezel\u00e9s\u00e9re specializ\u00e1l\u00f3dtunk a kem\u00e9ny\u00edt\u00e9s r\u00e9v\u00e9n. Az \u00d6n indukci\u00f3s edz\u00e9sre az indukt\u00edv edz\u00e9sre szakosodott c\u00e9ge.\" \/>\n<meta property=\"og:url\" content=\"https:\/\/www.iew.eu\/hu\/felhasznalasok\/hardening\/\" \/>\n<meta property=\"og:site_name\" content=\"iew Induktive Erw\u00e4rmungsanlagen GmbH\" \/>\n<meta property=\"article:modified_time\" content=\"2023-06-27T14:32:51+00:00\" \/>\n<meta name=\"twitter:card\" content=\"summary_large_image\" \/>\n<script type=\"application\/ld+json\" class=\"yoast-schema-graph\">{\"@context\":\"https:\/\/schema.org\",\"@graph\":[{\"@type\":\"WebPage\",\"@id\":\"https:\/\/www.iew.eu\/hu\/felhasznalasok\/hardening\/\",\"url\":\"https:\/\/www.iew.eu\/hu\/felhasznalasok\/hardening\/\",\"name\":\"Ac\u00e9l h\u0151kezel\u00e9se indukt\u00edv edz\u00e9ssel\",\"isPartOf\":{\"@id\":\"https:\/\/www.iew.eu\/hu\/#website\"},\"datePublished\":\"2017-03-06T12:54:18+00:00\",\"dateModified\":\"2023-06-27T14:32:51+00:00\",\"description\":\"Az ac\u00e9l indukt\u00edv meleg\u00edt\u00e9ssel t\u00f6rt\u00e9n\u0151 kezel\u00e9s\u00e9re specializ\u00e1l\u00f3dtunk a kem\u00e9ny\u00edt\u00e9s r\u00e9v\u00e9n. Az \u00d6n indukci\u00f3s edz\u00e9sre az indukt\u00edv edz\u00e9sre szakosodott c\u00e9ge.\",\"breadcrumb\":{\"@id\":\"https:\/\/www.iew.eu\/hu\/felhasznalasok\/hardening\/#breadcrumb\"},\"inLanguage\":\"hu\",\"potentialAction\":[{\"@type\":\"ReadAction\",\"target\":[\"https:\/\/www.iew.eu\/hu\/felhasznalasok\/hardening\/\"]}]},{\"@type\":\"BreadcrumbList\",\"@id\":\"https:\/\/www.iew.eu\/hu\/felhasznalasok\/hardening\/#breadcrumb\",\"itemListElement\":[{\"@type\":\"ListItem\",\"position\":1,\"name\":\"Startseite\",\"item\":\"https:\/\/www.iew.eu\/hu\/\"},{\"@type\":\"ListItem\",\"position\":2,\"name\":\"Felhaszn\u00e1l\u00e1sok\",\"item\":\"https:\/\/www.iew.eu\/hu\/felhasznalasok\/\"},{\"@type\":\"ListItem\",\"position\":3,\"name\":\"Edz\u00e9s\"}]},{\"@type\":\"WebSite\",\"@id\":\"https:\/\/www.iew.eu\/hu\/#website\",\"url\":\"https:\/\/www.iew.eu\/hu\/\",\"name\":\"iew Induktive Erw\u00e4rmungsanlagen GmbH\",\"description\":\"Ihr Partner f\u00fcr Komplettl\u00f6sungen rund um Induktive Erw\u00e4rmungsanlagen, Sondermaschinenbau und Vakuuml\u00f6ttechnik. F\u00fcr Deutschland, \u00d6sterreich, Schweiz &amp; europaweit.\",\"potentialAction\":[{\"@type\":\"SearchAction\",\"target\":{\"@type\":\"EntryPoint\",\"urlTemplate\":\"https:\/\/www.iew.eu\/hu\/?s={search_term_string}\"},\"query-input\":{\"@type\":\"PropertyValueSpecification\",\"valueRequired\":true,\"valueName\":\"search_term_string\"}}],\"inLanguage\":\"hu\"}]}<\/script>\n<!-- \/ Yoast SEO plugin. -->","yoast_head_json":{"title":"Ac\u00e9l h\u0151kezel\u00e9se indukt\u00edv edz\u00e9ssel","description":"Az ac\u00e9l indukt\u00edv meleg\u00edt\u00e9ssel t\u00f6rt\u00e9n\u0151 kezel\u00e9s\u00e9re specializ\u00e1l\u00f3dtunk a kem\u00e9ny\u00edt\u00e9s r\u00e9v\u00e9n. Az \u00d6n indukci\u00f3s edz\u00e9sre az indukt\u00edv edz\u00e9sre szakosodott c\u00e9ge.","robots":{"index":"index","follow":"follow","max-snippet":"max-snippet:-1","max-image-preview":"max-image-preview:large","max-video-preview":"max-video-preview:-1"},"canonical":"https:\/\/www.iew.eu\/hu\/felhasznalasok\/hardening\/","og_locale":"hu_HU","og_type":"article","og_title":"Ac\u00e9l h\u0151kezel\u00e9se indukt\u00edv edz\u00e9ssel","og_description":"Az ac\u00e9l indukt\u00edv meleg\u00edt\u00e9ssel t\u00f6rt\u00e9n\u0151 kezel\u00e9s\u00e9re specializ\u00e1l\u00f3dtunk a kem\u00e9ny\u00edt\u00e9s r\u00e9v\u00e9n. Az \u00d6n indukci\u00f3s edz\u00e9sre az indukt\u00edv edz\u00e9sre szakosodott c\u00e9ge.","og_url":"https:\/\/www.iew.eu\/hu\/felhasznalasok\/hardening\/","og_site_name":"iew Induktive Erw\u00e4rmungsanlagen GmbH","article_modified_time":"2023-06-27T14:32:51+00:00","twitter_card":"summary_large_image","schema":{"@context":"https:\/\/schema.org","@graph":[{"@type":"WebPage","@id":"https:\/\/www.iew.eu\/hu\/felhasznalasok\/hardening\/","url":"https:\/\/www.iew.eu\/hu\/felhasznalasok\/hardening\/","name":"Ac\u00e9l h\u0151kezel\u00e9se indukt\u00edv edz\u00e9ssel","isPartOf":{"@id":"https:\/\/www.iew.eu\/hu\/#website"},"datePublished":"2017-03-06T12:54:18+00:00","dateModified":"2023-06-27T14:32:51+00:00","description":"Az ac\u00e9l indukt\u00edv meleg\u00edt\u00e9ssel t\u00f6rt\u00e9n\u0151 kezel\u00e9s\u00e9re specializ\u00e1l\u00f3dtunk a kem\u00e9ny\u00edt\u00e9s r\u00e9v\u00e9n. Az \u00d6n indukci\u00f3s edz\u00e9sre az indukt\u00edv edz\u00e9sre szakosodott c\u00e9ge.","breadcrumb":{"@id":"https:\/\/www.iew.eu\/hu\/felhasznalasok\/hardening\/#breadcrumb"},"inLanguage":"hu","potentialAction":[{"@type":"ReadAction","target":["https:\/\/www.iew.eu\/hu\/felhasznalasok\/hardening\/"]}]},{"@type":"BreadcrumbList","@id":"https:\/\/www.iew.eu\/hu\/felhasznalasok\/hardening\/#breadcrumb","itemListElement":[{"@type":"ListItem","position":1,"name":"Startseite","item":"https:\/\/www.iew.eu\/hu\/"},{"@type":"ListItem","position":2,"name":"Felhaszn\u00e1l\u00e1sok","item":"https:\/\/www.iew.eu\/hu\/felhasznalasok\/"},{"@type":"ListItem","position":3,"name":"Edz\u00e9s"}]},{"@type":"WebSite","@id":"https:\/\/www.iew.eu\/hu\/#website","url":"https:\/\/www.iew.eu\/hu\/","name":"iew Induktive Erw\u00e4rmungsanlagen GmbH","description":"Ihr Partner f\u00fcr Komplettl\u00f6sungen rund um Induktive Erw\u00e4rmungsanlagen, Sondermaschinenbau und Vakuuml\u00f6ttechnik. F\u00fcr Deutschland, \u00d6sterreich, Schweiz &amp; europaweit.","potentialAction":[{"@type":"SearchAction","target":{"@type":"EntryPoint","urlTemplate":"https:\/\/www.iew.eu\/hu\/?s={search_term_string}"},"query-input":{"@type":"PropertyValueSpecification","valueRequired":true,"valueName":"search_term_string"}}],"inLanguage":"hu"}]}},"_links":{"self":[{"href":"https:\/\/www.iew.eu\/hu\/wp-json\/wp\/v2\/pages\/1278","targetHints":{"allow":["GET"]}}],"collection":[{"href":"https:\/\/www.iew.eu\/hu\/wp-json\/wp\/v2\/pages"}],"about":[{"href":"https:\/\/www.iew.eu\/hu\/wp-json\/wp\/v2\/types\/page"}],"author":[{"embeddable":true,"href":"https:\/\/www.iew.eu\/hu\/wp-json\/wp\/v2\/users\/1"}],"replies":[{"embeddable":true,"href":"https:\/\/www.iew.eu\/hu\/wp-json\/wp\/v2\/comments?post=1278"}],"version-history":[{"count":3,"href":"https:\/\/www.iew.eu\/hu\/wp-json\/wp\/v2\/pages\/1278\/revisions"}],"predecessor-version":[{"id":7525,"href":"https:\/\/www.iew.eu\/hu\/wp-json\/wp\/v2\/pages\/1278\/revisions\/7525"}],"up":[{"embeddable":true,"href":"https:\/\/www.iew.eu\/hu\/wp-json\/wp\/v2\/pages\/1231"}],"wp:attachment":[{"href":"https:\/\/www.iew.eu\/hu\/wp-json\/wp\/v2\/media?parent=1278"}],"curies":[{"name":"wp","href":"https:\/\/api.w.org\/{rel}","templated":true}]}}