{"id":1343,"date":"2017-03-06T13:32:50","date_gmt":"2017-03-06T12:32:50","guid":{"rendered":"http:\/\/www.iew.eu\/applications\/inert-gas-and-vacuum-technology\/"},"modified":"2023-06-27T16:32:49","modified_gmt":"2023-06-27T14:32:49","slug":"inert-gas-and-vacuum-technology","status":"publish","type":"page","link":"https:\/\/www.iew.eu\/hu\/felhasznalasok\/inert-gas-and-vacuum-technology\/","title":{"rendered":"V\u00e9d\u0151g\u00e1z- \u00e9s v\u00e1kuumtechnika"},"content":{"rendered":"","protected":false},"excerpt":{"rendered":"","protected":false},"author":1,"featured_media":0,"parent":1231,"menu_order":0,"comment_status":"closed","ping_status":"closed","template":"templates\/custom-page-dynamic.php","meta":{"footnotes":""},"class_list":["post-1343","page","type-page","status-publish","hentry"],"acf":[],"yoast_head":"<!-- This site is optimized with the Yoast SEO plugin v26.2 - https:\/\/yoast.com\/wordpress\/plugins\/seo\/ -->\n<title>Indukci\u00f3s forraszt\u00e1s v\u00e9d\u0151g\u00e1z alatt ipari \u00e9s g\u00e9p\u00e9szeti c\u00e9lokra<\/title>\n<meta name=\"description\" content=\"Forraszt\u00e1s v\u00e9d\u0151g\u00e1z alatt indukt\u00edv meleg\u00edt\u00e9ssel kombin\u00e1lva. T\u0151l\u00fcnk megkap mindent, amire ehhez sz\u00fcks\u00e9ge van \u00e9s ingyenes felhaszn\u00e1l\u00f3i teszteket is biztos\u00edtunk \u00d6nnek.\" \/>\n<meta name=\"robots\" content=\"index, follow, max-snippet:-1, max-image-preview:large, max-video-preview:-1\" \/>\n<link rel=\"canonical\" href=\"https:\/\/www.iew.eu\/hu\/felhasznalasok\/inert-gas-and-vacuum-technology\/\" \/>\n<meta property=\"og:locale\" content=\"hu_HU\" \/>\n<meta property=\"og:type\" content=\"article\" \/>\n<meta property=\"og:title\" content=\"Indukci\u00f3s forraszt\u00e1s v\u00e9d\u0151g\u00e1z alatt ipari \u00e9s g\u00e9p\u00e9szeti c\u00e9lokra\" \/>\n<meta property=\"og:description\" content=\"Forraszt\u00e1s v\u00e9d\u0151g\u00e1z alatt indukt\u00edv meleg\u00edt\u00e9ssel kombin\u00e1lva. T\u0151l\u00fcnk megkap mindent, amire ehhez sz\u00fcks\u00e9ge van \u00e9s ingyenes felhaszn\u00e1l\u00f3i teszteket is biztos\u00edtunk \u00d6nnek.\" \/>\n<meta property=\"og:url\" content=\"https:\/\/www.iew.eu\/hu\/felhasznalasok\/inert-gas-and-vacuum-technology\/\" \/>\n<meta property=\"og:site_name\" content=\"iew Induktive Erw\u00e4rmungsanlagen GmbH\" \/>\n<meta property=\"article:modified_time\" content=\"2023-06-27T14:32:49+00:00\" \/>\n<meta name=\"twitter:card\" content=\"summary_large_image\" \/>\n<script type=\"application\/ld+json\" class=\"yoast-schema-graph\">{\"@context\":\"https:\/\/schema.org\",\"@graph\":[{\"@type\":\"WebPage\",\"@id\":\"https:\/\/www.iew.eu\/hu\/felhasznalasok\/inert-gas-and-vacuum-technology\/\",\"url\":\"https:\/\/www.iew.eu\/hu\/felhasznalasok\/inert-gas-and-vacuum-technology\/\",\"name\":\"Indukci\u00f3s forraszt\u00e1s v\u00e9d\u0151g\u00e1z alatt ipari \u00e9s g\u00e9p\u00e9szeti c\u00e9lokra\",\"isPartOf\":{\"@id\":\"https:\/\/www.iew.eu\/hu\/#website\"},\"datePublished\":\"2017-03-06T12:32:50+00:00\",\"dateModified\":\"2023-06-27T14:32:49+00:00\",\"description\":\"Forraszt\u00e1s v\u00e9d\u0151g\u00e1z alatt indukt\u00edv meleg\u00edt\u00e9ssel kombin\u00e1lva. T\u0151l\u00fcnk megkap mindent, amire ehhez sz\u00fcks\u00e9ge van \u00e9s ingyenes felhaszn\u00e1l\u00f3i teszteket is biztos\u00edtunk \u00d6nnek.\",\"breadcrumb\":{\"@id\":\"https:\/\/www.iew.eu\/hu\/felhasznalasok\/inert-gas-and-vacuum-technology\/#breadcrumb\"},\"inLanguage\":\"hu\",\"potentialAction\":[{\"@type\":\"ReadAction\",\"target\":[\"https:\/\/www.iew.eu\/hu\/felhasznalasok\/inert-gas-and-vacuum-technology\/\"]}]},{\"@type\":\"BreadcrumbList\",\"@id\":\"https:\/\/www.iew.eu\/hu\/felhasznalasok\/inert-gas-and-vacuum-technology\/#breadcrumb\",\"itemListElement\":[{\"@type\":\"ListItem\",\"position\":1,\"name\":\"Startseite\",\"item\":\"https:\/\/www.iew.eu\/hu\/\"},{\"@type\":\"ListItem\",\"position\":2,\"name\":\"Felhaszn\u00e1l\u00e1sok\",\"item\":\"https:\/\/www.iew.eu\/hu\/felhasznalasok\/\"},{\"@type\":\"ListItem\",\"position\":3,\"name\":\"V\u00e9d\u0151g\u00e1z- \u00e9s v\u00e1kuumtechnika\"}]},{\"@type\":\"WebSite\",\"@id\":\"https:\/\/www.iew.eu\/hu\/#website\",\"url\":\"https:\/\/www.iew.eu\/hu\/\",\"name\":\"iew Induktive Erw\u00e4rmungsanlagen GmbH\",\"description\":\"Ihr Partner f\u00fcr Komplettl\u00f6sungen rund um Induktive Erw\u00e4rmungsanlagen, Sondermaschinenbau und Vakuuml\u00f6ttechnik. F\u00fcr Deutschland, \u00d6sterreich, Schweiz &amp; europaweit.\",\"potentialAction\":[{\"@type\":\"SearchAction\",\"target\":{\"@type\":\"EntryPoint\",\"urlTemplate\":\"https:\/\/www.iew.eu\/hu\/?s={search_term_string}\"},\"query-input\":{\"@type\":\"PropertyValueSpecification\",\"valueRequired\":true,\"valueName\":\"search_term_string\"}}],\"inLanguage\":\"hu\"}]}<\/script>\n<!-- \/ Yoast SEO plugin. -->","yoast_head_json":{"title":"Indukci\u00f3s forraszt\u00e1s v\u00e9d\u0151g\u00e1z alatt ipari \u00e9s g\u00e9p\u00e9szeti c\u00e9lokra","description":"Forraszt\u00e1s v\u00e9d\u0151g\u00e1z alatt indukt\u00edv meleg\u00edt\u00e9ssel kombin\u00e1lva. T\u0151l\u00fcnk megkap mindent, amire ehhez sz\u00fcks\u00e9ge van \u00e9s ingyenes felhaszn\u00e1l\u00f3i teszteket is biztos\u00edtunk \u00d6nnek.","robots":{"index":"index","follow":"follow","max-snippet":"max-snippet:-1","max-image-preview":"max-image-preview:large","max-video-preview":"max-video-preview:-1"},"canonical":"https:\/\/www.iew.eu\/hu\/felhasznalasok\/inert-gas-and-vacuum-technology\/","og_locale":"hu_HU","og_type":"article","og_title":"Indukci\u00f3s forraszt\u00e1s v\u00e9d\u0151g\u00e1z alatt ipari \u00e9s g\u00e9p\u00e9szeti c\u00e9lokra","og_description":"Forraszt\u00e1s v\u00e9d\u0151g\u00e1z alatt indukt\u00edv meleg\u00edt\u00e9ssel kombin\u00e1lva. T\u0151l\u00fcnk megkap mindent, amire ehhez sz\u00fcks\u00e9ge van \u00e9s ingyenes felhaszn\u00e1l\u00f3i teszteket is biztos\u00edtunk \u00d6nnek.","og_url":"https:\/\/www.iew.eu\/hu\/felhasznalasok\/inert-gas-and-vacuum-technology\/","og_site_name":"iew Induktive Erw\u00e4rmungsanlagen GmbH","article_modified_time":"2023-06-27T14:32:49+00:00","twitter_card":"summary_large_image","schema":{"@context":"https:\/\/schema.org","@graph":[{"@type":"WebPage","@id":"https:\/\/www.iew.eu\/hu\/felhasznalasok\/inert-gas-and-vacuum-technology\/","url":"https:\/\/www.iew.eu\/hu\/felhasznalasok\/inert-gas-and-vacuum-technology\/","name":"Indukci\u00f3s forraszt\u00e1s v\u00e9d\u0151g\u00e1z alatt ipari \u00e9s g\u00e9p\u00e9szeti c\u00e9lokra","isPartOf":{"@id":"https:\/\/www.iew.eu\/hu\/#website"},"datePublished":"2017-03-06T12:32:50+00:00","dateModified":"2023-06-27T14:32:49+00:00","description":"Forraszt\u00e1s v\u00e9d\u0151g\u00e1z alatt indukt\u00edv meleg\u00edt\u00e9ssel kombin\u00e1lva. T\u0151l\u00fcnk megkap mindent, amire ehhez sz\u00fcks\u00e9ge van \u00e9s ingyenes felhaszn\u00e1l\u00f3i teszteket is biztos\u00edtunk \u00d6nnek.","breadcrumb":{"@id":"https:\/\/www.iew.eu\/hu\/felhasznalasok\/inert-gas-and-vacuum-technology\/#breadcrumb"},"inLanguage":"hu","potentialAction":[{"@type":"ReadAction","target":["https:\/\/www.iew.eu\/hu\/felhasznalasok\/inert-gas-and-vacuum-technology\/"]}]},{"@type":"BreadcrumbList","@id":"https:\/\/www.iew.eu\/hu\/felhasznalasok\/inert-gas-and-vacuum-technology\/#breadcrumb","itemListElement":[{"@type":"ListItem","position":1,"name":"Startseite","item":"https:\/\/www.iew.eu\/hu\/"},{"@type":"ListItem","position":2,"name":"Felhaszn\u00e1l\u00e1sok","item":"https:\/\/www.iew.eu\/hu\/felhasznalasok\/"},{"@type":"ListItem","position":3,"name":"V\u00e9d\u0151g\u00e1z- \u00e9s v\u00e1kuumtechnika"}]},{"@type":"WebSite","@id":"https:\/\/www.iew.eu\/hu\/#website","url":"https:\/\/www.iew.eu\/hu\/","name":"iew Induktive Erw\u00e4rmungsanlagen GmbH","description":"Ihr Partner f\u00fcr Komplettl\u00f6sungen rund um Induktive Erw\u00e4rmungsanlagen, Sondermaschinenbau und Vakuuml\u00f6ttechnik. F\u00fcr Deutschland, \u00d6sterreich, Schweiz &amp; europaweit.","potentialAction":[{"@type":"SearchAction","target":{"@type":"EntryPoint","urlTemplate":"https:\/\/www.iew.eu\/hu\/?s={search_term_string}"},"query-input":{"@type":"PropertyValueSpecification","valueRequired":true,"valueName":"search_term_string"}}],"inLanguage":"hu"}]}},"_links":{"self":[{"href":"https:\/\/www.iew.eu\/hu\/wp-json\/wp\/v2\/pages\/1343","targetHints":{"allow":["GET"]}}],"collection":[{"href":"https:\/\/www.iew.eu\/hu\/wp-json\/wp\/v2\/pages"}],"about":[{"href":"https:\/\/www.iew.eu\/hu\/wp-json\/wp\/v2\/types\/page"}],"author":[{"embeddable":true,"href":"https:\/\/www.iew.eu\/hu\/wp-json\/wp\/v2\/users\/1"}],"replies":[{"embeddable":true,"href":"https:\/\/www.iew.eu\/hu\/wp-json\/wp\/v2\/comments?post=1343"}],"version-history":[{"count":3,"href":"https:\/\/www.iew.eu\/hu\/wp-json\/wp\/v2\/pages\/1343\/revisions"}],"predecessor-version":[{"id":7520,"href":"https:\/\/www.iew.eu\/hu\/wp-json\/wp\/v2\/pages\/1343\/revisions\/7520"}],"up":[{"embeddable":true,"href":"https:\/\/www.iew.eu\/hu\/wp-json\/wp\/v2\/pages\/1231"}],"wp:attachment":[{"href":"https:\/\/www.iew.eu\/hu\/wp-json\/wp\/v2\/media?parent=1343"}],"curies":[{"name":"wp","href":"https:\/\/api.w.org\/{rel}","templated":true}]}}