{"id":1388,"date":"2017-03-06T11:28:57","date_gmt":"2017-03-06T10:28:57","guid":{"rendered":"http:\/\/www.iew.eu\/applications\/brazing-and-soldering-of-metals\/"},"modified":"2023-03-08T13:11:27","modified_gmt":"2023-03-08T12:11:27","slug":"brazing-and-soldering-of-metals","status":"publish","type":"page","link":"https:\/\/www.iew.eu\/hu\/felhasznalasok\/brazing-and-soldering-of-metals\/","title":{"rendered":"L&aacute;gy forraszt&aacute;s &eacute;s kem&eacute;nyforraszt&aacute;s"},"content":{"rendered":"","protected":false},"excerpt":{"rendered":"","protected":false},"author":1,"featured_media":0,"parent":1231,"menu_order":0,"comment_status":"closed","ping_status":"closed","template":"templates\/custom-page-dynamic.php","meta":{"footnotes":""},"class_list":["post-1388","page","type-page","status-publish","hentry"],"acf":[],"yoast_head":"<!-- This site is optimized with the Yoast SEO plugin v26.2 - https:\/\/yoast.com\/wordpress\/plugins\/seo\/ -->\n<title>Kem\u00e9ny forraszt\u00e1s, l\u00e1gy forraszt\u00e1s \u00e9s indukt\u00edv forraszt\u00e1s.<\/title>\n<meta name=\"description\" content=\"Az \u00d6n hozz\u00e1\u00e9rt\u0151 partnere a f\u00e9mek l\u00e1gy \u00e9s kem\u00e9ny forraszt\u00e1sa ter\u00fclet\u00e9n.\" \/>\n<meta name=\"robots\" content=\"index, follow, max-snippet:-1, max-image-preview:large, max-video-preview:-1\" \/>\n<link rel=\"canonical\" href=\"https:\/\/www.iew.eu\/hu\/felhasznalasok\/brazing-and-soldering-of-metals\/\" \/>\n<meta property=\"og:locale\" content=\"hu_HU\" \/>\n<meta property=\"og:type\" content=\"article\" \/>\n<meta property=\"og:title\" content=\"Kem\u00e9ny forraszt\u00e1s, l\u00e1gy forraszt\u00e1s \u00e9s indukt\u00edv forraszt\u00e1s.\" \/>\n<meta property=\"og:description\" content=\"Az \u00d6n hozz\u00e1\u00e9rt\u0151 partnere a f\u00e9mek l\u00e1gy \u00e9s kem\u00e9ny forraszt\u00e1sa ter\u00fclet\u00e9n.\" \/>\n<meta property=\"og:url\" content=\"https:\/\/www.iew.eu\/hu\/felhasznalasok\/brazing-and-soldering-of-metals\/\" \/>\n<meta property=\"og:site_name\" content=\"iew Induktive Erw\u00e4rmungsanlagen GmbH\" \/>\n<meta property=\"article:modified_time\" content=\"2023-03-08T12:11:27+00:00\" \/>\n<meta name=\"twitter:card\" content=\"summary_large_image\" \/>\n<script type=\"application\/ld+json\" class=\"yoast-schema-graph\">{\"@context\":\"https:\/\/schema.org\",\"@graph\":[{\"@type\":\"WebPage\",\"@id\":\"https:\/\/www.iew.eu\/hu\/felhasznalasok\/brazing-and-soldering-of-metals\/\",\"url\":\"https:\/\/www.iew.eu\/hu\/felhasznalasok\/brazing-and-soldering-of-metals\/\",\"name\":\"Kem\u00e9ny forraszt\u00e1s, l\u00e1gy forraszt\u00e1s \u00e9s indukt\u00edv forraszt\u00e1s.\",\"isPartOf\":{\"@id\":\"https:\/\/www.iew.eu\/hu\/#website\"},\"datePublished\":\"2017-03-06T10:28:57+00:00\",\"dateModified\":\"2023-03-08T12:11:27+00:00\",\"description\":\"Az \u00d6n hozz\u00e1\u00e9rt\u0151 partnere a f\u00e9mek l\u00e1gy \u00e9s kem\u00e9ny forraszt\u00e1sa ter\u00fclet\u00e9n.\",\"breadcrumb\":{\"@id\":\"https:\/\/www.iew.eu\/hu\/felhasznalasok\/brazing-and-soldering-of-metals\/#breadcrumb\"},\"inLanguage\":\"hu\",\"potentialAction\":[{\"@type\":\"ReadAction\",\"target\":[\"https:\/\/www.iew.eu\/hu\/felhasznalasok\/brazing-and-soldering-of-metals\/\"]}]},{\"@type\":\"BreadcrumbList\",\"@id\":\"https:\/\/www.iew.eu\/hu\/felhasznalasok\/brazing-and-soldering-of-metals\/#breadcrumb\",\"itemListElement\":[{\"@type\":\"ListItem\",\"position\":1,\"name\":\"Startseite\",\"item\":\"https:\/\/www.iew.eu\/hu\/\"},{\"@type\":\"ListItem\",\"position\":2,\"name\":\"Felhaszn\u00e1l\u00e1sok\",\"item\":\"https:\/\/www.iew.eu\/hu\/felhasznalasok\/\"},{\"@type\":\"ListItem\",\"position\":3,\"name\":\"L&aacute;gy forraszt&aacute;s &eacute;s kem&eacute;nyforraszt&aacute;s\"}]},{\"@type\":\"WebSite\",\"@id\":\"https:\/\/www.iew.eu\/hu\/#website\",\"url\":\"https:\/\/www.iew.eu\/hu\/\",\"name\":\"iew Induktive Erw\u00e4rmungsanlagen GmbH\",\"description\":\"Ihr Partner f\u00fcr Komplettl\u00f6sungen rund um Induktive Erw\u00e4rmungsanlagen, Sondermaschinenbau und Vakuuml\u00f6ttechnik. F\u00fcr Deutschland, \u00d6sterreich, Schweiz &amp; europaweit.\",\"potentialAction\":[{\"@type\":\"SearchAction\",\"target\":{\"@type\":\"EntryPoint\",\"urlTemplate\":\"https:\/\/www.iew.eu\/hu\/?s={search_term_string}\"},\"query-input\":{\"@type\":\"PropertyValueSpecification\",\"valueRequired\":true,\"valueName\":\"search_term_string\"}}],\"inLanguage\":\"hu\"}]}<\/script>\n<!-- \/ Yoast SEO plugin. -->","yoast_head_json":{"title":"Kem\u00e9ny forraszt\u00e1s, l\u00e1gy forraszt\u00e1s \u00e9s indukt\u00edv forraszt\u00e1s.","description":"Az \u00d6n hozz\u00e1\u00e9rt\u0151 partnere a f\u00e9mek l\u00e1gy \u00e9s kem\u00e9ny forraszt\u00e1sa ter\u00fclet\u00e9n.","robots":{"index":"index","follow":"follow","max-snippet":"max-snippet:-1","max-image-preview":"max-image-preview:large","max-video-preview":"max-video-preview:-1"},"canonical":"https:\/\/www.iew.eu\/hu\/felhasznalasok\/brazing-and-soldering-of-metals\/","og_locale":"hu_HU","og_type":"article","og_title":"Kem\u00e9ny forraszt\u00e1s, l\u00e1gy forraszt\u00e1s \u00e9s indukt\u00edv forraszt\u00e1s.","og_description":"Az \u00d6n hozz\u00e1\u00e9rt\u0151 partnere a f\u00e9mek l\u00e1gy \u00e9s kem\u00e9ny forraszt\u00e1sa ter\u00fclet\u00e9n.","og_url":"https:\/\/www.iew.eu\/hu\/felhasznalasok\/brazing-and-soldering-of-metals\/","og_site_name":"iew Induktive Erw\u00e4rmungsanlagen GmbH","article_modified_time":"2023-03-08T12:11:27+00:00","twitter_card":"summary_large_image","schema":{"@context":"https:\/\/schema.org","@graph":[{"@type":"WebPage","@id":"https:\/\/www.iew.eu\/hu\/felhasznalasok\/brazing-and-soldering-of-metals\/","url":"https:\/\/www.iew.eu\/hu\/felhasznalasok\/brazing-and-soldering-of-metals\/","name":"Kem\u00e9ny forraszt\u00e1s, l\u00e1gy forraszt\u00e1s \u00e9s indukt\u00edv forraszt\u00e1s.","isPartOf":{"@id":"https:\/\/www.iew.eu\/hu\/#website"},"datePublished":"2017-03-06T10:28:57+00:00","dateModified":"2023-03-08T12:11:27+00:00","description":"Az \u00d6n hozz\u00e1\u00e9rt\u0151 partnere a f\u00e9mek l\u00e1gy \u00e9s kem\u00e9ny forraszt\u00e1sa ter\u00fclet\u00e9n.","breadcrumb":{"@id":"https:\/\/www.iew.eu\/hu\/felhasznalasok\/brazing-and-soldering-of-metals\/#breadcrumb"},"inLanguage":"hu","potentialAction":[{"@type":"ReadAction","target":["https:\/\/www.iew.eu\/hu\/felhasznalasok\/brazing-and-soldering-of-metals\/"]}]},{"@type":"BreadcrumbList","@id":"https:\/\/www.iew.eu\/hu\/felhasznalasok\/brazing-and-soldering-of-metals\/#breadcrumb","itemListElement":[{"@type":"ListItem","position":1,"name":"Startseite","item":"https:\/\/www.iew.eu\/hu\/"},{"@type":"ListItem","position":2,"name":"Felhaszn\u00e1l\u00e1sok","item":"https:\/\/www.iew.eu\/hu\/felhasznalasok\/"},{"@type":"ListItem","position":3,"name":"L&aacute;gy forraszt&aacute;s &eacute;s kem&eacute;nyforraszt&aacute;s"}]},{"@type":"WebSite","@id":"https:\/\/www.iew.eu\/hu\/#website","url":"https:\/\/www.iew.eu\/hu\/","name":"iew Induktive Erw\u00e4rmungsanlagen GmbH","description":"Ihr Partner f\u00fcr Komplettl\u00f6sungen rund um Induktive Erw\u00e4rmungsanlagen, Sondermaschinenbau und Vakuuml\u00f6ttechnik. F\u00fcr Deutschland, \u00d6sterreich, Schweiz &amp; europaweit.","potentialAction":[{"@type":"SearchAction","target":{"@type":"EntryPoint","urlTemplate":"https:\/\/www.iew.eu\/hu\/?s={search_term_string}"},"query-input":{"@type":"PropertyValueSpecification","valueRequired":true,"valueName":"search_term_string"}}],"inLanguage":"hu"}]}},"_links":{"self":[{"href":"https:\/\/www.iew.eu\/hu\/wp-json\/wp\/v2\/pages\/1388","targetHints":{"allow":["GET"]}}],"collection":[{"href":"https:\/\/www.iew.eu\/hu\/wp-json\/wp\/v2\/pages"}],"about":[{"href":"https:\/\/www.iew.eu\/hu\/wp-json\/wp\/v2\/types\/page"}],"author":[{"embeddable":true,"href":"https:\/\/www.iew.eu\/hu\/wp-json\/wp\/v2\/users\/1"}],"replies":[{"embeddable":true,"href":"https:\/\/www.iew.eu\/hu\/wp-json\/wp\/v2\/comments?post=1388"}],"version-history":[{"count":3,"href":"https:\/\/www.iew.eu\/hu\/wp-json\/wp\/v2\/pages\/1388\/revisions"}],"predecessor-version":[{"id":7268,"href":"https:\/\/www.iew.eu\/hu\/wp-json\/wp\/v2\/pages\/1388\/revisions\/7268"}],"up":[{"embeddable":true,"href":"https:\/\/www.iew.eu\/hu\/wp-json\/wp\/v2\/pages\/1231"}],"wp:attachment":[{"href":"https:\/\/www.iew.eu\/hu\/wp-json\/wp\/v2\/media?parent=1388"}],"curies":[{"name":"wp","href":"https:\/\/api.w.org\/{rel}","templated":true}]}}