{"id":1419,"date":"2017-03-06T14:03:53","date_gmt":"2017-03-06T13:03:53","guid":{"rendered":"http:\/\/www.iew.eu\/applications\/science-and-material-testing\/"},"modified":"2023-06-27T16:33:03","modified_gmt":"2023-06-27T14:33:03","slug":"science-and-material-testing","status":"publish","type":"page","link":"https:\/\/www.iew.eu\/hu\/felhasznalasok\/science-and-material-testing\/","title":{"rendered":"Tudom\u00e1ny \u00e9s ellen\u0151rz\u00e9stechnika"},"content":{"rendered":"","protected":false},"excerpt":{"rendered":"","protected":false},"author":1,"featured_media":0,"parent":1231,"menu_order":0,"comment_status":"closed","ping_status":"closed","template":"templates\/custom-page-dynamic.php","meta":{"footnotes":""},"class_list":["post-1419","page","type-page","status-publish","hentry"],"acf":[],"yoast_head":"<!-- This site is optimized with the Yoast SEO plugin v26.2 - https:\/\/yoast.com\/wordpress\/plugins\/seo\/ -->\n<title>Indukci\u00f3s meleg\u00edt\u0151 berendez\u00e9sek Ellen\u0151rz\u00e9stechnika \u00e9s tudom\u00e1ny<\/title>\n<meta name=\"description\" content=\"Az indukt\u00edv meleg\u00edt\u00e9s sz\u00e9les k\u00f6rben alkalmazhat\u00f3 a tudom\u00e1ny \u00e9s az ellen\u0151rz\u00e9stechnika ter\u00fclet\u00e9n. Indukt\u00edv meleg\u00edt\u0151 berendez\u00e9sek gy\u00e1rt\u00f3i vagyunk.\" \/>\n<meta name=\"robots\" content=\"index, follow, max-snippet:-1, max-image-preview:large, max-video-preview:-1\" \/>\n<link rel=\"canonical\" href=\"https:\/\/www.iew.eu\/hu\/felhasznalasok\/science-and-material-testing\/\" \/>\n<meta property=\"og:locale\" content=\"hu_HU\" \/>\n<meta property=\"og:type\" content=\"article\" \/>\n<meta property=\"og:title\" content=\"Indukci\u00f3s meleg\u00edt\u0151 berendez\u00e9sek Ellen\u0151rz\u00e9stechnika \u00e9s tudom\u00e1ny\" \/>\n<meta property=\"og:description\" content=\"Az indukt\u00edv meleg\u00edt\u00e9s sz\u00e9les k\u00f6rben alkalmazhat\u00f3 a tudom\u00e1ny \u00e9s az ellen\u0151rz\u00e9stechnika ter\u00fclet\u00e9n. Indukt\u00edv meleg\u00edt\u0151 berendez\u00e9sek gy\u00e1rt\u00f3i vagyunk.\" \/>\n<meta property=\"og:url\" content=\"https:\/\/www.iew.eu\/hu\/felhasznalasok\/science-and-material-testing\/\" \/>\n<meta property=\"og:site_name\" content=\"iew Induktive Erw\u00e4rmungsanlagen GmbH\" \/>\n<meta property=\"article:modified_time\" content=\"2023-06-27T14:33:03+00:00\" \/>\n<meta name=\"twitter:card\" content=\"summary_large_image\" \/>\n<script type=\"application\/ld+json\" class=\"yoast-schema-graph\">{\"@context\":\"https:\/\/schema.org\",\"@graph\":[{\"@type\":\"WebPage\",\"@id\":\"https:\/\/www.iew.eu\/hu\/felhasznalasok\/science-and-material-testing\/\",\"url\":\"https:\/\/www.iew.eu\/hu\/felhasznalasok\/science-and-material-testing\/\",\"name\":\"Indukci\u00f3s meleg\u00edt\u0151 berendez\u00e9sek Ellen\u0151rz\u00e9stechnika \u00e9s tudom\u00e1ny\",\"isPartOf\":{\"@id\":\"https:\/\/www.iew.eu\/hu\/#website\"},\"datePublished\":\"2017-03-06T13:03:53+00:00\",\"dateModified\":\"2023-06-27T14:33:03+00:00\",\"description\":\"Az indukt\u00edv meleg\u00edt\u00e9s sz\u00e9les k\u00f6rben alkalmazhat\u00f3 a tudom\u00e1ny \u00e9s az ellen\u0151rz\u00e9stechnika ter\u00fclet\u00e9n. Indukt\u00edv meleg\u00edt\u0151 berendez\u00e9sek gy\u00e1rt\u00f3i vagyunk.\",\"breadcrumb\":{\"@id\":\"https:\/\/www.iew.eu\/hu\/felhasznalasok\/science-and-material-testing\/#breadcrumb\"},\"inLanguage\":\"hu\",\"potentialAction\":[{\"@type\":\"ReadAction\",\"target\":[\"https:\/\/www.iew.eu\/hu\/felhasznalasok\/science-and-material-testing\/\"]}]},{\"@type\":\"BreadcrumbList\",\"@id\":\"https:\/\/www.iew.eu\/hu\/felhasznalasok\/science-and-material-testing\/#breadcrumb\",\"itemListElement\":[{\"@type\":\"ListItem\",\"position\":1,\"name\":\"Startseite\",\"item\":\"https:\/\/www.iew.eu\/hu\/\"},{\"@type\":\"ListItem\",\"position\":2,\"name\":\"Felhaszn\u00e1l\u00e1sok\",\"item\":\"https:\/\/www.iew.eu\/hu\/felhasznalasok\/\"},{\"@type\":\"ListItem\",\"position\":3,\"name\":\"Tudom\u00e1ny \u00e9s ellen\u0151rz\u00e9stechnika\"}]},{\"@type\":\"WebSite\",\"@id\":\"https:\/\/www.iew.eu\/hu\/#website\",\"url\":\"https:\/\/www.iew.eu\/hu\/\",\"name\":\"iew Induktive Erw\u00e4rmungsanlagen GmbH\",\"description\":\"Ihr Partner f\u00fcr Komplettl\u00f6sungen rund um Induktive Erw\u00e4rmungsanlagen, Sondermaschinenbau und Vakuuml\u00f6ttechnik. F\u00fcr Deutschland, \u00d6sterreich, Schweiz &amp; europaweit.\",\"potentialAction\":[{\"@type\":\"SearchAction\",\"target\":{\"@type\":\"EntryPoint\",\"urlTemplate\":\"https:\/\/www.iew.eu\/hu\/?s={search_term_string}\"},\"query-input\":{\"@type\":\"PropertyValueSpecification\",\"valueRequired\":true,\"valueName\":\"search_term_string\"}}],\"inLanguage\":\"hu\"}]}<\/script>\n<!-- \/ Yoast SEO plugin. -->","yoast_head_json":{"title":"Indukci\u00f3s meleg\u00edt\u0151 berendez\u00e9sek Ellen\u0151rz\u00e9stechnika \u00e9s tudom\u00e1ny","description":"Az indukt\u00edv meleg\u00edt\u00e9s sz\u00e9les k\u00f6rben alkalmazhat\u00f3 a tudom\u00e1ny \u00e9s az ellen\u0151rz\u00e9stechnika ter\u00fclet\u00e9n. Indukt\u00edv meleg\u00edt\u0151 berendez\u00e9sek gy\u00e1rt\u00f3i vagyunk.","robots":{"index":"index","follow":"follow","max-snippet":"max-snippet:-1","max-image-preview":"max-image-preview:large","max-video-preview":"max-video-preview:-1"},"canonical":"https:\/\/www.iew.eu\/hu\/felhasznalasok\/science-and-material-testing\/","og_locale":"hu_HU","og_type":"article","og_title":"Indukci\u00f3s meleg\u00edt\u0151 berendez\u00e9sek Ellen\u0151rz\u00e9stechnika \u00e9s tudom\u00e1ny","og_description":"Az indukt\u00edv meleg\u00edt\u00e9s sz\u00e9les k\u00f6rben alkalmazhat\u00f3 a tudom\u00e1ny \u00e9s az ellen\u0151rz\u00e9stechnika ter\u00fclet\u00e9n. Indukt\u00edv meleg\u00edt\u0151 berendez\u00e9sek gy\u00e1rt\u00f3i vagyunk.","og_url":"https:\/\/www.iew.eu\/hu\/felhasznalasok\/science-and-material-testing\/","og_site_name":"iew Induktive Erw\u00e4rmungsanlagen GmbH","article_modified_time":"2023-06-27T14:33:03+00:00","twitter_card":"summary_large_image","schema":{"@context":"https:\/\/schema.org","@graph":[{"@type":"WebPage","@id":"https:\/\/www.iew.eu\/hu\/felhasznalasok\/science-and-material-testing\/","url":"https:\/\/www.iew.eu\/hu\/felhasznalasok\/science-and-material-testing\/","name":"Indukci\u00f3s meleg\u00edt\u0151 berendez\u00e9sek Ellen\u0151rz\u00e9stechnika \u00e9s tudom\u00e1ny","isPartOf":{"@id":"https:\/\/www.iew.eu\/hu\/#website"},"datePublished":"2017-03-06T13:03:53+00:00","dateModified":"2023-06-27T14:33:03+00:00","description":"Az indukt\u00edv meleg\u00edt\u00e9s sz\u00e9les k\u00f6rben alkalmazhat\u00f3 a tudom\u00e1ny \u00e9s az ellen\u0151rz\u00e9stechnika ter\u00fclet\u00e9n. Indukt\u00edv meleg\u00edt\u0151 berendez\u00e9sek gy\u00e1rt\u00f3i vagyunk.","breadcrumb":{"@id":"https:\/\/www.iew.eu\/hu\/felhasznalasok\/science-and-material-testing\/#breadcrumb"},"inLanguage":"hu","potentialAction":[{"@type":"ReadAction","target":["https:\/\/www.iew.eu\/hu\/felhasznalasok\/science-and-material-testing\/"]}]},{"@type":"BreadcrumbList","@id":"https:\/\/www.iew.eu\/hu\/felhasznalasok\/science-and-material-testing\/#breadcrumb","itemListElement":[{"@type":"ListItem","position":1,"name":"Startseite","item":"https:\/\/www.iew.eu\/hu\/"},{"@type":"ListItem","position":2,"name":"Felhaszn\u00e1l\u00e1sok","item":"https:\/\/www.iew.eu\/hu\/felhasznalasok\/"},{"@type":"ListItem","position":3,"name":"Tudom\u00e1ny \u00e9s ellen\u0151rz\u00e9stechnika"}]},{"@type":"WebSite","@id":"https:\/\/www.iew.eu\/hu\/#website","url":"https:\/\/www.iew.eu\/hu\/","name":"iew Induktive Erw\u00e4rmungsanlagen GmbH","description":"Ihr Partner f\u00fcr Komplettl\u00f6sungen rund um Induktive Erw\u00e4rmungsanlagen, Sondermaschinenbau und Vakuuml\u00f6ttechnik. F\u00fcr Deutschland, \u00d6sterreich, Schweiz &amp; europaweit.","potentialAction":[{"@type":"SearchAction","target":{"@type":"EntryPoint","urlTemplate":"https:\/\/www.iew.eu\/hu\/?s={search_term_string}"},"query-input":{"@type":"PropertyValueSpecification","valueRequired":true,"valueName":"search_term_string"}}],"inLanguage":"hu"}]}},"_links":{"self":[{"href":"https:\/\/www.iew.eu\/hu\/wp-json\/wp\/v2\/pages\/1419","targetHints":{"allow":["GET"]}}],"collection":[{"href":"https:\/\/www.iew.eu\/hu\/wp-json\/wp\/v2\/pages"}],"about":[{"href":"https:\/\/www.iew.eu\/hu\/wp-json\/wp\/v2\/types\/page"}],"author":[{"embeddable":true,"href":"https:\/\/www.iew.eu\/hu\/wp-json\/wp\/v2\/users\/1"}],"replies":[{"embeddable":true,"href":"https:\/\/www.iew.eu\/hu\/wp-json\/wp\/v2\/comments?post=1419"}],"version-history":[{"count":3,"href":"https:\/\/www.iew.eu\/hu\/wp-json\/wp\/v2\/pages\/1419\/revisions"}],"predecessor-version":[{"id":7548,"href":"https:\/\/www.iew.eu\/hu\/wp-json\/wp\/v2\/pages\/1419\/revisions\/7548"}],"up":[{"embeddable":true,"href":"https:\/\/www.iew.eu\/hu\/wp-json\/wp\/v2\/pages\/1231"}],"wp:attachment":[{"href":"https:\/\/www.iew.eu\/hu\/wp-json\/wp\/v2\/media?parent=1419"}],"curies":[{"name":"wp","href":"https:\/\/api.w.org\/{rel}","templated":true}]}}