{"id":1696,"date":"2016-09-08T11:02:48","date_gmt":"2016-09-08T09:02:48","guid":{"rendered":"http:\/\/www.iew.eu\/startseite\/"},"modified":"2025-05-20T20:35:45","modified_gmt":"2025-05-20T18:35:45","slug":"startseite","status":"publish","type":"page","link":"https:\/\/www.iew.eu\/hu\/","title":{"rendered":"Kezd\u0151lap"},"content":{"rendered":"<p>Lorem ipsum dolor sit amet, consetetur sadipscing elitr, sed diam nonumy eirmod tempor invidunt ut labore et dolore magna aliquyam erat, sed diam voluptua. At vero eos et accusam et justo duo dolores et ea rebum. Stet clita kasd gubergren, no sea takimata sanctus est Lorem ipsum dolor sit amet. Lorem ipsum dolor sit amet, consetetur sadipscing elitr, sed diam nonumy eirmod tempor invidunt ut labore et dolore magna aliquyam erat, sed diam voluptua. At vero eos et accusam et justo duo dolores et ea rebum. Stet clita kasd gubergren, no sea takimata sanctus est Lorem ipsum dolor sit amet.<\/p>\n","protected":false},"excerpt":{"rendered":"<p>Lorem ipsum dolor sit amet, consetetur sadipscing elitr, sed diam nonumy eirmod tempor invidunt ut labore et dolore magna aliquyam erat, sed diam voluptua. At vero eos et accusam et justo duo dolores et ea rebum. Stet clita kasd gubergren, no sea takimata sanctus est Lorem ipsum dolor sit amet. Lorem ipsum dolor sit amet, [&hellip;]<\/p>\n","protected":false},"author":1,"featured_media":0,"parent":0,"menu_order":0,"comment_status":"closed","ping_status":"closed","template":"templates\/custom-page-dynamic.php","meta":{"footnotes":""},"class_list":["post-1696","page","type-page","status-publish","hentry"],"acf":[],"yoast_head":"<!-- This site is optimized with the Yoast SEO plugin v26.2 - https:\/\/yoast.com\/wordpress\/plugins\/seo\/ -->\n<title>Indukt\u00edv meleg\u00edt\u0151 berendez\u00e9sek, frekvenciav\u00e1lt\u00f3k, indukci\u00f3s berendez\u00e9sek<\/title>\n<meta name=\"description\" content=\"Az \u00d6n partnere \u00e9s gy\u00e1rt\u00f3ja teljes k\u00f6r\u0171 megold\u00e1sokat k\u00edn\u00e1l az indukt\u00edv meleg\u00edt\u0151 berendez\u00e9sekhez, az indukci\u00f3s forraszt\u00e1s, a kem\u00e9ny forraszt\u00e1shoz, a frekvenciav\u00e1lt\u00f3khoz \u00e9s az indukci\u00f3s edz\u00e9shez.\" \/>\n<meta name=\"robots\" content=\"index, follow, max-snippet:-1, max-image-preview:large, max-video-preview:-1\" \/>\n<link rel=\"canonical\" href=\"https:\/\/www.iew.eu\/hu\/\" \/>\n<meta property=\"og:locale\" content=\"hu_HU\" \/>\n<meta property=\"og:type\" content=\"article\" \/>\n<meta property=\"og:title\" content=\"Indukt\u00edv meleg\u00edt\u0151 berendez\u00e9sek, frekvenciav\u00e1lt\u00f3k, indukci\u00f3s berendez\u00e9sek\" \/>\n<meta property=\"og:description\" content=\"Az \u00d6n partnere \u00e9s gy\u00e1rt\u00f3ja teljes k\u00f6r\u0171 megold\u00e1sokat k\u00edn\u00e1l az indukt\u00edv meleg\u00edt\u0151 berendez\u00e9sekhez, az indukci\u00f3s forraszt\u00e1s, a kem\u00e9ny forraszt\u00e1shoz, a frekvenciav\u00e1lt\u00f3khoz \u00e9s az indukci\u00f3s edz\u00e9shez.\" \/>\n<meta property=\"og:url\" content=\"https:\/\/www.iew.eu\/hu\/\" \/>\n<meta property=\"og:site_name\" content=\"iew Induktive Erw\u00e4rmungsanlagen GmbH\" \/>\n<meta property=\"article:modified_time\" content=\"2025-05-20T18:35:45+00:00\" \/>\n<meta name=\"twitter:card\" content=\"summary_large_image\" \/>\n<meta name=\"twitter:label1\" content=\"Becs\u00fclt olvas\u00e1si id\u0151\" \/>\n\t<meta name=\"twitter:data1\" content=\"1 perc\" \/>\n<script type=\"application\/ld+json\" class=\"yoast-schema-graph\">{\"@context\":\"https:\/\/schema.org\",\"@graph\":[{\"@type\":\"WebPage\",\"@id\":\"https:\/\/www.iew.eu\/hu\/\",\"url\":\"https:\/\/www.iew.eu\/hu\/\",\"name\":\"Indukt\u00edv meleg\u00edt\u0151 berendez\u00e9sek, frekvenciav\u00e1lt\u00f3k, indukci\u00f3s berendez\u00e9sek\",\"isPartOf\":{\"@id\":\"https:\/\/www.iew.eu\/hu\/#website\"},\"datePublished\":\"2016-09-08T09:02:48+00:00\",\"dateModified\":\"2025-05-20T18:35:45+00:00\",\"description\":\"Az \u00d6n partnere \u00e9s gy\u00e1rt\u00f3ja teljes k\u00f6r\u0171 megold\u00e1sokat k\u00edn\u00e1l az indukt\u00edv meleg\u00edt\u0151 berendez\u00e9sekhez, az indukci\u00f3s forraszt\u00e1s, a kem\u00e9ny forraszt\u00e1shoz, a frekvenciav\u00e1lt\u00f3khoz \u00e9s az indukci\u00f3s edz\u00e9shez.\",\"breadcrumb\":{\"@id\":\"https:\/\/www.iew.eu\/hu\/#breadcrumb\"},\"inLanguage\":\"hu\",\"potentialAction\":[{\"@type\":\"ReadAction\",\"target\":[\"https:\/\/www.iew.eu\/hu\/\"]}]},{\"@type\":\"BreadcrumbList\",\"@id\":\"https:\/\/www.iew.eu\/hu\/#breadcrumb\",\"itemListElement\":[{\"@type\":\"ListItem\",\"position\":1,\"name\":\"Startseite\",\"item\":\"https:\/\/www.iew.eu\/hu\/\"},{\"@type\":\"ListItem\",\"position\":2,\"name\":\"Kezd\u0151lap\"}]},{\"@type\":\"WebSite\",\"@id\":\"https:\/\/www.iew.eu\/hu\/#website\",\"url\":\"https:\/\/www.iew.eu\/hu\/\",\"name\":\"iew Induktive Erw\u00e4rmungsanlagen GmbH\",\"description\":\"Ihr Partner f\u00fcr Komplettl\u00f6sungen rund um Induktive Erw\u00e4rmungsanlagen, Sondermaschinenbau und Vakuuml\u00f6ttechnik. F\u00fcr Deutschland, \u00d6sterreich, Schweiz &amp; europaweit.\",\"potentialAction\":[{\"@type\":\"SearchAction\",\"target\":{\"@type\":\"EntryPoint\",\"urlTemplate\":\"https:\/\/www.iew.eu\/hu\/?s={search_term_string}\"},\"query-input\":{\"@type\":\"PropertyValueSpecification\",\"valueRequired\":true,\"valueName\":\"search_term_string\"}}],\"inLanguage\":\"hu\"}]}<\/script>\n<!-- \/ Yoast SEO plugin. -->","yoast_head_json":{"title":"Indukt\u00edv meleg\u00edt\u0151 berendez\u00e9sek, frekvenciav\u00e1lt\u00f3k, indukci\u00f3s berendez\u00e9sek","description":"Az \u00d6n partnere \u00e9s gy\u00e1rt\u00f3ja teljes k\u00f6r\u0171 megold\u00e1sokat k\u00edn\u00e1l az indukt\u00edv meleg\u00edt\u0151 berendez\u00e9sekhez, az indukci\u00f3s forraszt\u00e1s, a kem\u00e9ny forraszt\u00e1shoz, a frekvenciav\u00e1lt\u00f3khoz \u00e9s az indukci\u00f3s edz\u00e9shez.","robots":{"index":"index","follow":"follow","max-snippet":"max-snippet:-1","max-image-preview":"max-image-preview:large","max-video-preview":"max-video-preview:-1"},"canonical":"https:\/\/www.iew.eu\/hu\/","og_locale":"hu_HU","og_type":"article","og_title":"Indukt\u00edv meleg\u00edt\u0151 berendez\u00e9sek, frekvenciav\u00e1lt\u00f3k, indukci\u00f3s berendez\u00e9sek","og_description":"Az \u00d6n partnere \u00e9s gy\u00e1rt\u00f3ja teljes k\u00f6r\u0171 megold\u00e1sokat k\u00edn\u00e1l az indukt\u00edv meleg\u00edt\u0151 berendez\u00e9sekhez, az indukci\u00f3s forraszt\u00e1s, a kem\u00e9ny forraszt\u00e1shoz, a frekvenciav\u00e1lt\u00f3khoz \u00e9s az indukci\u00f3s edz\u00e9shez.","og_url":"https:\/\/www.iew.eu\/hu\/","og_site_name":"iew Induktive Erw\u00e4rmungsanlagen GmbH","article_modified_time":"2025-05-20T18:35:45+00:00","twitter_card":"summary_large_image","twitter_misc":{"Becs\u00fclt olvas\u00e1si id\u0151":"1 perc"},"schema":{"@context":"https:\/\/schema.org","@graph":[{"@type":"WebPage","@id":"https:\/\/www.iew.eu\/hu\/","url":"https:\/\/www.iew.eu\/hu\/","name":"Indukt\u00edv meleg\u00edt\u0151 berendez\u00e9sek, frekvenciav\u00e1lt\u00f3k, indukci\u00f3s berendez\u00e9sek","isPartOf":{"@id":"https:\/\/www.iew.eu\/hu\/#website"},"datePublished":"2016-09-08T09:02:48+00:00","dateModified":"2025-05-20T18:35:45+00:00","description":"Az \u00d6n partnere \u00e9s gy\u00e1rt\u00f3ja teljes k\u00f6r\u0171 megold\u00e1sokat k\u00edn\u00e1l az indukt\u00edv meleg\u00edt\u0151 berendez\u00e9sekhez, az indukci\u00f3s forraszt\u00e1s, a kem\u00e9ny forraszt\u00e1shoz, a frekvenciav\u00e1lt\u00f3khoz \u00e9s az indukci\u00f3s edz\u00e9shez.","breadcrumb":{"@id":"https:\/\/www.iew.eu\/hu\/#breadcrumb"},"inLanguage":"hu","potentialAction":[{"@type":"ReadAction","target":["https:\/\/www.iew.eu\/hu\/"]}]},{"@type":"BreadcrumbList","@id":"https:\/\/www.iew.eu\/hu\/#breadcrumb","itemListElement":[{"@type":"ListItem","position":1,"name":"Startseite","item":"https:\/\/www.iew.eu\/hu\/"},{"@type":"ListItem","position":2,"name":"Kezd\u0151lap"}]},{"@type":"WebSite","@id":"https:\/\/www.iew.eu\/hu\/#website","url":"https:\/\/www.iew.eu\/hu\/","name":"iew Induktive Erw\u00e4rmungsanlagen GmbH","description":"Ihr Partner f\u00fcr Komplettl\u00f6sungen rund um Induktive Erw\u00e4rmungsanlagen, Sondermaschinenbau und Vakuuml\u00f6ttechnik. F\u00fcr Deutschland, \u00d6sterreich, Schweiz &amp; europaweit.","potentialAction":[{"@type":"SearchAction","target":{"@type":"EntryPoint","urlTemplate":"https:\/\/www.iew.eu\/hu\/?s={search_term_string}"},"query-input":{"@type":"PropertyValueSpecification","valueRequired":true,"valueName":"search_term_string"}}],"inLanguage":"hu"}]}},"_links":{"self":[{"href":"https:\/\/www.iew.eu\/hu\/wp-json\/wp\/v2\/pages\/1696","targetHints":{"allow":["GET"]}}],"collection":[{"href":"https:\/\/www.iew.eu\/hu\/wp-json\/wp\/v2\/pages"}],"about":[{"href":"https:\/\/www.iew.eu\/hu\/wp-json\/wp\/v2\/types\/page"}],"author":[{"embeddable":true,"href":"https:\/\/www.iew.eu\/hu\/wp-json\/wp\/v2\/users\/1"}],"replies":[{"embeddable":true,"href":"https:\/\/www.iew.eu\/hu\/wp-json\/wp\/v2\/comments?post=1696"}],"version-history":[{"count":18,"href":"https:\/\/www.iew.eu\/hu\/wp-json\/wp\/v2\/pages\/1696\/revisions"}],"predecessor-version":[{"id":9424,"href":"https:\/\/www.iew.eu\/hu\/wp-json\/wp\/v2\/pages\/1696\/revisions\/9424"}],"wp:attachment":[{"href":"https:\/\/www.iew.eu\/hu\/wp-json\/wp\/v2\/media?parent=1696"}],"curies":[{"name":"wp","href":"https:\/\/api.w.org\/{rel}","templated":true}]}}