{"id":6943,"date":"2023-02-07T14:10:00","date_gmt":"2023-02-07T13:10:00","guid":{"rendered":"https:\/\/www.iew.eu\/azienda\/"},"modified":"2023-07-30T11:35:00","modified_gmt":"2023-07-30T09:35:00","slug":"azienda","status":"publish","type":"page","link":"https:\/\/www.iew.eu\/it\/azienda\/","title":{"rendered":"Azienda"},"content":{"rendered":"","protected":false},"excerpt":{"rendered":"","protected":false},"author":1,"featured_media":0,"parent":0,"menu_order":0,"comment_status":"closed","ping_status":"closed","template":"templates\/custom-page-dynamic.php","meta":{"footnotes":""},"class_list":["post-6943","page","type-page","status-publish","hentry"],"acf":[],"yoast_head":"<!-- This site is optimized with the Yoast SEO plugin v26.2 - https:\/\/yoast.com\/wordpress\/plugins\/seo\/ -->\n<title>L\u2019azienda per i vostri sistemi di riscaldamento | Brasatura a induzione | Realizzazione di induttori<\/title>\n<meta name=\"description\" content=\"Produttore e commerciante di sistemi di riscaldamento a induzione nell\u2019intervallo di frequenza medio e alto e sistemi di riscaldamento a induzione specializzati.\" \/>\n<meta name=\"robots\" content=\"index, follow, max-snippet:-1, max-image-preview:large, max-video-preview:-1\" \/>\n<link rel=\"canonical\" href=\"https:\/\/www.iew.eu\/it\/azienda\/\" \/>\n<meta property=\"og:locale\" content=\"it_IT\" \/>\n<meta property=\"og:type\" content=\"article\" \/>\n<meta property=\"og:title\" content=\"L\u2019azienda per i vostri sistemi di riscaldamento | Brasatura a induzione | Realizzazione di induttori\" \/>\n<meta property=\"og:description\" content=\"Produttore e commerciante di sistemi di riscaldamento a induzione nell\u2019intervallo di frequenza medio e alto e sistemi di riscaldamento a induzione specializzati.\" \/>\n<meta property=\"og:url\" content=\"https:\/\/www.iew.eu\/it\/azienda\/\" \/>\n<meta property=\"og:site_name\" content=\"iew Induktive Erw\u00e4rmungsanlagen GmbH\" \/>\n<meta property=\"article:modified_time\" content=\"2023-07-30T09:35:00+00:00\" \/>\n<meta name=\"twitter:card\" content=\"summary_large_image\" \/>\n<script type=\"application\/ld+json\" class=\"yoast-schema-graph\">{\"@context\":\"https:\/\/schema.org\",\"@graph\":[{\"@type\":\"WebPage\",\"@id\":\"https:\/\/www.iew.eu\/it\/azienda\/\",\"url\":\"https:\/\/www.iew.eu\/it\/azienda\/\",\"name\":\"L\u2019azienda per i vostri sistemi di riscaldamento | Brasatura a induzione | Realizzazione di induttori\",\"isPartOf\":{\"@id\":\"https:\/\/www.iew.eu\/it\/#website\"},\"datePublished\":\"2023-02-07T13:10:00+00:00\",\"dateModified\":\"2023-07-30T09:35:00+00:00\",\"description\":\"Produttore e commerciante di sistemi di riscaldamento a induzione nell\u2019intervallo di frequenza medio e alto e sistemi di riscaldamento a induzione specializzati.\",\"breadcrumb\":{\"@id\":\"https:\/\/www.iew.eu\/it\/azienda\/#breadcrumb\"},\"inLanguage\":\"it-IT\",\"potentialAction\":[{\"@type\":\"ReadAction\",\"target\":[\"https:\/\/www.iew.eu\/it\/azienda\/\"]}]},{\"@type\":\"BreadcrumbList\",\"@id\":\"https:\/\/www.iew.eu\/it\/azienda\/#breadcrumb\",\"itemListElement\":[{\"@type\":\"ListItem\",\"position\":1,\"name\":\"Startseite\",\"item\":\"https:\/\/www.iew.eu\/it\/\"},{\"@type\":\"ListItem\",\"position\":2,\"name\":\"Azienda\"}]},{\"@type\":\"WebSite\",\"@id\":\"https:\/\/www.iew.eu\/it\/#website\",\"url\":\"https:\/\/www.iew.eu\/it\/\",\"name\":\"iew Induktive Erw\u00e4rmungsanlagen GmbH\",\"description\":\"Ihr Partner f\u00fcr Komplettl\u00f6sungen rund um Induktive Erw\u00e4rmungsanlagen, Sondermaschinenbau und Vakuuml\u00f6ttechnik. F\u00fcr Deutschland, \u00d6sterreich, Schweiz &amp; europaweit.\",\"potentialAction\":[{\"@type\":\"SearchAction\",\"target\":{\"@type\":\"EntryPoint\",\"urlTemplate\":\"https:\/\/www.iew.eu\/it\/?s={search_term_string}\"},\"query-input\":{\"@type\":\"PropertyValueSpecification\",\"valueRequired\":true,\"valueName\":\"search_term_string\"}}],\"inLanguage\":\"it-IT\"}]}<\/script>\n<!-- \/ Yoast SEO plugin. -->","yoast_head_json":{"title":"L\u2019azienda per i vostri sistemi di riscaldamento | Brasatura a induzione | Realizzazione di induttori","description":"Produttore e commerciante di sistemi di riscaldamento a induzione nell\u2019intervallo di frequenza medio e alto e sistemi di riscaldamento a induzione specializzati.","robots":{"index":"index","follow":"follow","max-snippet":"max-snippet:-1","max-image-preview":"max-image-preview:large","max-video-preview":"max-video-preview:-1"},"canonical":"https:\/\/www.iew.eu\/it\/azienda\/","og_locale":"it_IT","og_type":"article","og_title":"L\u2019azienda per i vostri sistemi di riscaldamento | Brasatura a induzione | Realizzazione di induttori","og_description":"Produttore e commerciante di sistemi di riscaldamento a induzione nell\u2019intervallo di frequenza medio e alto e sistemi di riscaldamento a induzione specializzati.","og_url":"https:\/\/www.iew.eu\/it\/azienda\/","og_site_name":"iew Induktive Erw\u00e4rmungsanlagen GmbH","article_modified_time":"2023-07-30T09:35:00+00:00","twitter_card":"summary_large_image","schema":{"@context":"https:\/\/schema.org","@graph":[{"@type":"WebPage","@id":"https:\/\/www.iew.eu\/it\/azienda\/","url":"https:\/\/www.iew.eu\/it\/azienda\/","name":"L\u2019azienda per i vostri sistemi di riscaldamento | Brasatura a induzione | Realizzazione di induttori","isPartOf":{"@id":"https:\/\/www.iew.eu\/it\/#website"},"datePublished":"2023-02-07T13:10:00+00:00","dateModified":"2023-07-30T09:35:00+00:00","description":"Produttore e commerciante di sistemi di riscaldamento a induzione nell\u2019intervallo di frequenza medio e alto e sistemi di riscaldamento a induzione specializzati.","breadcrumb":{"@id":"https:\/\/www.iew.eu\/it\/azienda\/#breadcrumb"},"inLanguage":"it-IT","potentialAction":[{"@type":"ReadAction","target":["https:\/\/www.iew.eu\/it\/azienda\/"]}]},{"@type":"BreadcrumbList","@id":"https:\/\/www.iew.eu\/it\/azienda\/#breadcrumb","itemListElement":[{"@type":"ListItem","position":1,"name":"Startseite","item":"https:\/\/www.iew.eu\/it\/"},{"@type":"ListItem","position":2,"name":"Azienda"}]},{"@type":"WebSite","@id":"https:\/\/www.iew.eu\/it\/#website","url":"https:\/\/www.iew.eu\/it\/","name":"iew Induktive Erw\u00e4rmungsanlagen GmbH","description":"Ihr Partner f\u00fcr Komplettl\u00f6sungen rund um Induktive Erw\u00e4rmungsanlagen, Sondermaschinenbau und Vakuuml\u00f6ttechnik. F\u00fcr Deutschland, \u00d6sterreich, Schweiz &amp; europaweit.","potentialAction":[{"@type":"SearchAction","target":{"@type":"EntryPoint","urlTemplate":"https:\/\/www.iew.eu\/it\/?s={search_term_string}"},"query-input":{"@type":"PropertyValueSpecification","valueRequired":true,"valueName":"search_term_string"}}],"inLanguage":"it-IT"}]}},"_links":{"self":[{"href":"https:\/\/www.iew.eu\/it\/wp-json\/wp\/v2\/pages\/6943","targetHints":{"allow":["GET"]}}],"collection":[{"href":"https:\/\/www.iew.eu\/it\/wp-json\/wp\/v2\/pages"}],"about":[{"href":"https:\/\/www.iew.eu\/it\/wp-json\/wp\/v2\/types\/page"}],"author":[{"embeddable":true,"href":"https:\/\/www.iew.eu\/it\/wp-json\/wp\/v2\/users\/1"}],"replies":[{"embeddable":true,"href":"https:\/\/www.iew.eu\/it\/wp-json\/wp\/v2\/comments?post=6943"}],"version-history":[{"count":3,"href":"https:\/\/www.iew.eu\/it\/wp-json\/wp\/v2\/pages\/6943\/revisions"}],"predecessor-version":[{"id":8433,"href":"https:\/\/www.iew.eu\/it\/wp-json\/wp\/v2\/pages\/6943\/revisions\/8433"}],"wp:attachment":[{"href":"https:\/\/www.iew.eu\/it\/wp-json\/wp\/v2\/media?parent=6943"}],"curies":[{"name":"wp","href":"https:\/\/api.w.org\/{rel}","templated":true}]}}