{"id":6951,"date":"2017-05-22T13:37:22","date_gmt":"2017-05-22T11:37:22","guid":{"rendered":"https:\/\/www.iew.eu\/sperimentazione-pratica-gratuita\/"},"modified":"2023-07-30T14:03:49","modified_gmt":"2023-07-30T12:03:49","slug":"sperimentazione-pratica-gratuita","status":"publish","type":"page","link":"https:\/\/www.iew.eu\/it\/applicazioni\/sperimentazione-pratica-gratuita\/","title":{"rendered":"Sperimentazione pratica gratuita"},"content":{"rendered":"","protected":false},"excerpt":{"rendered":"","protected":false},"author":1,"featured_media":0,"parent":7282,"menu_order":0,"comment_status":"closed","ping_status":"closed","template":"templates\/custom-page-dynamic.php","meta":{"footnotes":""},"class_list":["post-6951","page","type-page","status-publish","hentry"],"acf":[],"yoast_head":"<!-- This site is optimized with the Yoast SEO plugin v26.2 - https:\/\/yoast.com\/wordpress\/plugins\/seo\/ -->\n<title>Induktionserw\u00e4rmungen und Induktionsanlagen Test<\/title>\n<meta name=\"description\" content=\"Kostenloser Anwendungstest rund um induktive Erw\u00e4rmungen Wir entwickeln und testen f\u00fcr Sie die optimale L\u00f6sung f\u00fcr Ihre Anwendung\" \/>\n<meta name=\"robots\" content=\"index, follow, max-snippet:-1, max-image-preview:large, max-video-preview:-1\" \/>\n<link rel=\"canonical\" href=\"https:\/\/www.iew.eu\/it\/applicazioni\/sperimentazione-pratica-gratuita\/\" \/>\n<meta property=\"og:locale\" content=\"it_IT\" \/>\n<meta property=\"og:type\" content=\"article\" \/>\n<meta property=\"og:title\" content=\"Induktionserw\u00e4rmungen und Induktionsanlagen Test\" \/>\n<meta property=\"og:description\" content=\"Kostenloser Anwendungstest rund um induktive Erw\u00e4rmungen Wir entwickeln und testen f\u00fcr Sie die optimale L\u00f6sung f\u00fcr Ihre Anwendung\" \/>\n<meta property=\"og:url\" content=\"https:\/\/www.iew.eu\/it\/applicazioni\/sperimentazione-pratica-gratuita\/\" \/>\n<meta property=\"og:site_name\" content=\"iew Induktive Erw\u00e4rmungsanlagen GmbH\" \/>\n<meta property=\"article:modified_time\" content=\"2023-07-30T12:03:49+00:00\" \/>\n<meta name=\"twitter:card\" content=\"summary_large_image\" \/>\n<script type=\"application\/ld+json\" class=\"yoast-schema-graph\">{\"@context\":\"https:\/\/schema.org\",\"@graph\":[{\"@type\":\"WebPage\",\"@id\":\"https:\/\/www.iew.eu\/it\/applicazioni\/sperimentazione-pratica-gratuita\/\",\"url\":\"https:\/\/www.iew.eu\/it\/applicazioni\/sperimentazione-pratica-gratuita\/\",\"name\":\"Induktionserw\u00e4rmungen und Induktionsanlagen Test\",\"isPartOf\":{\"@id\":\"https:\/\/www.iew.eu\/it\/#website\"},\"datePublished\":\"2017-05-22T11:37:22+00:00\",\"dateModified\":\"2023-07-30T12:03:49+00:00\",\"description\":\"Kostenloser Anwendungstest rund um induktive Erw\u00e4rmungen Wir entwickeln und testen f\u00fcr Sie die optimale L\u00f6sung f\u00fcr Ihre Anwendung\",\"breadcrumb\":{\"@id\":\"https:\/\/www.iew.eu\/it\/applicazioni\/sperimentazione-pratica-gratuita\/#breadcrumb\"},\"inLanguage\":\"it-IT\",\"potentialAction\":[{\"@type\":\"ReadAction\",\"target\":[\"https:\/\/www.iew.eu\/it\/applicazioni\/sperimentazione-pratica-gratuita\/\"]}]},{\"@type\":\"BreadcrumbList\",\"@id\":\"https:\/\/www.iew.eu\/it\/applicazioni\/sperimentazione-pratica-gratuita\/#breadcrumb\",\"itemListElement\":[{\"@type\":\"ListItem\",\"position\":1,\"name\":\"Startseite\",\"item\":\"https:\/\/www.iew.eu\/it\/\"},{\"@type\":\"ListItem\",\"position\":2,\"name\":\"Applicazioni\",\"item\":\"https:\/\/www.iew.eu\/it\/applicazioni\/\"},{\"@type\":\"ListItem\",\"position\":3,\"name\":\"Sperimentazione pratica gratuita\"}]},{\"@type\":\"WebSite\",\"@id\":\"https:\/\/www.iew.eu\/it\/#website\",\"url\":\"https:\/\/www.iew.eu\/it\/\",\"name\":\"iew Induktive Erw\u00e4rmungsanlagen GmbH\",\"description\":\"Ihr Partner f\u00fcr Komplettl\u00f6sungen rund um Induktive Erw\u00e4rmungsanlagen, Sondermaschinenbau und Vakuuml\u00f6ttechnik. F\u00fcr Deutschland, \u00d6sterreich, Schweiz &amp; europaweit.\",\"potentialAction\":[{\"@type\":\"SearchAction\",\"target\":{\"@type\":\"EntryPoint\",\"urlTemplate\":\"https:\/\/www.iew.eu\/it\/?s={search_term_string}\"},\"query-input\":{\"@type\":\"PropertyValueSpecification\",\"valueRequired\":true,\"valueName\":\"search_term_string\"}}],\"inLanguage\":\"it-IT\"}]}<\/script>\n<!-- \/ Yoast SEO plugin. -->","yoast_head_json":{"title":"Induktionserw\u00e4rmungen und Induktionsanlagen Test","description":"Kostenloser Anwendungstest rund um induktive Erw\u00e4rmungen Wir entwickeln und testen f\u00fcr Sie die optimale L\u00f6sung f\u00fcr Ihre Anwendung","robots":{"index":"index","follow":"follow","max-snippet":"max-snippet:-1","max-image-preview":"max-image-preview:large","max-video-preview":"max-video-preview:-1"},"canonical":"https:\/\/www.iew.eu\/it\/applicazioni\/sperimentazione-pratica-gratuita\/","og_locale":"it_IT","og_type":"article","og_title":"Induktionserw\u00e4rmungen und Induktionsanlagen Test","og_description":"Kostenloser Anwendungstest rund um induktive Erw\u00e4rmungen Wir entwickeln und testen f\u00fcr Sie die optimale L\u00f6sung f\u00fcr Ihre Anwendung","og_url":"https:\/\/www.iew.eu\/it\/applicazioni\/sperimentazione-pratica-gratuita\/","og_site_name":"iew Induktive Erw\u00e4rmungsanlagen GmbH","article_modified_time":"2023-07-30T12:03:49+00:00","twitter_card":"summary_large_image","schema":{"@context":"https:\/\/schema.org","@graph":[{"@type":"WebPage","@id":"https:\/\/www.iew.eu\/it\/applicazioni\/sperimentazione-pratica-gratuita\/","url":"https:\/\/www.iew.eu\/it\/applicazioni\/sperimentazione-pratica-gratuita\/","name":"Induktionserw\u00e4rmungen und Induktionsanlagen Test","isPartOf":{"@id":"https:\/\/www.iew.eu\/it\/#website"},"datePublished":"2017-05-22T11:37:22+00:00","dateModified":"2023-07-30T12:03:49+00:00","description":"Kostenloser Anwendungstest rund um induktive Erw\u00e4rmungen Wir entwickeln und testen f\u00fcr Sie die optimale L\u00f6sung f\u00fcr Ihre Anwendung","breadcrumb":{"@id":"https:\/\/www.iew.eu\/it\/applicazioni\/sperimentazione-pratica-gratuita\/#breadcrumb"},"inLanguage":"it-IT","potentialAction":[{"@type":"ReadAction","target":["https:\/\/www.iew.eu\/it\/applicazioni\/sperimentazione-pratica-gratuita\/"]}]},{"@type":"BreadcrumbList","@id":"https:\/\/www.iew.eu\/it\/applicazioni\/sperimentazione-pratica-gratuita\/#breadcrumb","itemListElement":[{"@type":"ListItem","position":1,"name":"Startseite","item":"https:\/\/www.iew.eu\/it\/"},{"@type":"ListItem","position":2,"name":"Applicazioni","item":"https:\/\/www.iew.eu\/it\/applicazioni\/"},{"@type":"ListItem","position":3,"name":"Sperimentazione pratica gratuita"}]},{"@type":"WebSite","@id":"https:\/\/www.iew.eu\/it\/#website","url":"https:\/\/www.iew.eu\/it\/","name":"iew Induktive Erw\u00e4rmungsanlagen GmbH","description":"Ihr Partner f\u00fcr Komplettl\u00f6sungen rund um Induktive Erw\u00e4rmungsanlagen, Sondermaschinenbau und Vakuuml\u00f6ttechnik. F\u00fcr Deutschland, \u00d6sterreich, Schweiz &amp; europaweit.","potentialAction":[{"@type":"SearchAction","target":{"@type":"EntryPoint","urlTemplate":"https:\/\/www.iew.eu\/it\/?s={search_term_string}"},"query-input":{"@type":"PropertyValueSpecification","valueRequired":true,"valueName":"search_term_string"}}],"inLanguage":"it-IT"}]}},"_links":{"self":[{"href":"https:\/\/www.iew.eu\/it\/wp-json\/wp\/v2\/pages\/6951","targetHints":{"allow":["GET"]}}],"collection":[{"href":"https:\/\/www.iew.eu\/it\/wp-json\/wp\/v2\/pages"}],"about":[{"href":"https:\/\/www.iew.eu\/it\/wp-json\/wp\/v2\/types\/page"}],"author":[{"embeddable":true,"href":"https:\/\/www.iew.eu\/it\/wp-json\/wp\/v2\/users\/1"}],"replies":[{"embeddable":true,"href":"https:\/\/www.iew.eu\/it\/wp-json\/wp\/v2\/comments?post=6951"}],"version-history":[{"count":5,"href":"https:\/\/www.iew.eu\/it\/wp-json\/wp\/v2\/pages\/6951\/revisions"}],"predecessor-version":[{"id":8474,"href":"https:\/\/www.iew.eu\/it\/wp-json\/wp\/v2\/pages\/6951\/revisions\/8474"}],"up":[{"embeddable":true,"href":"https:\/\/www.iew.eu\/it\/wp-json\/wp\/v2\/pages\/7282"}],"wp:attachment":[{"href":"https:\/\/www.iew.eu\/it\/wp-json\/wp\/v2\/media?parent=6951"}],"curies":[{"name":"wp","href":"https:\/\/api.w.org\/{rel}","templated":true}]}}