{"id":7295,"date":"2017-03-07T11:16:14","date_gmt":"2017-03-07T10:16:14","guid":{"rendered":"https:\/\/www.iew.eu\/prodotti\/sistemi-di-riscaldamento-a-induzione\/sistemi-fissi\/"},"modified":"2023-07-30T12:53:15","modified_gmt":"2023-07-30T10:53:15","slug":"sistemi-fissi","status":"publish","type":"page","link":"https:\/\/www.iew.eu\/it\/prodotti\/sistemi-di-riscaldamento-ad-induzione\/sistemi-fissi\/","title":{"rendered":"Sistemi fissi"},"content":{"rendered":"","protected":false},"excerpt":{"rendered":"","protected":false},"author":1,"featured_media":0,"parent":7294,"menu_order":0,"comment_status":"closed","ping_status":"closed","template":"templates\/custom-page-dynamic.php","meta":{"footnotes":""},"class_list":["post-7295","page","type-page","status-publish","hentry"],"acf":[],"yoast_head":"<!-- This site is optimized with the Yoast SEO plugin v26.2 - https:\/\/yoast.com\/wordpress\/plugins\/seo\/ -->\n<title>Sistemi fissi &#8212; iew Induktive Erw\u00e4rmungsanlagen GmbH<\/title>\n<meta name=\"robots\" content=\"index, follow, max-snippet:-1, max-image-preview:large, max-video-preview:-1\" \/>\n<link rel=\"canonical\" href=\"https:\/\/www.iew.eu\/it\/prodotti\/sistemi-di-riscaldamento-ad-induzione\/sistemi-fissi\/\" \/>\n<meta property=\"og:locale\" content=\"it_IT\" \/>\n<meta property=\"og:type\" content=\"article\" \/>\n<meta property=\"og:title\" content=\"Sistemi fissi &#8212; iew Induktive Erw\u00e4rmungsanlagen GmbH\" \/>\n<meta property=\"og:url\" content=\"https:\/\/www.iew.eu\/it\/prodotti\/sistemi-di-riscaldamento-ad-induzione\/sistemi-fissi\/\" \/>\n<meta property=\"og:site_name\" content=\"iew Induktive Erw\u00e4rmungsanlagen GmbH\" \/>\n<meta property=\"article:modified_time\" content=\"2023-07-30T10:53:15+00:00\" \/>\n<meta name=\"twitter:card\" content=\"summary_large_image\" \/>\n<script type=\"application\/ld+json\" class=\"yoast-schema-graph\">{\"@context\":\"https:\/\/schema.org\",\"@graph\":[{\"@type\":\"WebPage\",\"@id\":\"https:\/\/www.iew.eu\/it\/prodotti\/sistemi-di-riscaldamento-ad-induzione\/sistemi-fissi\/\",\"url\":\"https:\/\/www.iew.eu\/it\/prodotti\/sistemi-di-riscaldamento-ad-induzione\/sistemi-fissi\/\",\"name\":\"Sistemi fissi &#8212; iew Induktive Erw\u00e4rmungsanlagen GmbH\",\"isPartOf\":{\"@id\":\"https:\/\/www.iew.eu\/it\/#website\"},\"datePublished\":\"2017-03-07T10:16:14+00:00\",\"dateModified\":\"2023-07-30T10:53:15+00:00\",\"breadcrumb\":{\"@id\":\"https:\/\/www.iew.eu\/it\/prodotti\/sistemi-di-riscaldamento-ad-induzione\/sistemi-fissi\/#breadcrumb\"},\"inLanguage\":\"it-IT\",\"potentialAction\":[{\"@type\":\"ReadAction\",\"target\":[\"https:\/\/www.iew.eu\/it\/prodotti\/sistemi-di-riscaldamento-ad-induzione\/sistemi-fissi\/\"]}]},{\"@type\":\"BreadcrumbList\",\"@id\":\"https:\/\/www.iew.eu\/it\/prodotti\/sistemi-di-riscaldamento-ad-induzione\/sistemi-fissi\/#breadcrumb\",\"itemListElement\":[{\"@type\":\"ListItem\",\"position\":1,\"name\":\"Startseite\",\"item\":\"https:\/\/www.iew.eu\/it\/\"},{\"@type\":\"ListItem\",\"position\":2,\"name\":\"Prodotti\",\"item\":\"https:\/\/www.iew.eu\/it\/prodotti\/\"},{\"@type\":\"ListItem\",\"position\":3,\"name\":\"Sistemi di riscaldamento ad induzione\",\"item\":\"https:\/\/www.iew.eu\/it\/prodotti\/sistemi-di-riscaldamento-ad-induzione\/\"},{\"@type\":\"ListItem\",\"position\":4,\"name\":\"Sistemi fissi\"}]},{\"@type\":\"WebSite\",\"@id\":\"https:\/\/www.iew.eu\/it\/#website\",\"url\":\"https:\/\/www.iew.eu\/it\/\",\"name\":\"iew Induktive Erw\u00e4rmungsanlagen GmbH\",\"description\":\"Ihr Partner f\u00fcr Komplettl\u00f6sungen rund um Induktive Erw\u00e4rmungsanlagen, Sondermaschinenbau und Vakuuml\u00f6ttechnik. F\u00fcr Deutschland, \u00d6sterreich, Schweiz &amp; europaweit.\",\"potentialAction\":[{\"@type\":\"SearchAction\",\"target\":{\"@type\":\"EntryPoint\",\"urlTemplate\":\"https:\/\/www.iew.eu\/it\/?s={search_term_string}\"},\"query-input\":{\"@type\":\"PropertyValueSpecification\",\"valueRequired\":true,\"valueName\":\"search_term_string\"}}],\"inLanguage\":\"it-IT\"}]}<\/script>\n<!-- \/ Yoast SEO plugin. -->","yoast_head_json":{"title":"Sistemi fissi &#8212; iew Induktive Erw\u00e4rmungsanlagen GmbH","robots":{"index":"index","follow":"follow","max-snippet":"max-snippet:-1","max-image-preview":"max-image-preview:large","max-video-preview":"max-video-preview:-1"},"canonical":"https:\/\/www.iew.eu\/it\/prodotti\/sistemi-di-riscaldamento-ad-induzione\/sistemi-fissi\/","og_locale":"it_IT","og_type":"article","og_title":"Sistemi fissi &#8212; iew Induktive Erw\u00e4rmungsanlagen GmbH","og_url":"https:\/\/www.iew.eu\/it\/prodotti\/sistemi-di-riscaldamento-ad-induzione\/sistemi-fissi\/","og_site_name":"iew Induktive Erw\u00e4rmungsanlagen GmbH","article_modified_time":"2023-07-30T10:53:15+00:00","twitter_card":"summary_large_image","schema":{"@context":"https:\/\/schema.org","@graph":[{"@type":"WebPage","@id":"https:\/\/www.iew.eu\/it\/prodotti\/sistemi-di-riscaldamento-ad-induzione\/sistemi-fissi\/","url":"https:\/\/www.iew.eu\/it\/prodotti\/sistemi-di-riscaldamento-ad-induzione\/sistemi-fissi\/","name":"Sistemi fissi &#8212; iew Induktive Erw\u00e4rmungsanlagen GmbH","isPartOf":{"@id":"https:\/\/www.iew.eu\/it\/#website"},"datePublished":"2017-03-07T10:16:14+00:00","dateModified":"2023-07-30T10:53:15+00:00","breadcrumb":{"@id":"https:\/\/www.iew.eu\/it\/prodotti\/sistemi-di-riscaldamento-ad-induzione\/sistemi-fissi\/#breadcrumb"},"inLanguage":"it-IT","potentialAction":[{"@type":"ReadAction","target":["https:\/\/www.iew.eu\/it\/prodotti\/sistemi-di-riscaldamento-ad-induzione\/sistemi-fissi\/"]}]},{"@type":"BreadcrumbList","@id":"https:\/\/www.iew.eu\/it\/prodotti\/sistemi-di-riscaldamento-ad-induzione\/sistemi-fissi\/#breadcrumb","itemListElement":[{"@type":"ListItem","position":1,"name":"Startseite","item":"https:\/\/www.iew.eu\/it\/"},{"@type":"ListItem","position":2,"name":"Prodotti","item":"https:\/\/www.iew.eu\/it\/prodotti\/"},{"@type":"ListItem","position":3,"name":"Sistemi di riscaldamento ad induzione","item":"https:\/\/www.iew.eu\/it\/prodotti\/sistemi-di-riscaldamento-ad-induzione\/"},{"@type":"ListItem","position":4,"name":"Sistemi fissi"}]},{"@type":"WebSite","@id":"https:\/\/www.iew.eu\/it\/#website","url":"https:\/\/www.iew.eu\/it\/","name":"iew Induktive Erw\u00e4rmungsanlagen GmbH","description":"Ihr Partner f\u00fcr Komplettl\u00f6sungen rund um Induktive Erw\u00e4rmungsanlagen, Sondermaschinenbau und Vakuuml\u00f6ttechnik. F\u00fcr Deutschland, \u00d6sterreich, Schweiz &amp; europaweit.","potentialAction":[{"@type":"SearchAction","target":{"@type":"EntryPoint","urlTemplate":"https:\/\/www.iew.eu\/it\/?s={search_term_string}"},"query-input":{"@type":"PropertyValueSpecification","valueRequired":true,"valueName":"search_term_string"}}],"inLanguage":"it-IT"}]}},"_links":{"self":[{"href":"https:\/\/www.iew.eu\/it\/wp-json\/wp\/v2\/pages\/7295","targetHints":{"allow":["GET"]}}],"collection":[{"href":"https:\/\/www.iew.eu\/it\/wp-json\/wp\/v2\/pages"}],"about":[{"href":"https:\/\/www.iew.eu\/it\/wp-json\/wp\/v2\/types\/page"}],"author":[{"embeddable":true,"href":"https:\/\/www.iew.eu\/it\/wp-json\/wp\/v2\/users\/1"}],"replies":[{"embeddable":true,"href":"https:\/\/www.iew.eu\/it\/wp-json\/wp\/v2\/comments?post=7295"}],"version-history":[{"count":4,"href":"https:\/\/www.iew.eu\/it\/wp-json\/wp\/v2\/pages\/7295\/revisions"}],"predecessor-version":[{"id":8450,"href":"https:\/\/www.iew.eu\/it\/wp-json\/wp\/v2\/pages\/7295\/revisions\/8450"}],"up":[{"embeddable":true,"href":"https:\/\/www.iew.eu\/it\/wp-json\/wp\/v2\/pages\/7294"}],"wp:attachment":[{"href":"https:\/\/www.iew.eu\/it\/wp-json\/wp\/v2\/media?parent=7295"}],"curies":[{"name":"wp","href":"https:\/\/api.w.org\/{rel}","templated":true}]}}