{"id":7159,"date":"2023-02-07T14:21:48","date_gmt":"2023-02-07T13:21:48","guid":{"rendered":"https:\/\/www.iew.eu\/zastosowania\/"},"modified":"2023-07-05T17:48:05","modified_gmt":"2023-07-05T15:48:05","slug":"zastosowania","status":"publish","type":"page","link":"https:\/\/www.iew.eu\/pl\/zastosowania\/","title":{"rendered":"Zastosowania"},"content":{"rendered":"","protected":false},"excerpt":{"rendered":"","protected":false},"author":1,"featured_media":0,"parent":0,"menu_order":0,"comment_status":"closed","ping_status":"closed","template":"templates\/custom-page-dynamic.php","meta":{"footnotes":""},"class_list":["post-7159","page","type-page","status-publish","hentry"],"acf":[],"yoast_head":"<!-- This site is optimized with the Yoast SEO plugin v26.2 - https:\/\/yoast.com\/wordpress\/plugins\/seo\/ -->\n<title>Zastosowania metody nagrzewania indukcyjnego | Lutowanie indukcyjne | Hartowanie indukcyjne<\/title>\n<meta name=\"description\" content=\"Obszary zastosowa\u0144 metody nagrzewania metali za pomoc\u0105 naszych urz\u0105dze\u0144 do nagrzewania indukcyjnego. Niewi\u0105\u017c\u0105ce doradztwo, indywidualne i\u00a0optymalne rozwi\u0105zania.\" \/>\n<meta name=\"robots\" content=\"index, follow, max-snippet:-1, max-image-preview:large, max-video-preview:-1\" \/>\n<link rel=\"canonical\" href=\"https:\/\/www.iew.eu\/pl\/zastosowania\/\" \/>\n<meta property=\"og:locale\" content=\"pl_PL\" \/>\n<meta property=\"og:type\" content=\"article\" \/>\n<meta property=\"og:title\" content=\"Zastosowania metody nagrzewania indukcyjnego | Lutowanie indukcyjne | Hartowanie indukcyjne\" \/>\n<meta property=\"og:description\" content=\"Obszary zastosowa\u0144 metody nagrzewania metali za pomoc\u0105 naszych urz\u0105dze\u0144 do nagrzewania indukcyjnego. Niewi\u0105\u017c\u0105ce doradztwo, indywidualne i\u00a0optymalne rozwi\u0105zania.\" \/>\n<meta property=\"og:url\" content=\"https:\/\/www.iew.eu\/pl\/zastosowania\/\" \/>\n<meta property=\"og:site_name\" content=\"iew Induktive Erw\u00e4rmungsanlagen GmbH\" \/>\n<meta property=\"article:modified_time\" content=\"2023-07-05T15:48:05+00:00\" \/>\n<meta name=\"twitter:card\" content=\"summary_large_image\" \/>\n<script type=\"application\/ld+json\" class=\"yoast-schema-graph\">{\"@context\":\"https:\/\/schema.org\",\"@graph\":[{\"@type\":\"WebPage\",\"@id\":\"https:\/\/www.iew.eu\/pl\/zastosowania\/\",\"url\":\"https:\/\/www.iew.eu\/pl\/zastosowania\/\",\"name\":\"Zastosowania metody nagrzewania indukcyjnego | Lutowanie indukcyjne | Hartowanie indukcyjne\",\"isPartOf\":{\"@id\":\"https:\/\/www.iew.eu\/pl\/#website\"},\"datePublished\":\"2023-02-07T13:21:48+00:00\",\"dateModified\":\"2023-07-05T15:48:05+00:00\",\"description\":\"Obszary zastosowa\u0144 metody nagrzewania metali za pomoc\u0105 naszych urz\u0105dze\u0144 do nagrzewania indukcyjnego. Niewi\u0105\u017c\u0105ce doradztwo, indywidualne i\u00a0optymalne rozwi\u0105zania.\",\"breadcrumb\":{\"@id\":\"https:\/\/www.iew.eu\/pl\/zastosowania\/#breadcrumb\"},\"inLanguage\":\"pl-PL\",\"potentialAction\":[{\"@type\":\"ReadAction\",\"target\":[\"https:\/\/www.iew.eu\/pl\/zastosowania\/\"]}]},{\"@type\":\"BreadcrumbList\",\"@id\":\"https:\/\/www.iew.eu\/pl\/zastosowania\/#breadcrumb\",\"itemListElement\":[{\"@type\":\"ListItem\",\"position\":1,\"name\":\"Startseite\",\"item\":\"https:\/\/www.iew.eu\/pl\/\"},{\"@type\":\"ListItem\",\"position\":2,\"name\":\"Zastosowania\"}]},{\"@type\":\"WebSite\",\"@id\":\"https:\/\/www.iew.eu\/pl\/#website\",\"url\":\"https:\/\/www.iew.eu\/pl\/\",\"name\":\"iew Induktive Erw\u00e4rmungsanlagen GmbH\",\"description\":\"Ihr Partner f\u00fcr Komplettl\u00f6sungen rund um Induktive Erw\u00e4rmungsanlagen, Sondermaschinenbau und Vakuuml\u00f6ttechnik. F\u00fcr Deutschland, \u00d6sterreich, Schweiz &amp; europaweit.\",\"potentialAction\":[{\"@type\":\"SearchAction\",\"target\":{\"@type\":\"EntryPoint\",\"urlTemplate\":\"https:\/\/www.iew.eu\/pl\/?s={search_term_string}\"},\"query-input\":{\"@type\":\"PropertyValueSpecification\",\"valueRequired\":true,\"valueName\":\"search_term_string\"}}],\"inLanguage\":\"pl-PL\"}]}<\/script>\n<!-- \/ Yoast SEO plugin. -->","yoast_head_json":{"title":"Zastosowania metody nagrzewania indukcyjnego | Lutowanie indukcyjne | Hartowanie indukcyjne","description":"Obszary zastosowa\u0144 metody nagrzewania metali za pomoc\u0105 naszych urz\u0105dze\u0144 do nagrzewania indukcyjnego. Niewi\u0105\u017c\u0105ce doradztwo, indywidualne i\u00a0optymalne rozwi\u0105zania.","robots":{"index":"index","follow":"follow","max-snippet":"max-snippet:-1","max-image-preview":"max-image-preview:large","max-video-preview":"max-video-preview:-1"},"canonical":"https:\/\/www.iew.eu\/pl\/zastosowania\/","og_locale":"pl_PL","og_type":"article","og_title":"Zastosowania metody nagrzewania indukcyjnego | Lutowanie indukcyjne | Hartowanie indukcyjne","og_description":"Obszary zastosowa\u0144 metody nagrzewania metali za pomoc\u0105 naszych urz\u0105dze\u0144 do nagrzewania indukcyjnego. Niewi\u0105\u017c\u0105ce doradztwo, indywidualne i\u00a0optymalne rozwi\u0105zania.","og_url":"https:\/\/www.iew.eu\/pl\/zastosowania\/","og_site_name":"iew Induktive Erw\u00e4rmungsanlagen GmbH","article_modified_time":"2023-07-05T15:48:05+00:00","twitter_card":"summary_large_image","schema":{"@context":"https:\/\/schema.org","@graph":[{"@type":"WebPage","@id":"https:\/\/www.iew.eu\/pl\/zastosowania\/","url":"https:\/\/www.iew.eu\/pl\/zastosowania\/","name":"Zastosowania metody nagrzewania indukcyjnego | Lutowanie indukcyjne | Hartowanie indukcyjne","isPartOf":{"@id":"https:\/\/www.iew.eu\/pl\/#website"},"datePublished":"2023-02-07T13:21:48+00:00","dateModified":"2023-07-05T15:48:05+00:00","description":"Obszary zastosowa\u0144 metody nagrzewania metali za pomoc\u0105 naszych urz\u0105dze\u0144 do nagrzewania indukcyjnego. Niewi\u0105\u017c\u0105ce doradztwo, indywidualne i\u00a0optymalne rozwi\u0105zania.","breadcrumb":{"@id":"https:\/\/www.iew.eu\/pl\/zastosowania\/#breadcrumb"},"inLanguage":"pl-PL","potentialAction":[{"@type":"ReadAction","target":["https:\/\/www.iew.eu\/pl\/zastosowania\/"]}]},{"@type":"BreadcrumbList","@id":"https:\/\/www.iew.eu\/pl\/zastosowania\/#breadcrumb","itemListElement":[{"@type":"ListItem","position":1,"name":"Startseite","item":"https:\/\/www.iew.eu\/pl\/"},{"@type":"ListItem","position":2,"name":"Zastosowania"}]},{"@type":"WebSite","@id":"https:\/\/www.iew.eu\/pl\/#website","url":"https:\/\/www.iew.eu\/pl\/","name":"iew Induktive Erw\u00e4rmungsanlagen GmbH","description":"Ihr Partner f\u00fcr Komplettl\u00f6sungen rund um Induktive Erw\u00e4rmungsanlagen, Sondermaschinenbau und Vakuuml\u00f6ttechnik. F\u00fcr Deutschland, \u00d6sterreich, Schweiz &amp; europaweit.","potentialAction":[{"@type":"SearchAction","target":{"@type":"EntryPoint","urlTemplate":"https:\/\/www.iew.eu\/pl\/?s={search_term_string}"},"query-input":{"@type":"PropertyValueSpecification","valueRequired":true,"valueName":"search_term_string"}}],"inLanguage":"pl-PL"}]}},"_links":{"self":[{"href":"https:\/\/www.iew.eu\/pl\/wp-json\/wp\/v2\/pages\/7159","targetHints":{"allow":["GET"]}}],"collection":[{"href":"https:\/\/www.iew.eu\/pl\/wp-json\/wp\/v2\/pages"}],"about":[{"href":"https:\/\/www.iew.eu\/pl\/wp-json\/wp\/v2\/types\/page"}],"author":[{"embeddable":true,"href":"https:\/\/www.iew.eu\/pl\/wp-json\/wp\/v2\/users\/1"}],"replies":[{"embeddable":true,"href":"https:\/\/www.iew.eu\/pl\/wp-json\/wp\/v2\/comments?post=7159"}],"version-history":[{"count":2,"href":"https:\/\/www.iew.eu\/pl\/wp-json\/wp\/v2\/pages\/7159\/revisions"}],"predecessor-version":[{"id":8042,"href":"https:\/\/www.iew.eu\/pl\/wp-json\/wp\/v2\/pages\/7159\/revisions\/8042"}],"wp:attachment":[{"href":"https:\/\/www.iew.eu\/pl\/wp-json\/wp\/v2\/media?parent=7159"}],"curies":[{"name":"wp","href":"https:\/\/api.w.org\/{rel}","templated":true}]}}