{"id":7161,"date":"2023-02-07T14:21:49","date_gmt":"2023-02-07T13:21:49","guid":{"rendered":"https:\/\/www.iew.eu\/zastosowania\/lutowanie-miekkie-i-lutowanie-twarde\/"},"modified":"2023-08-10T13:38:17","modified_gmt":"2023-08-10T11:38:17","slug":"lutowanie-miekkie-i-lutowanie-twarde","status":"publish","type":"page","link":"https:\/\/www.iew.eu\/pl\/zastosowania\/lutowanie-miekkie-i-lutowanie-twarde\/","title":{"rendered":"Lutowanie mi\u0119kkie i\u00a0lutowanie twarde"},"content":{"rendered":"","protected":false},"excerpt":{"rendered":"","protected":false},"author":1,"featured_media":0,"parent":7159,"menu_order":0,"comment_status":"closed","ping_status":"closed","template":"templates\/custom-page-dynamic.php","meta":{"footnotes":""},"class_list":["post-7161","page","type-page","status-publish","hentry"],"acf":[],"yoast_head":"<!-- This site is optimized with the Yoast SEO plugin v26.2 - https:\/\/yoast.com\/wordpress\/plugins\/seo\/ -->\n<title>Lutowanie twarde, lutowanie mi\u0119kkie i\u00a0lutowanie indukcyjne.<\/title>\n<meta name=\"description\" content=\"Kompetentny partner w\u00a0zakresie lutowania mi\u0119kkiego i\u00a0twardego metali.\" \/>\n<meta name=\"robots\" content=\"index, follow, max-snippet:-1, max-image-preview:large, max-video-preview:-1\" \/>\n<link rel=\"canonical\" href=\"https:\/\/www.iew.eu\/pl\/zastosowania\/lutowanie-miekkie-i-lutowanie-twarde\/\" \/>\n<meta property=\"og:locale\" content=\"pl_PL\" \/>\n<meta property=\"og:type\" content=\"article\" \/>\n<meta property=\"og:title\" content=\"Lutowanie twarde, lutowanie mi\u0119kkie i\u00a0lutowanie indukcyjne.\" \/>\n<meta property=\"og:description\" content=\"Kompetentny partner w\u00a0zakresie lutowania mi\u0119kkiego i\u00a0twardego metali.\" \/>\n<meta property=\"og:url\" content=\"https:\/\/www.iew.eu\/pl\/zastosowania\/lutowanie-miekkie-i-lutowanie-twarde\/\" \/>\n<meta property=\"og:site_name\" content=\"iew Induktive Erw\u00e4rmungsanlagen GmbH\" \/>\n<meta property=\"article:modified_time\" content=\"2023-08-10T11:38:17+00:00\" \/>\n<meta name=\"twitter:card\" content=\"summary_large_image\" \/>\n<script type=\"application\/ld+json\" class=\"yoast-schema-graph\">{\"@context\":\"https:\/\/schema.org\",\"@graph\":[{\"@type\":\"WebPage\",\"@id\":\"https:\/\/www.iew.eu\/pl\/zastosowania\/lutowanie-miekkie-i-lutowanie-twarde\/\",\"url\":\"https:\/\/www.iew.eu\/pl\/zastosowania\/lutowanie-miekkie-i-lutowanie-twarde\/\",\"name\":\"Lutowanie twarde, lutowanie mi\u0119kkie i\u00a0lutowanie indukcyjne.\",\"isPartOf\":{\"@id\":\"https:\/\/www.iew.eu\/pl\/#website\"},\"datePublished\":\"2023-02-07T13:21:49+00:00\",\"dateModified\":\"2023-08-10T11:38:17+00:00\",\"description\":\"Kompetentny partner w\u00a0zakresie lutowania mi\u0119kkiego i\u00a0twardego metali.\",\"breadcrumb\":{\"@id\":\"https:\/\/www.iew.eu\/pl\/zastosowania\/lutowanie-miekkie-i-lutowanie-twarde\/#breadcrumb\"},\"inLanguage\":\"pl-PL\",\"potentialAction\":[{\"@type\":\"ReadAction\",\"target\":[\"https:\/\/www.iew.eu\/pl\/zastosowania\/lutowanie-miekkie-i-lutowanie-twarde\/\"]}]},{\"@type\":\"BreadcrumbList\",\"@id\":\"https:\/\/www.iew.eu\/pl\/zastosowania\/lutowanie-miekkie-i-lutowanie-twarde\/#breadcrumb\",\"itemListElement\":[{\"@type\":\"ListItem\",\"position\":1,\"name\":\"Startseite\",\"item\":\"https:\/\/www.iew.eu\/pl\/\"},{\"@type\":\"ListItem\",\"position\":2,\"name\":\"Zastosowania\",\"item\":\"https:\/\/www.iew.eu\/pl\/zastosowania\/\"},{\"@type\":\"ListItem\",\"position\":3,\"name\":\"Lutowanie mi\u0119kkie i\u00a0lutowanie twarde\"}]},{\"@type\":\"WebSite\",\"@id\":\"https:\/\/www.iew.eu\/pl\/#website\",\"url\":\"https:\/\/www.iew.eu\/pl\/\",\"name\":\"iew Induktive Erw\u00e4rmungsanlagen GmbH\",\"description\":\"Ihr Partner f\u00fcr Komplettl\u00f6sungen rund um Induktive Erw\u00e4rmungsanlagen, Sondermaschinenbau und Vakuuml\u00f6ttechnik. F\u00fcr Deutschland, \u00d6sterreich, Schweiz &amp; europaweit.\",\"potentialAction\":[{\"@type\":\"SearchAction\",\"target\":{\"@type\":\"EntryPoint\",\"urlTemplate\":\"https:\/\/www.iew.eu\/pl\/?s={search_term_string}\"},\"query-input\":{\"@type\":\"PropertyValueSpecification\",\"valueRequired\":true,\"valueName\":\"search_term_string\"}}],\"inLanguage\":\"pl-PL\"}]}<\/script>\n<!-- \/ Yoast SEO plugin. -->","yoast_head_json":{"title":"Lutowanie twarde, lutowanie mi\u0119kkie i\u00a0lutowanie indukcyjne.","description":"Kompetentny partner w\u00a0zakresie lutowania mi\u0119kkiego i\u00a0twardego metali.","robots":{"index":"index","follow":"follow","max-snippet":"max-snippet:-1","max-image-preview":"max-image-preview:large","max-video-preview":"max-video-preview:-1"},"canonical":"https:\/\/www.iew.eu\/pl\/zastosowania\/lutowanie-miekkie-i-lutowanie-twarde\/","og_locale":"pl_PL","og_type":"article","og_title":"Lutowanie twarde, lutowanie mi\u0119kkie i\u00a0lutowanie indukcyjne.","og_description":"Kompetentny partner w\u00a0zakresie lutowania mi\u0119kkiego i\u00a0twardego metali.","og_url":"https:\/\/www.iew.eu\/pl\/zastosowania\/lutowanie-miekkie-i-lutowanie-twarde\/","og_site_name":"iew Induktive Erw\u00e4rmungsanlagen GmbH","article_modified_time":"2023-08-10T11:38:17+00:00","twitter_card":"summary_large_image","schema":{"@context":"https:\/\/schema.org","@graph":[{"@type":"WebPage","@id":"https:\/\/www.iew.eu\/pl\/zastosowania\/lutowanie-miekkie-i-lutowanie-twarde\/","url":"https:\/\/www.iew.eu\/pl\/zastosowania\/lutowanie-miekkie-i-lutowanie-twarde\/","name":"Lutowanie twarde, lutowanie mi\u0119kkie i\u00a0lutowanie indukcyjne.","isPartOf":{"@id":"https:\/\/www.iew.eu\/pl\/#website"},"datePublished":"2023-02-07T13:21:49+00:00","dateModified":"2023-08-10T11:38:17+00:00","description":"Kompetentny partner w\u00a0zakresie lutowania mi\u0119kkiego i\u00a0twardego metali.","breadcrumb":{"@id":"https:\/\/www.iew.eu\/pl\/zastosowania\/lutowanie-miekkie-i-lutowanie-twarde\/#breadcrumb"},"inLanguage":"pl-PL","potentialAction":[{"@type":"ReadAction","target":["https:\/\/www.iew.eu\/pl\/zastosowania\/lutowanie-miekkie-i-lutowanie-twarde\/"]}]},{"@type":"BreadcrumbList","@id":"https:\/\/www.iew.eu\/pl\/zastosowania\/lutowanie-miekkie-i-lutowanie-twarde\/#breadcrumb","itemListElement":[{"@type":"ListItem","position":1,"name":"Startseite","item":"https:\/\/www.iew.eu\/pl\/"},{"@type":"ListItem","position":2,"name":"Zastosowania","item":"https:\/\/www.iew.eu\/pl\/zastosowania\/"},{"@type":"ListItem","position":3,"name":"Lutowanie mi\u0119kkie i\u00a0lutowanie twarde"}]},{"@type":"WebSite","@id":"https:\/\/www.iew.eu\/pl\/#website","url":"https:\/\/www.iew.eu\/pl\/","name":"iew Induktive Erw\u00e4rmungsanlagen GmbH","description":"Ihr Partner f\u00fcr Komplettl\u00f6sungen rund um Induktive Erw\u00e4rmungsanlagen, Sondermaschinenbau und Vakuuml\u00f6ttechnik. F\u00fcr Deutschland, \u00d6sterreich, Schweiz &amp; europaweit.","potentialAction":[{"@type":"SearchAction","target":{"@type":"EntryPoint","urlTemplate":"https:\/\/www.iew.eu\/pl\/?s={search_term_string}"},"query-input":{"@type":"PropertyValueSpecification","valueRequired":true,"valueName":"search_term_string"}}],"inLanguage":"pl-PL"}]}},"_links":{"self":[{"href":"https:\/\/www.iew.eu\/pl\/wp-json\/wp\/v2\/pages\/7161","targetHints":{"allow":["GET"]}}],"collection":[{"href":"https:\/\/www.iew.eu\/pl\/wp-json\/wp\/v2\/pages"}],"about":[{"href":"https:\/\/www.iew.eu\/pl\/wp-json\/wp\/v2\/types\/page"}],"author":[{"embeddable":true,"href":"https:\/\/www.iew.eu\/pl\/wp-json\/wp\/v2\/users\/1"}],"replies":[{"embeddable":true,"href":"https:\/\/www.iew.eu\/pl\/wp-json\/wp\/v2\/comments?post=7161"}],"version-history":[{"count":4,"href":"https:\/\/www.iew.eu\/pl\/wp-json\/wp\/v2\/pages\/7161\/revisions"}],"predecessor-version":[{"id":8900,"href":"https:\/\/www.iew.eu\/pl\/wp-json\/wp\/v2\/pages\/7161\/revisions\/8900"}],"up":[{"embeddable":true,"href":"https:\/\/www.iew.eu\/pl\/wp-json\/wp\/v2\/pages\/7159"}],"wp:attachment":[{"href":"https:\/\/www.iew.eu\/pl\/wp-json\/wp\/v2\/media?parent=7161"}],"curies":[{"name":"wp","href":"https:\/\/api.w.org\/{rel}","templated":true}]}}