{"id":7165,"date":"2023-02-07T14:21:50","date_gmt":"2023-02-07T13:21:50","guid":{"rendered":"https:\/\/www.iew.eu\/zastosowania\/wyzarzanie\/"},"modified":"2023-08-10T14:02:21","modified_gmt":"2023-08-10T12:02:21","slug":"wyzarzanie","status":"publish","type":"page","link":"https:\/\/www.iew.eu\/pl\/zastosowania\/wyzarzanie\/","title":{"rendered":"Wy\u017carzanie"},"content":{"rendered":"","protected":false},"excerpt":{"rendered":"","protected":false},"author":1,"featured_media":0,"parent":7159,"menu_order":0,"comment_status":"closed","ping_status":"closed","template":"templates\/custom-page-dynamic.php","meta":{"footnotes":""},"class_list":["post-7165","page","type-page","status-publish","hentry"],"acf":[],"yoast_head":"<!-- This site is optimized with the Yoast SEO plugin v26.2 - https:\/\/yoast.com\/wordpress\/plugins\/seo\/ -->\n<title>Indukcyjna obr\u00f3bka cieplna stali poprzez wy\u017carzanie<\/title>\n<meta name=\"description\" content=\"W\u00a0przypadku wy\u017carzania zmi\u0119kczaj\u0105cego twardo\u015b\u0107 i\u00a0wytrzyma\u0142o\u015b\u0107 stali zmniejsza si\u0119 w\u00a0celu u\u0142atwienia kszta\u0142towania. Specjalizujemy si\u0119 w\u00a0obr\u00f3bce cieplnej stali.\" \/>\n<meta name=\"robots\" content=\"index, follow, max-snippet:-1, max-image-preview:large, max-video-preview:-1\" \/>\n<link rel=\"canonical\" href=\"https:\/\/www.iew.eu\/pl\/zastosowania\/wyzarzanie\/\" \/>\n<meta property=\"og:locale\" content=\"pl_PL\" \/>\n<meta property=\"og:type\" content=\"article\" \/>\n<meta property=\"og:title\" content=\"Indukcyjna obr\u00f3bka cieplna stali poprzez wy\u017carzanie\" \/>\n<meta property=\"og:description\" content=\"W\u00a0przypadku wy\u017carzania zmi\u0119kczaj\u0105cego twardo\u015b\u0107 i\u00a0wytrzyma\u0142o\u015b\u0107 stali zmniejsza si\u0119 w\u00a0celu u\u0142atwienia kszta\u0142towania. Specjalizujemy si\u0119 w\u00a0obr\u00f3bce cieplnej stali.\" \/>\n<meta property=\"og:url\" content=\"https:\/\/www.iew.eu\/pl\/zastosowania\/wyzarzanie\/\" \/>\n<meta property=\"og:site_name\" content=\"iew Induktive Erw\u00e4rmungsanlagen GmbH\" \/>\n<meta property=\"article:modified_time\" content=\"2023-08-10T12:02:21+00:00\" \/>\n<meta name=\"twitter:card\" content=\"summary_large_image\" \/>\n<script type=\"application\/ld+json\" class=\"yoast-schema-graph\">{\"@context\":\"https:\/\/schema.org\",\"@graph\":[{\"@type\":\"WebPage\",\"@id\":\"https:\/\/www.iew.eu\/pl\/zastosowania\/wyzarzanie\/\",\"url\":\"https:\/\/www.iew.eu\/pl\/zastosowania\/wyzarzanie\/\",\"name\":\"Indukcyjna obr\u00f3bka cieplna stali poprzez wy\u017carzanie\",\"isPartOf\":{\"@id\":\"https:\/\/www.iew.eu\/pl\/#website\"},\"datePublished\":\"2023-02-07T13:21:50+00:00\",\"dateModified\":\"2023-08-10T12:02:21+00:00\",\"description\":\"W\u00a0przypadku wy\u017carzania zmi\u0119kczaj\u0105cego twardo\u015b\u0107 i\u00a0wytrzyma\u0142o\u015b\u0107 stali zmniejsza si\u0119 w\u00a0celu u\u0142atwienia kszta\u0142towania. Specjalizujemy si\u0119 w\u00a0obr\u00f3bce cieplnej stali.\",\"breadcrumb\":{\"@id\":\"https:\/\/www.iew.eu\/pl\/zastosowania\/wyzarzanie\/#breadcrumb\"},\"inLanguage\":\"pl-PL\",\"potentialAction\":[{\"@type\":\"ReadAction\",\"target\":[\"https:\/\/www.iew.eu\/pl\/zastosowania\/wyzarzanie\/\"]}]},{\"@type\":\"BreadcrumbList\",\"@id\":\"https:\/\/www.iew.eu\/pl\/zastosowania\/wyzarzanie\/#breadcrumb\",\"itemListElement\":[{\"@type\":\"ListItem\",\"position\":1,\"name\":\"Startseite\",\"item\":\"https:\/\/www.iew.eu\/pl\/\"},{\"@type\":\"ListItem\",\"position\":2,\"name\":\"Zastosowania\",\"item\":\"https:\/\/www.iew.eu\/pl\/zastosowania\/\"},{\"@type\":\"ListItem\",\"position\":3,\"name\":\"Wy\u017carzanie\"}]},{\"@type\":\"WebSite\",\"@id\":\"https:\/\/www.iew.eu\/pl\/#website\",\"url\":\"https:\/\/www.iew.eu\/pl\/\",\"name\":\"iew Induktive Erw\u00e4rmungsanlagen GmbH\",\"description\":\"Ihr Partner f\u00fcr Komplettl\u00f6sungen rund um Induktive Erw\u00e4rmungsanlagen, Sondermaschinenbau und Vakuuml\u00f6ttechnik. F\u00fcr Deutschland, \u00d6sterreich, Schweiz &amp; europaweit.\",\"potentialAction\":[{\"@type\":\"SearchAction\",\"target\":{\"@type\":\"EntryPoint\",\"urlTemplate\":\"https:\/\/www.iew.eu\/pl\/?s={search_term_string}\"},\"query-input\":{\"@type\":\"PropertyValueSpecification\",\"valueRequired\":true,\"valueName\":\"search_term_string\"}}],\"inLanguage\":\"pl-PL\"}]}<\/script>\n<!-- \/ Yoast SEO plugin. -->","yoast_head_json":{"title":"Indukcyjna obr\u00f3bka cieplna stali poprzez wy\u017carzanie","description":"W\u00a0przypadku wy\u017carzania zmi\u0119kczaj\u0105cego twardo\u015b\u0107 i\u00a0wytrzyma\u0142o\u015b\u0107 stali zmniejsza si\u0119 w\u00a0celu u\u0142atwienia kszta\u0142towania. Specjalizujemy si\u0119 w\u00a0obr\u00f3bce cieplnej stali.","robots":{"index":"index","follow":"follow","max-snippet":"max-snippet:-1","max-image-preview":"max-image-preview:large","max-video-preview":"max-video-preview:-1"},"canonical":"https:\/\/www.iew.eu\/pl\/zastosowania\/wyzarzanie\/","og_locale":"pl_PL","og_type":"article","og_title":"Indukcyjna obr\u00f3bka cieplna stali poprzez wy\u017carzanie","og_description":"W\u00a0przypadku wy\u017carzania zmi\u0119kczaj\u0105cego twardo\u015b\u0107 i\u00a0wytrzyma\u0142o\u015b\u0107 stali zmniejsza si\u0119 w\u00a0celu u\u0142atwienia kszta\u0142towania. Specjalizujemy si\u0119 w\u00a0obr\u00f3bce cieplnej stali.","og_url":"https:\/\/www.iew.eu\/pl\/zastosowania\/wyzarzanie\/","og_site_name":"iew Induktive Erw\u00e4rmungsanlagen GmbH","article_modified_time":"2023-08-10T12:02:21+00:00","twitter_card":"summary_large_image","schema":{"@context":"https:\/\/schema.org","@graph":[{"@type":"WebPage","@id":"https:\/\/www.iew.eu\/pl\/zastosowania\/wyzarzanie\/","url":"https:\/\/www.iew.eu\/pl\/zastosowania\/wyzarzanie\/","name":"Indukcyjna obr\u00f3bka cieplna stali poprzez wy\u017carzanie","isPartOf":{"@id":"https:\/\/www.iew.eu\/pl\/#website"},"datePublished":"2023-02-07T13:21:50+00:00","dateModified":"2023-08-10T12:02:21+00:00","description":"W\u00a0przypadku wy\u017carzania zmi\u0119kczaj\u0105cego twardo\u015b\u0107 i\u00a0wytrzyma\u0142o\u015b\u0107 stali zmniejsza si\u0119 w\u00a0celu u\u0142atwienia kszta\u0142towania. Specjalizujemy si\u0119 w\u00a0obr\u00f3bce cieplnej stali.","breadcrumb":{"@id":"https:\/\/www.iew.eu\/pl\/zastosowania\/wyzarzanie\/#breadcrumb"},"inLanguage":"pl-PL","potentialAction":[{"@type":"ReadAction","target":["https:\/\/www.iew.eu\/pl\/zastosowania\/wyzarzanie\/"]}]},{"@type":"BreadcrumbList","@id":"https:\/\/www.iew.eu\/pl\/zastosowania\/wyzarzanie\/#breadcrumb","itemListElement":[{"@type":"ListItem","position":1,"name":"Startseite","item":"https:\/\/www.iew.eu\/pl\/"},{"@type":"ListItem","position":2,"name":"Zastosowania","item":"https:\/\/www.iew.eu\/pl\/zastosowania\/"},{"@type":"ListItem","position":3,"name":"Wy\u017carzanie"}]},{"@type":"WebSite","@id":"https:\/\/www.iew.eu\/pl\/#website","url":"https:\/\/www.iew.eu\/pl\/","name":"iew Induktive Erw\u00e4rmungsanlagen GmbH","description":"Ihr Partner f\u00fcr Komplettl\u00f6sungen rund um Induktive Erw\u00e4rmungsanlagen, Sondermaschinenbau und Vakuuml\u00f6ttechnik. F\u00fcr Deutschland, \u00d6sterreich, Schweiz &amp; europaweit.","potentialAction":[{"@type":"SearchAction","target":{"@type":"EntryPoint","urlTemplate":"https:\/\/www.iew.eu\/pl\/?s={search_term_string}"},"query-input":{"@type":"PropertyValueSpecification","valueRequired":true,"valueName":"search_term_string"}}],"inLanguage":"pl-PL"}]}},"_links":{"self":[{"href":"https:\/\/www.iew.eu\/pl\/wp-json\/wp\/v2\/pages\/7165","targetHints":{"allow":["GET"]}}],"collection":[{"href":"https:\/\/www.iew.eu\/pl\/wp-json\/wp\/v2\/pages"}],"about":[{"href":"https:\/\/www.iew.eu\/pl\/wp-json\/wp\/v2\/types\/page"}],"author":[{"embeddable":true,"href":"https:\/\/www.iew.eu\/pl\/wp-json\/wp\/v2\/users\/1"}],"replies":[{"embeddable":true,"href":"https:\/\/www.iew.eu\/pl\/wp-json\/wp\/v2\/comments?post=7165"}],"version-history":[{"count":4,"href":"https:\/\/www.iew.eu\/pl\/wp-json\/wp\/v2\/pages\/7165\/revisions"}],"predecessor-version":[{"id":8905,"href":"https:\/\/www.iew.eu\/pl\/wp-json\/wp\/v2\/pages\/7165\/revisions\/8905"}],"up":[{"embeddable":true,"href":"https:\/\/www.iew.eu\/pl\/wp-json\/wp\/v2\/pages\/7159"}],"wp:attachment":[{"href":"https:\/\/www.iew.eu\/pl\/wp-json\/wp\/v2\/media?parent=7165"}],"curies":[{"name":"wp","href":"https:\/\/api.w.org\/{rel}","templated":true}]}}