{"id":7169,"date":"2017-03-06T14:03:53","date_gmt":"2017-03-06T13:03:53","guid":{"rendered":"https:\/\/www.iew.eu\/zastosowania\/nauka-i-technologia-badan\/"},"modified":"2023-08-10T14:12:38","modified_gmt":"2023-08-10T12:12:38","slug":"nauka-i-technologia-badan","status":"publish","type":"page","link":"https:\/\/www.iew.eu\/pl\/zastosowania\/nauka-i-technologia-badan\/","title":{"rendered":"Nauka i technologia badan"},"content":{"rendered":"","protected":false},"excerpt":{"rendered":"","protected":false},"author":1,"featured_media":0,"parent":7159,"menu_order":0,"comment_status":"closed","ping_status":"closed","template":"templates\/custom-page-dynamic.php","meta":{"footnotes":""},"class_list":["post-7169","page","type-page","status-publish","hentry"],"acf":[],"yoast_head":"<!-- This site is optimized with the Yoast SEO plugin v26.2 - https:\/\/yoast.com\/wordpress\/plugins\/seo\/ -->\n<title>Induktionserw\u00e4rmungsanlagen Pr\u00fcftechnik und Wissenschaft<\/title>\n<meta name=\"description\" content=\"In der Wissenschaft und der Pr\u00fcftechnik findet die induktive Erw\u00e4rmung ein gro\u00dfes Anwendungsgebiet. Wir sind Hersteller von Induktiven Erw\u00e4rmungsanlagen.\" \/>\n<meta name=\"robots\" content=\"index, follow, max-snippet:-1, max-image-preview:large, max-video-preview:-1\" \/>\n<link rel=\"canonical\" href=\"https:\/\/www.iew.eu\/pl\/zastosowania\/nauka-i-technologia-badan\/\" \/>\n<meta property=\"og:locale\" content=\"pl_PL\" \/>\n<meta property=\"og:type\" content=\"article\" \/>\n<meta property=\"og:title\" content=\"Induktionserw\u00e4rmungsanlagen Pr\u00fcftechnik und Wissenschaft\" \/>\n<meta property=\"og:description\" content=\"In der Wissenschaft und der Pr\u00fcftechnik findet die induktive Erw\u00e4rmung ein gro\u00dfes Anwendungsgebiet. Wir sind Hersteller von Induktiven Erw\u00e4rmungsanlagen.\" \/>\n<meta property=\"og:url\" content=\"https:\/\/www.iew.eu\/pl\/zastosowania\/nauka-i-technologia-badan\/\" \/>\n<meta property=\"og:site_name\" content=\"iew Induktive Erw\u00e4rmungsanlagen GmbH\" \/>\n<meta property=\"article:modified_time\" content=\"2023-08-10T12:12:38+00:00\" \/>\n<meta name=\"twitter:card\" content=\"summary_large_image\" \/>\n<script type=\"application\/ld+json\" class=\"yoast-schema-graph\">{\"@context\":\"https:\/\/schema.org\",\"@graph\":[{\"@type\":\"WebPage\",\"@id\":\"https:\/\/www.iew.eu\/pl\/zastosowania\/nauka-i-technologia-badan\/\",\"url\":\"https:\/\/www.iew.eu\/pl\/zastosowania\/nauka-i-technologia-badan\/\",\"name\":\"Induktionserw\u00e4rmungsanlagen Pr\u00fcftechnik und Wissenschaft\",\"isPartOf\":{\"@id\":\"https:\/\/www.iew.eu\/pl\/#website\"},\"datePublished\":\"2017-03-06T13:03:53+00:00\",\"dateModified\":\"2023-08-10T12:12:38+00:00\",\"description\":\"In der Wissenschaft und der Pr\u00fcftechnik findet die induktive Erw\u00e4rmung ein gro\u00dfes Anwendungsgebiet. Wir sind Hersteller von Induktiven Erw\u00e4rmungsanlagen.\",\"breadcrumb\":{\"@id\":\"https:\/\/www.iew.eu\/pl\/zastosowania\/nauka-i-technologia-badan\/#breadcrumb\"},\"inLanguage\":\"pl-PL\",\"potentialAction\":[{\"@type\":\"ReadAction\",\"target\":[\"https:\/\/www.iew.eu\/pl\/zastosowania\/nauka-i-technologia-badan\/\"]}]},{\"@type\":\"BreadcrumbList\",\"@id\":\"https:\/\/www.iew.eu\/pl\/zastosowania\/nauka-i-technologia-badan\/#breadcrumb\",\"itemListElement\":[{\"@type\":\"ListItem\",\"position\":1,\"name\":\"Startseite\",\"item\":\"https:\/\/www.iew.eu\/pl\/\"},{\"@type\":\"ListItem\",\"position\":2,\"name\":\"Zastosowania\",\"item\":\"https:\/\/www.iew.eu\/pl\/zastosowania\/\"},{\"@type\":\"ListItem\",\"position\":3,\"name\":\"Nauka i technologia badan\"}]},{\"@type\":\"WebSite\",\"@id\":\"https:\/\/www.iew.eu\/pl\/#website\",\"url\":\"https:\/\/www.iew.eu\/pl\/\",\"name\":\"iew Induktive Erw\u00e4rmungsanlagen GmbH\",\"description\":\"Ihr Partner f\u00fcr Komplettl\u00f6sungen rund um Induktive Erw\u00e4rmungsanlagen, Sondermaschinenbau und Vakuuml\u00f6ttechnik. F\u00fcr Deutschland, \u00d6sterreich, Schweiz &amp; europaweit.\",\"potentialAction\":[{\"@type\":\"SearchAction\",\"target\":{\"@type\":\"EntryPoint\",\"urlTemplate\":\"https:\/\/www.iew.eu\/pl\/?s={search_term_string}\"},\"query-input\":{\"@type\":\"PropertyValueSpecification\",\"valueRequired\":true,\"valueName\":\"search_term_string\"}}],\"inLanguage\":\"pl-PL\"}]}<\/script>\n<!-- \/ Yoast SEO plugin. -->","yoast_head_json":{"title":"Induktionserw\u00e4rmungsanlagen Pr\u00fcftechnik und Wissenschaft","description":"In der Wissenschaft und der Pr\u00fcftechnik findet die induktive Erw\u00e4rmung ein gro\u00dfes Anwendungsgebiet. Wir sind Hersteller von Induktiven Erw\u00e4rmungsanlagen.","robots":{"index":"index","follow":"follow","max-snippet":"max-snippet:-1","max-image-preview":"max-image-preview:large","max-video-preview":"max-video-preview:-1"},"canonical":"https:\/\/www.iew.eu\/pl\/zastosowania\/nauka-i-technologia-badan\/","og_locale":"pl_PL","og_type":"article","og_title":"Induktionserw\u00e4rmungsanlagen Pr\u00fcftechnik und Wissenschaft","og_description":"In der Wissenschaft und der Pr\u00fcftechnik findet die induktive Erw\u00e4rmung ein gro\u00dfes Anwendungsgebiet. Wir sind Hersteller von Induktiven Erw\u00e4rmungsanlagen.","og_url":"https:\/\/www.iew.eu\/pl\/zastosowania\/nauka-i-technologia-badan\/","og_site_name":"iew Induktive Erw\u00e4rmungsanlagen GmbH","article_modified_time":"2023-08-10T12:12:38+00:00","twitter_card":"summary_large_image","schema":{"@context":"https:\/\/schema.org","@graph":[{"@type":"WebPage","@id":"https:\/\/www.iew.eu\/pl\/zastosowania\/nauka-i-technologia-badan\/","url":"https:\/\/www.iew.eu\/pl\/zastosowania\/nauka-i-technologia-badan\/","name":"Induktionserw\u00e4rmungsanlagen Pr\u00fcftechnik und Wissenschaft","isPartOf":{"@id":"https:\/\/www.iew.eu\/pl\/#website"},"datePublished":"2017-03-06T13:03:53+00:00","dateModified":"2023-08-10T12:12:38+00:00","description":"In der Wissenschaft und der Pr\u00fcftechnik findet die induktive Erw\u00e4rmung ein gro\u00dfes Anwendungsgebiet. Wir sind Hersteller von Induktiven Erw\u00e4rmungsanlagen.","breadcrumb":{"@id":"https:\/\/www.iew.eu\/pl\/zastosowania\/nauka-i-technologia-badan\/#breadcrumb"},"inLanguage":"pl-PL","potentialAction":[{"@type":"ReadAction","target":["https:\/\/www.iew.eu\/pl\/zastosowania\/nauka-i-technologia-badan\/"]}]},{"@type":"BreadcrumbList","@id":"https:\/\/www.iew.eu\/pl\/zastosowania\/nauka-i-technologia-badan\/#breadcrumb","itemListElement":[{"@type":"ListItem","position":1,"name":"Startseite","item":"https:\/\/www.iew.eu\/pl\/"},{"@type":"ListItem","position":2,"name":"Zastosowania","item":"https:\/\/www.iew.eu\/pl\/zastosowania\/"},{"@type":"ListItem","position":3,"name":"Nauka i technologia badan"}]},{"@type":"WebSite","@id":"https:\/\/www.iew.eu\/pl\/#website","url":"https:\/\/www.iew.eu\/pl\/","name":"iew Induktive Erw\u00e4rmungsanlagen GmbH","description":"Ihr Partner f\u00fcr Komplettl\u00f6sungen rund um Induktive Erw\u00e4rmungsanlagen, Sondermaschinenbau und Vakuuml\u00f6ttechnik. F\u00fcr Deutschland, \u00d6sterreich, Schweiz &amp; europaweit.","potentialAction":[{"@type":"SearchAction","target":{"@type":"EntryPoint","urlTemplate":"https:\/\/www.iew.eu\/pl\/?s={search_term_string}"},"query-input":{"@type":"PropertyValueSpecification","valueRequired":true,"valueName":"search_term_string"}}],"inLanguage":"pl-PL"}]}},"_links":{"self":[{"href":"https:\/\/www.iew.eu\/pl\/wp-json\/wp\/v2\/pages\/7169","targetHints":{"allow":["GET"]}}],"collection":[{"href":"https:\/\/www.iew.eu\/pl\/wp-json\/wp\/v2\/pages"}],"about":[{"href":"https:\/\/www.iew.eu\/pl\/wp-json\/wp\/v2\/types\/page"}],"author":[{"embeddable":true,"href":"https:\/\/www.iew.eu\/pl\/wp-json\/wp\/v2\/users\/1"}],"replies":[{"embeddable":true,"href":"https:\/\/www.iew.eu\/pl\/wp-json\/wp\/v2\/comments?post=7169"}],"version-history":[{"count":7,"href":"https:\/\/www.iew.eu\/pl\/wp-json\/wp\/v2\/pages\/7169\/revisions"}],"predecessor-version":[{"id":8912,"href":"https:\/\/www.iew.eu\/pl\/wp-json\/wp\/v2\/pages\/7169\/revisions\/8912"}],"up":[{"embeddable":true,"href":"https:\/\/www.iew.eu\/pl\/wp-json\/wp\/v2\/pages\/7159"}],"wp:attachment":[{"href":"https:\/\/www.iew.eu\/pl\/wp-json\/wp\/v2\/media?parent=7169"}],"curies":[{"name":"wp","href":"https:\/\/api.w.org\/{rel}","templated":true}]}}