{"id":7180,"date":"2023-02-07T14:21:53","date_gmt":"2023-02-07T13:21:53","guid":{"rendered":"https:\/\/www.iew.eu\/przedsiebiorstwo\/"},"modified":"2023-08-10T13:12:01","modified_gmt":"2023-08-10T11:12:01","slug":"przedsiebiorstwo","status":"publish","type":"page","link":"https:\/\/www.iew.eu\/pl\/przedsiebiorstwo\/","title":{"rendered":"Przedsi\u0119biorstwo"},"content":{"rendered":"","protected":false},"excerpt":{"rendered":"","protected":false},"author":1,"featured_media":0,"parent":0,"menu_order":0,"comment_status":"closed","ping_status":"closed","template":"templates\/custom-page-dynamic.php","meta":{"footnotes":""},"class_list":["post-7180","page","type-page","status-publish","hentry"],"acf":[],"yoast_head":"<!-- This site is optimized with the Yoast SEO plugin v26.2 - https:\/\/yoast.com\/wordpress\/plugins\/seo\/ -->\n<title>Producent urz\u0105dze\u0144 do nagrzewania | Lutowanie indukcyjne | Produkcja wzbudnik\u00f3w<\/title>\n<meta name=\"description\" content=\"Producent i\u00a0dystrybutor urz\u0105dze\u0144 do nagrzewania indukcyjnego w\u00a0zakresie wysokiej i\u00a0\u015bredniej cz\u0119stotliwo\u015bci oraz dostawca rozwi\u0105za\u0144 specjalnych zwi\u0105zanych z\u00a0urz\u0105dzeniami do nagrzewania indukcyjnego.\" \/>\n<meta name=\"robots\" content=\"index, follow, max-snippet:-1, max-image-preview:large, max-video-preview:-1\" \/>\n<link rel=\"canonical\" href=\"https:\/\/www.iew.eu\/pl\/przedsiebiorstwo\/\" \/>\n<meta property=\"og:locale\" content=\"pl_PL\" \/>\n<meta property=\"og:type\" content=\"article\" \/>\n<meta property=\"og:title\" content=\"Producent urz\u0105dze\u0144 do nagrzewania | Lutowanie indukcyjne | Produkcja wzbudnik\u00f3w\" \/>\n<meta property=\"og:description\" content=\"Producent i\u00a0dystrybutor urz\u0105dze\u0144 do nagrzewania indukcyjnego w\u00a0zakresie wysokiej i\u00a0\u015bredniej cz\u0119stotliwo\u015bci oraz dostawca rozwi\u0105za\u0144 specjalnych zwi\u0105zanych z\u00a0urz\u0105dzeniami do nagrzewania indukcyjnego.\" \/>\n<meta property=\"og:url\" content=\"https:\/\/www.iew.eu\/pl\/przedsiebiorstwo\/\" \/>\n<meta property=\"og:site_name\" content=\"iew Induktive Erw\u00e4rmungsanlagen GmbH\" \/>\n<meta property=\"article:modified_time\" content=\"2023-08-10T11:12:01+00:00\" \/>\n<meta name=\"twitter:card\" content=\"summary_large_image\" \/>\n<script type=\"application\/ld+json\" class=\"yoast-schema-graph\">{\"@context\":\"https:\/\/schema.org\",\"@graph\":[{\"@type\":\"WebPage\",\"@id\":\"https:\/\/www.iew.eu\/pl\/przedsiebiorstwo\/\",\"url\":\"https:\/\/www.iew.eu\/pl\/przedsiebiorstwo\/\",\"name\":\"Producent urz\u0105dze\u0144 do nagrzewania | Lutowanie indukcyjne | Produkcja wzbudnik\u00f3w\",\"isPartOf\":{\"@id\":\"https:\/\/www.iew.eu\/pl\/#website\"},\"datePublished\":\"2023-02-07T13:21:53+00:00\",\"dateModified\":\"2023-08-10T11:12:01+00:00\",\"description\":\"Producent i\u00a0dystrybutor urz\u0105dze\u0144 do nagrzewania indukcyjnego w\u00a0zakresie wysokiej i\u00a0\u015bredniej cz\u0119stotliwo\u015bci oraz dostawca rozwi\u0105za\u0144 specjalnych zwi\u0105zanych z\u00a0urz\u0105dzeniami do nagrzewania indukcyjnego.\",\"breadcrumb\":{\"@id\":\"https:\/\/www.iew.eu\/pl\/przedsiebiorstwo\/#breadcrumb\"},\"inLanguage\":\"pl-PL\",\"potentialAction\":[{\"@type\":\"ReadAction\",\"target\":[\"https:\/\/www.iew.eu\/pl\/przedsiebiorstwo\/\"]}]},{\"@type\":\"BreadcrumbList\",\"@id\":\"https:\/\/www.iew.eu\/pl\/przedsiebiorstwo\/#breadcrumb\",\"itemListElement\":[{\"@type\":\"ListItem\",\"position\":1,\"name\":\"Startseite\",\"item\":\"https:\/\/www.iew.eu\/pl\/\"},{\"@type\":\"ListItem\",\"position\":2,\"name\":\"Przedsi\u0119biorstwo\"}]},{\"@type\":\"WebSite\",\"@id\":\"https:\/\/www.iew.eu\/pl\/#website\",\"url\":\"https:\/\/www.iew.eu\/pl\/\",\"name\":\"iew Induktive Erw\u00e4rmungsanlagen GmbH\",\"description\":\"Ihr Partner f\u00fcr Komplettl\u00f6sungen rund um Induktive Erw\u00e4rmungsanlagen, Sondermaschinenbau und Vakuuml\u00f6ttechnik. F\u00fcr Deutschland, \u00d6sterreich, Schweiz &amp; europaweit.\",\"potentialAction\":[{\"@type\":\"SearchAction\",\"target\":{\"@type\":\"EntryPoint\",\"urlTemplate\":\"https:\/\/www.iew.eu\/pl\/?s={search_term_string}\"},\"query-input\":{\"@type\":\"PropertyValueSpecification\",\"valueRequired\":true,\"valueName\":\"search_term_string\"}}],\"inLanguage\":\"pl-PL\"}]}<\/script>\n<!-- \/ Yoast SEO plugin. -->","yoast_head_json":{"title":"Producent urz\u0105dze\u0144 do nagrzewania | Lutowanie indukcyjne | Produkcja wzbudnik\u00f3w","description":"Producent i\u00a0dystrybutor urz\u0105dze\u0144 do nagrzewania indukcyjnego w\u00a0zakresie wysokiej i\u00a0\u015bredniej cz\u0119stotliwo\u015bci oraz dostawca rozwi\u0105za\u0144 specjalnych zwi\u0105zanych z\u00a0urz\u0105dzeniami do nagrzewania indukcyjnego.","robots":{"index":"index","follow":"follow","max-snippet":"max-snippet:-1","max-image-preview":"max-image-preview:large","max-video-preview":"max-video-preview:-1"},"canonical":"https:\/\/www.iew.eu\/pl\/przedsiebiorstwo\/","og_locale":"pl_PL","og_type":"article","og_title":"Producent urz\u0105dze\u0144 do nagrzewania | Lutowanie indukcyjne | Produkcja wzbudnik\u00f3w","og_description":"Producent i\u00a0dystrybutor urz\u0105dze\u0144 do nagrzewania indukcyjnego w\u00a0zakresie wysokiej i\u00a0\u015bredniej cz\u0119stotliwo\u015bci oraz dostawca rozwi\u0105za\u0144 specjalnych zwi\u0105zanych z\u00a0urz\u0105dzeniami do nagrzewania indukcyjnego.","og_url":"https:\/\/www.iew.eu\/pl\/przedsiebiorstwo\/","og_site_name":"iew Induktive Erw\u00e4rmungsanlagen GmbH","article_modified_time":"2023-08-10T11:12:01+00:00","twitter_card":"summary_large_image","schema":{"@context":"https:\/\/schema.org","@graph":[{"@type":"WebPage","@id":"https:\/\/www.iew.eu\/pl\/przedsiebiorstwo\/","url":"https:\/\/www.iew.eu\/pl\/przedsiebiorstwo\/","name":"Producent urz\u0105dze\u0144 do nagrzewania | Lutowanie indukcyjne | Produkcja wzbudnik\u00f3w","isPartOf":{"@id":"https:\/\/www.iew.eu\/pl\/#website"},"datePublished":"2023-02-07T13:21:53+00:00","dateModified":"2023-08-10T11:12:01+00:00","description":"Producent i\u00a0dystrybutor urz\u0105dze\u0144 do nagrzewania indukcyjnego w\u00a0zakresie wysokiej i\u00a0\u015bredniej cz\u0119stotliwo\u015bci oraz dostawca rozwi\u0105za\u0144 specjalnych zwi\u0105zanych z\u00a0urz\u0105dzeniami do nagrzewania indukcyjnego.","breadcrumb":{"@id":"https:\/\/www.iew.eu\/pl\/przedsiebiorstwo\/#breadcrumb"},"inLanguage":"pl-PL","potentialAction":[{"@type":"ReadAction","target":["https:\/\/www.iew.eu\/pl\/przedsiebiorstwo\/"]}]},{"@type":"BreadcrumbList","@id":"https:\/\/www.iew.eu\/pl\/przedsiebiorstwo\/#breadcrumb","itemListElement":[{"@type":"ListItem","position":1,"name":"Startseite","item":"https:\/\/www.iew.eu\/pl\/"},{"@type":"ListItem","position":2,"name":"Przedsi\u0119biorstwo"}]},{"@type":"WebSite","@id":"https:\/\/www.iew.eu\/pl\/#website","url":"https:\/\/www.iew.eu\/pl\/","name":"iew Induktive Erw\u00e4rmungsanlagen GmbH","description":"Ihr Partner f\u00fcr Komplettl\u00f6sungen rund um Induktive Erw\u00e4rmungsanlagen, Sondermaschinenbau und Vakuuml\u00f6ttechnik. F\u00fcr Deutschland, \u00d6sterreich, Schweiz &amp; europaweit.","potentialAction":[{"@type":"SearchAction","target":{"@type":"EntryPoint","urlTemplate":"https:\/\/www.iew.eu\/pl\/?s={search_term_string}"},"query-input":{"@type":"PropertyValueSpecification","valueRequired":true,"valueName":"search_term_string"}}],"inLanguage":"pl-PL"}]}},"_links":{"self":[{"href":"https:\/\/www.iew.eu\/pl\/wp-json\/wp\/v2\/pages\/7180","targetHints":{"allow":["GET"]}}],"collection":[{"href":"https:\/\/www.iew.eu\/pl\/wp-json\/wp\/v2\/pages"}],"about":[{"href":"https:\/\/www.iew.eu\/pl\/wp-json\/wp\/v2\/types\/page"}],"author":[{"embeddable":true,"href":"https:\/\/www.iew.eu\/pl\/wp-json\/wp\/v2\/users\/1"}],"replies":[{"embeddable":true,"href":"https:\/\/www.iew.eu\/pl\/wp-json\/wp\/v2\/comments?post=7180"}],"version-history":[{"count":2,"href":"https:\/\/www.iew.eu\/pl\/wp-json\/wp\/v2\/pages\/7180\/revisions"}],"predecessor-version":[{"id":8887,"href":"https:\/\/www.iew.eu\/pl\/wp-json\/wp\/v2\/pages\/7180\/revisions\/8887"}],"wp:attachment":[{"href":"https:\/\/www.iew.eu\/pl\/wp-json\/wp\/v2\/media?parent=7180"}],"curies":[{"name":"wp","href":"https:\/\/api.w.org\/{rel}","templated":true}]}}