{"id":7181,"date":"2023-02-07T14:21:54","date_gmt":"2023-02-07T13:21:54","guid":{"rendered":"https:\/\/www.iew.eu\/zastosowania\/bezplatny-test-zastosowan\/"},"modified":"2023-07-07T11:11:21","modified_gmt":"2023-07-07T09:11:21","slug":"bezplatny-test-zastosowan","status":"publish","type":"page","link":"https:\/\/www.iew.eu\/pl\/zastosowania\/bezplatny-test-zastosowan\/","title":{"rendered":"Bezp\u0142atny test zastosowa\u0144"},"content":{"rendered":"","protected":false},"excerpt":{"rendered":"","protected":false},"author":1,"featured_media":0,"parent":7159,"menu_order":0,"comment_status":"closed","ping_status":"closed","template":"templates\/custom-page-dynamic.php","meta":{"footnotes":""},"class_list":["post-7181","page","type-page","status-publish","hentry"],"acf":[],"yoast_head":"<!-- This site is optimized with the Yoast SEO plugin v26.2 - https:\/\/yoast.com\/wordpress\/plugins\/seo\/ -->\n<title>Urz\u0105dzenia do nagrzewania indukcyjnego i\u00a0test urz\u0105dze\u0144 indukcyjnych<\/title>\n<meta name=\"description\" content=\"Bezp\u0142atny test zastosowa\u0144 urz\u0105dze\u0144 do nagrzewania indukcyjnego Projektujemy i\u00a0testujemy optymalne rozwi\u0105zanie do zastosowa\u0144 u\u00a0klient\u00f3w\" \/>\n<meta name=\"robots\" content=\"index, follow, max-snippet:-1, max-image-preview:large, max-video-preview:-1\" \/>\n<link rel=\"canonical\" href=\"https:\/\/www.iew.eu\/pl\/zastosowania\/bezplatny-test-zastosowan\/\" \/>\n<meta property=\"og:locale\" content=\"pl_PL\" \/>\n<meta property=\"og:type\" content=\"article\" \/>\n<meta property=\"og:title\" content=\"Urz\u0105dzenia do nagrzewania indukcyjnego i\u00a0test urz\u0105dze\u0144 indukcyjnych\" \/>\n<meta property=\"og:description\" content=\"Bezp\u0142atny test zastosowa\u0144 urz\u0105dze\u0144 do nagrzewania indukcyjnego Projektujemy i\u00a0testujemy optymalne rozwi\u0105zanie do zastosowa\u0144 u\u00a0klient\u00f3w\" \/>\n<meta property=\"og:url\" content=\"https:\/\/www.iew.eu\/pl\/zastosowania\/bezplatny-test-zastosowan\/\" \/>\n<meta property=\"og:site_name\" content=\"iew Induktive Erw\u00e4rmungsanlagen GmbH\" \/>\n<meta property=\"article:modified_time\" content=\"2023-07-07T09:11:21+00:00\" \/>\n<meta name=\"twitter:card\" content=\"summary_large_image\" \/>\n<script type=\"application\/ld+json\" class=\"yoast-schema-graph\">{\"@context\":\"https:\/\/schema.org\",\"@graph\":[{\"@type\":\"WebPage\",\"@id\":\"https:\/\/www.iew.eu\/pl\/zastosowania\/bezplatny-test-zastosowan\/\",\"url\":\"https:\/\/www.iew.eu\/pl\/zastosowania\/bezplatny-test-zastosowan\/\",\"name\":\"Urz\u0105dzenia do nagrzewania indukcyjnego i\u00a0test urz\u0105dze\u0144 indukcyjnych\",\"isPartOf\":{\"@id\":\"https:\/\/www.iew.eu\/pl\/#website\"},\"datePublished\":\"2023-02-07T13:21:54+00:00\",\"dateModified\":\"2023-07-07T09:11:21+00:00\",\"description\":\"Bezp\u0142atny test zastosowa\u0144 urz\u0105dze\u0144 do nagrzewania indukcyjnego Projektujemy i\u00a0testujemy optymalne rozwi\u0105zanie do zastosowa\u0144 u\u00a0klient\u00f3w\",\"breadcrumb\":{\"@id\":\"https:\/\/www.iew.eu\/pl\/zastosowania\/bezplatny-test-zastosowan\/#breadcrumb\"},\"inLanguage\":\"pl-PL\",\"potentialAction\":[{\"@type\":\"ReadAction\",\"target\":[\"https:\/\/www.iew.eu\/pl\/zastosowania\/bezplatny-test-zastosowan\/\"]}]},{\"@type\":\"BreadcrumbList\",\"@id\":\"https:\/\/www.iew.eu\/pl\/zastosowania\/bezplatny-test-zastosowan\/#breadcrumb\",\"itemListElement\":[{\"@type\":\"ListItem\",\"position\":1,\"name\":\"Startseite\",\"item\":\"https:\/\/www.iew.eu\/pl\/\"},{\"@type\":\"ListItem\",\"position\":2,\"name\":\"Zastosowania\",\"item\":\"https:\/\/www.iew.eu\/pl\/zastosowania\/\"},{\"@type\":\"ListItem\",\"position\":3,\"name\":\"Bezp\u0142atny test zastosowa\u0144\"}]},{\"@type\":\"WebSite\",\"@id\":\"https:\/\/www.iew.eu\/pl\/#website\",\"url\":\"https:\/\/www.iew.eu\/pl\/\",\"name\":\"iew Induktive Erw\u00e4rmungsanlagen GmbH\",\"description\":\"Ihr Partner f\u00fcr Komplettl\u00f6sungen rund um Induktive Erw\u00e4rmungsanlagen, Sondermaschinenbau und Vakuuml\u00f6ttechnik. F\u00fcr Deutschland, \u00d6sterreich, Schweiz &amp; europaweit.\",\"potentialAction\":[{\"@type\":\"SearchAction\",\"target\":{\"@type\":\"EntryPoint\",\"urlTemplate\":\"https:\/\/www.iew.eu\/pl\/?s={search_term_string}\"},\"query-input\":{\"@type\":\"PropertyValueSpecification\",\"valueRequired\":true,\"valueName\":\"search_term_string\"}}],\"inLanguage\":\"pl-PL\"}]}<\/script>\n<!-- \/ Yoast SEO plugin. -->","yoast_head_json":{"title":"Urz\u0105dzenia do nagrzewania indukcyjnego i\u00a0test urz\u0105dze\u0144 indukcyjnych","description":"Bezp\u0142atny test zastosowa\u0144 urz\u0105dze\u0144 do nagrzewania indukcyjnego Projektujemy i\u00a0testujemy optymalne rozwi\u0105zanie do zastosowa\u0144 u\u00a0klient\u00f3w","robots":{"index":"index","follow":"follow","max-snippet":"max-snippet:-1","max-image-preview":"max-image-preview:large","max-video-preview":"max-video-preview:-1"},"canonical":"https:\/\/www.iew.eu\/pl\/zastosowania\/bezplatny-test-zastosowan\/","og_locale":"pl_PL","og_type":"article","og_title":"Urz\u0105dzenia do nagrzewania indukcyjnego i\u00a0test urz\u0105dze\u0144 indukcyjnych","og_description":"Bezp\u0142atny test zastosowa\u0144 urz\u0105dze\u0144 do nagrzewania indukcyjnego Projektujemy i\u00a0testujemy optymalne rozwi\u0105zanie do zastosowa\u0144 u\u00a0klient\u00f3w","og_url":"https:\/\/www.iew.eu\/pl\/zastosowania\/bezplatny-test-zastosowan\/","og_site_name":"iew Induktive Erw\u00e4rmungsanlagen GmbH","article_modified_time":"2023-07-07T09:11:21+00:00","twitter_card":"summary_large_image","schema":{"@context":"https:\/\/schema.org","@graph":[{"@type":"WebPage","@id":"https:\/\/www.iew.eu\/pl\/zastosowania\/bezplatny-test-zastosowan\/","url":"https:\/\/www.iew.eu\/pl\/zastosowania\/bezplatny-test-zastosowan\/","name":"Urz\u0105dzenia do nagrzewania indukcyjnego i\u00a0test urz\u0105dze\u0144 indukcyjnych","isPartOf":{"@id":"https:\/\/www.iew.eu\/pl\/#website"},"datePublished":"2023-02-07T13:21:54+00:00","dateModified":"2023-07-07T09:11:21+00:00","description":"Bezp\u0142atny test zastosowa\u0144 urz\u0105dze\u0144 do nagrzewania indukcyjnego Projektujemy i\u00a0testujemy optymalne rozwi\u0105zanie do zastosowa\u0144 u\u00a0klient\u00f3w","breadcrumb":{"@id":"https:\/\/www.iew.eu\/pl\/zastosowania\/bezplatny-test-zastosowan\/#breadcrumb"},"inLanguage":"pl-PL","potentialAction":[{"@type":"ReadAction","target":["https:\/\/www.iew.eu\/pl\/zastosowania\/bezplatny-test-zastosowan\/"]}]},{"@type":"BreadcrumbList","@id":"https:\/\/www.iew.eu\/pl\/zastosowania\/bezplatny-test-zastosowan\/#breadcrumb","itemListElement":[{"@type":"ListItem","position":1,"name":"Startseite","item":"https:\/\/www.iew.eu\/pl\/"},{"@type":"ListItem","position":2,"name":"Zastosowania","item":"https:\/\/www.iew.eu\/pl\/zastosowania\/"},{"@type":"ListItem","position":3,"name":"Bezp\u0142atny test zastosowa\u0144"}]},{"@type":"WebSite","@id":"https:\/\/www.iew.eu\/pl\/#website","url":"https:\/\/www.iew.eu\/pl\/","name":"iew Induktive Erw\u00e4rmungsanlagen GmbH","description":"Ihr Partner f\u00fcr Komplettl\u00f6sungen rund um Induktive Erw\u00e4rmungsanlagen, Sondermaschinenbau und Vakuuml\u00f6ttechnik. F\u00fcr Deutschland, \u00d6sterreich, Schweiz &amp; europaweit.","potentialAction":[{"@type":"SearchAction","target":{"@type":"EntryPoint","urlTemplate":"https:\/\/www.iew.eu\/pl\/?s={search_term_string}"},"query-input":{"@type":"PropertyValueSpecification","valueRequired":true,"valueName":"search_term_string"}}],"inLanguage":"pl-PL"}]}},"_links":{"self":[{"href":"https:\/\/www.iew.eu\/pl\/wp-json\/wp\/v2\/pages\/7181","targetHints":{"allow":["GET"]}}],"collection":[{"href":"https:\/\/www.iew.eu\/pl\/wp-json\/wp\/v2\/pages"}],"about":[{"href":"https:\/\/www.iew.eu\/pl\/wp-json\/wp\/v2\/types\/page"}],"author":[{"embeddable":true,"href":"https:\/\/www.iew.eu\/pl\/wp-json\/wp\/v2\/users\/1"}],"replies":[{"embeddable":true,"href":"https:\/\/www.iew.eu\/pl\/wp-json\/wp\/v2\/comments?post=7181"}],"version-history":[{"count":2,"href":"https:\/\/www.iew.eu\/pl\/wp-json\/wp\/v2\/pages\/7181\/revisions"}],"predecessor-version":[{"id":8043,"href":"https:\/\/www.iew.eu\/pl\/wp-json\/wp\/v2\/pages\/7181\/revisions\/8043"}],"up":[{"embeddable":true,"href":"https:\/\/www.iew.eu\/pl\/wp-json\/wp\/v2\/pages\/7159"}],"wp:attachment":[{"href":"https:\/\/www.iew.eu\/pl\/wp-json\/wp\/v2\/media?parent=7181"}],"curies":[{"name":"wp","href":"https:\/\/api.w.org\/{rel}","templated":true}]}}