{"id":7183,"date":"2023-02-07T14:21:54","date_gmt":"2023-02-07T13:21:54","guid":{"rendered":"https:\/\/www.iew.eu\/produkty\/urzadzenie-do-lutowania-prozniowego-vvbm-200\/"},"modified":"2023-08-10T15:01:23","modified_gmt":"2023-08-10T13:01:23","slug":"urzadzenie-do-lutowania-prozniowego-vvbm-200","status":"publish","type":"page","link":"https:\/\/www.iew.eu\/pl\/produkty\/urzadzenie-do-lutowania-prozniowego-vvbm-200\/","title":{"rendered":"Urz\u0105dzenie do lutowania pr\u00f3\u017cniowego VVBM 200"},"content":{"rendered":"","protected":false},"excerpt":{"rendered":"","protected":false},"author":10,"featured_media":0,"parent":7158,"menu_order":0,"comment_status":"closed","ping_status":"closed","template":"templates\/custom-page-dynamic.php","meta":{"footnotes":""},"class_list":["post-7183","page","type-page","status-publish","hentry"],"acf":[],"yoast_head":"<!-- This site is optimized with the Yoast SEO plugin v26.2 - https:\/\/yoast.com\/wordpress\/plugins\/seo\/ -->\n<title>Urz\u0105dzenie do lutowania pr\u00f3\u017cniowego VVBM 200 &#8212; iew Induktive Erw\u00e4rmungsanlagen GmbH<\/title>\n<meta name=\"description\" content=\"Perfekcja w\u00a0lutowaniu za pomoc\u0105 urz\u0105dzenia do lutowania pr\u00f3\u017cniowego VVBM 200 \u2013 bez kompromis\u00f3w! Poznaj zalety naszego precyzyjnego urz\u0105dzenia do lutowania pr\u00f3\u017cniowego.\" \/>\n<meta name=\"robots\" content=\"index, follow, max-snippet:-1, max-image-preview:large, max-video-preview:-1\" \/>\n<link rel=\"canonical\" href=\"https:\/\/www.iew.eu\/pl\/produkty\/urzadzenie-do-lutowania-prozniowego-vvbm-200\/\" \/>\n<meta property=\"og:locale\" content=\"pl_PL\" \/>\n<meta property=\"og:type\" content=\"article\" \/>\n<meta property=\"og:title\" content=\"Urz\u0105dzenie do lutowania pr\u00f3\u017cniowego VVBM 200 &#8212; iew Induktive Erw\u00e4rmungsanlagen GmbH\" \/>\n<meta property=\"og:description\" content=\"Perfekcja w\u00a0lutowaniu za pomoc\u0105 urz\u0105dzenia do lutowania pr\u00f3\u017cniowego VVBM 200 \u2013 bez kompromis\u00f3w! Poznaj zalety naszego precyzyjnego urz\u0105dzenia do lutowania pr\u00f3\u017cniowego.\" \/>\n<meta property=\"og:url\" content=\"https:\/\/www.iew.eu\/pl\/produkty\/urzadzenie-do-lutowania-prozniowego-vvbm-200\/\" \/>\n<meta property=\"og:site_name\" content=\"iew Induktive Erw\u00e4rmungsanlagen GmbH\" \/>\n<meta property=\"article:modified_time\" content=\"2023-08-10T13:01:23+00:00\" \/>\n<meta name=\"twitter:card\" content=\"summary_large_image\" \/>\n<script type=\"application\/ld+json\" class=\"yoast-schema-graph\">{\"@context\":\"https:\/\/schema.org\",\"@graph\":[{\"@type\":\"WebPage\",\"@id\":\"https:\/\/www.iew.eu\/pl\/produkty\/urzadzenie-do-lutowania-prozniowego-vvbm-200\/\",\"url\":\"https:\/\/www.iew.eu\/pl\/produkty\/urzadzenie-do-lutowania-prozniowego-vvbm-200\/\",\"name\":\"Urz\u0105dzenie do lutowania pr\u00f3\u017cniowego VVBM 200 &#8212; iew Induktive Erw\u00e4rmungsanlagen GmbH\",\"isPartOf\":{\"@id\":\"https:\/\/www.iew.eu\/pl\/#website\"},\"datePublished\":\"2023-02-07T13:21:54+00:00\",\"dateModified\":\"2023-08-10T13:01:23+00:00\",\"description\":\"Perfekcja w\u00a0lutowaniu za pomoc\u0105 urz\u0105dzenia do lutowania pr\u00f3\u017cniowego VVBM 200 \u2013 bez kompromis\u00f3w! Poznaj zalety naszego precyzyjnego urz\u0105dzenia do lutowania pr\u00f3\u017cniowego.\",\"breadcrumb\":{\"@id\":\"https:\/\/www.iew.eu\/pl\/produkty\/urzadzenie-do-lutowania-prozniowego-vvbm-200\/#breadcrumb\"},\"inLanguage\":\"pl-PL\",\"potentialAction\":[{\"@type\":\"ReadAction\",\"target\":[\"https:\/\/www.iew.eu\/pl\/produkty\/urzadzenie-do-lutowania-prozniowego-vvbm-200\/\"]}]},{\"@type\":\"BreadcrumbList\",\"@id\":\"https:\/\/www.iew.eu\/pl\/produkty\/urzadzenie-do-lutowania-prozniowego-vvbm-200\/#breadcrumb\",\"itemListElement\":[{\"@type\":\"ListItem\",\"position\":1,\"name\":\"Startseite\",\"item\":\"https:\/\/www.iew.eu\/pl\/\"},{\"@type\":\"ListItem\",\"position\":2,\"name\":\"Produkty\",\"item\":\"https:\/\/www.iew.eu\/pl\/produkty\/\"},{\"@type\":\"ListItem\",\"position\":3,\"name\":\"Urz\u0105dzenie do lutowania pr\u00f3\u017cniowego VVBM 200\"}]},{\"@type\":\"WebSite\",\"@id\":\"https:\/\/www.iew.eu\/pl\/#website\",\"url\":\"https:\/\/www.iew.eu\/pl\/\",\"name\":\"iew Induktive Erw\u00e4rmungsanlagen GmbH\",\"description\":\"Ihr Partner f\u00fcr Komplettl\u00f6sungen rund um Induktive Erw\u00e4rmungsanlagen, Sondermaschinenbau und Vakuuml\u00f6ttechnik. F\u00fcr Deutschland, \u00d6sterreich, Schweiz &amp; europaweit.\",\"potentialAction\":[{\"@type\":\"SearchAction\",\"target\":{\"@type\":\"EntryPoint\",\"urlTemplate\":\"https:\/\/www.iew.eu\/pl\/?s={search_term_string}\"},\"query-input\":{\"@type\":\"PropertyValueSpecification\",\"valueRequired\":true,\"valueName\":\"search_term_string\"}}],\"inLanguage\":\"pl-PL\"}]}<\/script>\n<!-- \/ Yoast SEO plugin. -->","yoast_head_json":{"title":"Urz\u0105dzenie do lutowania pr\u00f3\u017cniowego VVBM 200 &#8212; iew Induktive Erw\u00e4rmungsanlagen GmbH","description":"Perfekcja w\u00a0lutowaniu za pomoc\u0105 urz\u0105dzenia do lutowania pr\u00f3\u017cniowego VVBM 200 \u2013 bez kompromis\u00f3w! Poznaj zalety naszego precyzyjnego urz\u0105dzenia do lutowania pr\u00f3\u017cniowego.","robots":{"index":"index","follow":"follow","max-snippet":"max-snippet:-1","max-image-preview":"max-image-preview:large","max-video-preview":"max-video-preview:-1"},"canonical":"https:\/\/www.iew.eu\/pl\/produkty\/urzadzenie-do-lutowania-prozniowego-vvbm-200\/","og_locale":"pl_PL","og_type":"article","og_title":"Urz\u0105dzenie do lutowania pr\u00f3\u017cniowego VVBM 200 &#8212; iew Induktive Erw\u00e4rmungsanlagen GmbH","og_description":"Perfekcja w\u00a0lutowaniu za pomoc\u0105 urz\u0105dzenia do lutowania pr\u00f3\u017cniowego VVBM 200 \u2013 bez kompromis\u00f3w! Poznaj zalety naszego precyzyjnego urz\u0105dzenia do lutowania pr\u00f3\u017cniowego.","og_url":"https:\/\/www.iew.eu\/pl\/produkty\/urzadzenie-do-lutowania-prozniowego-vvbm-200\/","og_site_name":"iew Induktive Erw\u00e4rmungsanlagen GmbH","article_modified_time":"2023-08-10T13:01:23+00:00","twitter_card":"summary_large_image","schema":{"@context":"https:\/\/schema.org","@graph":[{"@type":"WebPage","@id":"https:\/\/www.iew.eu\/pl\/produkty\/urzadzenie-do-lutowania-prozniowego-vvbm-200\/","url":"https:\/\/www.iew.eu\/pl\/produkty\/urzadzenie-do-lutowania-prozniowego-vvbm-200\/","name":"Urz\u0105dzenie do lutowania pr\u00f3\u017cniowego VVBM 200 &#8212; iew Induktive Erw\u00e4rmungsanlagen GmbH","isPartOf":{"@id":"https:\/\/www.iew.eu\/pl\/#website"},"datePublished":"2023-02-07T13:21:54+00:00","dateModified":"2023-08-10T13:01:23+00:00","description":"Perfekcja w\u00a0lutowaniu za pomoc\u0105 urz\u0105dzenia do lutowania pr\u00f3\u017cniowego VVBM 200 \u2013 bez kompromis\u00f3w! Poznaj zalety naszego precyzyjnego urz\u0105dzenia do lutowania pr\u00f3\u017cniowego.","breadcrumb":{"@id":"https:\/\/www.iew.eu\/pl\/produkty\/urzadzenie-do-lutowania-prozniowego-vvbm-200\/#breadcrumb"},"inLanguage":"pl-PL","potentialAction":[{"@type":"ReadAction","target":["https:\/\/www.iew.eu\/pl\/produkty\/urzadzenie-do-lutowania-prozniowego-vvbm-200\/"]}]},{"@type":"BreadcrumbList","@id":"https:\/\/www.iew.eu\/pl\/produkty\/urzadzenie-do-lutowania-prozniowego-vvbm-200\/#breadcrumb","itemListElement":[{"@type":"ListItem","position":1,"name":"Startseite","item":"https:\/\/www.iew.eu\/pl\/"},{"@type":"ListItem","position":2,"name":"Produkty","item":"https:\/\/www.iew.eu\/pl\/produkty\/"},{"@type":"ListItem","position":3,"name":"Urz\u0105dzenie do lutowania pr\u00f3\u017cniowego VVBM 200"}]},{"@type":"WebSite","@id":"https:\/\/www.iew.eu\/pl\/#website","url":"https:\/\/www.iew.eu\/pl\/","name":"iew Induktive Erw\u00e4rmungsanlagen GmbH","description":"Ihr Partner f\u00fcr Komplettl\u00f6sungen rund um Induktive Erw\u00e4rmungsanlagen, Sondermaschinenbau und Vakuuml\u00f6ttechnik. F\u00fcr Deutschland, \u00d6sterreich, Schweiz &amp; europaweit.","potentialAction":[{"@type":"SearchAction","target":{"@type":"EntryPoint","urlTemplate":"https:\/\/www.iew.eu\/pl\/?s={search_term_string}"},"query-input":{"@type":"PropertyValueSpecification","valueRequired":true,"valueName":"search_term_string"}}],"inLanguage":"pl-PL"}]}},"_links":{"self":[{"href":"https:\/\/www.iew.eu\/pl\/wp-json\/wp\/v2\/pages\/7183","targetHints":{"allow":["GET"]}}],"collection":[{"href":"https:\/\/www.iew.eu\/pl\/wp-json\/wp\/v2\/pages"}],"about":[{"href":"https:\/\/www.iew.eu\/pl\/wp-json\/wp\/v2\/types\/page"}],"author":[{"embeddable":true,"href":"https:\/\/www.iew.eu\/pl\/wp-json\/wp\/v2\/users\/10"}],"replies":[{"embeddable":true,"href":"https:\/\/www.iew.eu\/pl\/wp-json\/wp\/v2\/comments?post=7183"}],"version-history":[{"count":3,"href":"https:\/\/www.iew.eu\/pl\/wp-json\/wp\/v2\/pages\/7183\/revisions"}],"predecessor-version":[{"id":8929,"href":"https:\/\/www.iew.eu\/pl\/wp-json\/wp\/v2\/pages\/7183\/revisions\/8929"}],"up":[{"embeddable":true,"href":"https:\/\/www.iew.eu\/pl\/wp-json\/wp\/v2\/pages\/7158"}],"wp:attachment":[{"href":"https:\/\/www.iew.eu\/pl\/wp-json\/wp\/v2\/media?parent=7183"}],"curies":[{"name":"wp","href":"https:\/\/api.w.org\/{rel}","templated":true}]}}