{"id":6938,"date":"2023-02-07T14:09:58","date_gmt":"2023-02-07T13:09:58","guid":{"rendered":"https:\/\/www.iew.eu\/dispositivos-adicionais\/"},"modified":"2023-07-06T09:19:48","modified_gmt":"2023-07-06T07:19:48","slug":"dispositivos-adicionais","status":"publish","type":"page","link":"https:\/\/www.iew.eu\/pt-pt\/produtos\/sistemas-de-aquecimento-por-induo\/dispositivos-adicionais\/","title":{"rendered":"Dispositivos adicionais"},"content":{"rendered":"","protected":false},"excerpt":{"rendered":"","protected":false},"author":1,"featured_media":0,"parent":7311,"menu_order":0,"comment_status":"closed","ping_status":"closed","template":"templates\/custom-page-dynamic.php","meta":{"footnotes":""},"class_list":["post-6938","page","type-page","status-publish","hentry"],"acf":[],"yoast_head":"<!-- This site is optimized with the Yoast SEO plugin v26.2 - https:\/\/yoast.com\/wordpress\/plugins\/seo\/ -->\n<title>Dispositivos adicionais &#8212; iew Induktive Erw\u00e4rmungsanlagen GmbH<\/title>\n<meta name=\"robots\" content=\"index, follow, max-snippet:-1, max-image-preview:large, max-video-preview:-1\" \/>\n<link rel=\"canonical\" href=\"https:\/\/www.iew.eu\/pt-pt\/produtos\/sistemas-de-aquecimento-por-induo\/dispositivos-adicionais\/\" \/>\n<meta property=\"og:locale\" content=\"pt_PT\" \/>\n<meta property=\"og:type\" content=\"article\" \/>\n<meta property=\"og:title\" content=\"Dispositivos adicionais &#8212; iew Induktive Erw\u00e4rmungsanlagen GmbH\" \/>\n<meta property=\"og:url\" content=\"https:\/\/www.iew.eu\/pt-pt\/produtos\/sistemas-de-aquecimento-por-induo\/dispositivos-adicionais\/\" \/>\n<meta property=\"og:site_name\" content=\"iew Induktive Erw\u00e4rmungsanlagen GmbH\" \/>\n<meta property=\"article:modified_time\" content=\"2023-07-06T07:19:48+00:00\" \/>\n<meta name=\"twitter:card\" content=\"summary_large_image\" \/>\n<script type=\"application\/ld+json\" class=\"yoast-schema-graph\">{\"@context\":\"https:\/\/schema.org\",\"@graph\":[{\"@type\":\"WebPage\",\"@id\":\"https:\/\/www.iew.eu\/pt-pt\/produtos\/sistemas-de-aquecimento-por-induo\/dispositivos-adicionais\/\",\"url\":\"https:\/\/www.iew.eu\/pt-pt\/produtos\/sistemas-de-aquecimento-por-induo\/dispositivos-adicionais\/\",\"name\":\"Dispositivos adicionais &#8212; iew Induktive Erw\u00e4rmungsanlagen GmbH\",\"isPartOf\":{\"@id\":\"https:\/\/www.iew.eu\/pt-pt\/#website\"},\"datePublished\":\"2023-02-07T13:09:58+00:00\",\"dateModified\":\"2023-07-06T07:19:48+00:00\",\"breadcrumb\":{\"@id\":\"https:\/\/www.iew.eu\/pt-pt\/produtos\/sistemas-de-aquecimento-por-induo\/dispositivos-adicionais\/#breadcrumb\"},\"inLanguage\":\"pt-PT\",\"potentialAction\":[{\"@type\":\"ReadAction\",\"target\":[\"https:\/\/www.iew.eu\/pt-pt\/produtos\/sistemas-de-aquecimento-por-induo\/dispositivos-adicionais\/\"]}]},{\"@type\":\"BreadcrumbList\",\"@id\":\"https:\/\/www.iew.eu\/pt-pt\/produtos\/sistemas-de-aquecimento-por-induo\/dispositivos-adicionais\/#breadcrumb\",\"itemListElement\":[{\"@type\":\"ListItem\",\"position\":1,\"name\":\"Startseite\",\"item\":\"https:\/\/www.iew.eu\/pt-pt\/\"},{\"@type\":\"ListItem\",\"position\":2,\"name\":\"Produtos\",\"item\":\"https:\/\/www.iew.eu\/pt-pt\/produtos\/\"},{\"@type\":\"ListItem\",\"position\":3,\"name\":\"Sistemas de aquecimento por indu\u00e7\u00e3o\",\"item\":\"https:\/\/www.iew.eu\/pt-pt\/produtos\/sistemas-de-aquecimento-por-induo\/\"},{\"@type\":\"ListItem\",\"position\":4,\"name\":\"Dispositivos adicionais\"}]},{\"@type\":\"WebSite\",\"@id\":\"https:\/\/www.iew.eu\/pt-pt\/#website\",\"url\":\"https:\/\/www.iew.eu\/pt-pt\/\",\"name\":\"iew Induktive Erw\u00e4rmungsanlagen GmbH\",\"description\":\"Ihr Partner f\u00fcr Komplettl\u00f6sungen rund um Induktive Erw\u00e4rmungsanlagen, Sondermaschinenbau und Vakuuml\u00f6ttechnik. F\u00fcr Deutschland, \u00d6sterreich, Schweiz &amp; europaweit.\",\"potentialAction\":[{\"@type\":\"SearchAction\",\"target\":{\"@type\":\"EntryPoint\",\"urlTemplate\":\"https:\/\/www.iew.eu\/pt-pt\/?s={search_term_string}\"},\"query-input\":{\"@type\":\"PropertyValueSpecification\",\"valueRequired\":true,\"valueName\":\"search_term_string\"}}],\"inLanguage\":\"pt-PT\"}]}<\/script>\n<!-- \/ Yoast SEO plugin. -->","yoast_head_json":{"title":"Dispositivos adicionais &#8212; iew Induktive Erw\u00e4rmungsanlagen GmbH","robots":{"index":"index","follow":"follow","max-snippet":"max-snippet:-1","max-image-preview":"max-image-preview:large","max-video-preview":"max-video-preview:-1"},"canonical":"https:\/\/www.iew.eu\/pt-pt\/produtos\/sistemas-de-aquecimento-por-induo\/dispositivos-adicionais\/","og_locale":"pt_PT","og_type":"article","og_title":"Dispositivos adicionais &#8212; iew Induktive Erw\u00e4rmungsanlagen GmbH","og_url":"https:\/\/www.iew.eu\/pt-pt\/produtos\/sistemas-de-aquecimento-por-induo\/dispositivos-adicionais\/","og_site_name":"iew Induktive Erw\u00e4rmungsanlagen GmbH","article_modified_time":"2023-07-06T07:19:48+00:00","twitter_card":"summary_large_image","schema":{"@context":"https:\/\/schema.org","@graph":[{"@type":"WebPage","@id":"https:\/\/www.iew.eu\/pt-pt\/produtos\/sistemas-de-aquecimento-por-induo\/dispositivos-adicionais\/","url":"https:\/\/www.iew.eu\/pt-pt\/produtos\/sistemas-de-aquecimento-por-induo\/dispositivos-adicionais\/","name":"Dispositivos adicionais &#8212; iew Induktive Erw\u00e4rmungsanlagen GmbH","isPartOf":{"@id":"https:\/\/www.iew.eu\/pt-pt\/#website"},"datePublished":"2023-02-07T13:09:58+00:00","dateModified":"2023-07-06T07:19:48+00:00","breadcrumb":{"@id":"https:\/\/www.iew.eu\/pt-pt\/produtos\/sistemas-de-aquecimento-por-induo\/dispositivos-adicionais\/#breadcrumb"},"inLanguage":"pt-PT","potentialAction":[{"@type":"ReadAction","target":["https:\/\/www.iew.eu\/pt-pt\/produtos\/sistemas-de-aquecimento-por-induo\/dispositivos-adicionais\/"]}]},{"@type":"BreadcrumbList","@id":"https:\/\/www.iew.eu\/pt-pt\/produtos\/sistemas-de-aquecimento-por-induo\/dispositivos-adicionais\/#breadcrumb","itemListElement":[{"@type":"ListItem","position":1,"name":"Startseite","item":"https:\/\/www.iew.eu\/pt-pt\/"},{"@type":"ListItem","position":2,"name":"Produtos","item":"https:\/\/www.iew.eu\/pt-pt\/produtos\/"},{"@type":"ListItem","position":3,"name":"Sistemas de aquecimento por indu\u00e7\u00e3o","item":"https:\/\/www.iew.eu\/pt-pt\/produtos\/sistemas-de-aquecimento-por-induo\/"},{"@type":"ListItem","position":4,"name":"Dispositivos adicionais"}]},{"@type":"WebSite","@id":"https:\/\/www.iew.eu\/pt-pt\/#website","url":"https:\/\/www.iew.eu\/pt-pt\/","name":"iew Induktive Erw\u00e4rmungsanlagen GmbH","description":"Ihr Partner f\u00fcr Komplettl\u00f6sungen rund um Induktive Erw\u00e4rmungsanlagen, Sondermaschinenbau und Vakuuml\u00f6ttechnik. F\u00fcr Deutschland, \u00d6sterreich, Schweiz &amp; europaweit.","potentialAction":[{"@type":"SearchAction","target":{"@type":"EntryPoint","urlTemplate":"https:\/\/www.iew.eu\/pt-pt\/?s={search_term_string}"},"query-input":{"@type":"PropertyValueSpecification","valueRequired":true,"valueName":"search_term_string"}}],"inLanguage":"pt-PT"}]}},"_links":{"self":[{"href":"https:\/\/www.iew.eu\/pt-pt\/wp-json\/wp\/v2\/pages\/6938","targetHints":{"allow":["GET"]}}],"collection":[{"href":"https:\/\/www.iew.eu\/pt-pt\/wp-json\/wp\/v2\/pages"}],"about":[{"href":"https:\/\/www.iew.eu\/pt-pt\/wp-json\/wp\/v2\/types\/page"}],"author":[{"embeddable":true,"href":"https:\/\/www.iew.eu\/pt-pt\/wp-json\/wp\/v2\/users\/1"}],"replies":[{"embeddable":true,"href":"https:\/\/www.iew.eu\/pt-pt\/wp-json\/wp\/v2\/comments?post=6938"}],"version-history":[{"count":2,"href":"https:\/\/www.iew.eu\/pt-pt\/wp-json\/wp\/v2\/pages\/6938\/revisions"}],"predecessor-version":[{"id":8130,"href":"https:\/\/www.iew.eu\/pt-pt\/wp-json\/wp\/v2\/pages\/6938\/revisions\/8130"}],"up":[{"embeddable":true,"href":"https:\/\/www.iew.eu\/pt-pt\/wp-json\/wp\/v2\/pages\/7311"}],"wp:attachment":[{"href":"https:\/\/www.iew.eu\/pt-pt\/wp-json\/wp\/v2\/media?parent=6938"}],"curies":[{"name":"wp","href":"https:\/\/api.w.org\/{rel}","templated":true}]}}