{"id":6983,"date":"2023-02-07T14:10:11","date_gmt":"2023-02-07T13:10:11","guid":{"rendered":"https:\/\/www.iew.eu\/unidades-de-soldadura\/"},"modified":"2023-07-31T17:33:52","modified_gmt":"2023-07-31T15:33:52","slug":"unidades-de-soldadura","status":"publish","type":"page","link":"https:\/\/www.iew.eu\/pt-pt\/produtos\/unidades-de-soldadura\/","title":{"rendered":"Unidades de soldadura"},"content":{"rendered":"","protected":false},"excerpt":{"rendered":"","protected":false},"author":1,"featured_media":0,"parent":7298,"menu_order":0,"comment_status":"closed","ping_status":"closed","template":"templates\/custom-page-dynamic.php","meta":{"footnotes":""},"class_list":["post-6983","page","type-page","status-publish","hentry"],"acf":[],"yoast_head":"<!-- This site is optimized with the Yoast SEO plugin v26.2 - https:\/\/yoast.com\/wordpress\/plugins\/seo\/ -->\n<title>Unidades de soldadura &#8212; iew Induktive Erw\u00e4rmungsanlagen GmbH<\/title>\n<meta name=\"description\" content=\"Unidades de soldadura iew: convincentemente boas! Soldadura na perfei\u00e7\u00e3o, qualidade que inspira, Feito na \u00c1ustria. Informar-se agora.\" \/>\n<meta name=\"robots\" content=\"index, follow, max-snippet:-1, max-image-preview:large, max-video-preview:-1\" \/>\n<link rel=\"canonical\" href=\"https:\/\/www.iew.eu\/pt-pt\/produtos\/unidades-de-soldadura\/\" \/>\n<meta property=\"og:locale\" content=\"pt_PT\" \/>\n<meta property=\"og:type\" content=\"article\" \/>\n<meta property=\"og:title\" content=\"Unidades de soldadura &#8212; iew Induktive Erw\u00e4rmungsanlagen GmbH\" \/>\n<meta property=\"og:description\" content=\"Unidades de soldadura iew: convincentemente boas! Soldadura na perfei\u00e7\u00e3o, qualidade que inspira, Feito na \u00c1ustria. Informar-se agora.\" \/>\n<meta property=\"og:url\" content=\"https:\/\/www.iew.eu\/pt-pt\/produtos\/unidades-de-soldadura\/\" \/>\n<meta property=\"og:site_name\" content=\"iew Induktive Erw\u00e4rmungsanlagen GmbH\" \/>\n<meta property=\"article:modified_time\" content=\"2023-07-31T15:33:52+00:00\" \/>\n<meta name=\"twitter:card\" content=\"summary_large_image\" \/>\n<script type=\"application\/ld+json\" class=\"yoast-schema-graph\">{\"@context\":\"https:\/\/schema.org\",\"@graph\":[{\"@type\":\"WebPage\",\"@id\":\"https:\/\/www.iew.eu\/pt-pt\/produtos\/unidades-de-soldadura\/\",\"url\":\"https:\/\/www.iew.eu\/pt-pt\/produtos\/unidades-de-soldadura\/\",\"name\":\"Unidades de soldadura &#8212; iew Induktive Erw\u00e4rmungsanlagen GmbH\",\"isPartOf\":{\"@id\":\"https:\/\/www.iew.eu\/pt-pt\/#website\"},\"datePublished\":\"2023-02-07T13:10:11+00:00\",\"dateModified\":\"2023-07-31T15:33:52+00:00\",\"description\":\"Unidades de soldadura iew: convincentemente boas! Soldadura na perfei\u00e7\u00e3o, qualidade que inspira, Feito na \u00c1ustria. Informar-se agora.\",\"breadcrumb\":{\"@id\":\"https:\/\/www.iew.eu\/pt-pt\/produtos\/unidades-de-soldadura\/#breadcrumb\"},\"inLanguage\":\"pt-PT\",\"potentialAction\":[{\"@type\":\"ReadAction\",\"target\":[\"https:\/\/www.iew.eu\/pt-pt\/produtos\/unidades-de-soldadura\/\"]}]},{\"@type\":\"BreadcrumbList\",\"@id\":\"https:\/\/www.iew.eu\/pt-pt\/produtos\/unidades-de-soldadura\/#breadcrumb\",\"itemListElement\":[{\"@type\":\"ListItem\",\"position\":1,\"name\":\"Startseite\",\"item\":\"https:\/\/www.iew.eu\/pt-pt\/\"},{\"@type\":\"ListItem\",\"position\":2,\"name\":\"Produtos\",\"item\":\"https:\/\/www.iew.eu\/pt-pt\/produtos\/\"},{\"@type\":\"ListItem\",\"position\":3,\"name\":\"Unidades de soldadura\"}]},{\"@type\":\"WebSite\",\"@id\":\"https:\/\/www.iew.eu\/pt-pt\/#website\",\"url\":\"https:\/\/www.iew.eu\/pt-pt\/\",\"name\":\"iew Induktive Erw\u00e4rmungsanlagen GmbH\",\"description\":\"Ihr Partner f\u00fcr Komplettl\u00f6sungen rund um Induktive Erw\u00e4rmungsanlagen, Sondermaschinenbau und Vakuuml\u00f6ttechnik. F\u00fcr Deutschland, \u00d6sterreich, Schweiz &amp; europaweit.\",\"potentialAction\":[{\"@type\":\"SearchAction\",\"target\":{\"@type\":\"EntryPoint\",\"urlTemplate\":\"https:\/\/www.iew.eu\/pt-pt\/?s={search_term_string}\"},\"query-input\":{\"@type\":\"PropertyValueSpecification\",\"valueRequired\":true,\"valueName\":\"search_term_string\"}}],\"inLanguage\":\"pt-PT\"}]}<\/script>\n<!-- \/ Yoast SEO plugin. -->","yoast_head_json":{"title":"Unidades de soldadura &#8212; iew Induktive Erw\u00e4rmungsanlagen GmbH","description":"Unidades de soldadura iew: convincentemente boas! Soldadura na perfei\u00e7\u00e3o, qualidade que inspira, Feito na \u00c1ustria. Informar-se agora.","robots":{"index":"index","follow":"follow","max-snippet":"max-snippet:-1","max-image-preview":"max-image-preview:large","max-video-preview":"max-video-preview:-1"},"canonical":"https:\/\/www.iew.eu\/pt-pt\/produtos\/unidades-de-soldadura\/","og_locale":"pt_PT","og_type":"article","og_title":"Unidades de soldadura &#8212; iew Induktive Erw\u00e4rmungsanlagen GmbH","og_description":"Unidades de soldadura iew: convincentemente boas! Soldadura na perfei\u00e7\u00e3o, qualidade que inspira, Feito na \u00c1ustria. Informar-se agora.","og_url":"https:\/\/www.iew.eu\/pt-pt\/produtos\/unidades-de-soldadura\/","og_site_name":"iew Induktive Erw\u00e4rmungsanlagen GmbH","article_modified_time":"2023-07-31T15:33:52+00:00","twitter_card":"summary_large_image","schema":{"@context":"https:\/\/schema.org","@graph":[{"@type":"WebPage","@id":"https:\/\/www.iew.eu\/pt-pt\/produtos\/unidades-de-soldadura\/","url":"https:\/\/www.iew.eu\/pt-pt\/produtos\/unidades-de-soldadura\/","name":"Unidades de soldadura &#8212; iew Induktive Erw\u00e4rmungsanlagen GmbH","isPartOf":{"@id":"https:\/\/www.iew.eu\/pt-pt\/#website"},"datePublished":"2023-02-07T13:10:11+00:00","dateModified":"2023-07-31T15:33:52+00:00","description":"Unidades de soldadura iew: convincentemente boas! Soldadura na perfei\u00e7\u00e3o, qualidade que inspira, Feito na \u00c1ustria. Informar-se agora.","breadcrumb":{"@id":"https:\/\/www.iew.eu\/pt-pt\/produtos\/unidades-de-soldadura\/#breadcrumb"},"inLanguage":"pt-PT","potentialAction":[{"@type":"ReadAction","target":["https:\/\/www.iew.eu\/pt-pt\/produtos\/unidades-de-soldadura\/"]}]},{"@type":"BreadcrumbList","@id":"https:\/\/www.iew.eu\/pt-pt\/produtos\/unidades-de-soldadura\/#breadcrumb","itemListElement":[{"@type":"ListItem","position":1,"name":"Startseite","item":"https:\/\/www.iew.eu\/pt-pt\/"},{"@type":"ListItem","position":2,"name":"Produtos","item":"https:\/\/www.iew.eu\/pt-pt\/produtos\/"},{"@type":"ListItem","position":3,"name":"Unidades de soldadura"}]},{"@type":"WebSite","@id":"https:\/\/www.iew.eu\/pt-pt\/#website","url":"https:\/\/www.iew.eu\/pt-pt\/","name":"iew Induktive Erw\u00e4rmungsanlagen GmbH","description":"Ihr Partner f\u00fcr Komplettl\u00f6sungen rund um Induktive Erw\u00e4rmungsanlagen, Sondermaschinenbau und Vakuuml\u00f6ttechnik. F\u00fcr Deutschland, \u00d6sterreich, Schweiz &amp; europaweit.","potentialAction":[{"@type":"SearchAction","target":{"@type":"EntryPoint","urlTemplate":"https:\/\/www.iew.eu\/pt-pt\/?s={search_term_string}"},"query-input":{"@type":"PropertyValueSpecification","valueRequired":true,"valueName":"search_term_string"}}],"inLanguage":"pt-PT"}]}},"_links":{"self":[{"href":"https:\/\/www.iew.eu\/pt-pt\/wp-json\/wp\/v2\/pages\/6983","targetHints":{"allow":["GET"]}}],"collection":[{"href":"https:\/\/www.iew.eu\/pt-pt\/wp-json\/wp\/v2\/pages"}],"about":[{"href":"https:\/\/www.iew.eu\/pt-pt\/wp-json\/wp\/v2\/types\/page"}],"author":[{"embeddable":true,"href":"https:\/\/www.iew.eu\/pt-pt\/wp-json\/wp\/v2\/users\/1"}],"replies":[{"embeddable":true,"href":"https:\/\/www.iew.eu\/pt-pt\/wp-json\/wp\/v2\/comments?post=6983"}],"version-history":[{"count":3,"href":"https:\/\/www.iew.eu\/pt-pt\/wp-json\/wp\/v2\/pages\/6983\/revisions"}],"predecessor-version":[{"id":8496,"href":"https:\/\/www.iew.eu\/pt-pt\/wp-json\/wp\/v2\/pages\/6983\/revisions\/8496"}],"up":[{"embeddable":true,"href":"https:\/\/www.iew.eu\/pt-pt\/wp-json\/wp\/v2\/pages\/7298"}],"wp:attachment":[{"href":"https:\/\/www.iew.eu\/pt-pt\/wp-json\/wp\/v2\/media?parent=6983"}],"curies":[{"name":"wp","href":"https:\/\/api.w.org\/{rel}","templated":true}]}}