{"id":7307,"date":"2023-03-08T13:20:46","date_gmt":"2023-03-08T12:20:46","guid":{"rendered":"https:\/\/www.iew.eu\/aplicaes\/colagem\/"},"modified":"2023-07-31T18:27:55","modified_gmt":"2023-07-31T16:27:55","slug":"colagem","status":"publish","type":"page","link":"https:\/\/www.iew.eu\/pt-pt\/aplicaes\/colagem\/","title":{"rendered":"Colagem"},"content":{"rendered":"","protected":false},"excerpt":{"rendered":"","protected":false},"author":1,"featured_media":0,"parent":7299,"menu_order":0,"comment_status":"closed","ping_status":"closed","template":"templates\/custom-page-dynamic.php","meta":{"footnotes":""},"class_list":["post-7307","page","type-page","status-publish","hentry"],"acf":[],"yoast_head":"<!-- This site is optimized with the Yoast SEO plugin v26.2 - https:\/\/yoast.com\/wordpress\/plugins\/seo\/ -->\n<title>Colagem por indu\u00e7\u00e3o e colagem por indu\u00e7\u00e3o autom\u00f3vel<\/title>\n<meta name=\"description\" content=\"Colagem por indu\u00e7\u00e3o no setor autom\u00f3vel, entre outros. Colagem de capotas e portas. Somos especializados em processos de colagem por indu\u00e7\u00e3o.\" \/>\n<meta name=\"robots\" content=\"index, follow, max-snippet:-1, max-image-preview:large, max-video-preview:-1\" \/>\n<link rel=\"canonical\" href=\"https:\/\/www.iew.eu\/pt-pt\/aplicaes\/colagem\/\" \/>\n<meta property=\"og:locale\" content=\"pt_PT\" \/>\n<meta property=\"og:type\" content=\"article\" \/>\n<meta property=\"og:title\" content=\"Colagem por indu\u00e7\u00e3o e colagem por indu\u00e7\u00e3o autom\u00f3vel\" \/>\n<meta property=\"og:description\" content=\"Colagem por indu\u00e7\u00e3o no setor autom\u00f3vel, entre outros. Colagem de capotas e portas. Somos especializados em processos de colagem por indu\u00e7\u00e3o.\" \/>\n<meta property=\"og:url\" content=\"https:\/\/www.iew.eu\/pt-pt\/aplicaes\/colagem\/\" \/>\n<meta property=\"og:site_name\" content=\"iew Induktive Erw\u00e4rmungsanlagen GmbH\" \/>\n<meta property=\"article:modified_time\" content=\"2023-07-31T16:27:55+00:00\" \/>\n<meta name=\"twitter:card\" content=\"summary_large_image\" \/>\n<script type=\"application\/ld+json\" class=\"yoast-schema-graph\">{\"@context\":\"https:\/\/schema.org\",\"@graph\":[{\"@type\":\"WebPage\",\"@id\":\"https:\/\/www.iew.eu\/pt-pt\/aplicaes\/colagem\/\",\"url\":\"https:\/\/www.iew.eu\/pt-pt\/aplicaes\/colagem\/\",\"name\":\"Colagem por indu\u00e7\u00e3o e colagem por indu\u00e7\u00e3o autom\u00f3vel\",\"isPartOf\":{\"@id\":\"https:\/\/www.iew.eu\/pt-pt\/#website\"},\"datePublished\":\"2023-03-08T12:20:46+00:00\",\"dateModified\":\"2023-07-31T16:27:55+00:00\",\"description\":\"Colagem por indu\u00e7\u00e3o no setor autom\u00f3vel, entre outros. Colagem de capotas e portas. Somos especializados em processos de colagem por indu\u00e7\u00e3o.\",\"breadcrumb\":{\"@id\":\"https:\/\/www.iew.eu\/pt-pt\/aplicaes\/colagem\/#breadcrumb\"},\"inLanguage\":\"pt-PT\",\"potentialAction\":[{\"@type\":\"ReadAction\",\"target\":[\"https:\/\/www.iew.eu\/pt-pt\/aplicaes\/colagem\/\"]}]},{\"@type\":\"BreadcrumbList\",\"@id\":\"https:\/\/www.iew.eu\/pt-pt\/aplicaes\/colagem\/#breadcrumb\",\"itemListElement\":[{\"@type\":\"ListItem\",\"position\":1,\"name\":\"Startseite\",\"item\":\"https:\/\/www.iew.eu\/pt-pt\/\"},{\"@type\":\"ListItem\",\"position\":2,\"name\":\"Aplica\u00e7\u00f5es\",\"item\":\"https:\/\/www.iew.eu\/pt-pt\/aplicaes\/\"},{\"@type\":\"ListItem\",\"position\":3,\"name\":\"Colagem\"}]},{\"@type\":\"WebSite\",\"@id\":\"https:\/\/www.iew.eu\/pt-pt\/#website\",\"url\":\"https:\/\/www.iew.eu\/pt-pt\/\",\"name\":\"iew Induktive Erw\u00e4rmungsanlagen GmbH\",\"description\":\"Ihr Partner f\u00fcr Komplettl\u00f6sungen rund um Induktive Erw\u00e4rmungsanlagen, Sondermaschinenbau und Vakuuml\u00f6ttechnik. F\u00fcr Deutschland, \u00d6sterreich, Schweiz &amp; europaweit.\",\"potentialAction\":[{\"@type\":\"SearchAction\",\"target\":{\"@type\":\"EntryPoint\",\"urlTemplate\":\"https:\/\/www.iew.eu\/pt-pt\/?s={search_term_string}\"},\"query-input\":{\"@type\":\"PropertyValueSpecification\",\"valueRequired\":true,\"valueName\":\"search_term_string\"}}],\"inLanguage\":\"pt-PT\"}]}<\/script>\n<!-- \/ Yoast SEO plugin. -->","yoast_head_json":{"title":"Colagem por indu\u00e7\u00e3o e colagem por indu\u00e7\u00e3o autom\u00f3vel","description":"Colagem por indu\u00e7\u00e3o no setor autom\u00f3vel, entre outros. Colagem de capotas e portas. Somos especializados em processos de colagem por indu\u00e7\u00e3o.","robots":{"index":"index","follow":"follow","max-snippet":"max-snippet:-1","max-image-preview":"max-image-preview:large","max-video-preview":"max-video-preview:-1"},"canonical":"https:\/\/www.iew.eu\/pt-pt\/aplicaes\/colagem\/","og_locale":"pt_PT","og_type":"article","og_title":"Colagem por indu\u00e7\u00e3o e colagem por indu\u00e7\u00e3o autom\u00f3vel","og_description":"Colagem por indu\u00e7\u00e3o no setor autom\u00f3vel, entre outros. Colagem de capotas e portas. Somos especializados em processos de colagem por indu\u00e7\u00e3o.","og_url":"https:\/\/www.iew.eu\/pt-pt\/aplicaes\/colagem\/","og_site_name":"iew Induktive Erw\u00e4rmungsanlagen GmbH","article_modified_time":"2023-07-31T16:27:55+00:00","twitter_card":"summary_large_image","schema":{"@context":"https:\/\/schema.org","@graph":[{"@type":"WebPage","@id":"https:\/\/www.iew.eu\/pt-pt\/aplicaes\/colagem\/","url":"https:\/\/www.iew.eu\/pt-pt\/aplicaes\/colagem\/","name":"Colagem por indu\u00e7\u00e3o e colagem por indu\u00e7\u00e3o autom\u00f3vel","isPartOf":{"@id":"https:\/\/www.iew.eu\/pt-pt\/#website"},"datePublished":"2023-03-08T12:20:46+00:00","dateModified":"2023-07-31T16:27:55+00:00","description":"Colagem por indu\u00e7\u00e3o no setor autom\u00f3vel, entre outros. Colagem de capotas e portas. Somos especializados em processos de colagem por indu\u00e7\u00e3o.","breadcrumb":{"@id":"https:\/\/www.iew.eu\/pt-pt\/aplicaes\/colagem\/#breadcrumb"},"inLanguage":"pt-PT","potentialAction":[{"@type":"ReadAction","target":["https:\/\/www.iew.eu\/pt-pt\/aplicaes\/colagem\/"]}]},{"@type":"BreadcrumbList","@id":"https:\/\/www.iew.eu\/pt-pt\/aplicaes\/colagem\/#breadcrumb","itemListElement":[{"@type":"ListItem","position":1,"name":"Startseite","item":"https:\/\/www.iew.eu\/pt-pt\/"},{"@type":"ListItem","position":2,"name":"Aplica\u00e7\u00f5es","item":"https:\/\/www.iew.eu\/pt-pt\/aplicaes\/"},{"@type":"ListItem","position":3,"name":"Colagem"}]},{"@type":"WebSite","@id":"https:\/\/www.iew.eu\/pt-pt\/#website","url":"https:\/\/www.iew.eu\/pt-pt\/","name":"iew Induktive Erw\u00e4rmungsanlagen GmbH","description":"Ihr Partner f\u00fcr Komplettl\u00f6sungen rund um Induktive Erw\u00e4rmungsanlagen, Sondermaschinenbau und Vakuuml\u00f6ttechnik. F\u00fcr Deutschland, \u00d6sterreich, Schweiz &amp; europaweit.","potentialAction":[{"@type":"SearchAction","target":{"@type":"EntryPoint","urlTemplate":"https:\/\/www.iew.eu\/pt-pt\/?s={search_term_string}"},"query-input":{"@type":"PropertyValueSpecification","valueRequired":true,"valueName":"search_term_string"}}],"inLanguage":"pt-PT"}]}},"_links":{"self":[{"href":"https:\/\/www.iew.eu\/pt-pt\/wp-json\/wp\/v2\/pages\/7307","targetHints":{"allow":["GET"]}}],"collection":[{"href":"https:\/\/www.iew.eu\/pt-pt\/wp-json\/wp\/v2\/pages"}],"about":[{"href":"https:\/\/www.iew.eu\/pt-pt\/wp-json\/wp\/v2\/types\/page"}],"author":[{"embeddable":true,"href":"https:\/\/www.iew.eu\/pt-pt\/wp-json\/wp\/v2\/users\/1"}],"replies":[{"embeddable":true,"href":"https:\/\/www.iew.eu\/pt-pt\/wp-json\/wp\/v2\/comments?post=7307"}],"version-history":[{"count":3,"href":"https:\/\/www.iew.eu\/pt-pt\/wp-json\/wp\/v2\/pages\/7307\/revisions"}],"predecessor-version":[{"id":8697,"href":"https:\/\/www.iew.eu\/pt-pt\/wp-json\/wp\/v2\/pages\/7307\/revisions\/8697"}],"up":[{"embeddable":true,"href":"https:\/\/www.iew.eu\/pt-pt\/wp-json\/wp\/v2\/pages\/7299"}],"wp:attachment":[{"href":"https:\/\/www.iew.eu\/pt-pt\/wp-json\/wp\/v2\/media?parent=7307"}],"curies":[{"name":"wp","href":"https:\/\/api.w.org\/{rel}","templated":true}]}}