{"id":7308,"date":"2023-03-08T13:20:47","date_gmt":"2023-03-08T12:20:47","guid":{"rendered":"https:\/\/www.iew.eu\/aplicaes\/fundio\/"},"modified":"2023-07-31T18:29:09","modified_gmt":"2023-07-31T16:29:09","slug":"fundio","status":"publish","type":"page","link":"https:\/\/www.iew.eu\/pt-pt\/aplicaes\/fundio\/","title":{"rendered":"Fundi\u00e7\u00e3o"},"content":{"rendered":"","protected":false},"excerpt":{"rendered":"","protected":false},"author":1,"featured_media":0,"parent":7299,"menu_order":0,"comment_status":"closed","ping_status":"closed","template":"templates\/custom-page-dynamic.php","meta":{"footnotes":""},"class_list":["post-7308","page","type-page","status-publish","hentry"],"acf":[],"yoast_head":"<!-- This site is optimized with the Yoast SEO plugin v26.2 - https:\/\/yoast.com\/wordpress\/plugins\/seo\/ -->\n<title>Fundi\u00e7\u00e3o | Fus\u00e3o por indu\u00e7\u00e3o de metal e vidro<\/title>\n<meta name=\"description\" content=\"N\u00f3s somos fabricante de sistemas de aquecimento por indu\u00e7\u00e3o, geradores de indu\u00e7\u00e3o e somos especializados na fus\u00e3o por indu\u00e7\u00e3o de metal e vidro.\" \/>\n<meta name=\"robots\" content=\"index, follow, max-snippet:-1, max-image-preview:large, max-video-preview:-1\" \/>\n<link rel=\"canonical\" href=\"https:\/\/www.iew.eu\/pt-pt\/aplicaes\/fundio\/\" \/>\n<meta property=\"og:locale\" content=\"pt_PT\" \/>\n<meta property=\"og:type\" content=\"article\" \/>\n<meta property=\"og:title\" content=\"Fundi\u00e7\u00e3o | Fus\u00e3o por indu\u00e7\u00e3o de metal e vidro\" \/>\n<meta property=\"og:description\" content=\"N\u00f3s somos fabricante de sistemas de aquecimento por indu\u00e7\u00e3o, geradores de indu\u00e7\u00e3o e somos especializados na fus\u00e3o por indu\u00e7\u00e3o de metal e vidro.\" \/>\n<meta property=\"og:url\" content=\"https:\/\/www.iew.eu\/pt-pt\/aplicaes\/fundio\/\" \/>\n<meta property=\"og:site_name\" content=\"iew Induktive Erw\u00e4rmungsanlagen GmbH\" \/>\n<meta property=\"article:modified_time\" content=\"2023-07-31T16:29:09+00:00\" \/>\n<meta name=\"twitter:card\" content=\"summary_large_image\" \/>\n<script type=\"application\/ld+json\" class=\"yoast-schema-graph\">{\"@context\":\"https:\/\/schema.org\",\"@graph\":[{\"@type\":\"WebPage\",\"@id\":\"https:\/\/www.iew.eu\/pt-pt\/aplicaes\/fundio\/\",\"url\":\"https:\/\/www.iew.eu\/pt-pt\/aplicaes\/fundio\/\",\"name\":\"Fundi\u00e7\u00e3o | Fus\u00e3o por indu\u00e7\u00e3o de metal e vidro\",\"isPartOf\":{\"@id\":\"https:\/\/www.iew.eu\/pt-pt\/#website\"},\"datePublished\":\"2023-03-08T12:20:47+00:00\",\"dateModified\":\"2023-07-31T16:29:09+00:00\",\"description\":\"N\u00f3s somos fabricante de sistemas de aquecimento por indu\u00e7\u00e3o, geradores de indu\u00e7\u00e3o e somos especializados na fus\u00e3o por indu\u00e7\u00e3o de metal e vidro.\",\"breadcrumb\":{\"@id\":\"https:\/\/www.iew.eu\/pt-pt\/aplicaes\/fundio\/#breadcrumb\"},\"inLanguage\":\"pt-PT\",\"potentialAction\":[{\"@type\":\"ReadAction\",\"target\":[\"https:\/\/www.iew.eu\/pt-pt\/aplicaes\/fundio\/\"]}]},{\"@type\":\"BreadcrumbList\",\"@id\":\"https:\/\/www.iew.eu\/pt-pt\/aplicaes\/fundio\/#breadcrumb\",\"itemListElement\":[{\"@type\":\"ListItem\",\"position\":1,\"name\":\"Startseite\",\"item\":\"https:\/\/www.iew.eu\/pt-pt\/\"},{\"@type\":\"ListItem\",\"position\":2,\"name\":\"Aplica\u00e7\u00f5es\",\"item\":\"https:\/\/www.iew.eu\/pt-pt\/aplicaes\/\"},{\"@type\":\"ListItem\",\"position\":3,\"name\":\"Fundi\u00e7\u00e3o\"}]},{\"@type\":\"WebSite\",\"@id\":\"https:\/\/www.iew.eu\/pt-pt\/#website\",\"url\":\"https:\/\/www.iew.eu\/pt-pt\/\",\"name\":\"iew Induktive Erw\u00e4rmungsanlagen GmbH\",\"description\":\"Ihr Partner f\u00fcr Komplettl\u00f6sungen rund um Induktive Erw\u00e4rmungsanlagen, Sondermaschinenbau und Vakuuml\u00f6ttechnik. F\u00fcr Deutschland, \u00d6sterreich, Schweiz &amp; europaweit.\",\"potentialAction\":[{\"@type\":\"SearchAction\",\"target\":{\"@type\":\"EntryPoint\",\"urlTemplate\":\"https:\/\/www.iew.eu\/pt-pt\/?s={search_term_string}\"},\"query-input\":{\"@type\":\"PropertyValueSpecification\",\"valueRequired\":true,\"valueName\":\"search_term_string\"}}],\"inLanguage\":\"pt-PT\"}]}<\/script>\n<!-- \/ Yoast SEO plugin. -->","yoast_head_json":{"title":"Fundi\u00e7\u00e3o | Fus\u00e3o por indu\u00e7\u00e3o de metal e vidro","description":"N\u00f3s somos fabricante de sistemas de aquecimento por indu\u00e7\u00e3o, geradores de indu\u00e7\u00e3o e somos especializados na fus\u00e3o por indu\u00e7\u00e3o de metal e vidro.","robots":{"index":"index","follow":"follow","max-snippet":"max-snippet:-1","max-image-preview":"max-image-preview:large","max-video-preview":"max-video-preview:-1"},"canonical":"https:\/\/www.iew.eu\/pt-pt\/aplicaes\/fundio\/","og_locale":"pt_PT","og_type":"article","og_title":"Fundi\u00e7\u00e3o | Fus\u00e3o por indu\u00e7\u00e3o de metal e vidro","og_description":"N\u00f3s somos fabricante de sistemas de aquecimento por indu\u00e7\u00e3o, geradores de indu\u00e7\u00e3o e somos especializados na fus\u00e3o por indu\u00e7\u00e3o de metal e vidro.","og_url":"https:\/\/www.iew.eu\/pt-pt\/aplicaes\/fundio\/","og_site_name":"iew Induktive Erw\u00e4rmungsanlagen GmbH","article_modified_time":"2023-07-31T16:29:09+00:00","twitter_card":"summary_large_image","schema":{"@context":"https:\/\/schema.org","@graph":[{"@type":"WebPage","@id":"https:\/\/www.iew.eu\/pt-pt\/aplicaes\/fundio\/","url":"https:\/\/www.iew.eu\/pt-pt\/aplicaes\/fundio\/","name":"Fundi\u00e7\u00e3o | Fus\u00e3o por indu\u00e7\u00e3o de metal e vidro","isPartOf":{"@id":"https:\/\/www.iew.eu\/pt-pt\/#website"},"datePublished":"2023-03-08T12:20:47+00:00","dateModified":"2023-07-31T16:29:09+00:00","description":"N\u00f3s somos fabricante de sistemas de aquecimento por indu\u00e7\u00e3o, geradores de indu\u00e7\u00e3o e somos especializados na fus\u00e3o por indu\u00e7\u00e3o de metal e vidro.","breadcrumb":{"@id":"https:\/\/www.iew.eu\/pt-pt\/aplicaes\/fundio\/#breadcrumb"},"inLanguage":"pt-PT","potentialAction":[{"@type":"ReadAction","target":["https:\/\/www.iew.eu\/pt-pt\/aplicaes\/fundio\/"]}]},{"@type":"BreadcrumbList","@id":"https:\/\/www.iew.eu\/pt-pt\/aplicaes\/fundio\/#breadcrumb","itemListElement":[{"@type":"ListItem","position":1,"name":"Startseite","item":"https:\/\/www.iew.eu\/pt-pt\/"},{"@type":"ListItem","position":2,"name":"Aplica\u00e7\u00f5es","item":"https:\/\/www.iew.eu\/pt-pt\/aplicaes\/"},{"@type":"ListItem","position":3,"name":"Fundi\u00e7\u00e3o"}]},{"@type":"WebSite","@id":"https:\/\/www.iew.eu\/pt-pt\/#website","url":"https:\/\/www.iew.eu\/pt-pt\/","name":"iew Induktive Erw\u00e4rmungsanlagen GmbH","description":"Ihr Partner f\u00fcr Komplettl\u00f6sungen rund um Induktive Erw\u00e4rmungsanlagen, Sondermaschinenbau und Vakuuml\u00f6ttechnik. F\u00fcr Deutschland, \u00d6sterreich, Schweiz &amp; europaweit.","potentialAction":[{"@type":"SearchAction","target":{"@type":"EntryPoint","urlTemplate":"https:\/\/www.iew.eu\/pt-pt\/?s={search_term_string}"},"query-input":{"@type":"PropertyValueSpecification","valueRequired":true,"valueName":"search_term_string"}}],"inLanguage":"pt-PT"}]}},"_links":{"self":[{"href":"https:\/\/www.iew.eu\/pt-pt\/wp-json\/wp\/v2\/pages\/7308","targetHints":{"allow":["GET"]}}],"collection":[{"href":"https:\/\/www.iew.eu\/pt-pt\/wp-json\/wp\/v2\/pages"}],"about":[{"href":"https:\/\/www.iew.eu\/pt-pt\/wp-json\/wp\/v2\/types\/page"}],"author":[{"embeddable":true,"href":"https:\/\/www.iew.eu\/pt-pt\/wp-json\/wp\/v2\/users\/1"}],"replies":[{"embeddable":true,"href":"https:\/\/www.iew.eu\/pt-pt\/wp-json\/wp\/v2\/comments?post=7308"}],"version-history":[{"count":4,"href":"https:\/\/www.iew.eu\/pt-pt\/wp-json\/wp\/v2\/pages\/7308\/revisions"}],"predecessor-version":[{"id":8698,"href":"https:\/\/www.iew.eu\/pt-pt\/wp-json\/wp\/v2\/pages\/7308\/revisions\/8698"}],"up":[{"embeddable":true,"href":"https:\/\/www.iew.eu\/pt-pt\/wp-json\/wp\/v2\/pages\/7299"}],"wp:attachment":[{"href":"https:\/\/www.iew.eu\/pt-pt\/wp-json\/wp\/v2\/media?parent=7308"}],"curies":[{"name":"wp","href":"https:\/\/api.w.org\/{rel}","templated":true}]}}