{"id":6945,"date":"2023-02-07T14:10:01","date_gmt":"2023-02-07T13:10:01","guid":{"rendered":"https:\/\/www.iew.eu\/spolocnost\/"},"modified":"2023-08-14T23:01:17","modified_gmt":"2023-08-14T21:01:17","slug":"spolocnost","status":"publish","type":"page","link":"https:\/\/www.iew.eu\/sk\/spolocnost\/","title":{"rendered":"Spolo\u010dnos\u0165"},"content":{"rendered":"","protected":false},"excerpt":{"rendered":"","protected":false},"author":1,"featured_media":0,"parent":0,"menu_order":0,"comment_status":"closed","ping_status":"closed","template":"templates\/custom-page-dynamic.php","meta":{"footnotes":""},"class_list":["post-6945","page","type-page","status-publish","hentry"],"acf":[],"yoast_head":"<!-- This site is optimized with the Yoast SEO plugin v26.2 - https:\/\/yoast.com\/wordpress\/plugins\/seo\/ -->\n<title>Spolo\u010dnos\u0165 pre ohrievacie zariadenia | Induk\u010dn\u00e9 sp\u00e1jkovanie | Kon\u0161trukcia induktorov<\/title>\n<meta name=\"description\" content=\"V\u00fdrobca a predajca induk\u010dn\u00fdch ohrievac\u00edch zariaden\u00ed vo vysokofrekven\u010dnom a stredofrekven\u010dnom rozsahu \u0161pecializuj\u00faci sa na induk\u010dn\u00e9 ohrievacie zariadenia.\" \/>\n<meta name=\"robots\" content=\"index, follow, max-snippet:-1, max-image-preview:large, max-video-preview:-1\" \/>\n<link rel=\"canonical\" href=\"https:\/\/www.iew.eu\/sk\/spolocnost\/\" \/>\n<meta property=\"og:locale\" content=\"sk_SK\" \/>\n<meta property=\"og:type\" content=\"article\" \/>\n<meta property=\"og:title\" content=\"Spolo\u010dnos\u0165 pre ohrievacie zariadenia | Induk\u010dn\u00e9 sp\u00e1jkovanie | Kon\u0161trukcia induktorov\" \/>\n<meta property=\"og:description\" content=\"V\u00fdrobca a predajca induk\u010dn\u00fdch ohrievac\u00edch zariaden\u00ed vo vysokofrekven\u010dnom a stredofrekven\u010dnom rozsahu \u0161pecializuj\u00faci sa na induk\u010dn\u00e9 ohrievacie zariadenia.\" \/>\n<meta property=\"og:url\" content=\"https:\/\/www.iew.eu\/sk\/spolocnost\/\" \/>\n<meta property=\"og:site_name\" content=\"iew Induktive Erw\u00e4rmungsanlagen GmbH\" \/>\n<meta property=\"article:modified_time\" content=\"2023-08-14T21:01:17+00:00\" \/>\n<meta name=\"twitter:card\" content=\"summary_large_image\" \/>\n<script type=\"application\/ld+json\" class=\"yoast-schema-graph\">{\"@context\":\"https:\/\/schema.org\",\"@graph\":[{\"@type\":\"WebPage\",\"@id\":\"https:\/\/www.iew.eu\/sk\/spolocnost\/\",\"url\":\"https:\/\/www.iew.eu\/sk\/spolocnost\/\",\"name\":\"Spolo\u010dnos\u0165 pre ohrievacie zariadenia | Induk\u010dn\u00e9 sp\u00e1jkovanie | Kon\u0161trukcia induktorov\",\"isPartOf\":{\"@id\":\"https:\/\/www.iew.eu\/sk\/#website\"},\"datePublished\":\"2023-02-07T13:10:01+00:00\",\"dateModified\":\"2023-08-14T21:01:17+00:00\",\"description\":\"V\u00fdrobca a predajca induk\u010dn\u00fdch ohrievac\u00edch zariaden\u00ed vo vysokofrekven\u010dnom a stredofrekven\u010dnom rozsahu \u0161pecializuj\u00faci sa na induk\u010dn\u00e9 ohrievacie zariadenia.\",\"breadcrumb\":{\"@id\":\"https:\/\/www.iew.eu\/sk\/spolocnost\/#breadcrumb\"},\"inLanguage\":\"sk-SK\",\"potentialAction\":[{\"@type\":\"ReadAction\",\"target\":[\"https:\/\/www.iew.eu\/sk\/spolocnost\/\"]}]},{\"@type\":\"BreadcrumbList\",\"@id\":\"https:\/\/www.iew.eu\/sk\/spolocnost\/#breadcrumb\",\"itemListElement\":[{\"@type\":\"ListItem\",\"position\":1,\"name\":\"Startseite\",\"item\":\"https:\/\/www.iew.eu\/sk\/\"},{\"@type\":\"ListItem\",\"position\":2,\"name\":\"Spolo\u010dnos\u0165\"}]},{\"@type\":\"WebSite\",\"@id\":\"https:\/\/www.iew.eu\/sk\/#website\",\"url\":\"https:\/\/www.iew.eu\/sk\/\",\"name\":\"iew Induktive Erw\u00e4rmungsanlagen GmbH\",\"description\":\"Ihr Partner f\u00fcr Komplettl\u00f6sungen rund um Induktive Erw\u00e4rmungsanlagen, Sondermaschinenbau und Vakuuml\u00f6ttechnik. F\u00fcr Deutschland, \u00d6sterreich, Schweiz &amp; europaweit.\",\"potentialAction\":[{\"@type\":\"SearchAction\",\"target\":{\"@type\":\"EntryPoint\",\"urlTemplate\":\"https:\/\/www.iew.eu\/sk\/?s={search_term_string}\"},\"query-input\":{\"@type\":\"PropertyValueSpecification\",\"valueRequired\":true,\"valueName\":\"search_term_string\"}}],\"inLanguage\":\"sk-SK\"}]}<\/script>\n<!-- \/ Yoast SEO plugin. -->","yoast_head_json":{"title":"Spolo\u010dnos\u0165 pre ohrievacie zariadenia | Induk\u010dn\u00e9 sp\u00e1jkovanie | Kon\u0161trukcia induktorov","description":"V\u00fdrobca a predajca induk\u010dn\u00fdch ohrievac\u00edch zariaden\u00ed vo vysokofrekven\u010dnom a stredofrekven\u010dnom rozsahu \u0161pecializuj\u00faci sa na induk\u010dn\u00e9 ohrievacie zariadenia.","robots":{"index":"index","follow":"follow","max-snippet":"max-snippet:-1","max-image-preview":"max-image-preview:large","max-video-preview":"max-video-preview:-1"},"canonical":"https:\/\/www.iew.eu\/sk\/spolocnost\/","og_locale":"sk_SK","og_type":"article","og_title":"Spolo\u010dnos\u0165 pre ohrievacie zariadenia | Induk\u010dn\u00e9 sp\u00e1jkovanie | Kon\u0161trukcia induktorov","og_description":"V\u00fdrobca a predajca induk\u010dn\u00fdch ohrievac\u00edch zariaden\u00ed vo vysokofrekven\u010dnom a stredofrekven\u010dnom rozsahu \u0161pecializuj\u00faci sa na induk\u010dn\u00e9 ohrievacie zariadenia.","og_url":"https:\/\/www.iew.eu\/sk\/spolocnost\/","og_site_name":"iew Induktive Erw\u00e4rmungsanlagen GmbH","article_modified_time":"2023-08-14T21:01:17+00:00","twitter_card":"summary_large_image","schema":{"@context":"https:\/\/schema.org","@graph":[{"@type":"WebPage","@id":"https:\/\/www.iew.eu\/sk\/spolocnost\/","url":"https:\/\/www.iew.eu\/sk\/spolocnost\/","name":"Spolo\u010dnos\u0165 pre ohrievacie zariadenia | Induk\u010dn\u00e9 sp\u00e1jkovanie | Kon\u0161trukcia induktorov","isPartOf":{"@id":"https:\/\/www.iew.eu\/sk\/#website"},"datePublished":"2023-02-07T13:10:01+00:00","dateModified":"2023-08-14T21:01:17+00:00","description":"V\u00fdrobca a predajca induk\u010dn\u00fdch ohrievac\u00edch zariaden\u00ed vo vysokofrekven\u010dnom a stredofrekven\u010dnom rozsahu \u0161pecializuj\u00faci sa na induk\u010dn\u00e9 ohrievacie zariadenia.","breadcrumb":{"@id":"https:\/\/www.iew.eu\/sk\/spolocnost\/#breadcrumb"},"inLanguage":"sk-SK","potentialAction":[{"@type":"ReadAction","target":["https:\/\/www.iew.eu\/sk\/spolocnost\/"]}]},{"@type":"BreadcrumbList","@id":"https:\/\/www.iew.eu\/sk\/spolocnost\/#breadcrumb","itemListElement":[{"@type":"ListItem","position":1,"name":"Startseite","item":"https:\/\/www.iew.eu\/sk\/"},{"@type":"ListItem","position":2,"name":"Spolo\u010dnos\u0165"}]},{"@type":"WebSite","@id":"https:\/\/www.iew.eu\/sk\/#website","url":"https:\/\/www.iew.eu\/sk\/","name":"iew Induktive Erw\u00e4rmungsanlagen GmbH","description":"Ihr Partner f\u00fcr Komplettl\u00f6sungen rund um Induktive Erw\u00e4rmungsanlagen, Sondermaschinenbau und Vakuuml\u00f6ttechnik. F\u00fcr Deutschland, \u00d6sterreich, Schweiz &amp; europaweit.","potentialAction":[{"@type":"SearchAction","target":{"@type":"EntryPoint","urlTemplate":"https:\/\/www.iew.eu\/sk\/?s={search_term_string}"},"query-input":{"@type":"PropertyValueSpecification","valueRequired":true,"valueName":"search_term_string"}}],"inLanguage":"sk-SK"}]}},"_links":{"self":[{"href":"https:\/\/www.iew.eu\/sk\/wp-json\/wp\/v2\/pages\/6945","targetHints":{"allow":["GET"]}}],"collection":[{"href":"https:\/\/www.iew.eu\/sk\/wp-json\/wp\/v2\/pages"}],"about":[{"href":"https:\/\/www.iew.eu\/sk\/wp-json\/wp\/v2\/types\/page"}],"author":[{"embeddable":true,"href":"https:\/\/www.iew.eu\/sk\/wp-json\/wp\/v2\/users\/1"}],"replies":[{"embeddable":true,"href":"https:\/\/www.iew.eu\/sk\/wp-json\/wp\/v2\/comments?post=6945"}],"version-history":[{"count":3,"href":"https:\/\/www.iew.eu\/sk\/wp-json\/wp\/v2\/pages\/6945\/revisions"}],"predecessor-version":[{"id":9025,"href":"https:\/\/www.iew.eu\/sk\/wp-json\/wp\/v2\/pages\/6945\/revisions\/9025"}],"wp:attachment":[{"href":"https:\/\/www.iew.eu\/sk\/wp-json\/wp\/v2\/media?parent=6945"}],"curies":[{"name":"wp","href":"https:\/\/api.w.org\/{rel}","templated":true}]}}