{"id":7316,"date":"2023-03-08T13:21:08","date_gmt":"2023-03-08T12:21:08","guid":{"rendered":"https:\/\/www.iew.eu\/aplikcie\/"},"modified":"2023-07-06T09:45:34","modified_gmt":"2023-07-06T07:45:34","slug":"aplikcie","status":"publish","type":"page","link":"https:\/\/www.iew.eu\/sk\/aplikcie\/","title":{"rendered":"Aplik\u00e1cie"},"content":{"rendered":"","protected":false},"excerpt":{"rendered":"","protected":false},"author":1,"featured_media":0,"parent":0,"menu_order":0,"comment_status":"closed","ping_status":"closed","template":"templates\/custom-page-dynamic.php","meta":{"footnotes":""},"class_list":["post-7316","page","type-page","status-publish","hentry"],"acf":[],"yoast_head":"<!-- This site is optimized with the Yoast SEO plugin v26.2 - https:\/\/yoast.com\/wordpress\/plugins\/seo\/ -->\n<title>Pou\u017eitie induk\u010dn\u00e9ho ohrevu | Induk\u010dn\u00e9 sp\u00e1jkovanie | Induk\u010dn\u00e9 kalenie<\/title>\n<meta name=\"description\" content=\"Oblasti pou\u017eitia zahrievania kovov s na\u0161imi induk\u010dn\u00fdmi ohrevn\u00fdmi syst\u00e9mami. Konzult\u00e1cie, individu\u00e1lne a optim\u00e1lne rie\u0161enia.\" \/>\n<meta name=\"robots\" content=\"index, follow, max-snippet:-1, max-image-preview:large, max-video-preview:-1\" \/>\n<link rel=\"canonical\" href=\"https:\/\/www.iew.eu\/sk\/aplikcie\/\" \/>\n<meta property=\"og:locale\" content=\"sk_SK\" \/>\n<meta property=\"og:type\" content=\"article\" \/>\n<meta property=\"og:title\" content=\"Pou\u017eitie induk\u010dn\u00e9ho ohrevu | Induk\u010dn\u00e9 sp\u00e1jkovanie | Induk\u010dn\u00e9 kalenie\" \/>\n<meta property=\"og:description\" content=\"Oblasti pou\u017eitia zahrievania kovov s na\u0161imi induk\u010dn\u00fdmi ohrevn\u00fdmi syst\u00e9mami. Konzult\u00e1cie, individu\u00e1lne a optim\u00e1lne rie\u0161enia.\" \/>\n<meta property=\"og:url\" content=\"https:\/\/www.iew.eu\/sk\/aplikcie\/\" \/>\n<meta property=\"og:site_name\" content=\"iew Induktive Erw\u00e4rmungsanlagen GmbH\" \/>\n<meta property=\"article:modified_time\" content=\"2023-07-06T07:45:34+00:00\" \/>\n<meta name=\"twitter:card\" content=\"summary_large_image\" \/>\n<script type=\"application\/ld+json\" class=\"yoast-schema-graph\">{\"@context\":\"https:\/\/schema.org\",\"@graph\":[{\"@type\":\"WebPage\",\"@id\":\"https:\/\/www.iew.eu\/sk\/aplikcie\/\",\"url\":\"https:\/\/www.iew.eu\/sk\/aplikcie\/\",\"name\":\"Pou\u017eitie induk\u010dn\u00e9ho ohrevu | Induk\u010dn\u00e9 sp\u00e1jkovanie | Induk\u010dn\u00e9 kalenie\",\"isPartOf\":{\"@id\":\"https:\/\/www.iew.eu\/sk\/#website\"},\"datePublished\":\"2023-03-08T12:21:08+00:00\",\"dateModified\":\"2023-07-06T07:45:34+00:00\",\"description\":\"Oblasti pou\u017eitia zahrievania kovov s na\u0161imi induk\u010dn\u00fdmi ohrevn\u00fdmi syst\u00e9mami. Konzult\u00e1cie, individu\u00e1lne a optim\u00e1lne rie\u0161enia.\",\"breadcrumb\":{\"@id\":\"https:\/\/www.iew.eu\/sk\/aplikcie\/#breadcrumb\"},\"inLanguage\":\"sk-SK\",\"potentialAction\":[{\"@type\":\"ReadAction\",\"target\":[\"https:\/\/www.iew.eu\/sk\/aplikcie\/\"]}]},{\"@type\":\"BreadcrumbList\",\"@id\":\"https:\/\/www.iew.eu\/sk\/aplikcie\/#breadcrumb\",\"itemListElement\":[{\"@type\":\"ListItem\",\"position\":1,\"name\":\"Startseite\",\"item\":\"https:\/\/www.iew.eu\/sk\/\"},{\"@type\":\"ListItem\",\"position\":2,\"name\":\"Aplik\u00e1cie\"}]},{\"@type\":\"WebSite\",\"@id\":\"https:\/\/www.iew.eu\/sk\/#website\",\"url\":\"https:\/\/www.iew.eu\/sk\/\",\"name\":\"iew Induktive Erw\u00e4rmungsanlagen GmbH\",\"description\":\"Ihr Partner f\u00fcr Komplettl\u00f6sungen rund um Induktive Erw\u00e4rmungsanlagen, Sondermaschinenbau und Vakuuml\u00f6ttechnik. F\u00fcr Deutschland, \u00d6sterreich, Schweiz &amp; europaweit.\",\"potentialAction\":[{\"@type\":\"SearchAction\",\"target\":{\"@type\":\"EntryPoint\",\"urlTemplate\":\"https:\/\/www.iew.eu\/sk\/?s={search_term_string}\"},\"query-input\":{\"@type\":\"PropertyValueSpecification\",\"valueRequired\":true,\"valueName\":\"search_term_string\"}}],\"inLanguage\":\"sk-SK\"}]}<\/script>\n<!-- \/ Yoast SEO plugin. -->","yoast_head_json":{"title":"Pou\u017eitie induk\u010dn\u00e9ho ohrevu | Induk\u010dn\u00e9 sp\u00e1jkovanie | Induk\u010dn\u00e9 kalenie","description":"Oblasti pou\u017eitia zahrievania kovov s na\u0161imi induk\u010dn\u00fdmi ohrevn\u00fdmi syst\u00e9mami. Konzult\u00e1cie, individu\u00e1lne a optim\u00e1lne rie\u0161enia.","robots":{"index":"index","follow":"follow","max-snippet":"max-snippet:-1","max-image-preview":"max-image-preview:large","max-video-preview":"max-video-preview:-1"},"canonical":"https:\/\/www.iew.eu\/sk\/aplikcie\/","og_locale":"sk_SK","og_type":"article","og_title":"Pou\u017eitie induk\u010dn\u00e9ho ohrevu | Induk\u010dn\u00e9 sp\u00e1jkovanie | Induk\u010dn\u00e9 kalenie","og_description":"Oblasti pou\u017eitia zahrievania kovov s na\u0161imi induk\u010dn\u00fdmi ohrevn\u00fdmi syst\u00e9mami. Konzult\u00e1cie, individu\u00e1lne a optim\u00e1lne rie\u0161enia.","og_url":"https:\/\/www.iew.eu\/sk\/aplikcie\/","og_site_name":"iew Induktive Erw\u00e4rmungsanlagen GmbH","article_modified_time":"2023-07-06T07:45:34+00:00","twitter_card":"summary_large_image","schema":{"@context":"https:\/\/schema.org","@graph":[{"@type":"WebPage","@id":"https:\/\/www.iew.eu\/sk\/aplikcie\/","url":"https:\/\/www.iew.eu\/sk\/aplikcie\/","name":"Pou\u017eitie induk\u010dn\u00e9ho ohrevu | Induk\u010dn\u00e9 sp\u00e1jkovanie | Induk\u010dn\u00e9 kalenie","isPartOf":{"@id":"https:\/\/www.iew.eu\/sk\/#website"},"datePublished":"2023-03-08T12:21:08+00:00","dateModified":"2023-07-06T07:45:34+00:00","description":"Oblasti pou\u017eitia zahrievania kovov s na\u0161imi induk\u010dn\u00fdmi ohrevn\u00fdmi syst\u00e9mami. Konzult\u00e1cie, individu\u00e1lne a optim\u00e1lne rie\u0161enia.","breadcrumb":{"@id":"https:\/\/www.iew.eu\/sk\/aplikcie\/#breadcrumb"},"inLanguage":"sk-SK","potentialAction":[{"@type":"ReadAction","target":["https:\/\/www.iew.eu\/sk\/aplikcie\/"]}]},{"@type":"BreadcrumbList","@id":"https:\/\/www.iew.eu\/sk\/aplikcie\/#breadcrumb","itemListElement":[{"@type":"ListItem","position":1,"name":"Startseite","item":"https:\/\/www.iew.eu\/sk\/"},{"@type":"ListItem","position":2,"name":"Aplik\u00e1cie"}]},{"@type":"WebSite","@id":"https:\/\/www.iew.eu\/sk\/#website","url":"https:\/\/www.iew.eu\/sk\/","name":"iew Induktive Erw\u00e4rmungsanlagen GmbH","description":"Ihr Partner f\u00fcr Komplettl\u00f6sungen rund um Induktive Erw\u00e4rmungsanlagen, Sondermaschinenbau und Vakuuml\u00f6ttechnik. F\u00fcr Deutschland, \u00d6sterreich, Schweiz &amp; europaweit.","potentialAction":[{"@type":"SearchAction","target":{"@type":"EntryPoint","urlTemplate":"https:\/\/www.iew.eu\/sk\/?s={search_term_string}"},"query-input":{"@type":"PropertyValueSpecification","valueRequired":true,"valueName":"search_term_string"}}],"inLanguage":"sk-SK"}]}},"_links":{"self":[{"href":"https:\/\/www.iew.eu\/sk\/wp-json\/wp\/v2\/pages\/7316","targetHints":{"allow":["GET"]}}],"collection":[{"href":"https:\/\/www.iew.eu\/sk\/wp-json\/wp\/v2\/pages"}],"about":[{"href":"https:\/\/www.iew.eu\/sk\/wp-json\/wp\/v2\/types\/page"}],"author":[{"embeddable":true,"href":"https:\/\/www.iew.eu\/sk\/wp-json\/wp\/v2\/users\/1"}],"replies":[{"embeddable":true,"href":"https:\/\/www.iew.eu\/sk\/wp-json\/wp\/v2\/comments?post=7316"}],"version-history":[{"count":3,"href":"https:\/\/www.iew.eu\/sk\/wp-json\/wp\/v2\/pages\/7316\/revisions"}],"predecessor-version":[{"id":8142,"href":"https:\/\/www.iew.eu\/sk\/wp-json\/wp\/v2\/pages\/7316\/revisions\/8142"}],"wp:attachment":[{"href":"https:\/\/www.iew.eu\/sk\/wp-json\/wp\/v2\/media?parent=7316"}],"curies":[{"name":"wp","href":"https:\/\/api.w.org\/{rel}","templated":true}]}}