{"id":7323,"date":"2023-03-08T13:21:10","date_gmt":"2023-03-08T12:21:10","guid":{"rendered":"https:\/\/www.iew.eu\/aplikcie\/zmrtovanie\/"},"modified":"2023-08-14T23:46:43","modified_gmt":"2023-08-14T21:46:43","slug":"zmrtovanie","status":"publish","type":"page","link":"https:\/\/www.iew.eu\/sk\/aplikcie\/zmrtovanie\/","title":{"rendered":"Zmr\u0161\u0165ovanie"},"content":{"rendered":"","protected":false},"excerpt":{"rendered":"","protected":false},"author":1,"featured_media":0,"parent":7316,"menu_order":0,"comment_status":"closed","ping_status":"closed","template":"templates\/custom-page-dynamic.php","meta":{"footnotes":""},"class_list":["post-7323","page","type-page","status-publish","hentry"],"acf":[],"yoast_head":"<!-- This site is optimized with the Yoast SEO plugin v26.2 - https:\/\/yoast.com\/wordpress\/plugins\/seo\/ -->\n<title>Zmr\u0161\u0165ovanie kovov<\/title>\n<meta name=\"description\" content=\"V\u00e1\u0161 partner pre zmr\u0161\u0165ovanie obrobkov. Zmr\u0161\u0165ovanie je proces zalo\u017een\u00fd na princ\u00edpe tepelnej roz\u0165a\u017enosti kovov.\" \/>\n<meta name=\"robots\" content=\"index, follow, max-snippet:-1, max-image-preview:large, max-video-preview:-1\" \/>\n<link rel=\"canonical\" href=\"https:\/\/www.iew.eu\/sk\/aplikcie\/zmrtovanie\/\" \/>\n<meta property=\"og:locale\" content=\"sk_SK\" \/>\n<meta property=\"og:type\" content=\"article\" \/>\n<meta property=\"og:title\" content=\"Zmr\u0161\u0165ovanie kovov\" \/>\n<meta property=\"og:description\" content=\"V\u00e1\u0161 partner pre zmr\u0161\u0165ovanie obrobkov. Zmr\u0161\u0165ovanie je proces zalo\u017een\u00fd na princ\u00edpe tepelnej roz\u0165a\u017enosti kovov.\" \/>\n<meta property=\"og:url\" content=\"https:\/\/www.iew.eu\/sk\/aplikcie\/zmrtovanie\/\" \/>\n<meta property=\"og:site_name\" content=\"iew Induktive Erw\u00e4rmungsanlagen GmbH\" \/>\n<meta property=\"article:modified_time\" content=\"2023-08-14T21:46:43+00:00\" \/>\n<meta name=\"twitter:card\" content=\"summary_large_image\" \/>\n<script type=\"application\/ld+json\" class=\"yoast-schema-graph\">{\"@context\":\"https:\/\/schema.org\",\"@graph\":[{\"@type\":\"WebPage\",\"@id\":\"https:\/\/www.iew.eu\/sk\/aplikcie\/zmrtovanie\/\",\"url\":\"https:\/\/www.iew.eu\/sk\/aplikcie\/zmrtovanie\/\",\"name\":\"Zmr\u0161\u0165ovanie kovov\",\"isPartOf\":{\"@id\":\"https:\/\/www.iew.eu\/sk\/#website\"},\"datePublished\":\"2023-03-08T12:21:10+00:00\",\"dateModified\":\"2023-08-14T21:46:43+00:00\",\"description\":\"V\u00e1\u0161 partner pre zmr\u0161\u0165ovanie obrobkov. Zmr\u0161\u0165ovanie je proces zalo\u017een\u00fd na princ\u00edpe tepelnej roz\u0165a\u017enosti kovov.\",\"breadcrumb\":{\"@id\":\"https:\/\/www.iew.eu\/sk\/aplikcie\/zmrtovanie\/#breadcrumb\"},\"inLanguage\":\"sk-SK\",\"potentialAction\":[{\"@type\":\"ReadAction\",\"target\":[\"https:\/\/www.iew.eu\/sk\/aplikcie\/zmrtovanie\/\"]}]},{\"@type\":\"BreadcrumbList\",\"@id\":\"https:\/\/www.iew.eu\/sk\/aplikcie\/zmrtovanie\/#breadcrumb\",\"itemListElement\":[{\"@type\":\"ListItem\",\"position\":1,\"name\":\"Startseite\",\"item\":\"https:\/\/www.iew.eu\/sk\/\"},{\"@type\":\"ListItem\",\"position\":2,\"name\":\"Aplik\u00e1cie\",\"item\":\"https:\/\/www.iew.eu\/sk\/aplikcie\/\"},{\"@type\":\"ListItem\",\"position\":3,\"name\":\"Zmr\u0161\u0165ovanie\"}]},{\"@type\":\"WebSite\",\"@id\":\"https:\/\/www.iew.eu\/sk\/#website\",\"url\":\"https:\/\/www.iew.eu\/sk\/\",\"name\":\"iew Induktive Erw\u00e4rmungsanlagen GmbH\",\"description\":\"Ihr Partner f\u00fcr Komplettl\u00f6sungen rund um Induktive Erw\u00e4rmungsanlagen, Sondermaschinenbau und Vakuuml\u00f6ttechnik. F\u00fcr Deutschland, \u00d6sterreich, Schweiz &amp; europaweit.\",\"potentialAction\":[{\"@type\":\"SearchAction\",\"target\":{\"@type\":\"EntryPoint\",\"urlTemplate\":\"https:\/\/www.iew.eu\/sk\/?s={search_term_string}\"},\"query-input\":{\"@type\":\"PropertyValueSpecification\",\"valueRequired\":true,\"valueName\":\"search_term_string\"}}],\"inLanguage\":\"sk-SK\"}]}<\/script>\n<!-- \/ Yoast SEO plugin. -->","yoast_head_json":{"title":"Zmr\u0161\u0165ovanie kovov","description":"V\u00e1\u0161 partner pre zmr\u0161\u0165ovanie obrobkov. Zmr\u0161\u0165ovanie je proces zalo\u017een\u00fd na princ\u00edpe tepelnej roz\u0165a\u017enosti kovov.","robots":{"index":"index","follow":"follow","max-snippet":"max-snippet:-1","max-image-preview":"max-image-preview:large","max-video-preview":"max-video-preview:-1"},"canonical":"https:\/\/www.iew.eu\/sk\/aplikcie\/zmrtovanie\/","og_locale":"sk_SK","og_type":"article","og_title":"Zmr\u0161\u0165ovanie kovov","og_description":"V\u00e1\u0161 partner pre zmr\u0161\u0165ovanie obrobkov. Zmr\u0161\u0165ovanie je proces zalo\u017een\u00fd na princ\u00edpe tepelnej roz\u0165a\u017enosti kovov.","og_url":"https:\/\/www.iew.eu\/sk\/aplikcie\/zmrtovanie\/","og_site_name":"iew Induktive Erw\u00e4rmungsanlagen GmbH","article_modified_time":"2023-08-14T21:46:43+00:00","twitter_card":"summary_large_image","schema":{"@context":"https:\/\/schema.org","@graph":[{"@type":"WebPage","@id":"https:\/\/www.iew.eu\/sk\/aplikcie\/zmrtovanie\/","url":"https:\/\/www.iew.eu\/sk\/aplikcie\/zmrtovanie\/","name":"Zmr\u0161\u0165ovanie kovov","isPartOf":{"@id":"https:\/\/www.iew.eu\/sk\/#website"},"datePublished":"2023-03-08T12:21:10+00:00","dateModified":"2023-08-14T21:46:43+00:00","description":"V\u00e1\u0161 partner pre zmr\u0161\u0165ovanie obrobkov. Zmr\u0161\u0165ovanie je proces zalo\u017een\u00fd na princ\u00edpe tepelnej roz\u0165a\u017enosti kovov.","breadcrumb":{"@id":"https:\/\/www.iew.eu\/sk\/aplikcie\/zmrtovanie\/#breadcrumb"},"inLanguage":"sk-SK","potentialAction":[{"@type":"ReadAction","target":["https:\/\/www.iew.eu\/sk\/aplikcie\/zmrtovanie\/"]}]},{"@type":"BreadcrumbList","@id":"https:\/\/www.iew.eu\/sk\/aplikcie\/zmrtovanie\/#breadcrumb","itemListElement":[{"@type":"ListItem","position":1,"name":"Startseite","item":"https:\/\/www.iew.eu\/sk\/"},{"@type":"ListItem","position":2,"name":"Aplik\u00e1cie","item":"https:\/\/www.iew.eu\/sk\/aplikcie\/"},{"@type":"ListItem","position":3,"name":"Zmr\u0161\u0165ovanie"}]},{"@type":"WebSite","@id":"https:\/\/www.iew.eu\/sk\/#website","url":"https:\/\/www.iew.eu\/sk\/","name":"iew Induktive Erw\u00e4rmungsanlagen GmbH","description":"Ihr Partner f\u00fcr Komplettl\u00f6sungen rund um Induktive Erw\u00e4rmungsanlagen, Sondermaschinenbau und Vakuuml\u00f6ttechnik. F\u00fcr Deutschland, \u00d6sterreich, Schweiz &amp; europaweit.","potentialAction":[{"@type":"SearchAction","target":{"@type":"EntryPoint","urlTemplate":"https:\/\/www.iew.eu\/sk\/?s={search_term_string}"},"query-input":{"@type":"PropertyValueSpecification","valueRequired":true,"valueName":"search_term_string"}}],"inLanguage":"sk-SK"}]}},"_links":{"self":[{"href":"https:\/\/www.iew.eu\/sk\/wp-json\/wp\/v2\/pages\/7323","targetHints":{"allow":["GET"]}}],"collection":[{"href":"https:\/\/www.iew.eu\/sk\/wp-json\/wp\/v2\/pages"}],"about":[{"href":"https:\/\/www.iew.eu\/sk\/wp-json\/wp\/v2\/types\/page"}],"author":[{"embeddable":true,"href":"https:\/\/www.iew.eu\/sk\/wp-json\/wp\/v2\/users\/1"}],"replies":[{"embeddable":true,"href":"https:\/\/www.iew.eu\/sk\/wp-json\/wp\/v2\/comments?post=7323"}],"version-history":[{"count":4,"href":"https:\/\/www.iew.eu\/sk\/wp-json\/wp\/v2\/pages\/7323\/revisions"}],"predecessor-version":[{"id":9045,"href":"https:\/\/www.iew.eu\/sk\/wp-json\/wp\/v2\/pages\/7323\/revisions\/9045"}],"up":[{"embeddable":true,"href":"https:\/\/www.iew.eu\/sk\/wp-json\/wp\/v2\/pages\/7316"}],"wp:attachment":[{"href":"https:\/\/www.iew.eu\/sk\/wp-json\/wp\/v2\/media?parent=7323"}],"curies":[{"name":"wp","href":"https:\/\/api.w.org\/{rel}","templated":true}]}}