{"id":7027,"date":"2023-02-07T14:10:23","date_gmt":"2023-02-07T13:10:23","guid":{"rendered":"https:\/\/www.iew.eu\/nacini-uporabe\/"},"modified":"2023-07-06T10:35:46","modified_gmt":"2023-07-06T08:35:46","slug":"nacini-uporabe","status":"publish","type":"page","link":"https:\/\/www.iew.eu\/sl\/nacini-uporabe\/","title":{"rendered":"Na\u010dini uporabe"},"content":{"rendered":"","protected":false},"excerpt":{"rendered":"","protected":false},"author":1,"featured_media":0,"parent":0,"menu_order":0,"comment_status":"closed","ping_status":"closed","template":"templates\/custom-page-dynamic.php","meta":{"footnotes":""},"class_list":["post-7027","page","type-page","status-publish","hentry"],"acf":[],"yoast_head":"<!-- This site is optimized with the Yoast SEO plugin v26.2 - https:\/\/yoast.com\/wordpress\/plugins\/seo\/ -->\n<title>Uporaba indukcijskega segrevanja | Indukcijsko spajkanje | Indukcijsko kaljenje<\/title>\n<meta name=\"description\" content=\"Podro\u010dja uporabe segrevanja kovin z na\u0161imi indukcijskimi sistemi za segrevanje, neobvezujo\u010de svetovanje, individualne in optimalne re\u0161itve.\" \/>\n<meta name=\"robots\" content=\"index, follow, max-snippet:-1, max-image-preview:large, max-video-preview:-1\" \/>\n<link rel=\"canonical\" href=\"https:\/\/www.iew.eu\/sl\/nacini-uporabe\/\" \/>\n<meta property=\"og:locale\" content=\"sl_SI\" \/>\n<meta property=\"og:type\" content=\"article\" \/>\n<meta property=\"og:title\" content=\"Uporaba indukcijskega segrevanja | Indukcijsko spajkanje | Indukcijsko kaljenje\" \/>\n<meta property=\"og:description\" content=\"Podro\u010dja uporabe segrevanja kovin z na\u0161imi indukcijskimi sistemi za segrevanje, neobvezujo\u010de svetovanje, individualne in optimalne re\u0161itve.\" \/>\n<meta property=\"og:url\" content=\"https:\/\/www.iew.eu\/sl\/nacini-uporabe\/\" \/>\n<meta property=\"og:site_name\" content=\"iew Induktive Erw\u00e4rmungsanlagen GmbH\" \/>\n<meta property=\"article:modified_time\" content=\"2023-07-06T08:35:46+00:00\" \/>\n<meta name=\"twitter:card\" content=\"summary_large_image\" \/>\n<script type=\"application\/ld+json\" class=\"yoast-schema-graph\">{\"@context\":\"https:\/\/schema.org\",\"@graph\":[{\"@type\":\"WebPage\",\"@id\":\"https:\/\/www.iew.eu\/sl\/nacini-uporabe\/\",\"url\":\"https:\/\/www.iew.eu\/sl\/nacini-uporabe\/\",\"name\":\"Uporaba indukcijskega segrevanja | Indukcijsko spajkanje | Indukcijsko kaljenje\",\"isPartOf\":{\"@id\":\"https:\/\/www.iew.eu\/sl\/#website\"},\"datePublished\":\"2023-02-07T13:10:23+00:00\",\"dateModified\":\"2023-07-06T08:35:46+00:00\",\"description\":\"Podro\u010dja uporabe segrevanja kovin z na\u0161imi indukcijskimi sistemi za segrevanje, neobvezujo\u010de svetovanje, individualne in optimalne re\u0161itve.\",\"breadcrumb\":{\"@id\":\"https:\/\/www.iew.eu\/sl\/nacini-uporabe\/#breadcrumb\"},\"inLanguage\":\"sl-SI\",\"potentialAction\":[{\"@type\":\"ReadAction\",\"target\":[\"https:\/\/www.iew.eu\/sl\/nacini-uporabe\/\"]}]},{\"@type\":\"BreadcrumbList\",\"@id\":\"https:\/\/www.iew.eu\/sl\/nacini-uporabe\/#breadcrumb\",\"itemListElement\":[{\"@type\":\"ListItem\",\"position\":1,\"name\":\"Startseite\",\"item\":\"https:\/\/www.iew.eu\/sl\/\"},{\"@type\":\"ListItem\",\"position\":2,\"name\":\"Na\u010dini uporabe\"}]},{\"@type\":\"WebSite\",\"@id\":\"https:\/\/www.iew.eu\/sl\/#website\",\"url\":\"https:\/\/www.iew.eu\/sl\/\",\"name\":\"iew Induktive Erw\u00e4rmungsanlagen GmbH\",\"description\":\"Ihr Partner f\u00fcr Komplettl\u00f6sungen rund um Induktive Erw\u00e4rmungsanlagen, Sondermaschinenbau und Vakuuml\u00f6ttechnik. F\u00fcr Deutschland, \u00d6sterreich, Schweiz &amp; europaweit.\",\"potentialAction\":[{\"@type\":\"SearchAction\",\"target\":{\"@type\":\"EntryPoint\",\"urlTemplate\":\"https:\/\/www.iew.eu\/sl\/?s={search_term_string}\"},\"query-input\":{\"@type\":\"PropertyValueSpecification\",\"valueRequired\":true,\"valueName\":\"search_term_string\"}}],\"inLanguage\":\"sl-SI\"}]}<\/script>\n<!-- \/ Yoast SEO plugin. -->","yoast_head_json":{"title":"Uporaba indukcijskega segrevanja | Indukcijsko spajkanje | Indukcijsko kaljenje","description":"Podro\u010dja uporabe segrevanja kovin z na\u0161imi indukcijskimi sistemi za segrevanje, neobvezujo\u010de svetovanje, individualne in optimalne re\u0161itve.","robots":{"index":"index","follow":"follow","max-snippet":"max-snippet:-1","max-image-preview":"max-image-preview:large","max-video-preview":"max-video-preview:-1"},"canonical":"https:\/\/www.iew.eu\/sl\/nacini-uporabe\/","og_locale":"sl_SI","og_type":"article","og_title":"Uporaba indukcijskega segrevanja | Indukcijsko spajkanje | Indukcijsko kaljenje","og_description":"Podro\u010dja uporabe segrevanja kovin z na\u0161imi indukcijskimi sistemi za segrevanje, neobvezujo\u010de svetovanje, individualne in optimalne re\u0161itve.","og_url":"https:\/\/www.iew.eu\/sl\/nacini-uporabe\/","og_site_name":"iew Induktive Erw\u00e4rmungsanlagen GmbH","article_modified_time":"2023-07-06T08:35:46+00:00","twitter_card":"summary_large_image","schema":{"@context":"https:\/\/schema.org","@graph":[{"@type":"WebPage","@id":"https:\/\/www.iew.eu\/sl\/nacini-uporabe\/","url":"https:\/\/www.iew.eu\/sl\/nacini-uporabe\/","name":"Uporaba indukcijskega segrevanja | Indukcijsko spajkanje | Indukcijsko kaljenje","isPartOf":{"@id":"https:\/\/www.iew.eu\/sl\/#website"},"datePublished":"2023-02-07T13:10:23+00:00","dateModified":"2023-07-06T08:35:46+00:00","description":"Podro\u010dja uporabe segrevanja kovin z na\u0161imi indukcijskimi sistemi za segrevanje, neobvezujo\u010de svetovanje, individualne in optimalne re\u0161itve.","breadcrumb":{"@id":"https:\/\/www.iew.eu\/sl\/nacini-uporabe\/#breadcrumb"},"inLanguage":"sl-SI","potentialAction":[{"@type":"ReadAction","target":["https:\/\/www.iew.eu\/sl\/nacini-uporabe\/"]}]},{"@type":"BreadcrumbList","@id":"https:\/\/www.iew.eu\/sl\/nacini-uporabe\/#breadcrumb","itemListElement":[{"@type":"ListItem","position":1,"name":"Startseite","item":"https:\/\/www.iew.eu\/sl\/"},{"@type":"ListItem","position":2,"name":"Na\u010dini uporabe"}]},{"@type":"WebSite","@id":"https:\/\/www.iew.eu\/sl\/#website","url":"https:\/\/www.iew.eu\/sl\/","name":"iew Induktive Erw\u00e4rmungsanlagen GmbH","description":"Ihr Partner f\u00fcr Komplettl\u00f6sungen rund um Induktive Erw\u00e4rmungsanlagen, Sondermaschinenbau und Vakuuml\u00f6ttechnik. F\u00fcr Deutschland, \u00d6sterreich, Schweiz &amp; europaweit.","potentialAction":[{"@type":"SearchAction","target":{"@type":"EntryPoint","urlTemplate":"https:\/\/www.iew.eu\/sl\/?s={search_term_string}"},"query-input":{"@type":"PropertyValueSpecification","valueRequired":true,"valueName":"search_term_string"}}],"inLanguage":"sl-SI"}]}},"_links":{"self":[{"href":"https:\/\/www.iew.eu\/sl\/wp-json\/wp\/v2\/pages\/7027","targetHints":{"allow":["GET"]}}],"collection":[{"href":"https:\/\/www.iew.eu\/sl\/wp-json\/wp\/v2\/pages"}],"about":[{"href":"https:\/\/www.iew.eu\/sl\/wp-json\/wp\/v2\/types\/page"}],"author":[{"embeddable":true,"href":"https:\/\/www.iew.eu\/sl\/wp-json\/wp\/v2\/users\/1"}],"replies":[{"embeddable":true,"href":"https:\/\/www.iew.eu\/sl\/wp-json\/wp\/v2\/comments?post=7027"}],"version-history":[{"count":2,"href":"https:\/\/www.iew.eu\/sl\/wp-json\/wp\/v2\/pages\/7027\/revisions"}],"predecessor-version":[{"id":8187,"href":"https:\/\/www.iew.eu\/sl\/wp-json\/wp\/v2\/pages\/7027\/revisions\/8187"}],"wp:attachment":[{"href":"https:\/\/www.iew.eu\/sl\/wp-json\/wp\/v2\/media?parent=7027"}],"curies":[{"name":"wp","href":"https:\/\/api.w.org\/{rel}","templated":true}]}}