{"id":7041,"date":"2017-03-07T11:28:09","date_gmt":"2017-03-07T10:28:09","guid":{"rendered":"https:\/\/www.iew.eu\/izdelki\/indukcijski-sistemi-za-segrevanje\/mobilni-sistemi\/"},"modified":"2023-08-14T21:49:00","modified_gmt":"2023-08-14T19:49:00","slug":"mobilni-sistemi","status":"publish","type":"page","link":"https:\/\/www.iew.eu\/sl\/izdelki\/indukcijski-sistemi-za-segrevanje\/mobilni-sistemi\/","title":{"rendered":"Mobilni sistemi"},"content":{"rendered":"","protected":false},"excerpt":{"rendered":"","protected":false},"author":1,"featured_media":0,"parent":7039,"menu_order":0,"comment_status":"closed","ping_status":"closed","template":"templates\/custom-page-dynamic.php","meta":{"footnotes":""},"class_list":["post-7041","page","type-page","status-publish","hentry"],"acf":[],"yoast_head":"<!-- This site is optimized with the Yoast SEO plugin v26.2 - https:\/\/yoast.com\/wordpress\/plugins\/seo\/ -->\n<title>Mobilni sistemi &#8212; iew Induktive Erw\u00e4rmungsanlagen GmbH<\/title>\n<meta name=\"robots\" content=\"index, follow, max-snippet:-1, max-image-preview:large, max-video-preview:-1\" \/>\n<link rel=\"canonical\" href=\"https:\/\/www.iew.eu\/sl\/izdelki\/indukcijski-sistemi-za-segrevanje\/mobilni-sistemi\/\" \/>\n<meta property=\"og:locale\" content=\"sl_SI\" \/>\n<meta property=\"og:type\" content=\"article\" \/>\n<meta property=\"og:title\" content=\"Mobilni sistemi &#8212; iew Induktive Erw\u00e4rmungsanlagen GmbH\" \/>\n<meta property=\"og:url\" content=\"https:\/\/www.iew.eu\/sl\/izdelki\/indukcijski-sistemi-za-segrevanje\/mobilni-sistemi\/\" \/>\n<meta property=\"og:site_name\" content=\"iew Induktive Erw\u00e4rmungsanlagen GmbH\" \/>\n<meta property=\"article:modified_time\" content=\"2023-08-14T19:49:00+00:00\" \/>\n<meta name=\"twitter:card\" content=\"summary_large_image\" \/>\n<script type=\"application\/ld+json\" class=\"yoast-schema-graph\">{\"@context\":\"https:\/\/schema.org\",\"@graph\":[{\"@type\":\"WebPage\",\"@id\":\"https:\/\/www.iew.eu\/sl\/izdelki\/indukcijski-sistemi-za-segrevanje\/mobilni-sistemi\/\",\"url\":\"https:\/\/www.iew.eu\/sl\/izdelki\/indukcijski-sistemi-za-segrevanje\/mobilni-sistemi\/\",\"name\":\"Mobilni sistemi &#8212; iew Induktive Erw\u00e4rmungsanlagen GmbH\",\"isPartOf\":{\"@id\":\"https:\/\/www.iew.eu\/sl\/#website\"},\"datePublished\":\"2017-03-07T10:28:09+00:00\",\"dateModified\":\"2023-08-14T19:49:00+00:00\",\"breadcrumb\":{\"@id\":\"https:\/\/www.iew.eu\/sl\/izdelki\/indukcijski-sistemi-za-segrevanje\/mobilni-sistemi\/#breadcrumb\"},\"inLanguage\":\"sl-SI\",\"potentialAction\":[{\"@type\":\"ReadAction\",\"target\":[\"https:\/\/www.iew.eu\/sl\/izdelki\/indukcijski-sistemi-za-segrevanje\/mobilni-sistemi\/\"]}]},{\"@type\":\"BreadcrumbList\",\"@id\":\"https:\/\/www.iew.eu\/sl\/izdelki\/indukcijski-sistemi-za-segrevanje\/mobilni-sistemi\/#breadcrumb\",\"itemListElement\":[{\"@type\":\"ListItem\",\"position\":1,\"name\":\"Startseite\",\"item\":\"https:\/\/www.iew.eu\/sl\/\"},{\"@type\":\"ListItem\",\"position\":2,\"name\":\"Izdelki\",\"item\":\"https:\/\/www.iew.eu\/sl\/izdelki\/\"},{\"@type\":\"ListItem\",\"position\":3,\"name\":\"Indukcijski sistemi za segrevanje\",\"item\":\"https:\/\/www.iew.eu\/sl\/izdelki\/indukcijski-sistemi-za-segrevanje\/\"},{\"@type\":\"ListItem\",\"position\":4,\"name\":\"Mobilni sistemi\"}]},{\"@type\":\"WebSite\",\"@id\":\"https:\/\/www.iew.eu\/sl\/#website\",\"url\":\"https:\/\/www.iew.eu\/sl\/\",\"name\":\"iew Induktive Erw\u00e4rmungsanlagen GmbH\",\"description\":\"Ihr Partner f\u00fcr Komplettl\u00f6sungen rund um Induktive Erw\u00e4rmungsanlagen, Sondermaschinenbau und Vakuuml\u00f6ttechnik. F\u00fcr Deutschland, \u00d6sterreich, Schweiz &amp; europaweit.\",\"potentialAction\":[{\"@type\":\"SearchAction\",\"target\":{\"@type\":\"EntryPoint\",\"urlTemplate\":\"https:\/\/www.iew.eu\/sl\/?s={search_term_string}\"},\"query-input\":{\"@type\":\"PropertyValueSpecification\",\"valueRequired\":true,\"valueName\":\"search_term_string\"}}],\"inLanguage\":\"sl-SI\"}]}<\/script>\n<!-- \/ Yoast SEO plugin. -->","yoast_head_json":{"title":"Mobilni sistemi &#8212; iew Induktive Erw\u00e4rmungsanlagen GmbH","robots":{"index":"index","follow":"follow","max-snippet":"max-snippet:-1","max-image-preview":"max-image-preview:large","max-video-preview":"max-video-preview:-1"},"canonical":"https:\/\/www.iew.eu\/sl\/izdelki\/indukcijski-sistemi-za-segrevanje\/mobilni-sistemi\/","og_locale":"sl_SI","og_type":"article","og_title":"Mobilni sistemi &#8212; iew Induktive Erw\u00e4rmungsanlagen GmbH","og_url":"https:\/\/www.iew.eu\/sl\/izdelki\/indukcijski-sistemi-za-segrevanje\/mobilni-sistemi\/","og_site_name":"iew Induktive Erw\u00e4rmungsanlagen GmbH","article_modified_time":"2023-08-14T19:49:00+00:00","twitter_card":"summary_large_image","schema":{"@context":"https:\/\/schema.org","@graph":[{"@type":"WebPage","@id":"https:\/\/www.iew.eu\/sl\/izdelki\/indukcijski-sistemi-za-segrevanje\/mobilni-sistemi\/","url":"https:\/\/www.iew.eu\/sl\/izdelki\/indukcijski-sistemi-za-segrevanje\/mobilni-sistemi\/","name":"Mobilni sistemi &#8212; iew Induktive Erw\u00e4rmungsanlagen GmbH","isPartOf":{"@id":"https:\/\/www.iew.eu\/sl\/#website"},"datePublished":"2017-03-07T10:28:09+00:00","dateModified":"2023-08-14T19:49:00+00:00","breadcrumb":{"@id":"https:\/\/www.iew.eu\/sl\/izdelki\/indukcijski-sistemi-za-segrevanje\/mobilni-sistemi\/#breadcrumb"},"inLanguage":"sl-SI","potentialAction":[{"@type":"ReadAction","target":["https:\/\/www.iew.eu\/sl\/izdelki\/indukcijski-sistemi-za-segrevanje\/mobilni-sistemi\/"]}]},{"@type":"BreadcrumbList","@id":"https:\/\/www.iew.eu\/sl\/izdelki\/indukcijski-sistemi-za-segrevanje\/mobilni-sistemi\/#breadcrumb","itemListElement":[{"@type":"ListItem","position":1,"name":"Startseite","item":"https:\/\/www.iew.eu\/sl\/"},{"@type":"ListItem","position":2,"name":"Izdelki","item":"https:\/\/www.iew.eu\/sl\/izdelki\/"},{"@type":"ListItem","position":3,"name":"Indukcijski sistemi za segrevanje","item":"https:\/\/www.iew.eu\/sl\/izdelki\/indukcijski-sistemi-za-segrevanje\/"},{"@type":"ListItem","position":4,"name":"Mobilni sistemi"}]},{"@type":"WebSite","@id":"https:\/\/www.iew.eu\/sl\/#website","url":"https:\/\/www.iew.eu\/sl\/","name":"iew Induktive Erw\u00e4rmungsanlagen GmbH","description":"Ihr Partner f\u00fcr Komplettl\u00f6sungen rund um Induktive Erw\u00e4rmungsanlagen, Sondermaschinenbau und Vakuuml\u00f6ttechnik. F\u00fcr Deutschland, \u00d6sterreich, Schweiz &amp; europaweit.","potentialAction":[{"@type":"SearchAction","target":{"@type":"EntryPoint","urlTemplate":"https:\/\/www.iew.eu\/sl\/?s={search_term_string}"},"query-input":{"@type":"PropertyValueSpecification","valueRequired":true,"valueName":"search_term_string"}}],"inLanguage":"sl-SI"}]}},"_links":{"self":[{"href":"https:\/\/www.iew.eu\/sl\/wp-json\/wp\/v2\/pages\/7041","targetHints":{"allow":["GET"]}}],"collection":[{"href":"https:\/\/www.iew.eu\/sl\/wp-json\/wp\/v2\/pages"}],"about":[{"href":"https:\/\/www.iew.eu\/sl\/wp-json\/wp\/v2\/types\/page"}],"author":[{"embeddable":true,"href":"https:\/\/www.iew.eu\/sl\/wp-json\/wp\/v2\/users\/1"}],"replies":[{"embeddable":true,"href":"https:\/\/www.iew.eu\/sl\/wp-json\/wp\/v2\/comments?post=7041"}],"version-history":[{"count":5,"href":"https:\/\/www.iew.eu\/sl\/wp-json\/wp\/v2\/pages\/7041\/revisions"}],"predecessor-version":[{"id":9007,"href":"https:\/\/www.iew.eu\/sl\/wp-json\/wp\/v2\/pages\/7041\/revisions\/9007"}],"up":[{"embeddable":true,"href":"https:\/\/www.iew.eu\/sl\/wp-json\/wp\/v2\/pages\/7039"}],"wp:attachment":[{"href":"https:\/\/www.iew.eu\/sl\/wp-json\/wp\/v2\/media?parent=7041"}],"curies":[{"name":"wp","href":"https:\/\/api.w.org\/{rel}","templated":true}]}}