{"id":7049,"date":"2023-02-07T14:10:28","date_gmt":"2023-02-07T13:10:28","guid":{"rendered":"https:\/\/www.iew.eu\/nacini-uporabe\/brezplacni-preskusi-uporabe\/"},"modified":"2023-08-14T21:28:03","modified_gmt":"2023-08-14T19:28:03","slug":"brezplacni-preskusi-uporabe","status":"publish","type":"page","link":"https:\/\/www.iew.eu\/sl\/nacini-uporabe\/brezplacni-preskusi-uporabe\/","title":{"rendered":"Brezpla\u010dni preskusi uporabe"},"content":{"rendered":"","protected":false},"excerpt":{"rendered":"","protected":false},"author":1,"featured_media":0,"parent":7027,"menu_order":0,"comment_status":"closed","ping_status":"closed","template":"templates\/custom-page-dynamic.php","meta":{"footnotes":""},"class_list":["post-7049","page","type-page","status-publish","hentry"],"acf":[],"yoast_head":"<!-- This site is optimized with the Yoast SEO plugin v26.2 - https:\/\/yoast.com\/wordpress\/plugins\/seo\/ -->\n<title>Preizkus indukcijskega segrevanja in indukcijskih sistemov<\/title>\n<meta name=\"description\" content=\"Brezpla\u010dno testiranje uporabe indukcijskega segrevanja Razvijamo in testiramo optimalno re\u0161itev za va\u0161o uporabo\" \/>\n<meta name=\"robots\" content=\"index, follow, max-snippet:-1, max-image-preview:large, max-video-preview:-1\" \/>\n<link rel=\"canonical\" href=\"https:\/\/www.iew.eu\/sl\/nacini-uporabe\/brezplacni-preskusi-uporabe\/\" \/>\n<meta property=\"og:locale\" content=\"sl_SI\" \/>\n<meta property=\"og:type\" content=\"article\" \/>\n<meta property=\"og:title\" content=\"Preizkus indukcijskega segrevanja in indukcijskih sistemov\" \/>\n<meta property=\"og:description\" content=\"Brezpla\u010dno testiranje uporabe indukcijskega segrevanja Razvijamo in testiramo optimalno re\u0161itev za va\u0161o uporabo\" \/>\n<meta property=\"og:url\" content=\"https:\/\/www.iew.eu\/sl\/nacini-uporabe\/brezplacni-preskusi-uporabe\/\" \/>\n<meta property=\"og:site_name\" content=\"iew Induktive Erw\u00e4rmungsanlagen GmbH\" \/>\n<meta property=\"article:modified_time\" content=\"2023-08-14T19:28:03+00:00\" \/>\n<meta name=\"twitter:card\" content=\"summary_large_image\" \/>\n<script type=\"application\/ld+json\" class=\"yoast-schema-graph\">{\"@context\":\"https:\/\/schema.org\",\"@graph\":[{\"@type\":\"WebPage\",\"@id\":\"https:\/\/www.iew.eu\/sl\/nacini-uporabe\/brezplacni-preskusi-uporabe\/\",\"url\":\"https:\/\/www.iew.eu\/sl\/nacini-uporabe\/brezplacni-preskusi-uporabe\/\",\"name\":\"Preizkus indukcijskega segrevanja in indukcijskih sistemov\",\"isPartOf\":{\"@id\":\"https:\/\/www.iew.eu\/sl\/#website\"},\"datePublished\":\"2023-02-07T13:10:28+00:00\",\"dateModified\":\"2023-08-14T19:28:03+00:00\",\"description\":\"Brezpla\u010dno testiranje uporabe indukcijskega segrevanja Razvijamo in testiramo optimalno re\u0161itev za va\u0161o uporabo\",\"breadcrumb\":{\"@id\":\"https:\/\/www.iew.eu\/sl\/nacini-uporabe\/brezplacni-preskusi-uporabe\/#breadcrumb\"},\"inLanguage\":\"sl-SI\",\"potentialAction\":[{\"@type\":\"ReadAction\",\"target\":[\"https:\/\/www.iew.eu\/sl\/nacini-uporabe\/brezplacni-preskusi-uporabe\/\"]}]},{\"@type\":\"BreadcrumbList\",\"@id\":\"https:\/\/www.iew.eu\/sl\/nacini-uporabe\/brezplacni-preskusi-uporabe\/#breadcrumb\",\"itemListElement\":[{\"@type\":\"ListItem\",\"position\":1,\"name\":\"Startseite\",\"item\":\"https:\/\/www.iew.eu\/sl\/\"},{\"@type\":\"ListItem\",\"position\":2,\"name\":\"Na\u010dini uporabe\",\"item\":\"https:\/\/www.iew.eu\/sl\/nacini-uporabe\/\"},{\"@type\":\"ListItem\",\"position\":3,\"name\":\"Brezpla\u010dni preskusi uporabe\"}]},{\"@type\":\"WebSite\",\"@id\":\"https:\/\/www.iew.eu\/sl\/#website\",\"url\":\"https:\/\/www.iew.eu\/sl\/\",\"name\":\"iew Induktive Erw\u00e4rmungsanlagen GmbH\",\"description\":\"Ihr Partner f\u00fcr Komplettl\u00f6sungen rund um Induktive Erw\u00e4rmungsanlagen, Sondermaschinenbau und Vakuuml\u00f6ttechnik. F\u00fcr Deutschland, \u00d6sterreich, Schweiz &amp; europaweit.\",\"potentialAction\":[{\"@type\":\"SearchAction\",\"target\":{\"@type\":\"EntryPoint\",\"urlTemplate\":\"https:\/\/www.iew.eu\/sl\/?s={search_term_string}\"},\"query-input\":{\"@type\":\"PropertyValueSpecification\",\"valueRequired\":true,\"valueName\":\"search_term_string\"}}],\"inLanguage\":\"sl-SI\"}]}<\/script>\n<!-- \/ Yoast SEO plugin. -->","yoast_head_json":{"title":"Preizkus indukcijskega segrevanja in indukcijskih sistemov","description":"Brezpla\u010dno testiranje uporabe indukcijskega segrevanja Razvijamo in testiramo optimalno re\u0161itev za va\u0161o uporabo","robots":{"index":"index","follow":"follow","max-snippet":"max-snippet:-1","max-image-preview":"max-image-preview:large","max-video-preview":"max-video-preview:-1"},"canonical":"https:\/\/www.iew.eu\/sl\/nacini-uporabe\/brezplacni-preskusi-uporabe\/","og_locale":"sl_SI","og_type":"article","og_title":"Preizkus indukcijskega segrevanja in indukcijskih sistemov","og_description":"Brezpla\u010dno testiranje uporabe indukcijskega segrevanja Razvijamo in testiramo optimalno re\u0161itev za va\u0161o uporabo","og_url":"https:\/\/www.iew.eu\/sl\/nacini-uporabe\/brezplacni-preskusi-uporabe\/","og_site_name":"iew Induktive Erw\u00e4rmungsanlagen GmbH","article_modified_time":"2023-08-14T19:28:03+00:00","twitter_card":"summary_large_image","schema":{"@context":"https:\/\/schema.org","@graph":[{"@type":"WebPage","@id":"https:\/\/www.iew.eu\/sl\/nacini-uporabe\/brezplacni-preskusi-uporabe\/","url":"https:\/\/www.iew.eu\/sl\/nacini-uporabe\/brezplacni-preskusi-uporabe\/","name":"Preizkus indukcijskega segrevanja in indukcijskih sistemov","isPartOf":{"@id":"https:\/\/www.iew.eu\/sl\/#website"},"datePublished":"2023-02-07T13:10:28+00:00","dateModified":"2023-08-14T19:28:03+00:00","description":"Brezpla\u010dno testiranje uporabe indukcijskega segrevanja Razvijamo in testiramo optimalno re\u0161itev za va\u0161o uporabo","breadcrumb":{"@id":"https:\/\/www.iew.eu\/sl\/nacini-uporabe\/brezplacni-preskusi-uporabe\/#breadcrumb"},"inLanguage":"sl-SI","potentialAction":[{"@type":"ReadAction","target":["https:\/\/www.iew.eu\/sl\/nacini-uporabe\/brezplacni-preskusi-uporabe\/"]}]},{"@type":"BreadcrumbList","@id":"https:\/\/www.iew.eu\/sl\/nacini-uporabe\/brezplacni-preskusi-uporabe\/#breadcrumb","itemListElement":[{"@type":"ListItem","position":1,"name":"Startseite","item":"https:\/\/www.iew.eu\/sl\/"},{"@type":"ListItem","position":2,"name":"Na\u010dini uporabe","item":"https:\/\/www.iew.eu\/sl\/nacini-uporabe\/"},{"@type":"ListItem","position":3,"name":"Brezpla\u010dni preskusi uporabe"}]},{"@type":"WebSite","@id":"https:\/\/www.iew.eu\/sl\/#website","url":"https:\/\/www.iew.eu\/sl\/","name":"iew Induktive Erw\u00e4rmungsanlagen GmbH","description":"Ihr Partner f\u00fcr Komplettl\u00f6sungen rund um Induktive Erw\u00e4rmungsanlagen, Sondermaschinenbau und Vakuuml\u00f6ttechnik. F\u00fcr Deutschland, \u00d6sterreich, Schweiz &amp; europaweit.","potentialAction":[{"@type":"SearchAction","target":{"@type":"EntryPoint","urlTemplate":"https:\/\/www.iew.eu\/sl\/?s={search_term_string}"},"query-input":{"@type":"PropertyValueSpecification","valueRequired":true,"valueName":"search_term_string"}}],"inLanguage":"sl-SI"}]}},"_links":{"self":[{"href":"https:\/\/www.iew.eu\/sl\/wp-json\/wp\/v2\/pages\/7049","targetHints":{"allow":["GET"]}}],"collection":[{"href":"https:\/\/www.iew.eu\/sl\/wp-json\/wp\/v2\/pages"}],"about":[{"href":"https:\/\/www.iew.eu\/sl\/wp-json\/wp\/v2\/types\/page"}],"author":[{"embeddable":true,"href":"https:\/\/www.iew.eu\/sl\/wp-json\/wp\/v2\/users\/1"}],"replies":[{"embeddable":true,"href":"https:\/\/www.iew.eu\/sl\/wp-json\/wp\/v2\/comments?post=7049"}],"version-history":[{"count":2,"href":"https:\/\/www.iew.eu\/sl\/wp-json\/wp\/v2\/pages\/7049\/revisions"}],"predecessor-version":[{"id":9001,"href":"https:\/\/www.iew.eu\/sl\/wp-json\/wp\/v2\/pages\/7049\/revisions\/9001"}],"up":[{"embeddable":true,"href":"https:\/\/www.iew.eu\/sl\/wp-json\/wp\/v2\/pages\/7027"}],"wp:attachment":[{"href":"https:\/\/www.iew.eu\/sl\/wp-json\/wp\/v2\/media?parent=7049"}],"curies":[{"name":"wp","href":"https:\/\/api.w.org\/{rel}","templated":true}]}}