{"id":2487,"date":"2017-03-01T15:28:55","date_gmt":"2017-03-01T14:28:55","guid":{"rendered":"https:\/\/www.iew.eu\/unsere-produkte\/"},"modified":"2023-08-14T14:33:30","modified_gmt":"2023-08-14T12:33:30","slug":"urunler","status":"publish","type":"page","link":"https:\/\/www.iew.eu\/tr\/urunler\/","title":{"rendered":"\u00dcr\u00fcnler"},"content":{"rendered":"","protected":false},"excerpt":{"rendered":"","protected":false},"author":1,"featured_media":0,"parent":0,"menu_order":0,"comment_status":"closed","ping_status":"closed","template":"templates\/custom-page-dynamic.php","meta":{"footnotes":""},"class_list":["post-2487","page","type-page","status-publish","hentry"],"acf":[],"yoast_head":"<!-- This site is optimized with the Yoast SEO plugin v26.2 - https:\/\/yoast.com\/wordpress\/plugins\/seo\/ -->\n<title>Induktionsanlagen, Induktive Erw\u00e4rmungsanlagen, Frequenzumrichter,<\/title>\n<meta name=\"description\" content=\"Herstellung und Verkauf von Erw\u00e4rmungsanlagen, Induktionsanlagen, Hoch- Mittelfrequenzumrichter, L\u00f6tanlagen, Induktorenbau, H\u00e4rteanlagen, Pr\u00e4geanlagen.\" \/>\n<meta name=\"robots\" content=\"index, follow, max-snippet:-1, max-image-preview:large, max-video-preview:-1\" \/>\n<link rel=\"canonical\" href=\"https:\/\/www.iew.eu\/tr\/urunler\/\" \/>\n<meta property=\"og:locale\" content=\"tr_TR\" \/>\n<meta property=\"og:type\" content=\"article\" \/>\n<meta property=\"og:title\" content=\"Induktionsanlagen, Induktive Erw\u00e4rmungsanlagen, Frequenzumrichter,\" \/>\n<meta property=\"og:description\" content=\"Herstellung und Verkauf von Erw\u00e4rmungsanlagen, Induktionsanlagen, Hoch- Mittelfrequenzumrichter, L\u00f6tanlagen, Induktorenbau, H\u00e4rteanlagen, Pr\u00e4geanlagen.\" \/>\n<meta property=\"og:url\" content=\"https:\/\/www.iew.eu\/tr\/urunler\/\" \/>\n<meta property=\"og:site_name\" content=\"iew Induktive Erw\u00e4rmungsanlagen GmbH\" \/>\n<meta property=\"article:modified_time\" content=\"2023-08-14T12:33:30+00:00\" \/>\n<meta name=\"twitter:card\" content=\"summary_large_image\" \/>\n<script type=\"application\/ld+json\" class=\"yoast-schema-graph\">{\"@context\":\"https:\/\/schema.org\",\"@graph\":[{\"@type\":\"WebPage\",\"@id\":\"https:\/\/www.iew.eu\/tr\/urunler\/\",\"url\":\"https:\/\/www.iew.eu\/tr\/urunler\/\",\"name\":\"Induktionsanlagen, Induktive Erw\u00e4rmungsanlagen, Frequenzumrichter,\",\"isPartOf\":{\"@id\":\"https:\/\/www.iew.eu\/tr\/#website\"},\"datePublished\":\"2017-03-01T14:28:55+00:00\",\"dateModified\":\"2023-08-14T12:33:30+00:00\",\"description\":\"Herstellung und Verkauf von Erw\u00e4rmungsanlagen, Induktionsanlagen, Hoch- Mittelfrequenzumrichter, L\u00f6tanlagen, Induktorenbau, H\u00e4rteanlagen, Pr\u00e4geanlagen.\",\"breadcrumb\":{\"@id\":\"https:\/\/www.iew.eu\/tr\/urunler\/#breadcrumb\"},\"inLanguage\":\"tr\",\"potentialAction\":[{\"@type\":\"ReadAction\",\"target\":[\"https:\/\/www.iew.eu\/tr\/urunler\/\"]}]},{\"@type\":\"BreadcrumbList\",\"@id\":\"https:\/\/www.iew.eu\/tr\/urunler\/#breadcrumb\",\"itemListElement\":[{\"@type\":\"ListItem\",\"position\":1,\"name\":\"Startseite\",\"item\":\"https:\/\/www.iew.eu\/tr\/\"},{\"@type\":\"ListItem\",\"position\":2,\"name\":\"\u00dcr\u00fcnler\"}]},{\"@type\":\"WebSite\",\"@id\":\"https:\/\/www.iew.eu\/tr\/#website\",\"url\":\"https:\/\/www.iew.eu\/tr\/\",\"name\":\"iew Induktive Erw\u00e4rmungsanlagen GmbH\",\"description\":\"Ihr Partner f\u00fcr Komplettl\u00f6sungen rund um Induktive Erw\u00e4rmungsanlagen, Sondermaschinenbau und Vakuuml\u00f6ttechnik. F\u00fcr Deutschland, \u00d6sterreich, Schweiz &amp; europaweit.\",\"potentialAction\":[{\"@type\":\"SearchAction\",\"target\":{\"@type\":\"EntryPoint\",\"urlTemplate\":\"https:\/\/www.iew.eu\/tr\/?s={search_term_string}\"},\"query-input\":{\"@type\":\"PropertyValueSpecification\",\"valueRequired\":true,\"valueName\":\"search_term_string\"}}],\"inLanguage\":\"tr\"}]}<\/script>\n<!-- \/ Yoast SEO plugin. -->","yoast_head_json":{"title":"Induktionsanlagen, Induktive Erw\u00e4rmungsanlagen, Frequenzumrichter,","description":"Herstellung und Verkauf von Erw\u00e4rmungsanlagen, Induktionsanlagen, Hoch- Mittelfrequenzumrichter, L\u00f6tanlagen, Induktorenbau, H\u00e4rteanlagen, Pr\u00e4geanlagen.","robots":{"index":"index","follow":"follow","max-snippet":"max-snippet:-1","max-image-preview":"max-image-preview:large","max-video-preview":"max-video-preview:-1"},"canonical":"https:\/\/www.iew.eu\/tr\/urunler\/","og_locale":"tr_TR","og_type":"article","og_title":"Induktionsanlagen, Induktive Erw\u00e4rmungsanlagen, Frequenzumrichter,","og_description":"Herstellung und Verkauf von Erw\u00e4rmungsanlagen, Induktionsanlagen, Hoch- Mittelfrequenzumrichter, L\u00f6tanlagen, Induktorenbau, H\u00e4rteanlagen, Pr\u00e4geanlagen.","og_url":"https:\/\/www.iew.eu\/tr\/urunler\/","og_site_name":"iew Induktive Erw\u00e4rmungsanlagen GmbH","article_modified_time":"2023-08-14T12:33:30+00:00","twitter_card":"summary_large_image","schema":{"@context":"https:\/\/schema.org","@graph":[{"@type":"WebPage","@id":"https:\/\/www.iew.eu\/tr\/urunler\/","url":"https:\/\/www.iew.eu\/tr\/urunler\/","name":"Induktionsanlagen, Induktive Erw\u00e4rmungsanlagen, Frequenzumrichter,","isPartOf":{"@id":"https:\/\/www.iew.eu\/tr\/#website"},"datePublished":"2017-03-01T14:28:55+00:00","dateModified":"2023-08-14T12:33:30+00:00","description":"Herstellung und Verkauf von Erw\u00e4rmungsanlagen, Induktionsanlagen, Hoch- Mittelfrequenzumrichter, L\u00f6tanlagen, Induktorenbau, H\u00e4rteanlagen, Pr\u00e4geanlagen.","breadcrumb":{"@id":"https:\/\/www.iew.eu\/tr\/urunler\/#breadcrumb"},"inLanguage":"tr","potentialAction":[{"@type":"ReadAction","target":["https:\/\/www.iew.eu\/tr\/urunler\/"]}]},{"@type":"BreadcrumbList","@id":"https:\/\/www.iew.eu\/tr\/urunler\/#breadcrumb","itemListElement":[{"@type":"ListItem","position":1,"name":"Startseite","item":"https:\/\/www.iew.eu\/tr\/"},{"@type":"ListItem","position":2,"name":"\u00dcr\u00fcnler"}]},{"@type":"WebSite","@id":"https:\/\/www.iew.eu\/tr\/#website","url":"https:\/\/www.iew.eu\/tr\/","name":"iew Induktive Erw\u00e4rmungsanlagen GmbH","description":"Ihr Partner f\u00fcr Komplettl\u00f6sungen rund um Induktive Erw\u00e4rmungsanlagen, Sondermaschinenbau und Vakuuml\u00f6ttechnik. F\u00fcr Deutschland, \u00d6sterreich, Schweiz &amp; europaweit.","potentialAction":[{"@type":"SearchAction","target":{"@type":"EntryPoint","urlTemplate":"https:\/\/www.iew.eu\/tr\/?s={search_term_string}"},"query-input":{"@type":"PropertyValueSpecification","valueRequired":true,"valueName":"search_term_string"}}],"inLanguage":"tr"}]}},"_links":{"self":[{"href":"https:\/\/www.iew.eu\/tr\/wp-json\/wp\/v2\/pages\/2487","targetHints":{"allow":["GET"]}}],"collection":[{"href":"https:\/\/www.iew.eu\/tr\/wp-json\/wp\/v2\/pages"}],"about":[{"href":"https:\/\/www.iew.eu\/tr\/wp-json\/wp\/v2\/types\/page"}],"author":[{"embeddable":true,"href":"https:\/\/www.iew.eu\/tr\/wp-json\/wp\/v2\/users\/1"}],"replies":[{"embeddable":true,"href":"https:\/\/www.iew.eu\/tr\/wp-json\/wp\/v2\/comments?post=2487"}],"version-history":[{"count":3,"href":"https:\/\/www.iew.eu\/tr\/wp-json\/wp\/v2\/pages\/2487\/revisions"}],"predecessor-version":[{"id":8957,"href":"https:\/\/www.iew.eu\/tr\/wp-json\/wp\/v2\/pages\/2487\/revisions\/8957"}],"wp:attachment":[{"href":"https:\/\/www.iew.eu\/tr\/wp-json\/wp\/v2\/media?parent=2487"}],"curies":[{"name":"wp","href":"https:\/\/api.w.org\/{rel}","templated":true}]}}