{"id":2536,"date":"2017-03-06T13:32:50","date_gmt":"2017-03-06T12:32:50","guid":{"rendered":"https:\/\/www.iew.eu\/anwendungen\/schutzgas-und-vakuumtechnik\/"},"modified":"2025-10-30T09:48:13","modified_gmt":"2025-10-30T08:48:13","slug":"schutzgas-und-vakuumtechnik","status":"publish","type":"page","link":"https:\/\/www.iew.eu\/tr\/anwendungen\/schutzgas-und-vakuumtechnik\/","title":{"rendered":"Schutzgas- und Vakuumtechnik"},"content":{"rendered":"","protected":false},"excerpt":{"rendered":"","protected":false},"author":1,"featured_media":0,"parent":2533,"menu_order":0,"comment_status":"closed","ping_status":"closed","template":"templates\/custom-page-dynamic.php","meta":{"footnotes":""},"class_list":["post-2536","page","type-page","status-publish","hentry"],"acf":[],"yoast_head":"<!-- This site is optimized with the Yoast SEO plugin v26.2 - https:\/\/yoast.com\/wordpress\/plugins\/seo\/ -->\n<title>Induktionsl\u00f6ten unter Schutzgas f\u00fcr Industrie und Maschinenbau<\/title>\n<meta name=\"description\" content=\"L\u00f6ten unter Schutzgas in Kombination mit induktiver Erw\u00e4rmung. Alles N\u00f6tige hierf\u00fcr und kostenlose Anwendertests bekommen Sie von uns.\" \/>\n<meta name=\"robots\" content=\"index, follow, max-snippet:-1, max-image-preview:large, max-video-preview:-1\" \/>\n<link rel=\"canonical\" href=\"https:\/\/www.iew.eu\/tr\/anwendungen\/schutzgas-und-vakuumtechnik\/\" \/>\n<meta property=\"og:locale\" content=\"tr_TR\" \/>\n<meta property=\"og:type\" content=\"article\" \/>\n<meta property=\"og:title\" content=\"Induktionsl\u00f6ten unter Schutzgas f\u00fcr Industrie und Maschinenbau\" \/>\n<meta property=\"og:description\" content=\"L\u00f6ten unter Schutzgas in Kombination mit induktiver Erw\u00e4rmung. Alles N\u00f6tige hierf\u00fcr und kostenlose Anwendertests bekommen Sie von uns.\" \/>\n<meta property=\"og:url\" content=\"https:\/\/www.iew.eu\/tr\/anwendungen\/schutzgas-und-vakuumtechnik\/\" \/>\n<meta property=\"og:site_name\" content=\"iew Induktive Erw\u00e4rmungsanlagen GmbH\" \/>\n<meta property=\"article:modified_time\" content=\"2025-10-30T08:48:13+00:00\" \/>\n<meta name=\"twitter:card\" content=\"summary_large_image\" \/>\n<script type=\"application\/ld+json\" class=\"yoast-schema-graph\">{\"@context\":\"https:\/\/schema.org\",\"@graph\":[{\"@type\":\"WebPage\",\"@id\":\"https:\/\/www.iew.eu\/tr\/anwendungen\/schutzgas-und-vakuumtechnik\/\",\"url\":\"https:\/\/www.iew.eu\/tr\/anwendungen\/schutzgas-und-vakuumtechnik\/\",\"name\":\"Induktionsl\u00f6ten unter Schutzgas f\u00fcr Industrie und Maschinenbau\",\"isPartOf\":{\"@id\":\"https:\/\/www.iew.eu\/tr\/#website\"},\"datePublished\":\"2017-03-06T12:32:50+00:00\",\"dateModified\":\"2025-10-30T08:48:13+00:00\",\"description\":\"L\u00f6ten unter Schutzgas in Kombination mit induktiver Erw\u00e4rmung. Alles N\u00f6tige hierf\u00fcr und kostenlose Anwendertests bekommen Sie von uns.\",\"breadcrumb\":{\"@id\":\"https:\/\/www.iew.eu\/tr\/anwendungen\/schutzgas-und-vakuumtechnik\/#breadcrumb\"},\"inLanguage\":\"tr\",\"potentialAction\":[{\"@type\":\"ReadAction\",\"target\":[\"https:\/\/www.iew.eu\/tr\/anwendungen\/schutzgas-und-vakuumtechnik\/\"]}]},{\"@type\":\"BreadcrumbList\",\"@id\":\"https:\/\/www.iew.eu\/tr\/anwendungen\/schutzgas-und-vakuumtechnik\/#breadcrumb\",\"itemListElement\":[{\"@type\":\"ListItem\",\"position\":1,\"name\":\"Startseite\",\"item\":\"https:\/\/www.iew.eu\/tr\/\"},{\"@type\":\"ListItem\",\"position\":2,\"name\":\"UYGULAMALAR\",\"item\":\"https:\/\/www.iew.eu\/tr\/anwendungen\/\"},{\"@type\":\"ListItem\",\"position\":3,\"name\":\"Schutzgas- und Vakuumtechnik\"}]},{\"@type\":\"WebSite\",\"@id\":\"https:\/\/www.iew.eu\/tr\/#website\",\"url\":\"https:\/\/www.iew.eu\/tr\/\",\"name\":\"iew Induktive Erw\u00e4rmungsanlagen GmbH\",\"description\":\"Ihr Partner f\u00fcr Komplettl\u00f6sungen rund um Induktive Erw\u00e4rmungsanlagen, Sondermaschinenbau und Vakuuml\u00f6ttechnik. F\u00fcr Deutschland, \u00d6sterreich, Schweiz &amp; europaweit.\",\"potentialAction\":[{\"@type\":\"SearchAction\",\"target\":{\"@type\":\"EntryPoint\",\"urlTemplate\":\"https:\/\/www.iew.eu\/tr\/?s={search_term_string}\"},\"query-input\":{\"@type\":\"PropertyValueSpecification\",\"valueRequired\":true,\"valueName\":\"search_term_string\"}}],\"inLanguage\":\"tr\"}]}<\/script>\n<!-- \/ Yoast SEO plugin. -->","yoast_head_json":{"title":"Induktionsl\u00f6ten unter Schutzgas f\u00fcr Industrie und Maschinenbau","description":"L\u00f6ten unter Schutzgas in Kombination mit induktiver Erw\u00e4rmung. Alles N\u00f6tige hierf\u00fcr und kostenlose Anwendertests bekommen Sie von uns.","robots":{"index":"index","follow":"follow","max-snippet":"max-snippet:-1","max-image-preview":"max-image-preview:large","max-video-preview":"max-video-preview:-1"},"canonical":"https:\/\/www.iew.eu\/tr\/anwendungen\/schutzgas-und-vakuumtechnik\/","og_locale":"tr_TR","og_type":"article","og_title":"Induktionsl\u00f6ten unter Schutzgas f\u00fcr Industrie und Maschinenbau","og_description":"L\u00f6ten unter Schutzgas in Kombination mit induktiver Erw\u00e4rmung. Alles N\u00f6tige hierf\u00fcr und kostenlose Anwendertests bekommen Sie von uns.","og_url":"https:\/\/www.iew.eu\/tr\/anwendungen\/schutzgas-und-vakuumtechnik\/","og_site_name":"iew Induktive Erw\u00e4rmungsanlagen GmbH","article_modified_time":"2025-10-30T08:48:13+00:00","twitter_card":"summary_large_image","schema":{"@context":"https:\/\/schema.org","@graph":[{"@type":"WebPage","@id":"https:\/\/www.iew.eu\/tr\/anwendungen\/schutzgas-und-vakuumtechnik\/","url":"https:\/\/www.iew.eu\/tr\/anwendungen\/schutzgas-und-vakuumtechnik\/","name":"Induktionsl\u00f6ten unter Schutzgas f\u00fcr Industrie und Maschinenbau","isPartOf":{"@id":"https:\/\/www.iew.eu\/tr\/#website"},"datePublished":"2017-03-06T12:32:50+00:00","dateModified":"2025-10-30T08:48:13+00:00","description":"L\u00f6ten unter Schutzgas in Kombination mit induktiver Erw\u00e4rmung. Alles N\u00f6tige hierf\u00fcr und kostenlose Anwendertests bekommen Sie von uns.","breadcrumb":{"@id":"https:\/\/www.iew.eu\/tr\/anwendungen\/schutzgas-und-vakuumtechnik\/#breadcrumb"},"inLanguage":"tr","potentialAction":[{"@type":"ReadAction","target":["https:\/\/www.iew.eu\/tr\/anwendungen\/schutzgas-und-vakuumtechnik\/"]}]},{"@type":"BreadcrumbList","@id":"https:\/\/www.iew.eu\/tr\/anwendungen\/schutzgas-und-vakuumtechnik\/#breadcrumb","itemListElement":[{"@type":"ListItem","position":1,"name":"Startseite","item":"https:\/\/www.iew.eu\/tr\/"},{"@type":"ListItem","position":2,"name":"UYGULAMALAR","item":"https:\/\/www.iew.eu\/tr\/anwendungen\/"},{"@type":"ListItem","position":3,"name":"Schutzgas- und Vakuumtechnik"}]},{"@type":"WebSite","@id":"https:\/\/www.iew.eu\/tr\/#website","url":"https:\/\/www.iew.eu\/tr\/","name":"iew Induktive Erw\u00e4rmungsanlagen GmbH","description":"Ihr Partner f\u00fcr Komplettl\u00f6sungen rund um Induktive Erw\u00e4rmungsanlagen, Sondermaschinenbau und Vakuuml\u00f6ttechnik. F\u00fcr Deutschland, \u00d6sterreich, Schweiz &amp; europaweit.","potentialAction":[{"@type":"SearchAction","target":{"@type":"EntryPoint","urlTemplate":"https:\/\/www.iew.eu\/tr\/?s={search_term_string}"},"query-input":{"@type":"PropertyValueSpecification","valueRequired":true,"valueName":"search_term_string"}}],"inLanguage":"tr"}]}},"_links":{"self":[{"href":"https:\/\/www.iew.eu\/tr\/wp-json\/wp\/v2\/pages\/2536","targetHints":{"allow":["GET"]}}],"collection":[{"href":"https:\/\/www.iew.eu\/tr\/wp-json\/wp\/v2\/pages"}],"about":[{"href":"https:\/\/www.iew.eu\/tr\/wp-json\/wp\/v2\/types\/page"}],"author":[{"embeddable":true,"href":"https:\/\/www.iew.eu\/tr\/wp-json\/wp\/v2\/users\/1"}],"replies":[{"embeddable":true,"href":"https:\/\/www.iew.eu\/tr\/wp-json\/wp\/v2\/comments?post=2536"}],"version-history":[{"count":3,"href":"https:\/\/www.iew.eu\/tr\/wp-json\/wp\/v2\/pages\/2536\/revisions"}],"predecessor-version":[{"id":9671,"href":"https:\/\/www.iew.eu\/tr\/wp-json\/wp\/v2\/pages\/2536\/revisions\/9671"}],"up":[{"embeddable":true,"href":"https:\/\/www.iew.eu\/tr\/wp-json\/wp\/v2\/pages\/2533"}],"wp:attachment":[{"href":"https:\/\/www.iew.eu\/tr\/wp-json\/wp\/v2\/media?parent=2536"}],"curies":[{"name":"wp","href":"https:\/\/api.w.org\/{rel}","templated":true}]}}