{"id":2549,"date":"2017-03-06T13:56:41","date_gmt":"2017-03-06T12:56:41","guid":{"rendered":"https:\/\/www.iew.eu\/anwendungen\/schrumpfen\/"},"modified":"2025-10-30T09:56:49","modified_gmt":"2025-10-30T08:56:49","slug":"schrumpfen","status":"publish","type":"page","link":"https:\/\/www.iew.eu\/tr\/anwendungen\/schrumpfen\/","title":{"rendered":"Schrumpfen"},"content":{"rendered":"","protected":false},"excerpt":{"rendered":"","protected":false},"author":1,"featured_media":0,"parent":2533,"menu_order":0,"comment_status":"closed","ping_status":"closed","template":"templates\/custom-page-dynamic.php","meta":{"footnotes":""},"class_list":["post-2549","page","type-page","status-publish","hentry"],"acf":[],"yoast_head":"<!-- This site is optimized with the Yoast SEO plugin v26.2 - https:\/\/yoast.com\/wordpress\/plugins\/seo\/ -->\n<title>Aufschrumpfen von Metallen<\/title>\n<meta name=\"description\" content=\"Ihr Partner f\u00fcr das Aufschrumpfen von Werksst\u00fccken. Das Schrumpfen ist ein Verfahren, dem das Prinzip der W\u00e4rmeausdehnung von Metallen zugrunde liegt.\" \/>\n<meta name=\"robots\" content=\"index, follow, max-snippet:-1, max-image-preview:large, max-video-preview:-1\" \/>\n<link rel=\"canonical\" href=\"https:\/\/www.iew.eu\/tr\/anwendungen\/schrumpfen\/\" \/>\n<meta property=\"og:locale\" content=\"tr_TR\" \/>\n<meta property=\"og:type\" content=\"article\" \/>\n<meta property=\"og:title\" content=\"Aufschrumpfen von Metallen\" \/>\n<meta property=\"og:description\" content=\"Ihr Partner f\u00fcr das Aufschrumpfen von Werksst\u00fccken. Das Schrumpfen ist ein Verfahren, dem das Prinzip der W\u00e4rmeausdehnung von Metallen zugrunde liegt.\" \/>\n<meta property=\"og:url\" content=\"https:\/\/www.iew.eu\/tr\/anwendungen\/schrumpfen\/\" \/>\n<meta property=\"og:site_name\" content=\"iew Induktive Erw\u00e4rmungsanlagen GmbH\" \/>\n<meta property=\"article:modified_time\" content=\"2025-10-30T08:56:49+00:00\" \/>\n<meta name=\"twitter:card\" content=\"summary_large_image\" \/>\n<script type=\"application\/ld+json\" class=\"yoast-schema-graph\">{\"@context\":\"https:\/\/schema.org\",\"@graph\":[{\"@type\":\"WebPage\",\"@id\":\"https:\/\/www.iew.eu\/tr\/anwendungen\/schrumpfen\/\",\"url\":\"https:\/\/www.iew.eu\/tr\/anwendungen\/schrumpfen\/\",\"name\":\"Aufschrumpfen von Metallen\",\"isPartOf\":{\"@id\":\"https:\/\/www.iew.eu\/tr\/#website\"},\"datePublished\":\"2017-03-06T12:56:41+00:00\",\"dateModified\":\"2025-10-30T08:56:49+00:00\",\"description\":\"Ihr Partner f\u00fcr das Aufschrumpfen von Werksst\u00fccken. Das Schrumpfen ist ein Verfahren, dem das Prinzip der W\u00e4rmeausdehnung von Metallen zugrunde liegt.\",\"breadcrumb\":{\"@id\":\"https:\/\/www.iew.eu\/tr\/anwendungen\/schrumpfen\/#breadcrumb\"},\"inLanguage\":\"tr\",\"potentialAction\":[{\"@type\":\"ReadAction\",\"target\":[\"https:\/\/www.iew.eu\/tr\/anwendungen\/schrumpfen\/\"]}]},{\"@type\":\"BreadcrumbList\",\"@id\":\"https:\/\/www.iew.eu\/tr\/anwendungen\/schrumpfen\/#breadcrumb\",\"itemListElement\":[{\"@type\":\"ListItem\",\"position\":1,\"name\":\"Startseite\",\"item\":\"https:\/\/www.iew.eu\/tr\/\"},{\"@type\":\"ListItem\",\"position\":2,\"name\":\"UYGULAMALAR\",\"item\":\"https:\/\/www.iew.eu\/tr\/anwendungen\/\"},{\"@type\":\"ListItem\",\"position\":3,\"name\":\"Schrumpfen\"}]},{\"@type\":\"WebSite\",\"@id\":\"https:\/\/www.iew.eu\/tr\/#website\",\"url\":\"https:\/\/www.iew.eu\/tr\/\",\"name\":\"iew Induktive Erw\u00e4rmungsanlagen GmbH\",\"description\":\"Ihr Partner f\u00fcr Komplettl\u00f6sungen rund um Induktive Erw\u00e4rmungsanlagen, Sondermaschinenbau und Vakuuml\u00f6ttechnik. F\u00fcr Deutschland, \u00d6sterreich, Schweiz &amp; europaweit.\",\"potentialAction\":[{\"@type\":\"SearchAction\",\"target\":{\"@type\":\"EntryPoint\",\"urlTemplate\":\"https:\/\/www.iew.eu\/tr\/?s={search_term_string}\"},\"query-input\":{\"@type\":\"PropertyValueSpecification\",\"valueRequired\":true,\"valueName\":\"search_term_string\"}}],\"inLanguage\":\"tr\"}]}<\/script>\n<!-- \/ Yoast SEO plugin. -->","yoast_head_json":{"title":"Aufschrumpfen von Metallen","description":"Ihr Partner f\u00fcr das Aufschrumpfen von Werksst\u00fccken. Das Schrumpfen ist ein Verfahren, dem das Prinzip der W\u00e4rmeausdehnung von Metallen zugrunde liegt.","robots":{"index":"index","follow":"follow","max-snippet":"max-snippet:-1","max-image-preview":"max-image-preview:large","max-video-preview":"max-video-preview:-1"},"canonical":"https:\/\/www.iew.eu\/tr\/anwendungen\/schrumpfen\/","og_locale":"tr_TR","og_type":"article","og_title":"Aufschrumpfen von Metallen","og_description":"Ihr Partner f\u00fcr das Aufschrumpfen von Werksst\u00fccken. Das Schrumpfen ist ein Verfahren, dem das Prinzip der W\u00e4rmeausdehnung von Metallen zugrunde liegt.","og_url":"https:\/\/www.iew.eu\/tr\/anwendungen\/schrumpfen\/","og_site_name":"iew Induktive Erw\u00e4rmungsanlagen GmbH","article_modified_time":"2025-10-30T08:56:49+00:00","twitter_card":"summary_large_image","schema":{"@context":"https:\/\/schema.org","@graph":[{"@type":"WebPage","@id":"https:\/\/www.iew.eu\/tr\/anwendungen\/schrumpfen\/","url":"https:\/\/www.iew.eu\/tr\/anwendungen\/schrumpfen\/","name":"Aufschrumpfen von Metallen","isPartOf":{"@id":"https:\/\/www.iew.eu\/tr\/#website"},"datePublished":"2017-03-06T12:56:41+00:00","dateModified":"2025-10-30T08:56:49+00:00","description":"Ihr Partner f\u00fcr das Aufschrumpfen von Werksst\u00fccken. Das Schrumpfen ist ein Verfahren, dem das Prinzip der W\u00e4rmeausdehnung von Metallen zugrunde liegt.","breadcrumb":{"@id":"https:\/\/www.iew.eu\/tr\/anwendungen\/schrumpfen\/#breadcrumb"},"inLanguage":"tr","potentialAction":[{"@type":"ReadAction","target":["https:\/\/www.iew.eu\/tr\/anwendungen\/schrumpfen\/"]}]},{"@type":"BreadcrumbList","@id":"https:\/\/www.iew.eu\/tr\/anwendungen\/schrumpfen\/#breadcrumb","itemListElement":[{"@type":"ListItem","position":1,"name":"Startseite","item":"https:\/\/www.iew.eu\/tr\/"},{"@type":"ListItem","position":2,"name":"UYGULAMALAR","item":"https:\/\/www.iew.eu\/tr\/anwendungen\/"},{"@type":"ListItem","position":3,"name":"Schrumpfen"}]},{"@type":"WebSite","@id":"https:\/\/www.iew.eu\/tr\/#website","url":"https:\/\/www.iew.eu\/tr\/","name":"iew Induktive Erw\u00e4rmungsanlagen GmbH","description":"Ihr Partner f\u00fcr Komplettl\u00f6sungen rund um Induktive Erw\u00e4rmungsanlagen, Sondermaschinenbau und Vakuuml\u00f6ttechnik. F\u00fcr Deutschland, \u00d6sterreich, Schweiz &amp; europaweit.","potentialAction":[{"@type":"SearchAction","target":{"@type":"EntryPoint","urlTemplate":"https:\/\/www.iew.eu\/tr\/?s={search_term_string}"},"query-input":{"@type":"PropertyValueSpecification","valueRequired":true,"valueName":"search_term_string"}}],"inLanguage":"tr"}]}},"_links":{"self":[{"href":"https:\/\/www.iew.eu\/tr\/wp-json\/wp\/v2\/pages\/2549","targetHints":{"allow":["GET"]}}],"collection":[{"href":"https:\/\/www.iew.eu\/tr\/wp-json\/wp\/v2\/pages"}],"about":[{"href":"https:\/\/www.iew.eu\/tr\/wp-json\/wp\/v2\/types\/page"}],"author":[{"embeddable":true,"href":"https:\/\/www.iew.eu\/tr\/wp-json\/wp\/v2\/users\/1"}],"replies":[{"embeddable":true,"href":"https:\/\/www.iew.eu\/tr\/wp-json\/wp\/v2\/comments?post=2549"}],"version-history":[{"count":2,"href":"https:\/\/www.iew.eu\/tr\/wp-json\/wp\/v2\/pages\/2549\/revisions"}],"predecessor-version":[{"id":9676,"href":"https:\/\/www.iew.eu\/tr\/wp-json\/wp\/v2\/pages\/2549\/revisions\/9676"}],"up":[{"embeddable":true,"href":"https:\/\/www.iew.eu\/tr\/wp-json\/wp\/v2\/pages\/2533"}],"wp:attachment":[{"href":"https:\/\/www.iew.eu\/tr\/wp-json\/wp\/v2\/media?parent=2549"}],"curies":[{"name":"wp","href":"https:\/\/api.w.org\/{rel}","templated":true}]}}