{"id":7639,"date":"2017-03-09T14:47:42","date_gmt":"2017-03-09T13:47:42","guid":{"rendered":"https:\/\/www.iew.eu\/unternehmen\/partner\/"},"modified":"2023-08-14T14:14:22","modified_gmt":"2023-08-14T12:14:22","slug":"ortak","status":"publish","type":"page","link":"https:\/\/www.iew.eu\/tr\/sirket\/ortak\/","title":{"rendered":"Ortak"},"content":{"rendered":"","protected":false},"excerpt":{"rendered":"","protected":false},"author":1,"featured_media":0,"parent":2571,"menu_order":0,"comment_status":"closed","ping_status":"closed","template":"templates\/custom-page-dynamic.php","meta":{"footnotes":""},"class_list":["post-7639","page","type-page","status-publish","hentry"],"acf":[],"yoast_head":"<!-- This site is optimized with the Yoast SEO plugin v26.2 - https:\/\/yoast.com\/wordpress\/plugins\/seo\/ -->\n<title>Ortak &#8212; iew Induktive Erw\u00e4rmungsanlagen GmbH<\/title>\n<meta name=\"robots\" content=\"index, follow, max-snippet:-1, max-image-preview:large, max-video-preview:-1\" \/>\n<link rel=\"canonical\" href=\"https:\/\/www.iew.eu\/tr\/sirket\/ortak\/\" \/>\n<meta property=\"og:locale\" content=\"tr_TR\" \/>\n<meta property=\"og:type\" content=\"article\" \/>\n<meta property=\"og:title\" content=\"Ortak &#8212; iew Induktive Erw\u00e4rmungsanlagen GmbH\" \/>\n<meta property=\"og:url\" content=\"https:\/\/www.iew.eu\/tr\/sirket\/ortak\/\" \/>\n<meta property=\"og:site_name\" content=\"iew Induktive Erw\u00e4rmungsanlagen GmbH\" \/>\n<meta property=\"article:modified_time\" content=\"2023-08-14T12:14:22+00:00\" \/>\n<meta name=\"twitter:card\" content=\"summary_large_image\" \/>\n<script type=\"application\/ld+json\" class=\"yoast-schema-graph\">{\"@context\":\"https:\/\/schema.org\",\"@graph\":[{\"@type\":\"WebPage\",\"@id\":\"https:\/\/www.iew.eu\/tr\/sirket\/ortak\/\",\"url\":\"https:\/\/www.iew.eu\/tr\/sirket\/ortak\/\",\"name\":\"Ortak &#8212; iew Induktive Erw\u00e4rmungsanlagen GmbH\",\"isPartOf\":{\"@id\":\"https:\/\/www.iew.eu\/tr\/#website\"},\"datePublished\":\"2017-03-09T13:47:42+00:00\",\"dateModified\":\"2023-08-14T12:14:22+00:00\",\"breadcrumb\":{\"@id\":\"https:\/\/www.iew.eu\/tr\/sirket\/ortak\/#breadcrumb\"},\"inLanguage\":\"tr\",\"potentialAction\":[{\"@type\":\"ReadAction\",\"target\":[\"https:\/\/www.iew.eu\/tr\/sirket\/ortak\/\"]}]},{\"@type\":\"BreadcrumbList\",\"@id\":\"https:\/\/www.iew.eu\/tr\/sirket\/ortak\/#breadcrumb\",\"itemListElement\":[{\"@type\":\"ListItem\",\"position\":1,\"name\":\"Startseite\",\"item\":\"https:\/\/www.iew.eu\/tr\/\"},{\"@type\":\"ListItem\",\"position\":2,\"name\":\"\u015eirket\",\"item\":\"https:\/\/www.iew.eu\/tr\/sirket\/\"},{\"@type\":\"ListItem\",\"position\":3,\"name\":\"Ortak\"}]},{\"@type\":\"WebSite\",\"@id\":\"https:\/\/www.iew.eu\/tr\/#website\",\"url\":\"https:\/\/www.iew.eu\/tr\/\",\"name\":\"iew Induktive Erw\u00e4rmungsanlagen GmbH\",\"description\":\"Ihr Partner f\u00fcr Komplettl\u00f6sungen rund um Induktive Erw\u00e4rmungsanlagen, Sondermaschinenbau und Vakuuml\u00f6ttechnik. F\u00fcr Deutschland, \u00d6sterreich, Schweiz &amp; europaweit.\",\"potentialAction\":[{\"@type\":\"SearchAction\",\"target\":{\"@type\":\"EntryPoint\",\"urlTemplate\":\"https:\/\/www.iew.eu\/tr\/?s={search_term_string}\"},\"query-input\":{\"@type\":\"PropertyValueSpecification\",\"valueRequired\":true,\"valueName\":\"search_term_string\"}}],\"inLanguage\":\"tr\"}]}<\/script>\n<!-- \/ Yoast SEO plugin. -->","yoast_head_json":{"title":"Ortak &#8212; iew Induktive Erw\u00e4rmungsanlagen GmbH","robots":{"index":"index","follow":"follow","max-snippet":"max-snippet:-1","max-image-preview":"max-image-preview:large","max-video-preview":"max-video-preview:-1"},"canonical":"https:\/\/www.iew.eu\/tr\/sirket\/ortak\/","og_locale":"tr_TR","og_type":"article","og_title":"Ortak &#8212; iew Induktive Erw\u00e4rmungsanlagen GmbH","og_url":"https:\/\/www.iew.eu\/tr\/sirket\/ortak\/","og_site_name":"iew Induktive Erw\u00e4rmungsanlagen GmbH","article_modified_time":"2023-08-14T12:14:22+00:00","twitter_card":"summary_large_image","schema":{"@context":"https:\/\/schema.org","@graph":[{"@type":"WebPage","@id":"https:\/\/www.iew.eu\/tr\/sirket\/ortak\/","url":"https:\/\/www.iew.eu\/tr\/sirket\/ortak\/","name":"Ortak &#8212; iew Induktive Erw\u00e4rmungsanlagen GmbH","isPartOf":{"@id":"https:\/\/www.iew.eu\/tr\/#website"},"datePublished":"2017-03-09T13:47:42+00:00","dateModified":"2023-08-14T12:14:22+00:00","breadcrumb":{"@id":"https:\/\/www.iew.eu\/tr\/sirket\/ortak\/#breadcrumb"},"inLanguage":"tr","potentialAction":[{"@type":"ReadAction","target":["https:\/\/www.iew.eu\/tr\/sirket\/ortak\/"]}]},{"@type":"BreadcrumbList","@id":"https:\/\/www.iew.eu\/tr\/sirket\/ortak\/#breadcrumb","itemListElement":[{"@type":"ListItem","position":1,"name":"Startseite","item":"https:\/\/www.iew.eu\/tr\/"},{"@type":"ListItem","position":2,"name":"\u015eirket","item":"https:\/\/www.iew.eu\/tr\/sirket\/"},{"@type":"ListItem","position":3,"name":"Ortak"}]},{"@type":"WebSite","@id":"https:\/\/www.iew.eu\/tr\/#website","url":"https:\/\/www.iew.eu\/tr\/","name":"iew Induktive Erw\u00e4rmungsanlagen GmbH","description":"Ihr Partner f\u00fcr Komplettl\u00f6sungen rund um Induktive Erw\u00e4rmungsanlagen, Sondermaschinenbau und Vakuuml\u00f6ttechnik. F\u00fcr Deutschland, \u00d6sterreich, Schweiz &amp; europaweit.","potentialAction":[{"@type":"SearchAction","target":{"@type":"EntryPoint","urlTemplate":"https:\/\/www.iew.eu\/tr\/?s={search_term_string}"},"query-input":{"@type":"PropertyValueSpecification","valueRequired":true,"valueName":"search_term_string"}}],"inLanguage":"tr"}]}},"_links":{"self":[{"href":"https:\/\/www.iew.eu\/tr\/wp-json\/wp\/v2\/pages\/7639","targetHints":{"allow":["GET"]}}],"collection":[{"href":"https:\/\/www.iew.eu\/tr\/wp-json\/wp\/v2\/pages"}],"about":[{"href":"https:\/\/www.iew.eu\/tr\/wp-json\/wp\/v2\/types\/page"}],"author":[{"embeddable":true,"href":"https:\/\/www.iew.eu\/tr\/wp-json\/wp\/v2\/users\/1"}],"replies":[{"embeddable":true,"href":"https:\/\/www.iew.eu\/tr\/wp-json\/wp\/v2\/comments?post=7639"}],"version-history":[{"count":3,"href":"https:\/\/www.iew.eu\/tr\/wp-json\/wp\/v2\/pages\/7639\/revisions"}],"predecessor-version":[{"id":8946,"href":"https:\/\/www.iew.eu\/tr\/wp-json\/wp\/v2\/pages\/7639\/revisions\/8946"}],"up":[{"embeddable":true,"href":"https:\/\/www.iew.eu\/tr\/wp-json\/wp\/v2\/pages\/2571"}],"wp:attachment":[{"href":"https:\/\/www.iew.eu\/tr\/wp-json\/wp\/v2\/media?parent=7639"}],"curies":[{"name":"wp","href":"https:\/\/api.w.org\/{rel}","templated":true}]}}